{"id":5026,"date":"2023-10-07T13:17:34","date_gmt":"2023-10-07T11:17:34","guid":{"rendered":"https:\/\/kayuwriting.com\/?post_type=product&#038;p=5026"},"modified":"2025-03-13T11:38:55","modified_gmt":"2025-03-13T10:38:55","slug":"kayu-cura-lite","status":"publish","type":"product","link":"https:\/\/kayuwriting.com\/cs\/produkt\/kayu-cura-lite\/","title":{"rendered":"Kayu Cura Lite"},"content":{"rendered":"<p><strong>T\u011blo:<\/strong> Upcyklovan\u00fd zubn\u00ed kart\u00e1\u010dek Curaprox<\/p>\n<p><strong>Barva:<\/strong> Meru\u0148kov\u00e1, r\u016f\u017eov\u00e1, kobaltov\u011b modr\u00e1, ledov\u011b b\u00edl\u00e1, fialov\u00e1, m\u00e1tov\u011b zelen\u00e1, \u010dist\u011b \u010dern\u00e1, \u010dajov\u011b modr\u00e1<\/p>\n<p><strong>Typ n\u00e1pln\u011b:<\/strong> Velkokapacitn\u00ed n\u00e1pl\u0148 Schmidt Easy Flow 9000<\/p>\n<p><strong>Barva n\u00e1pln\u011b<\/strong>: modr\u00e1 nebo \u010dern\u00e1<\/p>\n<p><strong>Tlou\u0161\u0165ka hrotu: <\/strong>Jemn\u00fd nebo st\u0159edn\u00ed<\/p>\n<p><strong>Balen\u00ed obsahuje:<\/strong> Pero v krabi\u010dce, d\u011bkovn\u00e1 karta<\/p>\n","protected":false},"excerpt":{"rendered":"<p>Kayu Cura je upcyklovan\u00e9 pero z ikonick\u00e9ho zubn\u00edho kart\u00e1\u010dku Curaprox. Vybavili jsme jej kvalitn\u00edm otev\u00edrac\u00ed mechanikou s neuv\u011b\u0159iteln\u011b hladk\u00fdm chodem. Curu vyr\u00e1b\u00edme v mnoha r\u016fzn\u00fdch barv\u00e1ch, abyste si mohli vybrat tu svou. A abyste si psan\u00ed s Kayu Cura opravdu u\u017eili, p\u0159ibalili jsme k n\u011bmu n\u00e1pl\u0148 n\u011bmeck\u00e9 v\u00fdroby, kter\u00e1 zajist\u00ed, \u017ee va\u0161e \u0159\u00e1dky budou zcela plynul\u00e9. Na rozd\u00edl od klasick\u00e9ho modelu Kayu Cura nem\u00e1 Cura Lite klip. Pero je tak o dva gramy leh\u010d\u00ed a nav\u00edc levn\u011bj\u0161\u00ed o d\u00edl, kter\u00fd mo\u017en\u00e1 ani nebudete pot\u0159ebovat. <\/p>\n","protected":false},"featured_media":10936,"template":"","meta":[],"product_brand":[],"product_cat":[83],"product_tag":[59],"class_list":{"0":"post-5026","1":"product","2":"type-product","3":"status-publish","4":"has-post-thumbnail","6":"product_cat-cura","7":"product_tag-novinka","9":"first","10":"instock","11":"shipping-taxable","12":"purchasable","13":"product-type-variable"},"yoast_head":"<!-- This site is optimized with the Yoast SEO plugin v27.3 - https:\/\/yoast.com\/product\/yoast-seo-wordpress\/ -->\n<title>Kayu Cura Lite - Upcyklovan\u00e9 kuli\u010dkov\u00e9 pero z ikonick\u00e9 - Kayuwriting - It is #InOurHands<\/title>\n<meta name=\"description\" content=\"Objevte luxusn\u00ed d\u00e1rkov\u00e9 pero Kayu Cura, kter\u00e9 bylo vyrobeno z pr\u00e9miov\u00fdch zubn\u00edch kart\u00e1\u010dk\u016f Curaprox. Spojuje kreativitu, estetiku a ekologick\u00fd design.\" \/>\n<meta name=\"robots\" content=\"index, follow, max-snippet:-1, max-image-preview:large, max-video-preview:-1\" \/>\n<link rel=\"canonical\" href=\"https:\/\/kayuwriting.com\/cs\/produkt\/kayu-cura-lite\/\" \/>\n<meta property=\"og:locale\" content=\"cs_CZ\" \/>\n<meta property=\"og:type\" content=\"article\" \/>\n<meta property=\"og:title\" content=\"Kayu Cura Lite - Upcyklovan\u00e9 kuli\u010dkov\u00e9 pero z ikonick\u00e9 - Kayuwriting - It is #InOurHands\" \/>\n<meta property=\"og:description\" content=\"Objevte luxusn\u00ed d\u00e1rkov\u00e9 pero Kayu Cura, kter\u00e9 bylo vyrobeno z pr\u00e9miov\u00fdch zubn\u00edch kart\u00e1\u010dk\u016f Curaprox. Spojuje kreativitu, estetiku a ekologick\u00fd design.\" \/>\n<meta property=\"og:url\" content=\"https:\/\/kayuwriting.com\/cs\/produkt\/kayu-cura-lite\/\" \/>\n<meta property=\"og:site_name\" content=\"Kayuwriting - It is #InOurHands\" \/>\n<meta property=\"article:modified_time\" content=\"2025-03-13T10:38:55+00:00\" \/>\n<meta property=\"og:image\" content=\"https:\/\/kayuwriting.com\/wp-content\/uploads\/2024\/10\/Cura-Lite-produkt-cover.png\" \/>\n\t<meta property=\"og:image:width\" content=\"2000\" \/>\n\t<meta property=\"og:image:height\" content=\"2000\" \/>\n\t<meta property=\"og:image:type\" content=\"image\/png\" \/>\n<meta name=\"twitter:card\" content=\"summary_large_image\" \/>\n<meta name=\"twitter:label1\" content=\"Odhadovan\u00e1 doba \u010dten\u00ed\" \/>\n\t<meta name=\"twitter:data1\" content=\"9 minut\" \/>\n<script type=\"application\/ld+json\" class=\"yoast-schema-graph\">{\"@context\":\"https:\\\/\\\/schema.org\",\"@graph\":[{\"@type\":\"WebPage\",\"@id\":\"https:\\\/\\\/kayuwriting.com\\\/cs\\\/produkt\\\/kayu-cura-lite\\\/\",\"url\":\"https:\\\/\\\/kayuwriting.com\\\/cs\\\/produkt\\\/kayu-cura-lite\\\/\",\"name\":\"Kayu Cura Lite - Upcyklovan\u00e9 kuli\u010dkov\u00e9 pero z ikonick\u00e9 - Kayuwriting - It is #InOurHands\",\"isPartOf\":{\"@id\":\"https:\\\/\\\/kayuwriting.com\\\/cs\\\/#website\"},\"primaryImageOfPage\":{\"@id\":\"https:\\\/\\\/kayuwriting.com\\\/cs\\\/produkt\\\/kayu-cura-lite\\\/#primaryimage\"},\"image\":{\"@id\":\"https:\\\/\\\/kayuwriting.com\\\/cs\\\/produkt\\\/kayu-cura-lite\\\/#primaryimage\"},\"thumbnailUrl\":\"https:\\\/\\\/kayuwriting.com\\\/wp-content\\\/uploads\\\/2024\\\/10\\\/Cura-Lite-produkt-cover.png\",\"datePublished\":\"2023-10-07T11:17:34+00:00\",\"dateModified\":\"2025-03-13T10:38:55+00:00\",\"description\":\"Objevte luxusn\u00ed d\u00e1rkov\u00e9 pero Kayu Cura, kter\u00e9 bylo vyrobeno z pr\u00e9miov\u00fdch zubn\u00edch kart\u00e1\u010dk\u016f Curaprox. Spojuje kreativitu, estetiku a ekologick\u00fd design.\",\"breadcrumb\":{\"@id\":\"https:\\\/\\\/kayuwriting.com\\\/cs\\\/produkt\\\/kayu-cura-lite\\\/#breadcrumb\"},\"inLanguage\":\"cs\",\"potentialAction\":[{\"@type\":\"ReadAction\",\"target\":[\"https:\\\/\\\/kayuwriting.com\\\/cs\\\/produkt\\\/kayu-cura-lite\\\/\"]}]},{\"@type\":\"ImageObject\",\"inLanguage\":\"cs\",\"@id\":\"https:\\\/\\\/kayuwriting.com\\\/cs\\\/produkt\\\/kayu-cura-lite\\\/#primaryimage\",\"url\":\"https:\\\/\\\/kayuwriting.com\\\/wp-content\\\/uploads\\\/2024\\\/10\\\/Cura-Lite-produkt-cover.png\",\"contentUrl\":\"https:\\\/\\\/kayuwriting.com\\\/wp-content\\\/uploads\\\/2024\\\/10\\\/Cura-Lite-produkt-cover.png\",\"width\":2000,\"height\":2000},{\"@type\":\"BreadcrumbList\",\"@id\":\"https:\\\/\\\/kayuwriting.com\\\/cs\\\/produkt\\\/kayu-cura-lite\\\/#breadcrumb\",\"itemListElement\":[{\"@type\":\"ListItem\",\"position\":1,\"name\":\"Obchod a eshop s plnic\u00edmi a kuli\u010dkov\u00fdmi pery Kayu. M\u00e1me i n\u00e1pln\u011b, z\u00e1pisn\u00edky nebo obaly\",\"item\":\"https:\\\/\\\/kayuwriting.com\\\/cs\\\/obchod\\\/\"},{\"@type\":\"ListItem\",\"position\":2,\"name\":\"Kayu Cura Lite\"}]},{\"@type\":\"WebSite\",\"@id\":\"https:\\\/\\\/kayuwriting.com\\\/cs\\\/#website\",\"url\":\"https:\\\/\\\/kayuwriting.com\\\/cs\\\/\",\"name\":\"Kayuwriting - It is #InOurHands\",\"description\":\"\",\"publisher\":{\"@id\":\"https:\\\/\\\/kayuwriting.com\\\/cs\\\/#organization\"},\"potentialAction\":[{\"@type\":\"SearchAction\",\"target\":{\"@type\":\"EntryPoint\",\"urlTemplate\":\"https:\\\/\\\/kayuwriting.com\\\/cs\\\/?s={search_term_string}\"},\"query-input\":{\"@type\":\"PropertyValueSpecification\",\"valueRequired\":true,\"valueName\":\"search_term_string\"}}],\"inLanguage\":\"cs\"},{\"@type\":\"Organization\",\"@id\":\"https:\\\/\\\/kayuwriting.com\\\/cs\\\/#organization\",\"name\":\"Kayuwriting - It is #InOurHands\",\"url\":\"https:\\\/\\\/kayuwriting.com\\\/cs\\\/\",\"logo\":{\"@type\":\"ImageObject\",\"inLanguage\":\"cs\",\"@id\":\"https:\\\/\\\/kayuwriting.com\\\/cs\\\/#\\\/schema\\\/logo\\\/image\\\/\",\"url\":\"https:\\\/\\\/kayuwriting.com\\\/wp-content\\\/uploads\\\/2023\\\/10\\\/KAYU-logo-2023.png\",\"contentUrl\":\"https:\\\/\\\/kayuwriting.com\\\/wp-content\\\/uploads\\\/2023\\\/10\\\/KAYU-logo-2023.png\",\"width\":386,\"height\":117,\"caption\":\"Kayuwriting - It is #InOurHands\"},\"image\":{\"@id\":\"https:\\\/\\\/kayuwriting.com\\\/cs\\\/#\\\/schema\\\/logo\\\/image\\\/\"}}]}<\/script>\n<!-- \/ Yoast SEO plugin. -->","yoast_head_json":{"title":"Kayu Cura Lite - Upcyklovan\u00e9 kuli\u010dkov\u00e9 pero z ikonick\u00e9 - Kayuwriting - It is #InOurHands","description":"Objevte luxusn\u00ed d\u00e1rkov\u00e9 pero Kayu Cura, kter\u00e9 bylo vyrobeno z pr\u00e9miov\u00fdch zubn\u00edch kart\u00e1\u010dk\u016f Curaprox. Spojuje kreativitu, estetiku a ekologick\u00fd design.","robots":{"index":"index","follow":"follow","max-snippet":"max-snippet:-1","max-image-preview":"max-image-preview:large","max-video-preview":"max-video-preview:-1"},"canonical":"https:\/\/kayuwriting.com\/cs\/produkt\/kayu-cura-lite\/","og_locale":"cs_CZ","og_type":"article","og_title":"Kayu Cura Lite - Upcyklovan\u00e9 kuli\u010dkov\u00e9 pero z ikonick\u00e9 - Kayuwriting - It is #InOurHands","og_description":"Objevte luxusn\u00ed d\u00e1rkov\u00e9 pero Kayu Cura, kter\u00e9 bylo vyrobeno z pr\u00e9miov\u00fdch zubn\u00edch kart\u00e1\u010dk\u016f Curaprox. Spojuje kreativitu, estetiku a ekologick\u00fd design.","og_url":"https:\/\/kayuwriting.com\/cs\/produkt\/kayu-cura-lite\/","og_site_name":"Kayuwriting - It is #InOurHands","article_modified_time":"2025-03-13T10:38:55+00:00","og_image":[{"width":2000,"height":2000,"url":"https:\/\/kayuwriting.com\/wp-content\/uploads\/2024\/10\/Cura-Lite-produkt-cover.png","type":"image\/png"}],"twitter_card":"summary_large_image","twitter_misc":{"Odhadovan\u00e1 doba \u010dten\u00ed":"9 minut"},"schema":{"@context":"https:\/\/schema.org","@graph":[{"@type":"WebPage","@id":"https:\/\/kayuwriting.com\/cs\/produkt\/kayu-cura-lite\/","url":"https:\/\/kayuwriting.com\/cs\/produkt\/kayu-cura-lite\/","name":"Kayu Cura Lite - Upcyklovan\u00e9 kuli\u010dkov\u00e9 pero z ikonick\u00e9 - Kayuwriting - It is #InOurHands","isPartOf":{"@id":"https:\/\/kayuwriting.com\/cs\/#website"},"primaryImageOfPage":{"@id":"https:\/\/kayuwriting.com\/cs\/produkt\/kayu-cura-lite\/#primaryimage"},"image":{"@id":"https:\/\/kayuwriting.com\/cs\/produkt\/kayu-cura-lite\/#primaryimage"},"thumbnailUrl":"https:\/\/kayuwriting.com\/wp-content\/uploads\/2024\/10\/Cura-Lite-produkt-cover.png","datePublished":"2023-10-07T11:17:34+00:00","dateModified":"2025-03-13T10:38:55+00:00","description":"Objevte luxusn\u00ed d\u00e1rkov\u00e9 pero Kayu Cura, kter\u00e9 bylo vyrobeno z pr\u00e9miov\u00fdch zubn\u00edch kart\u00e1\u010dk\u016f Curaprox. Spojuje kreativitu, estetiku a ekologick\u00fd design.","breadcrumb":{"@id":"https:\/\/kayuwriting.com\/cs\/produkt\/kayu-cura-lite\/#breadcrumb"},"inLanguage":"cs","potentialAction":[{"@type":"ReadAction","target":["https:\/\/kayuwriting.com\/cs\/produkt\/kayu-cura-lite\/"]}]},{"@type":"ImageObject","inLanguage":"cs","@id":"https:\/\/kayuwriting.com\/cs\/produkt\/kayu-cura-lite\/#primaryimage","url":"https:\/\/kayuwriting.com\/wp-content\/uploads\/2024\/10\/Cura-Lite-produkt-cover.png","contentUrl":"https:\/\/kayuwriting.com\/wp-content\/uploads\/2024\/10\/Cura-Lite-produkt-cover.png","width":2000,"height":2000},{"@type":"BreadcrumbList","@id":"https:\/\/kayuwriting.com\/cs\/produkt\/kayu-cura-lite\/#breadcrumb","itemListElement":[{"@type":"ListItem","position":1,"name":"Obchod a eshop s plnic\u00edmi a kuli\u010dkov\u00fdmi pery Kayu. M\u00e1me i n\u00e1pln\u011b, z\u00e1pisn\u00edky nebo obaly","item":"https:\/\/kayuwriting.com\/cs\/obchod\/"},{"@type":"ListItem","position":2,"name":"Kayu Cura Lite"}]},{"@type":"WebSite","@id":"https:\/\/kayuwriting.com\/cs\/#website","url":"https:\/\/kayuwriting.com\/cs\/","name":"Kayuwriting - It is #InOurHands","description":"","publisher":{"@id":"https:\/\/kayuwriting.com\/cs\/#organization"},"potentialAction":[{"@type":"SearchAction","target":{"@type":"EntryPoint","urlTemplate":"https:\/\/kayuwriting.com\/cs\/?s={search_term_string}"},"query-input":{"@type":"PropertyValueSpecification","valueRequired":true,"valueName":"search_term_string"}}],"inLanguage":"cs"},{"@type":"Organization","@id":"https:\/\/kayuwriting.com\/cs\/#organization","name":"Kayuwriting - It is #InOurHands","url":"https:\/\/kayuwriting.com\/cs\/","logo":{"@type":"ImageObject","inLanguage":"cs","@id":"https:\/\/kayuwriting.com\/cs\/#\/schema\/logo\/image\/","url":"https:\/\/kayuwriting.com\/wp-content\/uploads\/2023\/10\/KAYU-logo-2023.png","contentUrl":"https:\/\/kayuwriting.com\/wp-content\/uploads\/2023\/10\/KAYU-logo-2023.png","width":386,"height":117,"caption":"Kayuwriting - It is #InOurHands"},"image":{"@id":"https:\/\/kayuwriting.com\/cs\/#\/schema\/logo\/image\/"}}]}},"_links":{"self":[{"href":"https:\/\/kayuwriting.com\/cs\/wp-json\/wp\/v2\/product\/5026","targetHints":{"allow":["GET"]}}],"collection":[{"href":"https:\/\/kayuwriting.com\/cs\/wp-json\/wp\/v2\/product"}],"about":[{"href":"https:\/\/kayuwriting.com\/cs\/wp-json\/wp\/v2\/types\/product"}],"wp:featuredmedia":[{"embeddable":true,"href":"https:\/\/kayuwriting.com\/cs\/wp-json\/wp\/v2\/media\/10936"}],"wp:attachment":[{"href":"https:\/\/kayuwriting.com\/cs\/wp-json\/wp\/v2\/media?parent=5026"}],"wp:term":[{"taxonomy":"product_brand","embeddable":true,"href":"https:\/\/kayuwriting.com\/cs\/wp-json\/wp\/v2\/product_brand?post=5026"},{"taxonomy":"product_cat","embeddable":true,"href":"https:\/\/kayuwriting.com\/cs\/wp-json\/wp\/v2\/product_cat?post=5026"},{"taxonomy":"product_tag","embeddable":true,"href":"https:\/\/kayuwriting.com\/cs\/wp-json\/wp\/v2\/product_tag?post=5026"}],"curies":[{"name":"wp","href":"https:\/\/api.w.org\/{rel}","templated":true}]}}