{"id":5024,"date":"2023-10-07T13:06:16","date_gmt":"2023-10-07T11:06:16","guid":{"rendered":"https:\/\/kayuwriting.com\/?post_type=product&#038;p=5024"},"modified":"2025-08-06T11:26:20","modified_gmt":"2025-08-06T09:26:20","slug":"kayu-nikini","status":"publish","type":"product","link":"https:\/\/kayuwriting.com\/cs\/produkt\/kayu-nikini\/","title":{"rendered":"Kayu Nikini"},"content":{"rendered":"<p><strong>T\u011blo<\/strong>: nerezov\u00e1 ocel<\/p>\n<p><strong>Povlak:<\/strong> Natural (no coating), Gold, Bronze, Black<\/p>\n<p><strong>D\u00e9lka:<\/strong> 90 mm<\/p>\n<p><strong>Hrot:<\/strong> Klasick\u00fd pozlacen\u00fd nebo kuli\u010dkov\u00fd hrot<\/p>\n<p><strong>Tlou\u0161\u0165ka stopy:<\/strong> Klasick\u00fd F (0,5 mm), Klasick\u00fd M (0,6 mm), Kuli\u010dkov\u00fd M (0,6 mm)<\/p>\n<p><strong>N\u00e1pl\u0148:<\/strong> <a href=\"https:\/\/kayuwriting.com\/cs\/jak-vybrat-hrot-stopu-plneni\/\">Jak vybrat hrot, tlou\u0161\u0165ku p\u00edsma a n\u00e1pl\u0148<\/a>?<\/p>\n<p><strong>Balen\u00ed obsahuje:<\/strong> Obsahuje: pero v krabi\u010dce, certifik\u00e1t pravosti, n\u00e1vod k pou\u017eit\u00ed.<\/p>\n","protected":false},"excerpt":{"rendered":"<p>Kapesn\u00ed pero na\u0161eho vlastn\u00edho designu z nerezov\u00e9 oceli. Je radik\u00e1ln\u011b kompaktn\u00ed, odoln\u00e9 a skv\u011ble padne do ruky. D\u00edky asymetrick\u00e9mu uz\u00e1v\u011bru s vyfr\u00e9zovan\u00fdm logem se nekut\u00e1l\u00ed po stole. Kovov\u00e9 d\u00edly mohou b\u00fdt pota\u017eeny extr\u00e9mn\u011b odoln\u00fdm PVD povlakem ve t\u0159ech odst\u00ednech. Pero je kompletn\u011b vyvinuto a vyrobeno v na\u0161\u00ed d\u00edln\u011b v \u010cesk\u00e9 republice.<\/p>\n<p><strong>Prodlou\u017een\u00e1 Nikini: <\/strong>V p\u0159\u00edrodn\u00ed barv\u011b si m\u016f\u017eete vybrat mezi standardn\u00ed verz\u00ed (90 mm) a prodlou\u017eenou verz\u00ed (120 mm), kter\u00e1 v\u00e1m zajist\u00ed plnou d\u00e9lku pera.<\/p>\n<p><a href=\"https:\/\/kayuwriting.com\/cs\/jak-vybrat-hrot-stopu-plneni\/\">Jak vybrat hrot, tlou\u0161\u0165ku p\u00edsma a n\u00e1pl\u0148?<\/a><\/p>\n","protected":false},"featured_media":5002,"template":"","meta":[],"product_brand":[],"product_cat":[84],"product_tag":[],"class_list":{"0":"post-5024","1":"product","2":"type-product","3":"status-publish","4":"has-post-thumbnail","6":"product_cat-nikini","8":"first","9":"outofstock","10":"shipping-taxable","11":"purchasable","12":"product-type-variable","13":"has-default-attributes"},"yoast_head":"<!-- This site is optimized with the Yoast SEO plugin v27.3 - https:\/\/yoast.com\/product\/yoast-seo-wordpress\/ -->\n<title>Kayu Nikini - odoln\u00e9 modul\u00e1rn\u00ed kapesn\u00ed pero, na kter\u00e9 v\u00e1s nezklame - Kayuwriting - It is #InOurHands<\/title>\n<meta name=\"robots\" content=\"index, follow, max-snippet:-1, max-image-preview:large, max-video-preview:-1\" \/>\n<link rel=\"canonical\" href=\"https:\/\/kayuwriting.com\/cs\/produkt\/kayu-nikini\/\" \/>\n<meta property=\"og:locale\" content=\"cs_CZ\" \/>\n<meta property=\"og:type\" content=\"article\" \/>\n<meta property=\"og:title\" content=\"Kayu Nikini - odoln\u00e9 modul\u00e1rn\u00ed kapesn\u00ed pero, na kter\u00e9 v\u00e1s nezklame - Kayuwriting - It is #InOurHands\" \/>\n<meta property=\"og:description\" content=\"Kapesn\u00ed pero na\u0161eho vlastn\u00edho designu z nerezov\u00e9 oceli. Je radik\u00e1ln\u011b kompaktn\u00ed, odoln\u00e9 a skv\u011ble padne do ruky. D\u00edky asymetrick\u00e9mu uz\u00e1v\u011bru s vyfr\u00e9zovan\u00fdm logem se nekut\u00e1l\u00ed po stole. Kovov\u00e9 d\u00edly mohou b\u00fdt pota\u017eeny extr\u00e9mn\u011b odoln\u00fdm PVD povlakem ve t\u0159ech odst\u00ednech. Pero je kompletn\u011b vyvinuto a vyrobeno v na\u0161\u00ed d\u00edln\u011b v \u010cesk\u00e9 republice. Prodlou\u017een\u00e1 Nikini: V p\u0159\u00edrodn\u00ed barv\u011b si m\u016f\u017eete vybrat mezi standardn\u00ed verz\u00ed (90 mm) a prodlou\u017eenou verz\u00ed (120 mm), kter\u00e1 v\u00e1m zajist\u00ed plnou d\u00e9lku pera. Jak vybrat hrot, tlou\u0161\u0165ku p\u00edsma a n\u00e1pl\u0148?\" \/>\n<meta property=\"og:url\" content=\"https:\/\/kayuwriting.com\/cs\/produkt\/kayu-nikini\/\" \/>\n<meta property=\"og:site_name\" content=\"Kayuwriting - It is #InOurHands\" \/>\n<meta property=\"article:modified_time\" content=\"2025-08-06T09:26:20+00:00\" \/>\n<meta property=\"og:image\" content=\"https:\/\/kayuwriting.com\/wp-content\/uploads\/2023\/10\/KAYU-web-cover-image-Nikini-min.png\" \/>\n\t<meta property=\"og:image:width\" content=\"2000\" \/>\n\t<meta property=\"og:image:height\" content=\"2000\" \/>\n\t<meta property=\"og:image:type\" content=\"image\/png\" \/>\n<meta name=\"twitter:card\" content=\"summary_large_image\" \/>\n<meta name=\"twitter:label1\" content=\"Odhadovan\u00e1 doba \u010dten\u00ed\" \/>\n\t<meta name=\"twitter:data1\" content=\"1 minuta\" \/>\n<script type=\"application\/ld+json\" class=\"yoast-schema-graph\">{\"@context\":\"https:\\\/\\\/schema.org\",\"@graph\":[{\"@type\":\"WebPage\",\"@id\":\"https:\\\/\\\/kayuwriting.com\\\/cs\\\/produkt\\\/kayu-nikini\\\/\",\"url\":\"https:\\\/\\\/kayuwriting.com\\\/cs\\\/produkt\\\/kayu-nikini\\\/\",\"name\":\"Kayu Nikini - odoln\u00e9 modul\u00e1rn\u00ed kapesn\u00ed pero, na kter\u00e9 v\u00e1s nezklame - Kayuwriting - It is #InOurHands\",\"isPartOf\":{\"@id\":\"https:\\\/\\\/kayuwriting.com\\\/cs\\\/#website\"},\"primaryImageOfPage\":{\"@id\":\"https:\\\/\\\/kayuwriting.com\\\/cs\\\/produkt\\\/kayu-nikini\\\/#primaryimage\"},\"image\":{\"@id\":\"https:\\\/\\\/kayuwriting.com\\\/cs\\\/produkt\\\/kayu-nikini\\\/#primaryimage\"},\"thumbnailUrl\":\"https:\\\/\\\/kayuwriting.com\\\/wp-content\\\/uploads\\\/2023\\\/10\\\/KAYU-web-cover-image-Nikini-min.png\",\"datePublished\":\"2023-10-07T11:06:16+00:00\",\"dateModified\":\"2025-08-06T09:26:20+00:00\",\"breadcrumb\":{\"@id\":\"https:\\\/\\\/kayuwriting.com\\\/cs\\\/produkt\\\/kayu-nikini\\\/#breadcrumb\"},\"inLanguage\":\"cs\",\"potentialAction\":[{\"@type\":\"ReadAction\",\"target\":[\"https:\\\/\\\/kayuwriting.com\\\/cs\\\/produkt\\\/kayu-nikini\\\/\"]}]},{\"@type\":\"ImageObject\",\"inLanguage\":\"cs\",\"@id\":\"https:\\\/\\\/kayuwriting.com\\\/cs\\\/produkt\\\/kayu-nikini\\\/#primaryimage\",\"url\":\"https:\\\/\\\/kayuwriting.com\\\/wp-content\\\/uploads\\\/2023\\\/10\\\/KAYU-web-cover-image-Nikini-min.png\",\"contentUrl\":\"https:\\\/\\\/kayuwriting.com\\\/wp-content\\\/uploads\\\/2023\\\/10\\\/KAYU-web-cover-image-Nikini-min.png\",\"width\":2000,\"height\":2000},{\"@type\":\"BreadcrumbList\",\"@id\":\"https:\\\/\\\/kayuwriting.com\\\/cs\\\/produkt\\\/kayu-nikini\\\/#breadcrumb\",\"itemListElement\":[{\"@type\":\"ListItem\",\"position\":1,\"name\":\"Obchod a eshop s plnic\u00edmi a kuli\u010dkov\u00fdmi pery Kayu. M\u00e1me i n\u00e1pln\u011b, z\u00e1pisn\u00edky nebo obaly\",\"item\":\"https:\\\/\\\/kayuwriting.com\\\/cs\\\/obchod\\\/\"},{\"@type\":\"ListItem\",\"position\":2,\"name\":\"Kayu Nikini\"}]},{\"@type\":\"WebSite\",\"@id\":\"https:\\\/\\\/kayuwriting.com\\\/cs\\\/#website\",\"url\":\"https:\\\/\\\/kayuwriting.com\\\/cs\\\/\",\"name\":\"Kayuwriting - It is #InOurHands\",\"description\":\"\",\"publisher\":{\"@id\":\"https:\\\/\\\/kayuwriting.com\\\/cs\\\/#organization\"},\"potentialAction\":[{\"@type\":\"SearchAction\",\"target\":{\"@type\":\"EntryPoint\",\"urlTemplate\":\"https:\\\/\\\/kayuwriting.com\\\/cs\\\/?s={search_term_string}\"},\"query-input\":{\"@type\":\"PropertyValueSpecification\",\"valueRequired\":true,\"valueName\":\"search_term_string\"}}],\"inLanguage\":\"cs\"},{\"@type\":\"Organization\",\"@id\":\"https:\\\/\\\/kayuwriting.com\\\/cs\\\/#organization\",\"name\":\"Kayuwriting - It is #InOurHands\",\"url\":\"https:\\\/\\\/kayuwriting.com\\\/cs\\\/\",\"logo\":{\"@type\":\"ImageObject\",\"inLanguage\":\"cs\",\"@id\":\"https:\\\/\\\/kayuwriting.com\\\/cs\\\/#\\\/schema\\\/logo\\\/image\\\/\",\"url\":\"https:\\\/\\\/kayuwriting.com\\\/wp-content\\\/uploads\\\/2023\\\/10\\\/KAYU-logo-2023.png\",\"contentUrl\":\"https:\\\/\\\/kayuwriting.com\\\/wp-content\\\/uploads\\\/2023\\\/10\\\/KAYU-logo-2023.png\",\"width\":386,\"height\":117,\"caption\":\"Kayuwriting - It is #InOurHands\"},\"image\":{\"@id\":\"https:\\\/\\\/kayuwriting.com\\\/cs\\\/#\\\/schema\\\/logo\\\/image\\\/\"}}]}<\/script>\n<!-- \/ Yoast SEO plugin. -->","yoast_head_json":{"title":"Kayu Nikini - odoln\u00e9 modul\u00e1rn\u00ed kapesn\u00ed pero, na kter\u00e9 v\u00e1s nezklame - Kayuwriting - It is #InOurHands","robots":{"index":"index","follow":"follow","max-snippet":"max-snippet:-1","max-image-preview":"max-image-preview:large","max-video-preview":"max-video-preview:-1"},"canonical":"https:\/\/kayuwriting.com\/cs\/produkt\/kayu-nikini\/","og_locale":"cs_CZ","og_type":"article","og_title":"Kayu Nikini - odoln\u00e9 modul\u00e1rn\u00ed kapesn\u00ed pero, na kter\u00e9 v\u00e1s nezklame - Kayuwriting - It is #InOurHands","og_description":"Kapesn\u00ed pero na\u0161eho vlastn\u00edho designu z nerezov\u00e9 oceli. Je radik\u00e1ln\u011b kompaktn\u00ed, odoln\u00e9 a skv\u011ble padne do ruky. D\u00edky asymetrick\u00e9mu uz\u00e1v\u011bru s vyfr\u00e9zovan\u00fdm logem se nekut\u00e1l\u00ed po stole. Kovov\u00e9 d\u00edly mohou b\u00fdt pota\u017eeny extr\u00e9mn\u011b odoln\u00fdm PVD povlakem ve t\u0159ech odst\u00ednech. Pero je kompletn\u011b vyvinuto a vyrobeno v na\u0161\u00ed d\u00edln\u011b v \u010cesk\u00e9 republice. Prodlou\u017een\u00e1 Nikini: V p\u0159\u00edrodn\u00ed barv\u011b si m\u016f\u017eete vybrat mezi standardn\u00ed verz\u00ed (90 mm) a prodlou\u017eenou verz\u00ed (120 mm), kter\u00e1 v\u00e1m zajist\u00ed plnou d\u00e9lku pera. Jak vybrat hrot, tlou\u0161\u0165ku p\u00edsma a n\u00e1pl\u0148?","og_url":"https:\/\/kayuwriting.com\/cs\/produkt\/kayu-nikini\/","og_site_name":"Kayuwriting - It is #InOurHands","article_modified_time":"2025-08-06T09:26:20+00:00","og_image":[{"width":2000,"height":2000,"url":"https:\/\/kayuwriting.com\/wp-content\/uploads\/2023\/10\/KAYU-web-cover-image-Nikini-min.png","type":"image\/png"}],"twitter_card":"summary_large_image","twitter_misc":{"Odhadovan\u00e1 doba \u010dten\u00ed":"1 minuta"},"schema":{"@context":"https:\/\/schema.org","@graph":[{"@type":"WebPage","@id":"https:\/\/kayuwriting.com\/cs\/produkt\/kayu-nikini\/","url":"https:\/\/kayuwriting.com\/cs\/produkt\/kayu-nikini\/","name":"Kayu Nikini - odoln\u00e9 modul\u00e1rn\u00ed kapesn\u00ed pero, na kter\u00e9 v\u00e1s nezklame - Kayuwriting - It is #InOurHands","isPartOf":{"@id":"https:\/\/kayuwriting.com\/cs\/#website"},"primaryImageOfPage":{"@id":"https:\/\/kayuwriting.com\/cs\/produkt\/kayu-nikini\/#primaryimage"},"image":{"@id":"https:\/\/kayuwriting.com\/cs\/produkt\/kayu-nikini\/#primaryimage"},"thumbnailUrl":"https:\/\/kayuwriting.com\/wp-content\/uploads\/2023\/10\/KAYU-web-cover-image-Nikini-min.png","datePublished":"2023-10-07T11:06:16+00:00","dateModified":"2025-08-06T09:26:20+00:00","breadcrumb":{"@id":"https:\/\/kayuwriting.com\/cs\/produkt\/kayu-nikini\/#breadcrumb"},"inLanguage":"cs","potentialAction":[{"@type":"ReadAction","target":["https:\/\/kayuwriting.com\/cs\/produkt\/kayu-nikini\/"]}]},{"@type":"ImageObject","inLanguage":"cs","@id":"https:\/\/kayuwriting.com\/cs\/produkt\/kayu-nikini\/#primaryimage","url":"https:\/\/kayuwriting.com\/wp-content\/uploads\/2023\/10\/KAYU-web-cover-image-Nikini-min.png","contentUrl":"https:\/\/kayuwriting.com\/wp-content\/uploads\/2023\/10\/KAYU-web-cover-image-Nikini-min.png","width":2000,"height":2000},{"@type":"BreadcrumbList","@id":"https:\/\/kayuwriting.com\/cs\/produkt\/kayu-nikini\/#breadcrumb","itemListElement":[{"@type":"ListItem","position":1,"name":"Obchod a eshop s plnic\u00edmi a kuli\u010dkov\u00fdmi pery Kayu. M\u00e1me i n\u00e1pln\u011b, z\u00e1pisn\u00edky nebo obaly","item":"https:\/\/kayuwriting.com\/cs\/obchod\/"},{"@type":"ListItem","position":2,"name":"Kayu Nikini"}]},{"@type":"WebSite","@id":"https:\/\/kayuwriting.com\/cs\/#website","url":"https:\/\/kayuwriting.com\/cs\/","name":"Kayuwriting - It is #InOurHands","description":"","publisher":{"@id":"https:\/\/kayuwriting.com\/cs\/#organization"},"potentialAction":[{"@type":"SearchAction","target":{"@type":"EntryPoint","urlTemplate":"https:\/\/kayuwriting.com\/cs\/?s={search_term_string}"},"query-input":{"@type":"PropertyValueSpecification","valueRequired":true,"valueName":"search_term_string"}}],"inLanguage":"cs"},{"@type":"Organization","@id":"https:\/\/kayuwriting.com\/cs\/#organization","name":"Kayuwriting - It is #InOurHands","url":"https:\/\/kayuwriting.com\/cs\/","logo":{"@type":"ImageObject","inLanguage":"cs","@id":"https:\/\/kayuwriting.com\/cs\/#\/schema\/logo\/image\/","url":"https:\/\/kayuwriting.com\/wp-content\/uploads\/2023\/10\/KAYU-logo-2023.png","contentUrl":"https:\/\/kayuwriting.com\/wp-content\/uploads\/2023\/10\/KAYU-logo-2023.png","width":386,"height":117,"caption":"Kayuwriting - It is #InOurHands"},"image":{"@id":"https:\/\/kayuwriting.com\/cs\/#\/schema\/logo\/image\/"}}]}},"_links":{"self":[{"href":"https:\/\/kayuwriting.com\/cs\/wp-json\/wp\/v2\/product\/5024","targetHints":{"allow":["GET"]}}],"collection":[{"href":"https:\/\/kayuwriting.com\/cs\/wp-json\/wp\/v2\/product"}],"about":[{"href":"https:\/\/kayuwriting.com\/cs\/wp-json\/wp\/v2\/types\/product"}],"wp:featuredmedia":[{"embeddable":true,"href":"https:\/\/kayuwriting.com\/cs\/wp-json\/wp\/v2\/media\/5002"}],"wp:attachment":[{"href":"https:\/\/kayuwriting.com\/cs\/wp-json\/wp\/v2\/media?parent=5024"}],"wp:term":[{"taxonomy":"product_brand","embeddable":true,"href":"https:\/\/kayuwriting.com\/cs\/wp-json\/wp\/v2\/product_brand?post=5024"},{"taxonomy":"product_cat","embeddable":true,"href":"https:\/\/kayuwriting.com\/cs\/wp-json\/wp\/v2\/product_cat?post=5024"},{"taxonomy":"product_tag","embeddable":true,"href":"https:\/\/kayuwriting.com\/cs\/wp-json\/wp\/v2\/product_tag?post=5024"}],"curies":[{"name":"wp","href":"https:\/\/api.w.org\/{rel}","templated":true}]}}