{"id":251,"date":"2015-08-11T22:10:00","date_gmt":"2015-08-11T20:10:00","guid":{"rendered":"http:\/\/savoy.nordicmade.com\/product\/lighthouse-lantern\/"},"modified":"2025-03-13T11:40:58","modified_gmt":"2025-03-13T10:40:58","slug":"kayu-cura-graf","status":"publish","type":"product","link":"https:\/\/kayuwriting.com\/cs\/produkt\/kayu-cura-graf\/","title":{"rendered":"Kayu Cura Graf"},"content":{"rendered":"<p><strong>T\u011blo:<\/strong> Upcyklovan\u00fd zubn\u00ed kart\u00e1\u010dek Curaprox<\/p>\n<p><strong>Barva:<\/strong>meru\u0148kov\u00e1, r\u016f\u017eov\u00e1, kobaltov\u011b modr\u00e1, ledov\u011b b\u00edl\u00e1, fialov\u00e1, m\u00e1tov\u011b zelen\u00e1, \u010dern\u00e1, tyrkysov\u00e1<\/p>\n<p><strong>Barva hrotu:<\/strong> \u010dern\u00e1, modr\u00e1, tmav\u011b zelen\u00e1, tmav\u011b fialov\u00e1, tmav\u011b \u010derven\u00e1, grafitov\u00e1, zelen\u00e1, sv\u011btle zelen\u00e1, sv\u011btle \u010derven\u00e1, oran\u017eov\u00e1, \u010derven\u00e1, \u017elut\u00e1<\/p>\n<p><strong>Balen\u00ed obsahuje:<\/strong> Pero v pap\u00edrov\u00e9m pouzd\u0159e, d\u011bkovnou karti\u010dku, 2x n\u00e1hradn\u00ed grafitov\u00fd hrot nebo 1x n\u00e1hradn\u00ed barevn\u00fd hrot.<\/p>\n","protected":false},"excerpt":{"rendered":"<p>Kayu Cura Graf je pro v\u0161echny, kte\u0159\u00ed si r\u00e1di d\u011blaj\u00ed pozn\u00e1mky nebo kresl\u00ed tu\u017ekou a pastelkami. Neobsahuje \u017e\u00e1dn\u00e9 mechanismy ani dal\u0161\u00ed sou\u010d\u00e1sti. D\u00edky ergonomick\u00e9mu \u00fachopu a n\u00edzk\u00e9 hmotnosti je jako stvo\u0159en\u00e1 pro kreativn\u00ed du\u0161e. Cura Graf je vybavena speci\u00e1ln\u00edm hrotem pro dlouh\u00e9 psan\u00ed, kter\u00fd vydr\u017e\u00ed ps\u00e1t cel\u00e9 t\u00fddny. A a\u017e se op\u00ed\u0161e, jednodu\u0161e jej vym\u011bn\u00edte za jin\u00fd! Hrot si m\u016f\u017eete vybrat v 11 barv\u00e1ch a v grafitov\u00e9m proveden\u00ed, kter\u00e9 jsou navz\u00e1jem kompatibiln\u00ed. Jednoduch\u00e9, kr\u00e1sn\u00e9 udr\u017eiteln\u00e9.      <\/p>\n","protected":false},"featured_media":10938,"template":"","meta":[],"product_brand":[],"product_cat":[83],"product_tag":[59],"class_list":{"0":"post-251","1":"product","2":"type-product","3":"status-publish","4":"has-post-thumbnail","6":"product_cat-cura","7":"product_tag-novinka","9":"first","10":"instock","11":"shipping-taxable","12":"purchasable","13":"product-type-variable","14":"has-default-attributes"},"yoast_head":"<!-- This site is optimized with the Yoast SEO plugin v27.3 - https:\/\/yoast.com\/product\/yoast-seo-wordpress\/ -->\n<title>Kayu Cura Graf - Kayuwriting - It is #InOurHands<\/title>\n<meta name=\"robots\" content=\"index, follow, max-snippet:-1, max-image-preview:large, max-video-preview:-1\" \/>\n<link rel=\"canonical\" href=\"https:\/\/kayuwriting.com\/cs\/produkt\/kayu-cura-graf\/\" \/>\n<meta property=\"og:locale\" content=\"cs_CZ\" \/>\n<meta property=\"og:type\" content=\"article\" \/>\n<meta property=\"og:title\" content=\"Kayu Cura Graf - Kayuwriting - It is #InOurHands\" \/>\n<meta property=\"og:description\" content=\"Kayu Cura Graf je pro v\u0161echny, kte\u0159\u00ed si r\u00e1di d\u011blaj\u00ed pozn\u00e1mky nebo kresl\u00ed tu\u017ekou a pastelkami. Neobsahuje \u017e\u00e1dn\u00e9 mechanismy ani dal\u0161\u00ed sou\u010d\u00e1sti. D\u00edky ergonomick\u00e9mu \u00fachopu a n\u00edzk\u00e9 hmotnosti je jako stvo\u0159en\u00e1 pro kreativn\u00ed du\u0161e. Cura Graf je vybavena speci\u00e1ln\u00edm hrotem pro dlouh\u00e9 psan\u00ed, kter\u00fd vydr\u017e\u00ed ps\u00e1t cel\u00e9 t\u00fddny. A a\u017e se op\u00ed\u0161e, jednodu\u0161e jej vym\u011bn\u00edte za jin\u00fd! Hrot si m\u016f\u017eete vybrat v 11 barv\u00e1ch a v grafitov\u00e9m proveden\u00ed, kter\u00e9 jsou navz\u00e1jem kompatibiln\u00ed. Jednoduch\u00e9, kr\u00e1sn\u00e9 udr\u017eiteln\u00e9.\" \/>\n<meta property=\"og:url\" content=\"https:\/\/kayuwriting.com\/cs\/produkt\/kayu-cura-graf\/\" \/>\n<meta property=\"og:site_name\" content=\"Kayuwriting - It is #InOurHands\" \/>\n<meta property=\"article:modified_time\" content=\"2025-03-13T10:40:58+00:00\" \/>\n<meta property=\"og:image\" content=\"https:\/\/kayuwriting.com\/wp-content\/uploads\/2024\/10\/Cura-Graph-produkt-cover.png\" \/>\n\t<meta property=\"og:image:width\" content=\"2000\" \/>\n\t<meta property=\"og:image:height\" content=\"2000\" \/>\n\t<meta property=\"og:image:type\" content=\"image\/png\" \/>\n<meta name=\"twitter:card\" content=\"summary_large_image\" \/>\n<meta name=\"twitter:label1\" content=\"Odhadovan\u00e1 doba \u010dten\u00ed\" \/>\n\t<meta name=\"twitter:data1\" content=\"1 minuta\" \/>\n<script type=\"application\/ld+json\" class=\"yoast-schema-graph\">{\"@context\":\"https:\\\/\\\/schema.org\",\"@graph\":[{\"@type\":\"WebPage\",\"@id\":\"https:\\\/\\\/kayuwriting.com\\\/cs\\\/produkt\\\/kayu-cura-graf\\\/\",\"url\":\"https:\\\/\\\/kayuwriting.com\\\/cs\\\/produkt\\\/kayu-cura-graf\\\/\",\"name\":\"Kayu Cura Graf - Kayuwriting - It is #InOurHands\",\"isPartOf\":{\"@id\":\"https:\\\/\\\/kayuwriting.com\\\/cs\\\/#website\"},\"primaryImageOfPage\":{\"@id\":\"https:\\\/\\\/kayuwriting.com\\\/cs\\\/produkt\\\/kayu-cura-graf\\\/#primaryimage\"},\"image\":{\"@id\":\"https:\\\/\\\/kayuwriting.com\\\/cs\\\/produkt\\\/kayu-cura-graf\\\/#primaryimage\"},\"thumbnailUrl\":\"https:\\\/\\\/kayuwriting.com\\\/wp-content\\\/uploads\\\/2024\\\/10\\\/Cura-Graph-produkt-cover.png\",\"datePublished\":\"2015-08-11T20:10:00+00:00\",\"dateModified\":\"2025-03-13T10:40:58+00:00\",\"breadcrumb\":{\"@id\":\"https:\\\/\\\/kayuwriting.com\\\/cs\\\/produkt\\\/kayu-cura-graf\\\/#breadcrumb\"},\"inLanguage\":\"cs\",\"potentialAction\":[{\"@type\":\"ReadAction\",\"target\":[\"https:\\\/\\\/kayuwriting.com\\\/cs\\\/produkt\\\/kayu-cura-graf\\\/\"]}]},{\"@type\":\"ImageObject\",\"inLanguage\":\"cs\",\"@id\":\"https:\\\/\\\/kayuwriting.com\\\/cs\\\/produkt\\\/kayu-cura-graf\\\/#primaryimage\",\"url\":\"https:\\\/\\\/kayuwriting.com\\\/wp-content\\\/uploads\\\/2024\\\/10\\\/Cura-Graph-produkt-cover.png\",\"contentUrl\":\"https:\\\/\\\/kayuwriting.com\\\/wp-content\\\/uploads\\\/2024\\\/10\\\/Cura-Graph-produkt-cover.png\",\"width\":2000,\"height\":2000},{\"@type\":\"BreadcrumbList\",\"@id\":\"https:\\\/\\\/kayuwriting.com\\\/cs\\\/produkt\\\/kayu-cura-graf\\\/#breadcrumb\",\"itemListElement\":[{\"@type\":\"ListItem\",\"position\":1,\"name\":\"Obchod a eshop s plnic\u00edmi a kuli\u010dkov\u00fdmi pery Kayu. M\u00e1me i n\u00e1pln\u011b, z\u00e1pisn\u00edky nebo obaly\",\"item\":\"https:\\\/\\\/kayuwriting.com\\\/cs\\\/obchod\\\/\"},{\"@type\":\"ListItem\",\"position\":2,\"name\":\"Kayu Cura Graf\"}]},{\"@type\":\"WebSite\",\"@id\":\"https:\\\/\\\/kayuwriting.com\\\/cs\\\/#website\",\"url\":\"https:\\\/\\\/kayuwriting.com\\\/cs\\\/\",\"name\":\"Kayuwriting - It is #InOurHands\",\"description\":\"\",\"publisher\":{\"@id\":\"https:\\\/\\\/kayuwriting.com\\\/cs\\\/#organization\"},\"potentialAction\":[{\"@type\":\"SearchAction\",\"target\":{\"@type\":\"EntryPoint\",\"urlTemplate\":\"https:\\\/\\\/kayuwriting.com\\\/cs\\\/?s={search_term_string}\"},\"query-input\":{\"@type\":\"PropertyValueSpecification\",\"valueRequired\":true,\"valueName\":\"search_term_string\"}}],\"inLanguage\":\"cs\"},{\"@type\":\"Organization\",\"@id\":\"https:\\\/\\\/kayuwriting.com\\\/cs\\\/#organization\",\"name\":\"Kayuwriting - It is #InOurHands\",\"url\":\"https:\\\/\\\/kayuwriting.com\\\/cs\\\/\",\"logo\":{\"@type\":\"ImageObject\",\"inLanguage\":\"cs\",\"@id\":\"https:\\\/\\\/kayuwriting.com\\\/cs\\\/#\\\/schema\\\/logo\\\/image\\\/\",\"url\":\"https:\\\/\\\/kayuwriting.com\\\/wp-content\\\/uploads\\\/2023\\\/10\\\/KAYU-logo-2023.png\",\"contentUrl\":\"https:\\\/\\\/kayuwriting.com\\\/wp-content\\\/uploads\\\/2023\\\/10\\\/KAYU-logo-2023.png\",\"width\":386,\"height\":117,\"caption\":\"Kayuwriting - It is #InOurHands\"},\"image\":{\"@id\":\"https:\\\/\\\/kayuwriting.com\\\/cs\\\/#\\\/schema\\\/logo\\\/image\\\/\"}}]}<\/script>\n<!-- \/ Yoast SEO plugin. -->","yoast_head_json":{"title":"Kayu Cura Graf - Kayuwriting - It is #InOurHands","robots":{"index":"index","follow":"follow","max-snippet":"max-snippet:-1","max-image-preview":"max-image-preview:large","max-video-preview":"max-video-preview:-1"},"canonical":"https:\/\/kayuwriting.com\/cs\/produkt\/kayu-cura-graf\/","og_locale":"cs_CZ","og_type":"article","og_title":"Kayu Cura Graf - Kayuwriting - It is #InOurHands","og_description":"Kayu Cura Graf je pro v\u0161echny, kte\u0159\u00ed si r\u00e1di d\u011blaj\u00ed pozn\u00e1mky nebo kresl\u00ed tu\u017ekou a pastelkami. Neobsahuje \u017e\u00e1dn\u00e9 mechanismy ani dal\u0161\u00ed sou\u010d\u00e1sti. D\u00edky ergonomick\u00e9mu \u00fachopu a n\u00edzk\u00e9 hmotnosti je jako stvo\u0159en\u00e1 pro kreativn\u00ed du\u0161e. Cura Graf je vybavena speci\u00e1ln\u00edm hrotem pro dlouh\u00e9 psan\u00ed, kter\u00fd vydr\u017e\u00ed ps\u00e1t cel\u00e9 t\u00fddny. A a\u017e se op\u00ed\u0161e, jednodu\u0161e jej vym\u011bn\u00edte za jin\u00fd! Hrot si m\u016f\u017eete vybrat v 11 barv\u00e1ch a v grafitov\u00e9m proveden\u00ed, kter\u00e9 jsou navz\u00e1jem kompatibiln\u00ed. Jednoduch\u00e9, kr\u00e1sn\u00e9 udr\u017eiteln\u00e9.","og_url":"https:\/\/kayuwriting.com\/cs\/produkt\/kayu-cura-graf\/","og_site_name":"Kayuwriting - It is #InOurHands","article_modified_time":"2025-03-13T10:40:58+00:00","og_image":[{"width":2000,"height":2000,"url":"https:\/\/kayuwriting.com\/wp-content\/uploads\/2024\/10\/Cura-Graph-produkt-cover.png","type":"image\/png"}],"twitter_card":"summary_large_image","twitter_misc":{"Odhadovan\u00e1 doba \u010dten\u00ed":"1 minuta"},"schema":{"@context":"https:\/\/schema.org","@graph":[{"@type":"WebPage","@id":"https:\/\/kayuwriting.com\/cs\/produkt\/kayu-cura-graf\/","url":"https:\/\/kayuwriting.com\/cs\/produkt\/kayu-cura-graf\/","name":"Kayu Cura Graf - Kayuwriting - It is #InOurHands","isPartOf":{"@id":"https:\/\/kayuwriting.com\/cs\/#website"},"primaryImageOfPage":{"@id":"https:\/\/kayuwriting.com\/cs\/produkt\/kayu-cura-graf\/#primaryimage"},"image":{"@id":"https:\/\/kayuwriting.com\/cs\/produkt\/kayu-cura-graf\/#primaryimage"},"thumbnailUrl":"https:\/\/kayuwriting.com\/wp-content\/uploads\/2024\/10\/Cura-Graph-produkt-cover.png","datePublished":"2015-08-11T20:10:00+00:00","dateModified":"2025-03-13T10:40:58+00:00","breadcrumb":{"@id":"https:\/\/kayuwriting.com\/cs\/produkt\/kayu-cura-graf\/#breadcrumb"},"inLanguage":"cs","potentialAction":[{"@type":"ReadAction","target":["https:\/\/kayuwriting.com\/cs\/produkt\/kayu-cura-graf\/"]}]},{"@type":"ImageObject","inLanguage":"cs","@id":"https:\/\/kayuwriting.com\/cs\/produkt\/kayu-cura-graf\/#primaryimage","url":"https:\/\/kayuwriting.com\/wp-content\/uploads\/2024\/10\/Cura-Graph-produkt-cover.png","contentUrl":"https:\/\/kayuwriting.com\/wp-content\/uploads\/2024\/10\/Cura-Graph-produkt-cover.png","width":2000,"height":2000},{"@type":"BreadcrumbList","@id":"https:\/\/kayuwriting.com\/cs\/produkt\/kayu-cura-graf\/#breadcrumb","itemListElement":[{"@type":"ListItem","position":1,"name":"Obchod a eshop s plnic\u00edmi a kuli\u010dkov\u00fdmi pery Kayu. M\u00e1me i n\u00e1pln\u011b, z\u00e1pisn\u00edky nebo obaly","item":"https:\/\/kayuwriting.com\/cs\/obchod\/"},{"@type":"ListItem","position":2,"name":"Kayu Cura Graf"}]},{"@type":"WebSite","@id":"https:\/\/kayuwriting.com\/cs\/#website","url":"https:\/\/kayuwriting.com\/cs\/","name":"Kayuwriting - It is #InOurHands","description":"","publisher":{"@id":"https:\/\/kayuwriting.com\/cs\/#organization"},"potentialAction":[{"@type":"SearchAction","target":{"@type":"EntryPoint","urlTemplate":"https:\/\/kayuwriting.com\/cs\/?s={search_term_string}"},"query-input":{"@type":"PropertyValueSpecification","valueRequired":true,"valueName":"search_term_string"}}],"inLanguage":"cs"},{"@type":"Organization","@id":"https:\/\/kayuwriting.com\/cs\/#organization","name":"Kayuwriting - It is #InOurHands","url":"https:\/\/kayuwriting.com\/cs\/","logo":{"@type":"ImageObject","inLanguage":"cs","@id":"https:\/\/kayuwriting.com\/cs\/#\/schema\/logo\/image\/","url":"https:\/\/kayuwriting.com\/wp-content\/uploads\/2023\/10\/KAYU-logo-2023.png","contentUrl":"https:\/\/kayuwriting.com\/wp-content\/uploads\/2023\/10\/KAYU-logo-2023.png","width":386,"height":117,"caption":"Kayuwriting - It is #InOurHands"},"image":{"@id":"https:\/\/kayuwriting.com\/cs\/#\/schema\/logo\/image\/"}}]}},"_links":{"self":[{"href":"https:\/\/kayuwriting.com\/cs\/wp-json\/wp\/v2\/product\/251","targetHints":{"allow":["GET"]}}],"collection":[{"href":"https:\/\/kayuwriting.com\/cs\/wp-json\/wp\/v2\/product"}],"about":[{"href":"https:\/\/kayuwriting.com\/cs\/wp-json\/wp\/v2\/types\/product"}],"wp:featuredmedia":[{"embeddable":true,"href":"https:\/\/kayuwriting.com\/cs\/wp-json\/wp\/v2\/media\/10938"}],"wp:attachment":[{"href":"https:\/\/kayuwriting.com\/cs\/wp-json\/wp\/v2\/media?parent=251"}],"wp:term":[{"taxonomy":"product_brand","embeddable":true,"href":"https:\/\/kayuwriting.com\/cs\/wp-json\/wp\/v2\/product_brand?post=251"},{"taxonomy":"product_cat","embeddable":true,"href":"https:\/\/kayuwriting.com\/cs\/wp-json\/wp\/v2\/product_cat?post=251"},{"taxonomy":"product_tag","embeddable":true,"href":"https:\/\/kayuwriting.com\/cs\/wp-json\/wp\/v2\/product_tag?post=251"}],"curies":[{"name":"wp","href":"https:\/\/api.w.org\/{rel}","templated":true}]}}