{"id":247,"date":"2015-08-11T22:04:57","date_gmt":"2015-08-11T20:04:57","guid":{"rendered":"http:\/\/savoy.nordicmade.com\/product\/press-coffee-maker\/"},"modified":"2024-03-17T16:01:06","modified_gmt":"2024-03-17T15:01:06","slug":"delo-notebook","status":"publish","type":"product","link":"https:\/\/kayuwriting.com\/cs\/produkt\/delo-notebook\/","title":{"rendered":"Delo Notebook"},"content":{"rendered":"","protected":false},"excerpt":{"rendered":"<p>Ru\u010dn\u011b vyr\u00e1b\u011bn\u00fd z\u00e1pisn\u00edk Kayu Delo jsme navrhli tak, aby spl\u0148oval n\u011bkolik \u00fakol\u016f najednou: Chr\u00e1n\u00ed pero, ukl\u00e1d\u00e1 pozn\u00e1mky a je\u0161t\u011b nab\u00edz\u00ed rozd\u011blen\u00ed na dv\u011b \u010d\u00e1sti. Z\u00e1le\u017e\u00ed jen na v\u00e1s, jak kreativn\u011b je vyu\u017eijete. Uvnit\u0159 najdete poctiv\u00fd hladk\u00fd pap\u00edr o gram\u00e1\u017ei 100 g\/m2, kter\u00fd zajist\u00ed, \u017ee se p\u00edsmo na druh\u00e9 stran\u011b opravdu nepros\u00e1kne. Z\u00e1pisn\u00edk vznik\u00e1 ve spolupr\u00e1ci s tradi\u010dn\u00edmi kniha\u0159sk\u00fdmi postupy v d\u00edln\u011b rodiny Oujesk\u00fdch v Boskovic\u00edch. Je pota\u017een kr\u00e1sn\u00fdm japonsk\u00fdm pap\u00edrem a opat\u0159en reli\u00e9fn\u00edm logem Kayu. \u010cist\u00fd jako slovo Bo\u017e\u00ed.<\/p>\n<p><strong>Materi\u00e1l:<\/strong> pap\u00edr a pru\u017eenka<\/p>\n<p><strong>Str\u00e1nky:<\/strong> 100g\/m2 bez linek a \u010d\u00edslov\u00e1n\u00ed<\/p>\n","protected":false},"featured_media":8148,"template":"","meta":[],"product_brand":[],"product_cat":[31],"product_tag":[],"class_list":{"0":"post-247","1":"product","2":"type-product","3":"status-publish","4":"has-post-thumbnail","6":"product_cat-prislusenstvi","8":"first","9":"outofstock","10":"shipping-taxable","11":"purchasable","12":"product-type-variable"},"yoast_head":"<!-- This site is optimized with the Yoast SEO plugin v27.3 - https:\/\/yoast.com\/product\/yoast-seo-wordpress\/ -->\n<title>Delo Notebook - Kayuwriting - It is #InOurHands<\/title>\n<meta name=\"robots\" content=\"index, follow, max-snippet:-1, max-image-preview:large, max-video-preview:-1\" \/>\n<link rel=\"canonical\" href=\"https:\/\/kayuwriting.com\/cs\/produkt\/delo-notebook\/\" \/>\n<meta property=\"og:locale\" content=\"cs_CZ\" \/>\n<meta property=\"og:type\" content=\"article\" \/>\n<meta property=\"og:title\" content=\"Delo Notebook - Kayuwriting - It is #InOurHands\" \/>\n<meta property=\"og:description\" content=\"Ru\u010dn\u011b vyr\u00e1b\u011bn\u00fd z\u00e1pisn\u00edk Kayu Delo jsme navrhli tak, aby spl\u0148oval n\u011bkolik \u00fakol\u016f najednou: Chr\u00e1n\u00ed pero, ukl\u00e1d\u00e1 pozn\u00e1mky a je\u0161t\u011b nab\u00edz\u00ed rozd\u011blen\u00ed na dv\u011b \u010d\u00e1sti. Z\u00e1le\u017e\u00ed jen na v\u00e1s, jak kreativn\u011b je vyu\u017eijete. Uvnit\u0159 najdete poctiv\u00fd hladk\u00fd pap\u00edr o gram\u00e1\u017ei 100 g\/m2, kter\u00fd zajist\u00ed, \u017ee se p\u00edsmo na druh\u00e9 stran\u011b opravdu nepros\u00e1kne. Z\u00e1pisn\u00edk vznik\u00e1 ve spolupr\u00e1ci s tradi\u010dn\u00edmi kniha\u0159sk\u00fdmi postupy v d\u00edln\u011b rodiny Oujesk\u00fdch v Boskovic\u00edch. Je pota\u017een kr\u00e1sn\u00fdm japonsk\u00fdm pap\u00edrem a opat\u0159en reli\u00e9fn\u00edm logem Kayu. \u010cist\u00fd jako slovo Bo\u017e\u00ed. Materi\u00e1l: pap\u00edr a pru\u017eenka Str\u00e1nky: 100g\/m2 bez linek a \u010d\u00edslov\u00e1n\u00ed\" \/>\n<meta property=\"og:url\" content=\"https:\/\/kayuwriting.com\/cs\/produkt\/delo-notebook\/\" \/>\n<meta property=\"og:site_name\" content=\"Kayuwriting - It is #InOurHands\" \/>\n<meta property=\"article:modified_time\" content=\"2024-03-17T15:01:06+00:00\" \/>\n<meta property=\"og:image\" content=\"https:\/\/kayuwriting.com\/wp-content\/uploads\/2015\/08\/KAYU-delo-merunkova-2-1024x1024.png\" \/>\n\t<meta property=\"og:image:width\" content=\"1024\" \/>\n\t<meta property=\"og:image:height\" content=\"1024\" \/>\n\t<meta property=\"og:image:type\" content=\"image\/png\" \/>\n<meta name=\"twitter:card\" content=\"summary_large_image\" \/>\n<script type=\"application\/ld+json\" class=\"yoast-schema-graph\">{\"@context\":\"https:\\\/\\\/schema.org\",\"@graph\":[{\"@type\":\"WebPage\",\"@id\":\"https:\\\/\\\/kayuwriting.com\\\/cs\\\/produkt\\\/delo-notebook\\\/\",\"url\":\"https:\\\/\\\/kayuwriting.com\\\/cs\\\/produkt\\\/delo-notebook\\\/\",\"name\":\"Delo Notebook - Kayuwriting - It is #InOurHands\",\"isPartOf\":{\"@id\":\"https:\\\/\\\/kayuwriting.com\\\/cs\\\/#website\"},\"primaryImageOfPage\":{\"@id\":\"https:\\\/\\\/kayuwriting.com\\\/cs\\\/produkt\\\/delo-notebook\\\/#primaryimage\"},\"image\":{\"@id\":\"https:\\\/\\\/kayuwriting.com\\\/cs\\\/produkt\\\/delo-notebook\\\/#primaryimage\"},\"thumbnailUrl\":\"https:\\\/\\\/kayuwriting.com\\\/wp-content\\\/uploads\\\/2015\\\/08\\\/KAYU-delo-merunkova-2.png\",\"datePublished\":\"2015-08-11T20:04:57+00:00\",\"dateModified\":\"2024-03-17T15:01:06+00:00\",\"breadcrumb\":{\"@id\":\"https:\\\/\\\/kayuwriting.com\\\/cs\\\/produkt\\\/delo-notebook\\\/#breadcrumb\"},\"inLanguage\":\"cs\",\"potentialAction\":[{\"@type\":\"ReadAction\",\"target\":[\"https:\\\/\\\/kayuwriting.com\\\/cs\\\/produkt\\\/delo-notebook\\\/\"]}]},{\"@type\":\"ImageObject\",\"inLanguage\":\"cs\",\"@id\":\"https:\\\/\\\/kayuwriting.com\\\/cs\\\/produkt\\\/delo-notebook\\\/#primaryimage\",\"url\":\"https:\\\/\\\/kayuwriting.com\\\/wp-content\\\/uploads\\\/2015\\\/08\\\/KAYU-delo-merunkova-2.png\",\"contentUrl\":\"https:\\\/\\\/kayuwriting.com\\\/wp-content\\\/uploads\\\/2015\\\/08\\\/KAYU-delo-merunkova-2.png\",\"width\":2000,\"height\":2000},{\"@type\":\"BreadcrumbList\",\"@id\":\"https:\\\/\\\/kayuwriting.com\\\/cs\\\/produkt\\\/delo-notebook\\\/#breadcrumb\",\"itemListElement\":[{\"@type\":\"ListItem\",\"position\":1,\"name\":\"Obchod a eshop s plnic\u00edmi a kuli\u010dkov\u00fdmi pery Kayu. M\u00e1me i n\u00e1pln\u011b, z\u00e1pisn\u00edky nebo obaly\",\"item\":\"https:\\\/\\\/kayuwriting.com\\\/cs\\\/obchod\\\/\"},{\"@type\":\"ListItem\",\"position\":2,\"name\":\"Delo Notebook\"}]},{\"@type\":\"WebSite\",\"@id\":\"https:\\\/\\\/kayuwriting.com\\\/cs\\\/#website\",\"url\":\"https:\\\/\\\/kayuwriting.com\\\/cs\\\/\",\"name\":\"Kayuwriting - It is #InOurHands\",\"description\":\"\",\"publisher\":{\"@id\":\"https:\\\/\\\/kayuwriting.com\\\/cs\\\/#organization\"},\"potentialAction\":[{\"@type\":\"SearchAction\",\"target\":{\"@type\":\"EntryPoint\",\"urlTemplate\":\"https:\\\/\\\/kayuwriting.com\\\/cs\\\/?s={search_term_string}\"},\"query-input\":{\"@type\":\"PropertyValueSpecification\",\"valueRequired\":true,\"valueName\":\"search_term_string\"}}],\"inLanguage\":\"cs\"},{\"@type\":\"Organization\",\"@id\":\"https:\\\/\\\/kayuwriting.com\\\/cs\\\/#organization\",\"name\":\"Kayuwriting - It is #InOurHands\",\"url\":\"https:\\\/\\\/kayuwriting.com\\\/cs\\\/\",\"logo\":{\"@type\":\"ImageObject\",\"inLanguage\":\"cs\",\"@id\":\"https:\\\/\\\/kayuwriting.com\\\/cs\\\/#\\\/schema\\\/logo\\\/image\\\/\",\"url\":\"https:\\\/\\\/kayuwriting.com\\\/wp-content\\\/uploads\\\/2023\\\/10\\\/KAYU-logo-2023.png\",\"contentUrl\":\"https:\\\/\\\/kayuwriting.com\\\/wp-content\\\/uploads\\\/2023\\\/10\\\/KAYU-logo-2023.png\",\"width\":386,\"height\":117,\"caption\":\"Kayuwriting - It is #InOurHands\"},\"image\":{\"@id\":\"https:\\\/\\\/kayuwriting.com\\\/cs\\\/#\\\/schema\\\/logo\\\/image\\\/\"}}]}<\/script>\n<!-- \/ Yoast SEO plugin. -->","yoast_head_json":{"title":"Delo Notebook - Kayuwriting - It is #InOurHands","robots":{"index":"index","follow":"follow","max-snippet":"max-snippet:-1","max-image-preview":"max-image-preview:large","max-video-preview":"max-video-preview:-1"},"canonical":"https:\/\/kayuwriting.com\/cs\/produkt\/delo-notebook\/","og_locale":"cs_CZ","og_type":"article","og_title":"Delo Notebook - Kayuwriting - It is #InOurHands","og_description":"Ru\u010dn\u011b vyr\u00e1b\u011bn\u00fd z\u00e1pisn\u00edk Kayu Delo jsme navrhli tak, aby spl\u0148oval n\u011bkolik \u00fakol\u016f najednou: Chr\u00e1n\u00ed pero, ukl\u00e1d\u00e1 pozn\u00e1mky a je\u0161t\u011b nab\u00edz\u00ed rozd\u011blen\u00ed na dv\u011b \u010d\u00e1sti. Z\u00e1le\u017e\u00ed jen na v\u00e1s, jak kreativn\u011b je vyu\u017eijete. Uvnit\u0159 najdete poctiv\u00fd hladk\u00fd pap\u00edr o gram\u00e1\u017ei 100 g\/m2, kter\u00fd zajist\u00ed, \u017ee se p\u00edsmo na druh\u00e9 stran\u011b opravdu nepros\u00e1kne. Z\u00e1pisn\u00edk vznik\u00e1 ve spolupr\u00e1ci s tradi\u010dn\u00edmi kniha\u0159sk\u00fdmi postupy v d\u00edln\u011b rodiny Oujesk\u00fdch v Boskovic\u00edch. Je pota\u017een kr\u00e1sn\u00fdm japonsk\u00fdm pap\u00edrem a opat\u0159en reli\u00e9fn\u00edm logem Kayu. \u010cist\u00fd jako slovo Bo\u017e\u00ed. Materi\u00e1l: pap\u00edr a pru\u017eenka Str\u00e1nky: 100g\/m2 bez linek a \u010d\u00edslov\u00e1n\u00ed","og_url":"https:\/\/kayuwriting.com\/cs\/produkt\/delo-notebook\/","og_site_name":"Kayuwriting - It is #InOurHands","article_modified_time":"2024-03-17T15:01:06+00:00","og_image":[{"width":1024,"height":1024,"url":"https:\/\/kayuwriting.com\/wp-content\/uploads\/2015\/08\/KAYU-delo-merunkova-2-1024x1024.png","type":"image\/png"}],"twitter_card":"summary_large_image","schema":{"@context":"https:\/\/schema.org","@graph":[{"@type":"WebPage","@id":"https:\/\/kayuwriting.com\/cs\/produkt\/delo-notebook\/","url":"https:\/\/kayuwriting.com\/cs\/produkt\/delo-notebook\/","name":"Delo Notebook - Kayuwriting - It is #InOurHands","isPartOf":{"@id":"https:\/\/kayuwriting.com\/cs\/#website"},"primaryImageOfPage":{"@id":"https:\/\/kayuwriting.com\/cs\/produkt\/delo-notebook\/#primaryimage"},"image":{"@id":"https:\/\/kayuwriting.com\/cs\/produkt\/delo-notebook\/#primaryimage"},"thumbnailUrl":"https:\/\/kayuwriting.com\/wp-content\/uploads\/2015\/08\/KAYU-delo-merunkova-2.png","datePublished":"2015-08-11T20:04:57+00:00","dateModified":"2024-03-17T15:01:06+00:00","breadcrumb":{"@id":"https:\/\/kayuwriting.com\/cs\/produkt\/delo-notebook\/#breadcrumb"},"inLanguage":"cs","potentialAction":[{"@type":"ReadAction","target":["https:\/\/kayuwriting.com\/cs\/produkt\/delo-notebook\/"]}]},{"@type":"ImageObject","inLanguage":"cs","@id":"https:\/\/kayuwriting.com\/cs\/produkt\/delo-notebook\/#primaryimage","url":"https:\/\/kayuwriting.com\/wp-content\/uploads\/2015\/08\/KAYU-delo-merunkova-2.png","contentUrl":"https:\/\/kayuwriting.com\/wp-content\/uploads\/2015\/08\/KAYU-delo-merunkova-2.png","width":2000,"height":2000},{"@type":"BreadcrumbList","@id":"https:\/\/kayuwriting.com\/cs\/produkt\/delo-notebook\/#breadcrumb","itemListElement":[{"@type":"ListItem","position":1,"name":"Obchod a eshop s plnic\u00edmi a kuli\u010dkov\u00fdmi pery Kayu. M\u00e1me i n\u00e1pln\u011b, z\u00e1pisn\u00edky nebo obaly","item":"https:\/\/kayuwriting.com\/cs\/obchod\/"},{"@type":"ListItem","position":2,"name":"Delo Notebook"}]},{"@type":"WebSite","@id":"https:\/\/kayuwriting.com\/cs\/#website","url":"https:\/\/kayuwriting.com\/cs\/","name":"Kayuwriting - It is #InOurHands","description":"","publisher":{"@id":"https:\/\/kayuwriting.com\/cs\/#organization"},"potentialAction":[{"@type":"SearchAction","target":{"@type":"EntryPoint","urlTemplate":"https:\/\/kayuwriting.com\/cs\/?s={search_term_string}"},"query-input":{"@type":"PropertyValueSpecification","valueRequired":true,"valueName":"search_term_string"}}],"inLanguage":"cs"},{"@type":"Organization","@id":"https:\/\/kayuwriting.com\/cs\/#organization","name":"Kayuwriting - It is #InOurHands","url":"https:\/\/kayuwriting.com\/cs\/","logo":{"@type":"ImageObject","inLanguage":"cs","@id":"https:\/\/kayuwriting.com\/cs\/#\/schema\/logo\/image\/","url":"https:\/\/kayuwriting.com\/wp-content\/uploads\/2023\/10\/KAYU-logo-2023.png","contentUrl":"https:\/\/kayuwriting.com\/wp-content\/uploads\/2023\/10\/KAYU-logo-2023.png","width":386,"height":117,"caption":"Kayuwriting - It is #InOurHands"},"image":{"@id":"https:\/\/kayuwriting.com\/cs\/#\/schema\/logo\/image\/"}}]}},"_links":{"self":[{"href":"https:\/\/kayuwriting.com\/cs\/wp-json\/wp\/v2\/product\/247","targetHints":{"allow":["GET"]}}],"collection":[{"href":"https:\/\/kayuwriting.com\/cs\/wp-json\/wp\/v2\/product"}],"about":[{"href":"https:\/\/kayuwriting.com\/cs\/wp-json\/wp\/v2\/types\/product"}],"wp:featuredmedia":[{"embeddable":true,"href":"https:\/\/kayuwriting.com\/cs\/wp-json\/wp\/v2\/media\/8148"}],"wp:attachment":[{"href":"https:\/\/kayuwriting.com\/cs\/wp-json\/wp\/v2\/media?parent=247"}],"wp:term":[{"taxonomy":"product_brand","embeddable":true,"href":"https:\/\/kayuwriting.com\/cs\/wp-json\/wp\/v2\/product_brand?post=247"},{"taxonomy":"product_cat","embeddable":true,"href":"https:\/\/kayuwriting.com\/cs\/wp-json\/wp\/v2\/product_cat?post=247"},{"taxonomy":"product_tag","embeddable":true,"href":"https:\/\/kayuwriting.com\/cs\/wp-json\/wp\/v2\/product_tag?post=247"}],"curies":[{"name":"wp","href":"https:\/\/api.w.org\/{rel}","templated":true}]}}