{"id":12835,"date":"2025-08-20T16:11:32","date_gmt":"2025-08-20T14:11:32","guid":{"rendered":"https:\/\/kayuwriting.com\/?post_type=product&#038;p=12835"},"modified":"2025-08-20T17:59:23","modified_gmt":"2025-08-20T15:59:23","slug":"kayu-egino-4-teak","status":"publish","type":"product","link":"https:\/\/kayuwriting.com\/cs\/produkt\/kayu-egino-4-teak\/","title":{"rendered":"Kayu Egino 4 Teak"},"content":{"rendered":"<h2><b>Technick\u00e9 detaily<\/b><\/h2>\n<ul>\n<li><strong>Zav\u0159en\u00e1 d\u00e9lka: 133 mm<\/strong><span style=\"font-weight: 400;\"> v\u010detn\u011b v\u00ed\u010dka, m\u016f\u017ee se m\u00edrn\u011b li\u0161it dle typu d\u0159eva a ru\u010dn\u00edho opracov\u00e1n\u00ed<\/span><\/li>\n<li><strong>Otev\u0159en\u00e1 d\u00e9lka bez v\u00ed\u010dka: 130 mm <\/strong><span style=\"font-weight: 400;\">v\u010detn\u011b hrotu, prostor pro \u00fachop nen\u00ed ni\u010d\u00edm omezen\u00fd<\/span><\/li>\n<li><strong>Pr\u016fm\u011br \u00fachopu: 10,5 mm <\/strong>p<span style=\"font-weight: 400;\">o cel\u00e9 d\u00e9lce konstantn\u00ed pro maxim\u00e1ln\u00ed pohodl\u00ed p\u0159i del\u0161\u00edm psan\u00ed<\/span><\/li>\n<li><strong>Hmotnost s v\u00ed\u010dkem: cca 27 g <\/strong><span style=\"font-weight: 400;\">m\u016f\u017ee se lehce m\u011bnit v z\u00e1vislosti na hustot\u011b pou\u017eit\u00e9ho d\u0159eva<\/span><\/li>\n<li><strong>Hmotnost p\u0159i psan\u00ed: cca 20,5 g<\/strong> n<span style=\"font-weight: 400;\">i\u017e\u0161\u00ed v\u00e1ha oproti modelu Egino 3 p\u0159in\u00e1\u0161\u00ed vy\u0161\u0161\u00ed ovladatelnost a pohodln\u011bj\u0161\u00ed psan\u00ed.<\/span><\/li>\n<\/ul>\n<h3>V\u00fdhody designu a ergonomie<\/h3>\n<p>Plnic\u00ed pero Kayu Egino je mistrovsky zpracovan\u00e9 s d\u016frazem na pohodl\u00ed a efektivitu. Jeho jemn\u011b tvarovan\u00e9 kulat\u00e9 v\u00ed\u010dko zaji\u0161\u0165uje snadn\u00e9 otev\u00edr\u00e1n\u00ed a zav\u00edr\u00e1n\u00ed, zat\u00edmco jeho ergonomick\u00fd design poskytuje komfort p\u0159i psan\u00ed. Pero je perfektn\u011b vyv\u00e1\u017een\u00e9, tak\u017ee se dob\u0159e dr\u017e\u00ed v ruce, co\u017e usnad\u0148uje dlouh\u00e9 hodiny psan\u00ed bez \u00fanavy. Tento design je ide\u00e1ln\u00ed pro ty, kte\u0159\u00ed oce\u0148uj\u00ed spojen\u00ed elegance a funk\u010dnosti.<\/p>\n<h3>D\u0159evo a jeho p\u0159\u00ednosy<\/h3>\n<p><span data-sheets-root=\"1\">Teak m\u00e1 zlatav\u011b hn\u011bdou a\u017e medov\u011b zn\u011blou barvu s t\u011bsn\u00fdm zrnem a vysok\u00fdm obsahem p\u0159\u00edrodn\u00edch olej\u016f, d\u00edky kter\u00fdm je vizu\u00e1ln\u011b leskl\u00fd a vod\u011bodoln\u00fd. Mechanicky je velmi odoln\u00fd proti hnilob\u011b, vlhkosti a \u0161k\u016fdc\u016fm, s vysokou pevnost\u00ed a stabilitou. Symbolicky je teak spojov\u00e1n se silou, trvanlivost\u00ed, luxusem a v n\u011bkter\u00fdch v\u00fdchodn\u00edch kultur\u00e1ch i s duchovn\u00ed rovnov\u00e1hou, \u010distotou a prosperitou.<\/span><\/p>\n<h3>Historie a v\u00fdroba<\/h3>\n<p>Produkty zna\u010dky Kayu jsou pe\u010dliv\u011b vyr\u00e1b\u011bny s d\u016frazem na detail a kvalitu. D\u00edky precizn\u00ed pr\u00e1ci na\u0161ich mistr\u016f je ka\u017ed\u00e9 pero unik\u00e1tn\u00ed. Koup\u00ed pera Kayu Egino z\u00edsk\u00e1te v\u00fdrobek, kter\u00fd nejen\u017ee spln\u00ed va\u0161e funk\u010dn\u00ed pot\u0159eby, ale tak\u00e9 podtrhne v\u00e1\u0161 osobn\u00ed styl. Objevte v\u00fdjime\u010dnou kvalitu a estetiku, kterou v\u00e1m toto pero nab\u00edz\u00ed.<\/p>\n<h3>Pln\u011bn\u00ed<\/h3>\n<p><strong>Egino 4<\/strong> podporuje oba zp\u016fsoby pln\u011bn\u00ed \u2013 <strong>standardn\u00ed inkoustov\u00e9 bombi\u010dky<\/strong> i <strong>konvertor<\/strong> pro pln\u011bn\u00ed z kalam\u00e1\u0159e. Flexibilita, kterou ocen\u00ed ka\u017ed\u00fd milovn\u00edk ru\u010dn\u00edho psan\u00ed.<\/p>\n<h3>Hroty<\/h3>\n<p>Hroty n\u011bmeck\u00e9 v\u00fdroby dod\u00e1v\u00e1me ve variant\u00e1ch <strong>EF, F, M, B<\/strong>, v povrchov\u00fdch \u00faprav\u00e1ch ocel \u010di pozlacen\u00e1 ocel. Na p\u0159\u00e1n\u00ed lze zvolit i dal\u0161\u00ed konfigurace \u2013 dejte n\u00e1m v\u011bd\u011bt.<\/p>\n<h3>Grav\u00edrov\u00e1n\u00ed<\/h3>\n<p>Za p\u0159\u00edplatek <strong>480 K\u010d<\/strong> v\u00e1m na pero vygrav\u00edrujeme <strong>monogram \u010di kr\u00e1tk\u00fd text na nerezov\u00fd \u00fachop<\/strong>. D\u00edky tomu se z pera st\u00e1v\u00e1 vysoce osobn\u00ed d\u00e1rek.<\/p>\n<h3>Speci\u00e1ln\u00ed \u00fapravy<\/h3>\n<p>Chcete jin\u00e9 d\u0159evo, netradi\u010dn\u00ed d\u00e9lku nebo individu\u00e1ln\u00ed tvar? <strong>Kayu Egino 4<\/strong> je ide\u00e1ln\u00ed z\u00e1klad pro <strong>zak\u00e1zkovou \u00fapravu<\/strong> podle va\u0161ich p\u0159edstav. R\u00e1di v\u00e1m vyrob\u00edme jedine\u010dn\u00fd kus na m\u00edru.<\/p>\n","protected":false},"excerpt":{"rendered":"<p>Kayu Egino 4 Teak je navr\u017een\u00e9 pro pohodln\u00e9 psan\u00ed i p\u0159i dlouh\u00e9m pou\u017e\u00edv\u00e1n\u00ed. D\u00edky vyv\u00e1\u017een\u00ed sm\u011brem k hrotu a hladk\u00e9mu \u00fachopu bez hran se pero dob\u0159e dr\u017e\u00ed a neunavuje ruku. M\u016f\u017eete si vybrat ze dvou variant \u2013 kompaktn\u00ed a ekonomick\u00e9 s kulat\u00fdm v\u00ed\u010dkem, nebo designov\u00e9 s v\u00ed\u010dkem se sponou, kter\u00e1 zabra\u0148uje kut\u00e1len\u00ed po stole. Kovov\u00e9 t\u011blo z potravin\u00e1\u0159sk\u00e9 nerezov\u00e9 oceli zaji\u0161\u0165uje odolnost a stabilitu i p\u0159i n\u00e1ro\u010dn\u00e9m zach\u00e1zen\u00ed. Povrch je kart\u00e1\u010dovan\u00fd do sametov\u011b matn\u00e9ho vzhledu, kter\u00fd p\u016fsob\u00ed elegantn\u011b a profesion\u00e1ln\u011b. N\u00e1sada z teakov\u00e9ho d\u0159eva m\u00e1 p\u0159irozen\u011b zlatohn\u011bd\u00fd t\u00f3n, jemnou kresbu a d\u00edky sv\u00fdm p\u0159\u00edrodn\u00edm olej\u016fm je odoln\u00e1 v\u016f\u010di vlhkosti a st\u00e1rnut\u00ed. Ka\u017ed\u00fd kus je ru\u010dn\u011b opracovan\u00fd origin\u00e1l s dlouhou \u017eivotnost\u00ed. Vyberte si pero, kter\u00e9 V\u00e1m bude spolehliv\u011b slou\u017eit a z\u00e1rove\u0148 podtrhne V\u00e1\u0161 styl.<\/p>\n","protected":false},"featured_media":12843,"template":"","meta":[],"product_brand":[],"product_cat":[21,206],"product_tag":[],"class_list":{"0":"post-12835","1":"product","2":"type-product","3":"status-publish","4":"has-post-thumbnail","6":"product_cat-egino","7":"product_cat-novinka","9":"first","10":"instock","11":"shipping-taxable","12":"purchasable","13":"product-type-variable"},"yoast_head":"<!-- This site is optimized with the Yoast SEO plugin v27.3 - https:\/\/yoast.com\/product\/yoast-seo-wordpress\/ -->\n<title>D\u0159ev\u011bn\u00e9 plnic\u00ed pero Kayu Egino 4 vyroben\u00e9 z d\u0159eva Mahagon<\/title>\n<meta name=\"description\" content=\"Egino 4 Mahagon: Elegantn\u00ed plnic\u00ed pero s kulat\u00fdm v\u00ed\u010dkem pro plynul\u00e9 a p\u0159esn\u00e9 psan\u00ed. Mahagonov\u00e9 d\u0159evo dod\u00e1v\u00e1 luxusn\u00ed pocit a jedine\u010dn\u00fd vzhled.\" \/>\n<meta name=\"robots\" content=\"index, follow, max-snippet:-1, max-image-preview:large, max-video-preview:-1\" \/>\n<link rel=\"canonical\" href=\"https:\/\/kayuwriting.com\/cs\/produkt\/kayu-egino-4-teak\/\" \/>\n<meta property=\"og:locale\" content=\"cs_CZ\" \/>\n<meta property=\"og:type\" content=\"article\" \/>\n<meta property=\"og:title\" content=\"D\u0159ev\u011bn\u00e9 plnic\u00ed pero Kayu Egino 4 vyroben\u00e9 z d\u0159eva Mahagon\" \/>\n<meta property=\"og:description\" content=\"Egino 4 Mahagon: Elegantn\u00ed plnic\u00ed pero s kulat\u00fdm v\u00ed\u010dkem pro plynul\u00e9 a p\u0159esn\u00e9 psan\u00ed. Mahagonov\u00e9 d\u0159evo dod\u00e1v\u00e1 luxusn\u00ed pocit a jedine\u010dn\u00fd vzhled.\" \/>\n<meta property=\"og:url\" content=\"https:\/\/kayuwriting.com\/cs\/produkt\/kayu-egino-4-teak\/\" \/>\n<meta property=\"og:site_name\" content=\"Kayuwriting - It is #InOurHands\" \/>\n<meta property=\"article:modified_time\" content=\"2025-08-20T15:59:23+00:00\" \/>\n<meta property=\"og:image\" content=\"https:\/\/kayuwriting.com\/wp-content\/uploads\/2025\/08\/Egino-4-teak-profile.jpg\" \/>\n\t<meta property=\"og:image:width\" content=\"2048\" \/>\n\t<meta property=\"og:image:height\" content=\"2048\" \/>\n\t<meta property=\"og:image:type\" content=\"image\/jpeg\" \/>\n<meta name=\"twitter:card\" content=\"summary_large_image\" \/>\n<meta name=\"twitter:label1\" content=\"Odhadovan\u00e1 doba \u010dten\u00ed\" \/>\n\t<meta name=\"twitter:data1\" content=\"2 minuty\" \/>\n<script type=\"application\/ld+json\" class=\"yoast-schema-graph\">{\"@context\":\"https:\\\/\\\/schema.org\",\"@graph\":[{\"@type\":\"WebPage\",\"@id\":\"https:\\\/\\\/kayuwriting.com\\\/cs\\\/produkt\\\/kayu-egino-4-teak\\\/\",\"url\":\"https:\\\/\\\/kayuwriting.com\\\/cs\\\/produkt\\\/kayu-egino-4-teak\\\/\",\"name\":\"D\u0159ev\u011bn\u00e9 plnic\u00ed pero Kayu Egino 4 vyroben\u00e9 z d\u0159eva Mahagon\",\"isPartOf\":{\"@id\":\"https:\\\/\\\/kayuwriting.com\\\/cs\\\/#website\"},\"primaryImageOfPage\":{\"@id\":\"https:\\\/\\\/kayuwriting.com\\\/cs\\\/produkt\\\/kayu-egino-4-teak\\\/#primaryimage\"},\"image\":{\"@id\":\"https:\\\/\\\/kayuwriting.com\\\/cs\\\/produkt\\\/kayu-egino-4-teak\\\/#primaryimage\"},\"thumbnailUrl\":\"https:\\\/\\\/kayuwriting.com\\\/wp-content\\\/uploads\\\/2025\\\/08\\\/Egino-4-teak-profile.jpg\",\"datePublished\":\"2025-08-20T14:11:32+00:00\",\"dateModified\":\"2025-08-20T15:59:23+00:00\",\"description\":\"Egino 4 Mahagon: Elegantn\u00ed plnic\u00ed pero s kulat\u00fdm v\u00ed\u010dkem pro plynul\u00e9 a p\u0159esn\u00e9 psan\u00ed. Mahagonov\u00e9 d\u0159evo dod\u00e1v\u00e1 luxusn\u00ed pocit a jedine\u010dn\u00fd vzhled.\",\"breadcrumb\":{\"@id\":\"https:\\\/\\\/kayuwriting.com\\\/cs\\\/produkt\\\/kayu-egino-4-teak\\\/#breadcrumb\"},\"inLanguage\":\"cs\",\"potentialAction\":[{\"@type\":\"ReadAction\",\"target\":[\"https:\\\/\\\/kayuwriting.com\\\/cs\\\/produkt\\\/kayu-egino-4-teak\\\/\"]}]},{\"@type\":\"ImageObject\",\"inLanguage\":\"cs\",\"@id\":\"https:\\\/\\\/kayuwriting.com\\\/cs\\\/produkt\\\/kayu-egino-4-teak\\\/#primaryimage\",\"url\":\"https:\\\/\\\/kayuwriting.com\\\/wp-content\\\/uploads\\\/2025\\\/08\\\/Egino-4-teak-profile.jpg\",\"contentUrl\":\"https:\\\/\\\/kayuwriting.com\\\/wp-content\\\/uploads\\\/2025\\\/08\\\/Egino-4-teak-profile.jpg\",\"width\":2048,\"height\":2048},{\"@type\":\"BreadcrumbList\",\"@id\":\"https:\\\/\\\/kayuwriting.com\\\/cs\\\/produkt\\\/kayu-egino-4-teak\\\/#breadcrumb\",\"itemListElement\":[{\"@type\":\"ListItem\",\"position\":1,\"name\":\"Obchod a eshop s plnic\u00edmi a kuli\u010dkov\u00fdmi pery Kayu. M\u00e1me i n\u00e1pln\u011b, z\u00e1pisn\u00edky nebo obaly\",\"item\":\"https:\\\/\\\/kayuwriting.com\\\/cs\\\/obchod\\\/\"},{\"@type\":\"ListItem\",\"position\":2,\"name\":\"Kayu Egino 4 Teak\"}]},{\"@type\":\"WebSite\",\"@id\":\"https:\\\/\\\/kayuwriting.com\\\/cs\\\/#website\",\"url\":\"https:\\\/\\\/kayuwriting.com\\\/cs\\\/\",\"name\":\"Kayuwriting - It is #InOurHands\",\"description\":\"\",\"publisher\":{\"@id\":\"https:\\\/\\\/kayuwriting.com\\\/cs\\\/#organization\"},\"potentialAction\":[{\"@type\":\"SearchAction\",\"target\":{\"@type\":\"EntryPoint\",\"urlTemplate\":\"https:\\\/\\\/kayuwriting.com\\\/cs\\\/?s={search_term_string}\"},\"query-input\":{\"@type\":\"PropertyValueSpecification\",\"valueRequired\":true,\"valueName\":\"search_term_string\"}}],\"inLanguage\":\"cs\"},{\"@type\":\"Organization\",\"@id\":\"https:\\\/\\\/kayuwriting.com\\\/cs\\\/#organization\",\"name\":\"Kayuwriting - It is #InOurHands\",\"url\":\"https:\\\/\\\/kayuwriting.com\\\/cs\\\/\",\"logo\":{\"@type\":\"ImageObject\",\"inLanguage\":\"cs\",\"@id\":\"https:\\\/\\\/kayuwriting.com\\\/cs\\\/#\\\/schema\\\/logo\\\/image\\\/\",\"url\":\"https:\\\/\\\/kayuwriting.com\\\/wp-content\\\/uploads\\\/2023\\\/10\\\/KAYU-logo-2023.png\",\"contentUrl\":\"https:\\\/\\\/kayuwriting.com\\\/wp-content\\\/uploads\\\/2023\\\/10\\\/KAYU-logo-2023.png\",\"width\":386,\"height\":117,\"caption\":\"Kayuwriting - It is #InOurHands\"},\"image\":{\"@id\":\"https:\\\/\\\/kayuwriting.com\\\/cs\\\/#\\\/schema\\\/logo\\\/image\\\/\"}}]}<\/script>\n<!-- \/ Yoast SEO plugin. -->","yoast_head_json":{"title":"D\u0159ev\u011bn\u00e9 plnic\u00ed pero Kayu Egino 4 vyroben\u00e9 z d\u0159eva Mahagon","description":"Egino 4 Mahagon: Elegantn\u00ed plnic\u00ed pero s kulat\u00fdm v\u00ed\u010dkem pro plynul\u00e9 a p\u0159esn\u00e9 psan\u00ed. Mahagonov\u00e9 d\u0159evo dod\u00e1v\u00e1 luxusn\u00ed pocit a jedine\u010dn\u00fd vzhled.","robots":{"index":"index","follow":"follow","max-snippet":"max-snippet:-1","max-image-preview":"max-image-preview:large","max-video-preview":"max-video-preview:-1"},"canonical":"https:\/\/kayuwriting.com\/cs\/produkt\/kayu-egino-4-teak\/","og_locale":"cs_CZ","og_type":"article","og_title":"D\u0159ev\u011bn\u00e9 plnic\u00ed pero Kayu Egino 4 vyroben\u00e9 z d\u0159eva Mahagon","og_description":"Egino 4 Mahagon: Elegantn\u00ed plnic\u00ed pero s kulat\u00fdm v\u00ed\u010dkem pro plynul\u00e9 a p\u0159esn\u00e9 psan\u00ed. Mahagonov\u00e9 d\u0159evo dod\u00e1v\u00e1 luxusn\u00ed pocit a jedine\u010dn\u00fd vzhled.","og_url":"https:\/\/kayuwriting.com\/cs\/produkt\/kayu-egino-4-teak\/","og_site_name":"Kayuwriting - It is #InOurHands","article_modified_time":"2025-08-20T15:59:23+00:00","og_image":[{"width":2048,"height":2048,"url":"https:\/\/kayuwriting.com\/wp-content\/uploads\/2025\/08\/Egino-4-teak-profile.jpg","type":"image\/jpeg"}],"twitter_card":"summary_large_image","twitter_misc":{"Odhadovan\u00e1 doba \u010dten\u00ed":"2 minuty"},"schema":{"@context":"https:\/\/schema.org","@graph":[{"@type":"WebPage","@id":"https:\/\/kayuwriting.com\/cs\/produkt\/kayu-egino-4-teak\/","url":"https:\/\/kayuwriting.com\/cs\/produkt\/kayu-egino-4-teak\/","name":"D\u0159ev\u011bn\u00e9 plnic\u00ed pero Kayu Egino 4 vyroben\u00e9 z d\u0159eva Mahagon","isPartOf":{"@id":"https:\/\/kayuwriting.com\/cs\/#website"},"primaryImageOfPage":{"@id":"https:\/\/kayuwriting.com\/cs\/produkt\/kayu-egino-4-teak\/#primaryimage"},"image":{"@id":"https:\/\/kayuwriting.com\/cs\/produkt\/kayu-egino-4-teak\/#primaryimage"},"thumbnailUrl":"https:\/\/kayuwriting.com\/wp-content\/uploads\/2025\/08\/Egino-4-teak-profile.jpg","datePublished":"2025-08-20T14:11:32+00:00","dateModified":"2025-08-20T15:59:23+00:00","description":"Egino 4 Mahagon: Elegantn\u00ed plnic\u00ed pero s kulat\u00fdm v\u00ed\u010dkem pro plynul\u00e9 a p\u0159esn\u00e9 psan\u00ed. Mahagonov\u00e9 d\u0159evo dod\u00e1v\u00e1 luxusn\u00ed pocit a jedine\u010dn\u00fd vzhled.","breadcrumb":{"@id":"https:\/\/kayuwriting.com\/cs\/produkt\/kayu-egino-4-teak\/#breadcrumb"},"inLanguage":"cs","potentialAction":[{"@type":"ReadAction","target":["https:\/\/kayuwriting.com\/cs\/produkt\/kayu-egino-4-teak\/"]}]},{"@type":"ImageObject","inLanguage":"cs","@id":"https:\/\/kayuwriting.com\/cs\/produkt\/kayu-egino-4-teak\/#primaryimage","url":"https:\/\/kayuwriting.com\/wp-content\/uploads\/2025\/08\/Egino-4-teak-profile.jpg","contentUrl":"https:\/\/kayuwriting.com\/wp-content\/uploads\/2025\/08\/Egino-4-teak-profile.jpg","width":2048,"height":2048},{"@type":"BreadcrumbList","@id":"https:\/\/kayuwriting.com\/cs\/produkt\/kayu-egino-4-teak\/#breadcrumb","itemListElement":[{"@type":"ListItem","position":1,"name":"Obchod a eshop s plnic\u00edmi a kuli\u010dkov\u00fdmi pery Kayu. M\u00e1me i n\u00e1pln\u011b, z\u00e1pisn\u00edky nebo obaly","item":"https:\/\/kayuwriting.com\/cs\/obchod\/"},{"@type":"ListItem","position":2,"name":"Kayu Egino 4 Teak"}]},{"@type":"WebSite","@id":"https:\/\/kayuwriting.com\/cs\/#website","url":"https:\/\/kayuwriting.com\/cs\/","name":"Kayuwriting - It is #InOurHands","description":"","publisher":{"@id":"https:\/\/kayuwriting.com\/cs\/#organization"},"potentialAction":[{"@type":"SearchAction","target":{"@type":"EntryPoint","urlTemplate":"https:\/\/kayuwriting.com\/cs\/?s={search_term_string}"},"query-input":{"@type":"PropertyValueSpecification","valueRequired":true,"valueName":"search_term_string"}}],"inLanguage":"cs"},{"@type":"Organization","@id":"https:\/\/kayuwriting.com\/cs\/#organization","name":"Kayuwriting - It is #InOurHands","url":"https:\/\/kayuwriting.com\/cs\/","logo":{"@type":"ImageObject","inLanguage":"cs","@id":"https:\/\/kayuwriting.com\/cs\/#\/schema\/logo\/image\/","url":"https:\/\/kayuwriting.com\/wp-content\/uploads\/2023\/10\/KAYU-logo-2023.png","contentUrl":"https:\/\/kayuwriting.com\/wp-content\/uploads\/2023\/10\/KAYU-logo-2023.png","width":386,"height":117,"caption":"Kayuwriting - It is #InOurHands"},"image":{"@id":"https:\/\/kayuwriting.com\/cs\/#\/schema\/logo\/image\/"}}]}},"_links":{"self":[{"href":"https:\/\/kayuwriting.com\/cs\/wp-json\/wp\/v2\/product\/12835","targetHints":{"allow":["GET"]}}],"collection":[{"href":"https:\/\/kayuwriting.com\/cs\/wp-json\/wp\/v2\/product"}],"about":[{"href":"https:\/\/kayuwriting.com\/cs\/wp-json\/wp\/v2\/types\/product"}],"wp:featuredmedia":[{"embeddable":true,"href":"https:\/\/kayuwriting.com\/cs\/wp-json\/wp\/v2\/media\/12843"}],"wp:attachment":[{"href":"https:\/\/kayuwriting.com\/cs\/wp-json\/wp\/v2\/media?parent=12835"}],"wp:term":[{"taxonomy":"product_brand","embeddable":true,"href":"https:\/\/kayuwriting.com\/cs\/wp-json\/wp\/v2\/product_brand?post=12835"},{"taxonomy":"product_cat","embeddable":true,"href":"https:\/\/kayuwriting.com\/cs\/wp-json\/wp\/v2\/product_cat?post=12835"},{"taxonomy":"product_tag","embeddable":true,"href":"https:\/\/kayuwriting.com\/cs\/wp-json\/wp\/v2\/product_tag?post=12835"}],"curies":[{"name":"wp","href":"https:\/\/api.w.org\/{rel}","templated":true}]}}