{"id":12786,"date":"2025-08-06T19:17:39","date_gmt":"2025-08-06T17:17:39","guid":{"rendered":"https:\/\/kayuwriting.com\/?post_type=product&#038;p=12786"},"modified":"2026-02-03T14:20:59","modified_gmt":"2026-02-03T13:20:59","slug":"kayu-egino-4-mahagon","status":"publish","type":"product","link":"https:\/\/kayuwriting.com\/cs\/produkt\/kayu-egino-4-mahagon\/","title":{"rendered":"Kayu Egino 4 Mahagon"},"content":{"rendered":"<h2><b>Technick\u00e9 detaily<\/b><\/h2>\n<ul>\n<li><strong>Zav\u0159en\u00e1 d\u00e9lka: 133 mm<\/strong><span style=\"font-weight: 400;\"> v\u010detn\u011b v\u00ed\u010dka, m\u016f\u017ee se m\u00edrn\u011b li\u0161it dle typu d\u0159eva a ru\u010dn\u00edho opracov\u00e1n\u00ed<\/span><\/li>\n<li><strong>Otev\u0159en\u00e1 d\u00e9lka bez v\u00ed\u010dka: 130 mm <\/strong><span style=\"font-weight: 400;\">v\u010detn\u011b hrotu, prostor pro \u00fachop nen\u00ed ni\u010d\u00edm omezen\u00fd<\/span><\/li>\n<li><strong>Pr\u016fm\u011br \u00fachopu: 10,5 mm <\/strong>p<span style=\"font-weight: 400;\">o cel\u00e9 d\u00e9lce konstantn\u00ed pro maxim\u00e1ln\u00ed pohodl\u00ed p\u0159i del\u0161\u00edm psan\u00ed<\/span><\/li>\n<li><strong>Hmotnost s v\u00ed\u010dkem: cca 27 g <\/strong><span style=\"font-weight: 400;\">m\u016f\u017ee se lehce m\u011bnit v z\u00e1vislosti na hustot\u011b pou\u017eit\u00e9ho d\u0159eva<\/span><\/li>\n<li><strong>Hmotnost p\u0159i psan\u00ed: cca 20,5 g<\/strong> n<span style=\"font-weight: 400;\">i\u017e\u0161\u00ed v\u00e1ha oproti modelu Egino 3 p\u0159in\u00e1\u0161\u00ed vy\u0161\u0161\u00ed ovladatelnost a pohodln\u011bj\u0161\u00ed psan\u00ed.<\/span><\/li>\n<\/ul>\n<h3>V\u00fdhody designu a ergonomie<\/h3>\n<p>Plnic\u00ed pero Kayu Egino je mistrovsky zpracovan\u00e9 s d\u016frazem na pohodl\u00ed a efektivitu. Jeho jemn\u011b tvarovan\u00e9 kulat\u00e9 v\u00ed\u010dko zaji\u0161\u0165uje snadn\u00e9 otev\u00edr\u00e1n\u00ed a zav\u00edr\u00e1n\u00ed, zat\u00edmco jeho ergonomick\u00fd design poskytuje komfort p\u0159i psan\u00ed. Pero je perfektn\u011b vyv\u00e1\u017een\u00e9, tak\u017ee se dob\u0159e dr\u017e\u00ed v ruce, co\u017e usnad\u0148uje dlouh\u00e9 hodiny psan\u00ed bez \u00fanavy. Tento design je ide\u00e1ln\u00ed pro ty, kte\u0159\u00ed oce\u0148uj\u00ed spojen\u00ed elegance a funk\u010dnosti.<\/p>\n<h3>D\u0159evo a jeho p\u0159\u00ednosy<\/h3>\n<p>Mahagon, z n\u011bho\u017e je pero vyrobeno, je zn\u00e1m\u00e9 svou neuv\u011b\u0159itelnou odolnost\u00ed a kr\u00e1sn\u00fdm, bohat\u00fdm odst\u00ednem. Toto d\u0159evo poskytuje peru nejen mechanickou pevnost, ale tak\u00e9 estetick\u00fd vzhled, kter\u00fd zaujme sv\u00fdm luxusn\u00edm dojmem. Mahagon symbolizuje trvanlivost a presti\u017e, co\u017e u\u017eivateli dod\u00e1v\u00e1 pocit v\u00fdjime\u010dnosti a jedine\u010dnosti.<\/p>\n<h3>Historie a v\u00fdroba<\/h3>\n<p>Produkty zna\u010dky Kayu jsou pe\u010dliv\u011b vyr\u00e1b\u011bny s d\u016frazem na detail a kvalitu. D\u00edky precizn\u00ed pr\u00e1ci na\u0161ich mistr\u016f je ka\u017ed\u00e9 pero unik\u00e1tn\u00ed. Koup\u00ed pera Kayu Egino z\u00edsk\u00e1te v\u00fdrobek, kter\u00fd nejen\u017ee spln\u00ed va\u0161e funk\u010dn\u00ed pot\u0159eby, ale tak\u00e9 podtrhne v\u00e1\u0161 osobn\u00ed styl. Objevte v\u00fdjime\u010dnou kvalitu a estetiku, kterou v\u00e1m toto pero nab\u00edz\u00ed.<\/p>\n<h3>Pln\u011bn\u00ed<\/h3>\n<p><strong>Egino 4<\/strong> podporuje oba zp\u016fsoby pln\u011bn\u00ed \u2013 <strong>standardn\u00ed inkoustov\u00e9 bombi\u010dky<\/strong> i <strong>konvertor<\/strong> pro pln\u011bn\u00ed z kalam\u00e1\u0159e. Flexibilita, kterou ocen\u00ed ka\u017ed\u00fd milovn\u00edk ru\u010dn\u00edho psan\u00ed.<\/p>\n<h3>Hroty<\/h3>\n<p>Hroty n\u011bmeck\u00e9 v\u00fdroby dod\u00e1v\u00e1me ve variant\u00e1ch <strong>EF, F, M, B<\/strong>, v povrchov\u00fdch \u00faprav\u00e1ch ocel \u010di pozlacen\u00e1 ocel. Na p\u0159\u00e1n\u00ed lze zvolit i dal\u0161\u00ed konfigurace \u2013 dejte n\u00e1m v\u011bd\u011bt.<\/p>\n<h3>Grav\u00edrov\u00e1n\u00ed<\/h3>\n<p>Za p\u0159\u00edplatek <strong>480 K\u010d<\/strong> v\u00e1m na pero vygrav\u00edrujeme <strong>monogram \u010di kr\u00e1tk\u00fd text na nerezov\u00fd \u00fachop<\/strong>. D\u00edky tomu se z pera st\u00e1v\u00e1 vysoce osobn\u00ed d\u00e1rek.<\/p>\n<h3>Speci\u00e1ln\u00ed \u00fapravy<\/h3>\n<p>Chcete jin\u00e9 d\u0159evo, netradi\u010dn\u00ed d\u00e9lku nebo individu\u00e1ln\u00ed tvar? <strong>Kayu Egino 4<\/strong> je ide\u00e1ln\u00ed z\u00e1klad pro <strong>zak\u00e1zkovou \u00fapravu<\/strong> podle va\u0161ich p\u0159edstav. R\u00e1di v\u00e1m vyrob\u00edme jedine\u010dn\u00fd kus na m\u00edru.<\/p>\n","protected":false},"excerpt":{"rendered":"<p>Kayu Egino 4 Mahagon jsme navrhli s d\u016frazem na pohodl\u00ed p\u0159i psan\u00ed. D\u00edky vyv\u00e1\u017een\u00ed sm\u011brem k hrotu a hladk\u00e9mu \u00fachopu bez hran V\u00e1m poskytne stabilitu a jistotu i p\u0159i dlouh\u00fdch psac\u00edch sezen\u00edch. Na v\u00fdb\u011br m\u00e1te dv\u011b varianty: kompaktn\u00ed a ekonomickou s kulat\u00fdm v\u00ed\u010dkem, nebo designovou s v\u00ed\u010dkem a citac\u00ed spony, kter\u00e1 zabra\u0148uje samovoln\u00e9mu kut\u00e1len\u00ed pera na stole. T\u011blo je vyrobeno z potravin\u00e1\u0159sk\u00e9 nerezov\u00e9 oceli, odoln\u00e9 proti po\u0161kozen\u00ed i vliv\u016fm prost\u0159ed\u00ed, se sametov\u011b matn\u00fdm vzhledem d\u00edky kart\u00e1\u010dovan\u00e9 povrchov\u00e9 \u00faprav\u011b. N\u00e1sada je z masivn\u00edho mahagonov\u00e9ho d\u0159eva s jemnou strukturou a charakteristickou \u010dervenohn\u011bdou barvou, kter\u00e1 \u010dasem z\u00edsk\u00e1v\u00e1 m\u011bd\u011bn\u00fd lesk. Ka\u017ed\u00fd kus je ru\u010dn\u011b opracovan\u00fd origin\u00e1l s dlouhou \u017eivotnost\u00ed. Objevte pero, kter\u00e9 V\u00e1m bude slou\u017eit po cel\u00fd \u017eivot \u2013 po\u0159i\u010fte si sv\u016fj Kayu Egino je\u0161t\u011b dnes.<\/p>\n","protected":false},"featured_media":12794,"template":"","meta":[],"product_brand":[],"product_cat":[21,206],"product_tag":[],"class_list":{"0":"post-12786","1":"product","2":"type-product","3":"status-publish","4":"has-post-thumbnail","6":"product_cat-egino","7":"product_cat-novinka","9":"first","10":"instock","11":"shipping-taxable","12":"purchasable","13":"product-type-variable"},"yoast_head":"<!-- This site is optimized with the Yoast SEO plugin v27.3 - https:\/\/yoast.com\/product\/yoast-seo-wordpress\/ -->\n<title>D\u0159ev\u011bn\u00e9 plnic\u00ed pero Kayu Egino 4 vyroben\u00e9 z d\u0159eva Mahagon<\/title>\n<meta name=\"description\" content=\"Egino 4 Mahagon: Elegantn\u00ed plnic\u00ed pero s kulat\u00fdm v\u00ed\u010dkem pro plynul\u00e9 a p\u0159esn\u00e9 psan\u00ed. Mahagonov\u00e9 d\u0159evo dod\u00e1v\u00e1 luxusn\u00ed pocit a jedine\u010dn\u00fd vzhled.\" \/>\n<meta name=\"robots\" content=\"index, follow, max-snippet:-1, max-image-preview:large, max-video-preview:-1\" \/>\n<link rel=\"canonical\" href=\"https:\/\/kayuwriting.com\/cs\/produkt\/kayu-egino-4-mahagon\/\" \/>\n<meta property=\"og:locale\" content=\"cs_CZ\" \/>\n<meta property=\"og:type\" content=\"article\" \/>\n<meta property=\"og:title\" content=\"D\u0159ev\u011bn\u00e9 plnic\u00ed pero Kayu Egino 4 vyroben\u00e9 z d\u0159eva Mahagon\" \/>\n<meta property=\"og:description\" content=\"Egino 4 Mahagon: Elegantn\u00ed plnic\u00ed pero s kulat\u00fdm v\u00ed\u010dkem pro plynul\u00e9 a p\u0159esn\u00e9 psan\u00ed. Mahagonov\u00e9 d\u0159evo dod\u00e1v\u00e1 luxusn\u00ed pocit a jedine\u010dn\u00fd vzhled.\" \/>\n<meta property=\"og:url\" content=\"https:\/\/kayuwriting.com\/cs\/produkt\/kayu-egino-4-mahagon\/\" \/>\n<meta property=\"og:site_name\" content=\"Kayuwriting - It is #InOurHands\" \/>\n<meta property=\"article:modified_time\" content=\"2026-02-03T13:20:59+00:00\" \/>\n<meta property=\"og:image\" content=\"https:\/\/kayuwriting.com\/wp-content\/uploads\/2025\/08\/Egino-4-mahogany-profile.jpg\" \/>\n\t<meta property=\"og:image:width\" content=\"2048\" \/>\n\t<meta property=\"og:image:height\" content=\"2048\" \/>\n\t<meta property=\"og:image:type\" content=\"image\/jpeg\" \/>\n<meta name=\"twitter:card\" content=\"summary_large_image\" \/>\n<meta name=\"twitter:label1\" content=\"Odhadovan\u00e1 doba \u010dten\u00ed\" \/>\n\t<meta name=\"twitter:data1\" content=\"2 minuty\" \/>\n<script type=\"application\/ld+json\" class=\"yoast-schema-graph\">{\"@context\":\"https:\\\/\\\/schema.org\",\"@graph\":[{\"@type\":\"WebPage\",\"@id\":\"https:\\\/\\\/kayuwriting.com\\\/cs\\\/produkt\\\/kayu-egino-4-mahagon\\\/\",\"url\":\"https:\\\/\\\/kayuwriting.com\\\/cs\\\/produkt\\\/kayu-egino-4-mahagon\\\/\",\"name\":\"D\u0159ev\u011bn\u00e9 plnic\u00ed pero Kayu Egino 4 vyroben\u00e9 z d\u0159eva Mahagon\",\"isPartOf\":{\"@id\":\"https:\\\/\\\/kayuwriting.com\\\/cs\\\/#website\"},\"primaryImageOfPage\":{\"@id\":\"https:\\\/\\\/kayuwriting.com\\\/cs\\\/produkt\\\/kayu-egino-4-mahagon\\\/#primaryimage\"},\"image\":{\"@id\":\"https:\\\/\\\/kayuwriting.com\\\/cs\\\/produkt\\\/kayu-egino-4-mahagon\\\/#primaryimage\"},\"thumbnailUrl\":\"https:\\\/\\\/kayuwriting.com\\\/wp-content\\\/uploads\\\/2025\\\/08\\\/Egino-4-mahogany-profile.jpg\",\"datePublished\":\"2025-08-06T17:17:39+00:00\",\"dateModified\":\"2026-02-03T13:20:59+00:00\",\"description\":\"Egino 4 Mahagon: Elegantn\u00ed plnic\u00ed pero s kulat\u00fdm v\u00ed\u010dkem pro plynul\u00e9 a p\u0159esn\u00e9 psan\u00ed. Mahagonov\u00e9 d\u0159evo dod\u00e1v\u00e1 luxusn\u00ed pocit a jedine\u010dn\u00fd vzhled.\",\"breadcrumb\":{\"@id\":\"https:\\\/\\\/kayuwriting.com\\\/cs\\\/produkt\\\/kayu-egino-4-mahagon\\\/#breadcrumb\"},\"inLanguage\":\"cs\",\"potentialAction\":[{\"@type\":\"ReadAction\",\"target\":[\"https:\\\/\\\/kayuwriting.com\\\/cs\\\/produkt\\\/kayu-egino-4-mahagon\\\/\"]}]},{\"@type\":\"ImageObject\",\"inLanguage\":\"cs\",\"@id\":\"https:\\\/\\\/kayuwriting.com\\\/cs\\\/produkt\\\/kayu-egino-4-mahagon\\\/#primaryimage\",\"url\":\"https:\\\/\\\/kayuwriting.com\\\/wp-content\\\/uploads\\\/2025\\\/08\\\/Egino-4-mahogany-profile.jpg\",\"contentUrl\":\"https:\\\/\\\/kayuwriting.com\\\/wp-content\\\/uploads\\\/2025\\\/08\\\/Egino-4-mahogany-profile.jpg\",\"width\":2048,\"height\":2048},{\"@type\":\"BreadcrumbList\",\"@id\":\"https:\\\/\\\/kayuwriting.com\\\/cs\\\/produkt\\\/kayu-egino-4-mahagon\\\/#breadcrumb\",\"itemListElement\":[{\"@type\":\"ListItem\",\"position\":1,\"name\":\"Obchod a eshop s plnic\u00edmi a kuli\u010dkov\u00fdmi pery Kayu. M\u00e1me i n\u00e1pln\u011b, z\u00e1pisn\u00edky nebo obaly\",\"item\":\"https:\\\/\\\/kayuwriting.com\\\/cs\\\/obchod\\\/\"},{\"@type\":\"ListItem\",\"position\":2,\"name\":\"Kayu Egino 4 Mahagon\"}]},{\"@type\":\"WebSite\",\"@id\":\"https:\\\/\\\/kayuwriting.com\\\/cs\\\/#website\",\"url\":\"https:\\\/\\\/kayuwriting.com\\\/cs\\\/\",\"name\":\"Kayuwriting - It is #InOurHands\",\"description\":\"\",\"publisher\":{\"@id\":\"https:\\\/\\\/kayuwriting.com\\\/cs\\\/#organization\"},\"potentialAction\":[{\"@type\":\"SearchAction\",\"target\":{\"@type\":\"EntryPoint\",\"urlTemplate\":\"https:\\\/\\\/kayuwriting.com\\\/cs\\\/?s={search_term_string}\"},\"query-input\":{\"@type\":\"PropertyValueSpecification\",\"valueRequired\":true,\"valueName\":\"search_term_string\"}}],\"inLanguage\":\"cs\"},{\"@type\":\"Organization\",\"@id\":\"https:\\\/\\\/kayuwriting.com\\\/cs\\\/#organization\",\"name\":\"Kayuwriting - It is #InOurHands\",\"url\":\"https:\\\/\\\/kayuwriting.com\\\/cs\\\/\",\"logo\":{\"@type\":\"ImageObject\",\"inLanguage\":\"cs\",\"@id\":\"https:\\\/\\\/kayuwriting.com\\\/cs\\\/#\\\/schema\\\/logo\\\/image\\\/\",\"url\":\"https:\\\/\\\/kayuwriting.com\\\/wp-content\\\/uploads\\\/2023\\\/10\\\/KAYU-logo-2023.png\",\"contentUrl\":\"https:\\\/\\\/kayuwriting.com\\\/wp-content\\\/uploads\\\/2023\\\/10\\\/KAYU-logo-2023.png\",\"width\":386,\"height\":117,\"caption\":\"Kayuwriting - It is #InOurHands\"},\"image\":{\"@id\":\"https:\\\/\\\/kayuwriting.com\\\/cs\\\/#\\\/schema\\\/logo\\\/image\\\/\"}}]}<\/script>\n<!-- \/ Yoast SEO plugin. -->","yoast_head_json":{"title":"D\u0159ev\u011bn\u00e9 plnic\u00ed pero Kayu Egino 4 vyroben\u00e9 z d\u0159eva Mahagon","description":"Egino 4 Mahagon: Elegantn\u00ed plnic\u00ed pero s kulat\u00fdm v\u00ed\u010dkem pro plynul\u00e9 a p\u0159esn\u00e9 psan\u00ed. Mahagonov\u00e9 d\u0159evo dod\u00e1v\u00e1 luxusn\u00ed pocit a jedine\u010dn\u00fd vzhled.","robots":{"index":"index","follow":"follow","max-snippet":"max-snippet:-1","max-image-preview":"max-image-preview:large","max-video-preview":"max-video-preview:-1"},"canonical":"https:\/\/kayuwriting.com\/cs\/produkt\/kayu-egino-4-mahagon\/","og_locale":"cs_CZ","og_type":"article","og_title":"D\u0159ev\u011bn\u00e9 plnic\u00ed pero Kayu Egino 4 vyroben\u00e9 z d\u0159eva Mahagon","og_description":"Egino 4 Mahagon: Elegantn\u00ed plnic\u00ed pero s kulat\u00fdm v\u00ed\u010dkem pro plynul\u00e9 a p\u0159esn\u00e9 psan\u00ed. Mahagonov\u00e9 d\u0159evo dod\u00e1v\u00e1 luxusn\u00ed pocit a jedine\u010dn\u00fd vzhled.","og_url":"https:\/\/kayuwriting.com\/cs\/produkt\/kayu-egino-4-mahagon\/","og_site_name":"Kayuwriting - It is #InOurHands","article_modified_time":"2026-02-03T13:20:59+00:00","og_image":[{"width":2048,"height":2048,"url":"https:\/\/kayuwriting.com\/wp-content\/uploads\/2025\/08\/Egino-4-mahogany-profile.jpg","type":"image\/jpeg"}],"twitter_card":"summary_large_image","twitter_misc":{"Odhadovan\u00e1 doba \u010dten\u00ed":"2 minuty"},"schema":{"@context":"https:\/\/schema.org","@graph":[{"@type":"WebPage","@id":"https:\/\/kayuwriting.com\/cs\/produkt\/kayu-egino-4-mahagon\/","url":"https:\/\/kayuwriting.com\/cs\/produkt\/kayu-egino-4-mahagon\/","name":"D\u0159ev\u011bn\u00e9 plnic\u00ed pero Kayu Egino 4 vyroben\u00e9 z d\u0159eva Mahagon","isPartOf":{"@id":"https:\/\/kayuwriting.com\/cs\/#website"},"primaryImageOfPage":{"@id":"https:\/\/kayuwriting.com\/cs\/produkt\/kayu-egino-4-mahagon\/#primaryimage"},"image":{"@id":"https:\/\/kayuwriting.com\/cs\/produkt\/kayu-egino-4-mahagon\/#primaryimage"},"thumbnailUrl":"https:\/\/kayuwriting.com\/wp-content\/uploads\/2025\/08\/Egino-4-mahogany-profile.jpg","datePublished":"2025-08-06T17:17:39+00:00","dateModified":"2026-02-03T13:20:59+00:00","description":"Egino 4 Mahagon: Elegantn\u00ed plnic\u00ed pero s kulat\u00fdm v\u00ed\u010dkem pro plynul\u00e9 a p\u0159esn\u00e9 psan\u00ed. Mahagonov\u00e9 d\u0159evo dod\u00e1v\u00e1 luxusn\u00ed pocit a jedine\u010dn\u00fd vzhled.","breadcrumb":{"@id":"https:\/\/kayuwriting.com\/cs\/produkt\/kayu-egino-4-mahagon\/#breadcrumb"},"inLanguage":"cs","potentialAction":[{"@type":"ReadAction","target":["https:\/\/kayuwriting.com\/cs\/produkt\/kayu-egino-4-mahagon\/"]}]},{"@type":"ImageObject","inLanguage":"cs","@id":"https:\/\/kayuwriting.com\/cs\/produkt\/kayu-egino-4-mahagon\/#primaryimage","url":"https:\/\/kayuwriting.com\/wp-content\/uploads\/2025\/08\/Egino-4-mahogany-profile.jpg","contentUrl":"https:\/\/kayuwriting.com\/wp-content\/uploads\/2025\/08\/Egino-4-mahogany-profile.jpg","width":2048,"height":2048},{"@type":"BreadcrumbList","@id":"https:\/\/kayuwriting.com\/cs\/produkt\/kayu-egino-4-mahagon\/#breadcrumb","itemListElement":[{"@type":"ListItem","position":1,"name":"Obchod a eshop s plnic\u00edmi a kuli\u010dkov\u00fdmi pery Kayu. M\u00e1me i n\u00e1pln\u011b, z\u00e1pisn\u00edky nebo obaly","item":"https:\/\/kayuwriting.com\/cs\/obchod\/"},{"@type":"ListItem","position":2,"name":"Kayu Egino 4 Mahagon"}]},{"@type":"WebSite","@id":"https:\/\/kayuwriting.com\/cs\/#website","url":"https:\/\/kayuwriting.com\/cs\/","name":"Kayuwriting - It is #InOurHands","description":"","publisher":{"@id":"https:\/\/kayuwriting.com\/cs\/#organization"},"potentialAction":[{"@type":"SearchAction","target":{"@type":"EntryPoint","urlTemplate":"https:\/\/kayuwriting.com\/cs\/?s={search_term_string}"},"query-input":{"@type":"PropertyValueSpecification","valueRequired":true,"valueName":"search_term_string"}}],"inLanguage":"cs"},{"@type":"Organization","@id":"https:\/\/kayuwriting.com\/cs\/#organization","name":"Kayuwriting - It is #InOurHands","url":"https:\/\/kayuwriting.com\/cs\/","logo":{"@type":"ImageObject","inLanguage":"cs","@id":"https:\/\/kayuwriting.com\/cs\/#\/schema\/logo\/image\/","url":"https:\/\/kayuwriting.com\/wp-content\/uploads\/2023\/10\/KAYU-logo-2023.png","contentUrl":"https:\/\/kayuwriting.com\/wp-content\/uploads\/2023\/10\/KAYU-logo-2023.png","width":386,"height":117,"caption":"Kayuwriting - It is #InOurHands"},"image":{"@id":"https:\/\/kayuwriting.com\/cs\/#\/schema\/logo\/image\/"}}]}},"_links":{"self":[{"href":"https:\/\/kayuwriting.com\/cs\/wp-json\/wp\/v2\/product\/12786","targetHints":{"allow":["GET"]}}],"collection":[{"href":"https:\/\/kayuwriting.com\/cs\/wp-json\/wp\/v2\/product"}],"about":[{"href":"https:\/\/kayuwriting.com\/cs\/wp-json\/wp\/v2\/types\/product"}],"wp:featuredmedia":[{"embeddable":true,"href":"https:\/\/kayuwriting.com\/cs\/wp-json\/wp\/v2\/media\/12794"}],"wp:attachment":[{"href":"https:\/\/kayuwriting.com\/cs\/wp-json\/wp\/v2\/media?parent=12786"}],"wp:term":[{"taxonomy":"product_brand","embeddable":true,"href":"https:\/\/kayuwriting.com\/cs\/wp-json\/wp\/v2\/product_brand?post=12786"},{"taxonomy":"product_cat","embeddable":true,"href":"https:\/\/kayuwriting.com\/cs\/wp-json\/wp\/v2\/product_cat?post=12786"},{"taxonomy":"product_tag","embeddable":true,"href":"https:\/\/kayuwriting.com\/cs\/wp-json\/wp\/v2\/product_tag?post=12786"}],"curies":[{"name":"wp","href":"https:\/\/api.w.org\/{rel}","templated":true}]}}