{"id":12764,"date":"2025-08-06T19:06:09","date_gmt":"2025-08-06T17:06:09","guid":{"rendered":"https:\/\/kayuwriting.com\/?post_type=product&#038;p=12764"},"modified":"2026-02-06T22:48:46","modified_gmt":"2026-02-06T21:48:46","slug":"kayu-egino-4-sakura","status":"publish","type":"product","link":"https:\/\/kayuwriting.com\/cs\/produkt\/kayu-egino-4-sakura\/","title":{"rendered":"Kayu Egino 4 Sakura"},"content":{"rendered":"<h2><b>Technick\u00e9 detaily<\/b><\/h2>\n<ul>\n<li><strong>Zav\u0159en\u00e1 d\u00e9lka: 133 mm<\/strong><span style=\"font-weight: 400;\"> v\u010detn\u011b v\u00ed\u010dka, m\u016f\u017ee se m\u00edrn\u011b li\u0161it dle typu d\u0159eva a ru\u010dn\u00edho opracov\u00e1n\u00ed<\/span><\/li>\n<li><strong>Otev\u0159en\u00e1 d\u00e9lka bez v\u00ed\u010dka: 130 mm <\/strong><span style=\"font-weight: 400;\">v\u010detn\u011b hrotu, prostor pro \u00fachop nen\u00ed ni\u010d\u00edm omezen\u00fd<\/span><\/li>\n<li><strong>Pr\u016fm\u011br \u00fachopu: 10,5 mm <\/strong>p<span style=\"font-weight: 400;\">o cel\u00e9 d\u00e9lce konstantn\u00ed pro maxim\u00e1ln\u00ed pohodl\u00ed p\u0159i del\u0161\u00edm psan\u00ed<\/span><\/li>\n<li><strong>Hmotnost s v\u00ed\u010dkem: cca 27 g <\/strong><span style=\"font-weight: 400;\">m\u016f\u017ee se lehce m\u011bnit v z\u00e1vislosti na hustot\u011b pou\u017eit\u00e9ho d\u0159eva<\/span><\/li>\n<li><strong>Hmotnost p\u0159i psan\u00ed: cca 20,5 g<\/strong> n<span style=\"font-weight: 400;\">i\u017e\u0161\u00ed v\u00e1ha oproti modelu Egino 3 p\u0159in\u00e1\u0161\u00ed vy\u0161\u0161\u00ed ovladatelnost a pohodln\u011bj\u0161\u00ed psan\u00ed.<\/span><\/li>\n<\/ul>\n<h3>V\u00fdhody designu a ergonomie<\/h3>\n<p>Pr\u00e9miov\u00e9 plnic\u00ed pero Kayu Egino okouzl\u00ed sv\u00fdm designem, kde se elegance potk\u00e1v\u00e1 s funk\u010dnost\u00ed. Kulat\u00e9 v\u00ed\u010dko p\u0159in\u00e1\u0161\u00ed harmonii do ka\u017edodenn\u00edho psan\u00ed a zaji\u0161\u0165uje pohodl\u00ed p\u0159i manipulaci. Pero je navr\u017eeno tak, aby dokonale padlo do ruky, a\u0165 u\u017e p\u00ed\u0161ete jednou \u010di ob\u011bma rukama. Tato ergonomika zaji\u0161\u0165uje, \u017ee i p\u0159i del\u0161\u00edm pou\u017e\u00edv\u00e1n\u00ed z\u016fstane va\u0161e ruka odpo\u010dat\u00e1 a zam\u011b\u0159\u00edte se pouze na tvorbu obsahu.<\/p>\n<h3>D\u0159evo a jeho p\u0159\u00ednosy<\/h3>\n<p>D\u0159evo Sakura, pou\u017eit\u00e9 pro toto pero, je charakteristick\u00e9 svou jemnou strukturou a p\u0159irozen\u00fdm leskem. Mechanick\u00e9 vlastnosti d\u0159eva garantuj\u00ed odolnost a snadnou \u00fadr\u017ebu. Sakura symbolizuje pom\u00edjivost, obnovu a kr\u00e1su p\u0159\u00edrody, co\u017e v\u00e1m p\u0159in\u00e1\u0161\u00ed pocit klidu a inspirace p\u0159i psan\u00ed. Estetick\u00e9 hodnoty spolu s funk\u010dnost\u00ed \u010din\u00ed z tohoto pera nejen n\u00e1stroj, ale i harmonickou sou\u010d\u00e1st ka\u017edodenn\u00edho \u017eivota.<\/p>\n<h3>Historie a v\u00fdroba<\/h3>\n<p>Zna\u010dka Kayu je z\u00e1rukou pr\u00e9miov\u00e9 kvality d\u00edky tomu, \u017ee v\u0161echny produkty se vyr\u00e1b\u011bj\u00ed s preciznost\u00ed a p\u00e9\u010d\u00ed v modern\u00edch v\u00fdrobn\u00edch provozech. S v\u00fdrobou v srdci Evropy, Kayu klade d\u016fraz na v\u00fdb\u011br nejlep\u0161\u00edch materi\u00e1l\u016f a nekompromisn\u00ed standardy. Kdy\u017e si vyberete Kayu, vol\u00edte produkt, kter\u00fd spojuje inovaci a kvalitu.<\/p>\n<h3>Pln\u011bn\u00ed<\/h3>\n<p><strong>Egino 4<\/strong> podporuje oba zp\u016fsoby pln\u011bn\u00ed \u2013 <strong>standardn\u00ed inkoustov\u00e9 bombi\u010dky<\/strong> i <strong>konvertor<\/strong> pro pln\u011bn\u00ed z kalam\u00e1\u0159e. Flexibilita, kterou ocen\u00ed ka\u017ed\u00fd milovn\u00edk ru\u010dn\u00edho psan\u00ed.<\/p>\n<h3>Hroty<\/h3>\n<p>Hroty n\u011bmeck\u00e9 v\u00fdroby dod\u00e1v\u00e1me ve variant\u00e1ch <strong>EF, F, M, B<\/strong>, v povrchov\u00fdch \u00faprav\u00e1ch ocel \u010di pozlacen\u00e1 ocel. Na p\u0159\u00e1n\u00ed lze zvolit i dal\u0161\u00ed konfigurace \u2013 dejte n\u00e1m v\u011bd\u011bt.<\/p>\n<h3>Grav\u00edrov\u00e1n\u00ed<\/h3>\n<p>Za p\u0159\u00edplatek <strong>480 K\u010d<\/strong> v\u00e1m na pero vygrav\u00edrujeme <strong>monogram \u010di kr\u00e1tk\u00fd text na nerezov\u00fd \u00fachop<\/strong>. D\u00edky tomu se z pera st\u00e1v\u00e1 vysoce osobn\u00ed d\u00e1rek.<\/p>\n<h3>Speci\u00e1ln\u00ed \u00fapravy<\/h3>\n<p>Chcete jin\u00e9 d\u0159evo, netradi\u010dn\u00ed d\u00e9lku nebo individu\u00e1ln\u00ed tvar? <strong>Kayu Egino 4<\/strong> je ide\u00e1ln\u00ed z\u00e1klad pro <strong>zak\u00e1zkovou \u00fapravu<\/strong> podle va\u0161ich p\u0159edstav. R\u00e1di v\u00e1m vyrob\u00edme jedine\u010dn\u00fd kus na m\u00edru.<\/p>\n","protected":false},"excerpt":{"rendered":"<p>Kayu Egino 4 Sakura je navr\u017een\u00e9 tak, aby V\u00e1m p\u0159i psan\u00ed dokonale padlo do ruky. D\u00edky vyv\u00e1\u017een\u00ed sm\u011brem k hrotu a \u00fachopu bez ostr\u00fdch hran je ide\u00e1ln\u00ed i pro del\u0161\u00ed psan\u00ed bez \u00fanavy. M\u016f\u017eete si vybrat mezi dv\u011bma variantami \u2013 kompaktn\u00ed a ekonomickou verz\u00ed s kulat\u00fdm v\u00ed\u010dkem, nebo designovou verz\u00ed s v\u00ed\u010dkem se sponou, kter\u00e9 zabra\u0148uje samovoln\u00e9mu kut\u00e1len\u00ed po stole. Kovov\u00e9 t\u011blo z potravin\u00e1\u0159sk\u00e9 nerezov\u00e9 oceli je pevn\u00e9, odoln\u00e9 v\u016f\u010di opot\u0159eben\u00ed a d\u00edky kart\u00e1\u010dovan\u00e9mu povrchu p\u016fsob\u00ed sametov\u011b matn\u00fdm dojmem. D\u0159ev\u011bn\u00e1 n\u00e1sada ze sakury dod\u00e1v\u00e1 peru p\u0159\u00edrodn\u00ed eleganci, ka\u017ed\u00fd kus m\u00e1 origin\u00e1ln\u00ed kresbu a jemn\u00fd nar\u016f\u017eov\u011bl\u00fd odst\u00edn. Spojen\u00ed kvalitn\u00edho kovu a ru\u010dn\u011b opracovan\u00e9ho d\u0159eva V\u00e1m zajist\u00ed dlouhou \u017eivotnost a nad\u010dasov\u00fd vzhled. Objevte Kayu Egino a dop\u0159ejte si pero, kter\u00e9 se stane Va\u0161\u00edm spolehliv\u00fdm spole\u010dn\u00edkem.<\/p>\n","protected":false},"featured_media":12772,"template":"","meta":[],"product_brand":[],"product_cat":[21,206],"product_tag":[],"class_list":{"0":"post-12764","1":"product","2":"type-product","3":"status-publish","4":"has-post-thumbnail","6":"product_cat-egino","7":"product_cat-novinka","9":"first","10":"outofstock","11":"shipping-taxable","12":"purchasable","13":"product-type-variable"},"yoast_head":"<!-- This site is optimized with the Yoast SEO plugin v27.3 - https:\/\/yoast.com\/product\/yoast-seo-wordpress\/ -->\n<title>D\u0159ev\u011bn\u00e9 plnic\u00ed pero Kayu Egino 4 vyroben\u00e9 z d\u0159eva Sakury<\/title>\n<meta name=\"description\" content=\"Kayu Egino 4 Sakura poskytuje luxusn\u00ed psac\u00ed z\u00e1\u017eitek s elegantn\u00edm designem a kvalitn\u00edm d\u0159evem ze Sakury dod\u00e1vaj\u00edc\u00ed p\u0159\u00edrodn\u00ed kr\u00e1su a jedine\u010dnost.\" \/>\n<meta name=\"robots\" content=\"index, follow, max-snippet:-1, max-image-preview:large, max-video-preview:-1\" \/>\n<link rel=\"canonical\" href=\"https:\/\/kayuwriting.com\/cs\/produkt\/kayu-egino-4-sakura\/\" \/>\n<meta property=\"og:locale\" content=\"cs_CZ\" \/>\n<meta property=\"og:type\" content=\"article\" \/>\n<meta property=\"og:title\" content=\"D\u0159ev\u011bn\u00e9 plnic\u00ed pero Kayu Egino 4 vyroben\u00e9 z d\u0159eva Sakury\" \/>\n<meta property=\"og:description\" content=\"Kayu Egino 4 Sakura poskytuje luxusn\u00ed psac\u00ed z\u00e1\u017eitek s elegantn\u00edm designem a kvalitn\u00edm d\u0159evem ze Sakury dod\u00e1vaj\u00edc\u00ed p\u0159\u00edrodn\u00ed kr\u00e1su a jedine\u010dnost.\" \/>\n<meta property=\"og:url\" content=\"https:\/\/kayuwriting.com\/cs\/produkt\/kayu-egino-4-sakura\/\" \/>\n<meta property=\"og:site_name\" content=\"Kayuwriting - It is #InOurHands\" \/>\n<meta property=\"article:modified_time\" content=\"2026-02-06T21:48:46+00:00\" \/>\n<meta property=\"og:image\" content=\"https:\/\/kayuwriting.com\/wp-content\/uploads\/2025\/08\/egino-4-sakura-profile.jpg\" \/>\n\t<meta property=\"og:image:width\" content=\"2048\" \/>\n\t<meta property=\"og:image:height\" content=\"2048\" \/>\n\t<meta property=\"og:image:type\" content=\"image\/jpeg\" \/>\n<meta name=\"twitter:card\" content=\"summary_large_image\" \/>\n<meta name=\"twitter:label1\" content=\"Odhadovan\u00e1 doba \u010dten\u00ed\" \/>\n\t<meta name=\"twitter:data1\" content=\"2 minuty\" \/>\n<script type=\"application\/ld+json\" class=\"yoast-schema-graph\">{\"@context\":\"https:\\\/\\\/schema.org\",\"@graph\":[{\"@type\":\"WebPage\",\"@id\":\"https:\\\/\\\/kayuwriting.com\\\/cs\\\/produkt\\\/kayu-egino-4-sakura\\\/\",\"url\":\"https:\\\/\\\/kayuwriting.com\\\/cs\\\/produkt\\\/kayu-egino-4-sakura\\\/\",\"name\":\"D\u0159ev\u011bn\u00e9 plnic\u00ed pero Kayu Egino 4 vyroben\u00e9 z d\u0159eva Sakury\",\"isPartOf\":{\"@id\":\"https:\\\/\\\/kayuwriting.com\\\/cs\\\/#website\"},\"primaryImageOfPage\":{\"@id\":\"https:\\\/\\\/kayuwriting.com\\\/cs\\\/produkt\\\/kayu-egino-4-sakura\\\/#primaryimage\"},\"image\":{\"@id\":\"https:\\\/\\\/kayuwriting.com\\\/cs\\\/produkt\\\/kayu-egino-4-sakura\\\/#primaryimage\"},\"thumbnailUrl\":\"https:\\\/\\\/kayuwriting.com\\\/wp-content\\\/uploads\\\/2025\\\/08\\\/egino-4-sakura-profile.jpg\",\"datePublished\":\"2025-08-06T17:06:09+00:00\",\"dateModified\":\"2026-02-06T21:48:46+00:00\",\"description\":\"Kayu Egino 4 Sakura poskytuje luxusn\u00ed psac\u00ed z\u00e1\u017eitek s elegantn\u00edm designem a kvalitn\u00edm d\u0159evem ze Sakury dod\u00e1vaj\u00edc\u00ed p\u0159\u00edrodn\u00ed kr\u00e1su a jedine\u010dnost.\",\"breadcrumb\":{\"@id\":\"https:\\\/\\\/kayuwriting.com\\\/cs\\\/produkt\\\/kayu-egino-4-sakura\\\/#breadcrumb\"},\"inLanguage\":\"cs\",\"potentialAction\":[{\"@type\":\"ReadAction\",\"target\":[\"https:\\\/\\\/kayuwriting.com\\\/cs\\\/produkt\\\/kayu-egino-4-sakura\\\/\"]}]},{\"@type\":\"ImageObject\",\"inLanguage\":\"cs\",\"@id\":\"https:\\\/\\\/kayuwriting.com\\\/cs\\\/produkt\\\/kayu-egino-4-sakura\\\/#primaryimage\",\"url\":\"https:\\\/\\\/kayuwriting.com\\\/wp-content\\\/uploads\\\/2025\\\/08\\\/egino-4-sakura-profile.jpg\",\"contentUrl\":\"https:\\\/\\\/kayuwriting.com\\\/wp-content\\\/uploads\\\/2025\\\/08\\\/egino-4-sakura-profile.jpg\",\"width\":2048,\"height\":2048},{\"@type\":\"BreadcrumbList\",\"@id\":\"https:\\\/\\\/kayuwriting.com\\\/cs\\\/produkt\\\/kayu-egino-4-sakura\\\/#breadcrumb\",\"itemListElement\":[{\"@type\":\"ListItem\",\"position\":1,\"name\":\"Obchod a eshop s plnic\u00edmi a kuli\u010dkov\u00fdmi pery Kayu. M\u00e1me i n\u00e1pln\u011b, z\u00e1pisn\u00edky nebo obaly\",\"item\":\"https:\\\/\\\/kayuwriting.com\\\/cs\\\/obchod\\\/\"},{\"@type\":\"ListItem\",\"position\":2,\"name\":\"Kayu Egino 4 Sakura\"}]},{\"@type\":\"WebSite\",\"@id\":\"https:\\\/\\\/kayuwriting.com\\\/cs\\\/#website\",\"url\":\"https:\\\/\\\/kayuwriting.com\\\/cs\\\/\",\"name\":\"Kayuwriting - It is #InOurHands\",\"description\":\"\",\"publisher\":{\"@id\":\"https:\\\/\\\/kayuwriting.com\\\/cs\\\/#organization\"},\"potentialAction\":[{\"@type\":\"SearchAction\",\"target\":{\"@type\":\"EntryPoint\",\"urlTemplate\":\"https:\\\/\\\/kayuwriting.com\\\/cs\\\/?s={search_term_string}\"},\"query-input\":{\"@type\":\"PropertyValueSpecification\",\"valueRequired\":true,\"valueName\":\"search_term_string\"}}],\"inLanguage\":\"cs\"},{\"@type\":\"Organization\",\"@id\":\"https:\\\/\\\/kayuwriting.com\\\/cs\\\/#organization\",\"name\":\"Kayuwriting - It is #InOurHands\",\"url\":\"https:\\\/\\\/kayuwriting.com\\\/cs\\\/\",\"logo\":{\"@type\":\"ImageObject\",\"inLanguage\":\"cs\",\"@id\":\"https:\\\/\\\/kayuwriting.com\\\/cs\\\/#\\\/schema\\\/logo\\\/image\\\/\",\"url\":\"https:\\\/\\\/kayuwriting.com\\\/wp-content\\\/uploads\\\/2023\\\/10\\\/KAYU-logo-2023.png\",\"contentUrl\":\"https:\\\/\\\/kayuwriting.com\\\/wp-content\\\/uploads\\\/2023\\\/10\\\/KAYU-logo-2023.png\",\"width\":386,\"height\":117,\"caption\":\"Kayuwriting - It is #InOurHands\"},\"image\":{\"@id\":\"https:\\\/\\\/kayuwriting.com\\\/cs\\\/#\\\/schema\\\/logo\\\/image\\\/\"}}]}<\/script>\n<!-- \/ Yoast SEO plugin. -->","yoast_head_json":{"title":"D\u0159ev\u011bn\u00e9 plnic\u00ed pero Kayu Egino 4 vyroben\u00e9 z d\u0159eva Sakury","description":"Kayu Egino 4 Sakura poskytuje luxusn\u00ed psac\u00ed z\u00e1\u017eitek s elegantn\u00edm designem a kvalitn\u00edm d\u0159evem ze Sakury dod\u00e1vaj\u00edc\u00ed p\u0159\u00edrodn\u00ed kr\u00e1su a jedine\u010dnost.","robots":{"index":"index","follow":"follow","max-snippet":"max-snippet:-1","max-image-preview":"max-image-preview:large","max-video-preview":"max-video-preview:-1"},"canonical":"https:\/\/kayuwriting.com\/cs\/produkt\/kayu-egino-4-sakura\/","og_locale":"cs_CZ","og_type":"article","og_title":"D\u0159ev\u011bn\u00e9 plnic\u00ed pero Kayu Egino 4 vyroben\u00e9 z d\u0159eva Sakury","og_description":"Kayu Egino 4 Sakura poskytuje luxusn\u00ed psac\u00ed z\u00e1\u017eitek s elegantn\u00edm designem a kvalitn\u00edm d\u0159evem ze Sakury dod\u00e1vaj\u00edc\u00ed p\u0159\u00edrodn\u00ed kr\u00e1su a jedine\u010dnost.","og_url":"https:\/\/kayuwriting.com\/cs\/produkt\/kayu-egino-4-sakura\/","og_site_name":"Kayuwriting - It is #InOurHands","article_modified_time":"2026-02-06T21:48:46+00:00","og_image":[{"width":2048,"height":2048,"url":"https:\/\/kayuwriting.com\/wp-content\/uploads\/2025\/08\/egino-4-sakura-profile.jpg","type":"image\/jpeg"}],"twitter_card":"summary_large_image","twitter_misc":{"Odhadovan\u00e1 doba \u010dten\u00ed":"2 minuty"},"schema":{"@context":"https:\/\/schema.org","@graph":[{"@type":"WebPage","@id":"https:\/\/kayuwriting.com\/cs\/produkt\/kayu-egino-4-sakura\/","url":"https:\/\/kayuwriting.com\/cs\/produkt\/kayu-egino-4-sakura\/","name":"D\u0159ev\u011bn\u00e9 plnic\u00ed pero Kayu Egino 4 vyroben\u00e9 z d\u0159eva Sakury","isPartOf":{"@id":"https:\/\/kayuwriting.com\/cs\/#website"},"primaryImageOfPage":{"@id":"https:\/\/kayuwriting.com\/cs\/produkt\/kayu-egino-4-sakura\/#primaryimage"},"image":{"@id":"https:\/\/kayuwriting.com\/cs\/produkt\/kayu-egino-4-sakura\/#primaryimage"},"thumbnailUrl":"https:\/\/kayuwriting.com\/wp-content\/uploads\/2025\/08\/egino-4-sakura-profile.jpg","datePublished":"2025-08-06T17:06:09+00:00","dateModified":"2026-02-06T21:48:46+00:00","description":"Kayu Egino 4 Sakura poskytuje luxusn\u00ed psac\u00ed z\u00e1\u017eitek s elegantn\u00edm designem a kvalitn\u00edm d\u0159evem ze Sakury dod\u00e1vaj\u00edc\u00ed p\u0159\u00edrodn\u00ed kr\u00e1su a jedine\u010dnost.","breadcrumb":{"@id":"https:\/\/kayuwriting.com\/cs\/produkt\/kayu-egino-4-sakura\/#breadcrumb"},"inLanguage":"cs","potentialAction":[{"@type":"ReadAction","target":["https:\/\/kayuwriting.com\/cs\/produkt\/kayu-egino-4-sakura\/"]}]},{"@type":"ImageObject","inLanguage":"cs","@id":"https:\/\/kayuwriting.com\/cs\/produkt\/kayu-egino-4-sakura\/#primaryimage","url":"https:\/\/kayuwriting.com\/wp-content\/uploads\/2025\/08\/egino-4-sakura-profile.jpg","contentUrl":"https:\/\/kayuwriting.com\/wp-content\/uploads\/2025\/08\/egino-4-sakura-profile.jpg","width":2048,"height":2048},{"@type":"BreadcrumbList","@id":"https:\/\/kayuwriting.com\/cs\/produkt\/kayu-egino-4-sakura\/#breadcrumb","itemListElement":[{"@type":"ListItem","position":1,"name":"Obchod a eshop s plnic\u00edmi a kuli\u010dkov\u00fdmi pery Kayu. M\u00e1me i n\u00e1pln\u011b, z\u00e1pisn\u00edky nebo obaly","item":"https:\/\/kayuwriting.com\/cs\/obchod\/"},{"@type":"ListItem","position":2,"name":"Kayu Egino 4 Sakura"}]},{"@type":"WebSite","@id":"https:\/\/kayuwriting.com\/cs\/#website","url":"https:\/\/kayuwriting.com\/cs\/","name":"Kayuwriting - It is #InOurHands","description":"","publisher":{"@id":"https:\/\/kayuwriting.com\/cs\/#organization"},"potentialAction":[{"@type":"SearchAction","target":{"@type":"EntryPoint","urlTemplate":"https:\/\/kayuwriting.com\/cs\/?s={search_term_string}"},"query-input":{"@type":"PropertyValueSpecification","valueRequired":true,"valueName":"search_term_string"}}],"inLanguage":"cs"},{"@type":"Organization","@id":"https:\/\/kayuwriting.com\/cs\/#organization","name":"Kayuwriting - It is #InOurHands","url":"https:\/\/kayuwriting.com\/cs\/","logo":{"@type":"ImageObject","inLanguage":"cs","@id":"https:\/\/kayuwriting.com\/cs\/#\/schema\/logo\/image\/","url":"https:\/\/kayuwriting.com\/wp-content\/uploads\/2023\/10\/KAYU-logo-2023.png","contentUrl":"https:\/\/kayuwriting.com\/wp-content\/uploads\/2023\/10\/KAYU-logo-2023.png","width":386,"height":117,"caption":"Kayuwriting - It is #InOurHands"},"image":{"@id":"https:\/\/kayuwriting.com\/cs\/#\/schema\/logo\/image\/"}}]}},"_links":{"self":[{"href":"https:\/\/kayuwriting.com\/cs\/wp-json\/wp\/v2\/product\/12764","targetHints":{"allow":["GET"]}}],"collection":[{"href":"https:\/\/kayuwriting.com\/cs\/wp-json\/wp\/v2\/product"}],"about":[{"href":"https:\/\/kayuwriting.com\/cs\/wp-json\/wp\/v2\/types\/product"}],"wp:featuredmedia":[{"embeddable":true,"href":"https:\/\/kayuwriting.com\/cs\/wp-json\/wp\/v2\/media\/12772"}],"wp:attachment":[{"href":"https:\/\/kayuwriting.com\/cs\/wp-json\/wp\/v2\/media?parent=12764"}],"wp:term":[{"taxonomy":"product_brand","embeddable":true,"href":"https:\/\/kayuwriting.com\/cs\/wp-json\/wp\/v2\/product_brand?post=12764"},{"taxonomy":"product_cat","embeddable":true,"href":"https:\/\/kayuwriting.com\/cs\/wp-json\/wp\/v2\/product_cat?post=12764"},{"taxonomy":"product_tag","embeddable":true,"href":"https:\/\/kayuwriting.com\/cs\/wp-json\/wp\/v2\/product_tag?post=12764"}],"curies":[{"name":"wp","href":"https:\/\/api.w.org\/{rel}","templated":true}]}}