{"id":12742,"date":"2025-08-06T18:50:02","date_gmt":"2025-08-06T16:50:02","guid":{"rendered":"https:\/\/kayuwriting.com\/?post_type=product&#038;p=12742"},"modified":"2025-08-20T17:53:47","modified_gmt":"2025-08-20T15:53:47","slug":"kayu-egino-4-ovangkol","status":"publish","type":"product","link":"https:\/\/kayuwriting.com\/cs\/produkt\/kayu-egino-4-ovangkol\/","title":{"rendered":"Kayu Egino 4 Ovangkol"},"content":{"rendered":"<h2><b>Technick\u00e9 detaily<\/b><\/h2>\n<ul>\n<li><strong>Zav\u0159en\u00e1 d\u00e9lka: 133 mm<\/strong><span style=\"font-weight: 400;\"> v\u010detn\u011b v\u00ed\u010dka, m\u016f\u017ee se m\u00edrn\u011b li\u0161it dle typu d\u0159eva a ru\u010dn\u00edho opracov\u00e1n\u00ed<\/span><\/li>\n<li><strong>Otev\u0159en\u00e1 d\u00e9lka bez v\u00ed\u010dka: 130 mm <\/strong><span style=\"font-weight: 400;\">v\u010detn\u011b hrotu, prostor pro \u00fachop nen\u00ed ni\u010d\u00edm omezen\u00fd<\/span><\/li>\n<li><strong>Pr\u016fm\u011br \u00fachopu: 10,5 mm <\/strong>p<span style=\"font-weight: 400;\">o cel\u00e9 d\u00e9lce konstantn\u00ed pro maxim\u00e1ln\u00ed pohodl\u00ed p\u0159i del\u0161\u00edm psan\u00ed<\/span><\/li>\n<li><strong>Hmotnost s v\u00ed\u010dkem: cca 27 g <\/strong><span style=\"font-weight: 400;\">m\u016f\u017ee se lehce m\u011bnit v z\u00e1vislosti na hustot\u011b pou\u017eit\u00e9ho d\u0159eva<\/span><\/li>\n<li><strong>Hmotnost p\u0159i psan\u00ed: cca 20,5 g<\/strong> n<span style=\"font-weight: 400;\">i\u017e\u0161\u00ed v\u00e1ha oproti modelu Egino 3 p\u0159in\u00e1\u0161\u00ed vy\u0161\u0161\u00ed ovladatelnost a pohodln\u011bj\u0161\u00ed psan\u00ed.<\/span><\/li>\n<\/ul>\n<h3>V\u00fdhody designu a ergonomie<\/h3>\n<p>Pr\u00e9miov\u00e9 plnic\u00ed pero Kayu Egino nab\u00edz\u00ed elegantn\u00ed kulat\u00fd design, kter\u00fd harmonicky kombinuje estetiku a funk\u010dnost. Kulat\u00e9 v\u00ed\u010dko je jednodu\u0161e odn\u00edmateln\u00e9, co\u017e usnad\u0148uje rychl\u00e9 a pohodln\u00e9 pou\u017eit\u00ed. Zaoblen\u00e9 tvary perfektn\u011b padnou do ruky a zaji\u0161\u0165uj\u00ed p\u0159\u00edjemn\u00fd pocit p\u0159i psan\u00ed, i kdy\u017e ho budete pou\u017e\u00edvat cel\u00fd den.<\/p>\n<h3>D\u0159evo a jeho p\u0159\u00ednosy<\/h3>\n<p>Pero je vyrobeno z kvalitn\u00edho d\u0159eva Ovangkol, kter\u00e9 se py\u0161n\u00ed svou jedine\u010dnou kresbou a tepl\u00fdm t\u00f3nem. Toto d\u0159evo je nejen mechanicky odoln\u00e9, co\u017e zaji\u0161\u0165uje trvanlivost a stabilitu, ale tak\u00e9 p\u0159in\u00e1\u0161\u00ed estetick\u00fd z\u00e1\u017eitek svou p\u0159irozenou texturou. Ovangkol nese v\u00fdznam svobody a p\u0159\u00edrody, co\u017e podtrhne va\u0161i individualitu a osobit\u00fd styl.<\/p>\n<h3>Historie a v\u00fdroba<\/h3>\n<p>Kayu je zn\u00e1m\u00e9 svou precizn\u00ed v\u00fdrobou a z\u00e1vazkem ke kvalit\u011b. Vyr\u00e1b\u00edme produkty s p\u00e9\u010d\u00ed ve vlastn\u00edch d\u00edln\u00e1ch, kde ka\u017ed\u00fd detail je d\u016fle\u017eit\u00fd. Vyberte si Kayu pro jeho z\u00e1vazek k udr\u017eitelnosti a perfektn\u00edmu \u0159emeslu. Zvolte ekskluzivitu, kter\u00e1 v\u00e1m p\u0159inese hodnotu a uspokojen\u00ed. P\u0159ineste sv\u016fj n\u00e1kup na zcela novou \u00farove\u0148 \u2013 vyzkou\u0161ejte eleganci a v\u00fdjime\u010dnost pera Kayu.<\/p>\n<h3>Pln\u011bn\u00ed<\/h3>\n<p><strong>Egino 4<\/strong> podporuje oba zp\u016fsoby pln\u011bn\u00ed \u2013 <strong>standardn\u00ed inkoustov\u00e9 bombi\u010dky<\/strong> i <strong>konvertor<\/strong> pro pln\u011bn\u00ed z kalam\u00e1\u0159e. Flexibilita, kterou ocen\u00ed ka\u017ed\u00fd milovn\u00edk ru\u010dn\u00edho psan\u00ed.<\/p>\n<h3>Hroty<\/h3>\n<p>Hroty n\u011bmeck\u00e9 v\u00fdroby dod\u00e1v\u00e1me ve variant\u00e1ch <strong>EF, F, M, B<\/strong>, v povrchov\u00fdch \u00faprav\u00e1ch ocel \u010di pozlacen\u00e1 ocel. Na p\u0159\u00e1n\u00ed lze zvolit i dal\u0161\u00ed konfigurace \u2013 dejte n\u00e1m v\u011bd\u011bt.<\/p>\n<h3>Grav\u00edrov\u00e1n\u00ed<\/h3>\n<p>Za p\u0159\u00edplatek <strong>480 K\u010d<\/strong> v\u00e1m na pero vygrav\u00edrujeme <strong>monogram \u010di kr\u00e1tk\u00fd text na nerezov\u00fd \u00fachop<\/strong>. D\u00edky tomu se z pera st\u00e1v\u00e1 vysoce osobn\u00ed d\u00e1rek.<\/p>\n<h3>Speci\u00e1ln\u00ed \u00fapravy<\/h3>\n<p>Chcete jin\u00e9 d\u0159evo, netradi\u010dn\u00ed d\u00e9lku nebo individu\u00e1ln\u00ed tvar? <strong>Kayu Egino 4<\/strong> je ide\u00e1ln\u00ed z\u00e1klad pro <strong>zak\u00e1zkovou \u00fapravu<\/strong> podle va\u0161ich p\u0159edstav. R\u00e1di v\u00e1m vyrob\u00edme jedine\u010dn\u00fd kus na m\u00edru.<\/p>\n","protected":false},"excerpt":{"rendered":"<p>Kayu Egino 4 Ovangkol V\u00e1m nab\u00eddne pohodln\u00e9 a ergonomick\u00e9 psan\u00ed. D\u00edky vyv\u00e1\u017een\u00ed sm\u011brem k hrotu a \u00fachopu bez hran se skv\u011ble dr\u017e\u00ed i p\u0159i del\u0161\u00edm psan\u00ed. M\u016f\u017eete si zvolit mezi dv\u011bma variantami \u2013 kompaktn\u00ed a ekonomickou s kulat\u00fdm v\u00ed\u010dkem, nebo designovou variantou s v\u00ed\u010dkem se sponou, kter\u00e9 z\u00e1rove\u0148 zabr\u00e1n\u00ed necht\u011bn\u00e9mu kut\u00e1len\u00ed po stole. T\u011blo je vyrobeno z potravin\u00e1\u0159sk\u00e9 nerezov\u00e9 oceli s kart\u00e1\u010dovan\u00fdm povrchem, kter\u00fd je pevn\u00fd, odoln\u00fd a dod\u00e1v\u00e1 peru matn\u00fd sat\u00e9nov\u00fd vzhled. D\u0159ev\u011bn\u00e1 n\u00e1sada z exotick\u00e9ho ovangkolu m\u00e1 zlatohn\u011bd\u00fd t\u00f3n s tmav\u00fdmi pruhy, v\u00fdraznou kresbu a p\u0159irozen\u00fd lesk, d\u00edky \u010demu\u017e je ka\u017ed\u00fd kus jedine\u010dn\u00fd origin\u00e1l. Pero vznik\u00e1 kompletn\u011b v \u010cesk\u00e9 republice, kde je navr\u017eeno i vyrobeno s d\u016frazem na dlouhou \u017eivotnost. Vyberte si Kayu Egino a dop\u0159ejte si pero, kter\u00e9 V\u00e1m vydr\u017e\u00ed cel\u00fd \u017eivot.<\/p>\n","protected":false},"featured_media":12750,"template":"","meta":[],"product_brand":[],"product_cat":[21,206],"product_tag":[],"class_list":{"0":"post-12742","1":"product","2":"type-product","3":"status-publish","4":"has-post-thumbnail","6":"product_cat-egino","7":"product_cat-novinka","9":"first","10":"instock","11":"shipping-taxable","12":"purchasable","13":"product-type-variable"},"yoast_head":"<!-- This site is optimized with the Yoast SEO plugin v27.3 - https:\/\/yoast.com\/product\/yoast-seo-wordpress\/ -->\n<title>D\u0159ev\u011bn\u00e9 plnic\u00ed pero Kayu Egino 4 vyroben\u00e9 z d\u0159eva Ovangkolu<\/title>\n<meta name=\"description\" content=\"Egino 4 Ovangkol nab\u00edz\u00ed luxusn\u00ed psan\u00ed a pohodl\u00ed. Elegantn\u00ed pero z Ovangkol d\u0159eva s v\u00fdjime\u010dnou odolnost\u00ed a unik\u00e1tn\u00ed texturou je symbolem presti\u017ee.\" \/>\n<meta name=\"robots\" content=\"index, follow, max-snippet:-1, max-image-preview:large, max-video-preview:-1\" \/>\n<link rel=\"canonical\" href=\"https:\/\/kayuwriting.com\/cs\/produkt\/kayu-egino-4-ovangkol\/\" \/>\n<meta property=\"og:locale\" content=\"cs_CZ\" \/>\n<meta property=\"og:type\" content=\"article\" \/>\n<meta property=\"og:title\" content=\"D\u0159ev\u011bn\u00e9 plnic\u00ed pero Kayu Egino 4 vyroben\u00e9 z d\u0159eva Ovangkolu\" \/>\n<meta property=\"og:description\" content=\"Egino 4 Ovangkol nab\u00edz\u00ed luxusn\u00ed psan\u00ed a pohodl\u00ed. Elegantn\u00ed pero z Ovangkol d\u0159eva s v\u00fdjime\u010dnou odolnost\u00ed a unik\u00e1tn\u00ed texturou je symbolem presti\u017ee.\" \/>\n<meta property=\"og:url\" content=\"https:\/\/kayuwriting.com\/cs\/produkt\/kayu-egino-4-ovangkol\/\" \/>\n<meta property=\"og:site_name\" content=\"Kayuwriting - It is #InOurHands\" \/>\n<meta property=\"article:modified_time\" content=\"2025-08-20T15:53:47+00:00\" \/>\n<meta property=\"og:image\" content=\"https:\/\/kayuwriting.com\/wp-content\/uploads\/2025\/08\/Egino-4-ovangkol-profile.jpg\" \/>\n\t<meta property=\"og:image:width\" content=\"2048\" \/>\n\t<meta property=\"og:image:height\" content=\"2048\" \/>\n\t<meta property=\"og:image:type\" content=\"image\/jpeg\" \/>\n<meta name=\"twitter:card\" content=\"summary_large_image\" \/>\n<meta name=\"twitter:label1\" content=\"Odhadovan\u00e1 doba \u010dten\u00ed\" \/>\n\t<meta name=\"twitter:data1\" content=\"2 minuty\" \/>\n<script type=\"application\/ld+json\" class=\"yoast-schema-graph\">{\"@context\":\"https:\\\/\\\/schema.org\",\"@graph\":[{\"@type\":\"WebPage\",\"@id\":\"https:\\\/\\\/kayuwriting.com\\\/cs\\\/produkt\\\/kayu-egino-4-ovangkol\\\/\",\"url\":\"https:\\\/\\\/kayuwriting.com\\\/cs\\\/produkt\\\/kayu-egino-4-ovangkol\\\/\",\"name\":\"D\u0159ev\u011bn\u00e9 plnic\u00ed pero Kayu Egino 4 vyroben\u00e9 z d\u0159eva Ovangkolu\",\"isPartOf\":{\"@id\":\"https:\\\/\\\/kayuwriting.com\\\/cs\\\/#website\"},\"primaryImageOfPage\":{\"@id\":\"https:\\\/\\\/kayuwriting.com\\\/cs\\\/produkt\\\/kayu-egino-4-ovangkol\\\/#primaryimage\"},\"image\":{\"@id\":\"https:\\\/\\\/kayuwriting.com\\\/cs\\\/produkt\\\/kayu-egino-4-ovangkol\\\/#primaryimage\"},\"thumbnailUrl\":\"https:\\\/\\\/kayuwriting.com\\\/wp-content\\\/uploads\\\/2025\\\/08\\\/Egino-4-ovangkol-profile.jpg\",\"datePublished\":\"2025-08-06T16:50:02+00:00\",\"dateModified\":\"2025-08-20T15:53:47+00:00\",\"description\":\"Egino 4 Ovangkol nab\u00edz\u00ed luxusn\u00ed psan\u00ed a pohodl\u00ed. Elegantn\u00ed pero z Ovangkol d\u0159eva s v\u00fdjime\u010dnou odolnost\u00ed a unik\u00e1tn\u00ed texturou je symbolem presti\u017ee.\",\"breadcrumb\":{\"@id\":\"https:\\\/\\\/kayuwriting.com\\\/cs\\\/produkt\\\/kayu-egino-4-ovangkol\\\/#breadcrumb\"},\"inLanguage\":\"cs\",\"potentialAction\":[{\"@type\":\"ReadAction\",\"target\":[\"https:\\\/\\\/kayuwriting.com\\\/cs\\\/produkt\\\/kayu-egino-4-ovangkol\\\/\"]}]},{\"@type\":\"ImageObject\",\"inLanguage\":\"cs\",\"@id\":\"https:\\\/\\\/kayuwriting.com\\\/cs\\\/produkt\\\/kayu-egino-4-ovangkol\\\/#primaryimage\",\"url\":\"https:\\\/\\\/kayuwriting.com\\\/wp-content\\\/uploads\\\/2025\\\/08\\\/Egino-4-ovangkol-profile.jpg\",\"contentUrl\":\"https:\\\/\\\/kayuwriting.com\\\/wp-content\\\/uploads\\\/2025\\\/08\\\/Egino-4-ovangkol-profile.jpg\",\"width\":2048,\"height\":2048},{\"@type\":\"BreadcrumbList\",\"@id\":\"https:\\\/\\\/kayuwriting.com\\\/cs\\\/produkt\\\/kayu-egino-4-ovangkol\\\/#breadcrumb\",\"itemListElement\":[{\"@type\":\"ListItem\",\"position\":1,\"name\":\"Obchod a eshop s plnic\u00edmi a kuli\u010dkov\u00fdmi pery Kayu. M\u00e1me i n\u00e1pln\u011b, z\u00e1pisn\u00edky nebo obaly\",\"item\":\"https:\\\/\\\/kayuwriting.com\\\/cs\\\/obchod\\\/\"},{\"@type\":\"ListItem\",\"position\":2,\"name\":\"Kayu Egino 4 Ovangkol\"}]},{\"@type\":\"WebSite\",\"@id\":\"https:\\\/\\\/kayuwriting.com\\\/cs\\\/#website\",\"url\":\"https:\\\/\\\/kayuwriting.com\\\/cs\\\/\",\"name\":\"Kayuwriting - It is #InOurHands\",\"description\":\"\",\"publisher\":{\"@id\":\"https:\\\/\\\/kayuwriting.com\\\/cs\\\/#organization\"},\"potentialAction\":[{\"@type\":\"SearchAction\",\"target\":{\"@type\":\"EntryPoint\",\"urlTemplate\":\"https:\\\/\\\/kayuwriting.com\\\/cs\\\/?s={search_term_string}\"},\"query-input\":{\"@type\":\"PropertyValueSpecification\",\"valueRequired\":true,\"valueName\":\"search_term_string\"}}],\"inLanguage\":\"cs\"},{\"@type\":\"Organization\",\"@id\":\"https:\\\/\\\/kayuwriting.com\\\/cs\\\/#organization\",\"name\":\"Kayuwriting - It is #InOurHands\",\"url\":\"https:\\\/\\\/kayuwriting.com\\\/cs\\\/\",\"logo\":{\"@type\":\"ImageObject\",\"inLanguage\":\"cs\",\"@id\":\"https:\\\/\\\/kayuwriting.com\\\/cs\\\/#\\\/schema\\\/logo\\\/image\\\/\",\"url\":\"https:\\\/\\\/kayuwriting.com\\\/wp-content\\\/uploads\\\/2023\\\/10\\\/KAYU-logo-2023.png\",\"contentUrl\":\"https:\\\/\\\/kayuwriting.com\\\/wp-content\\\/uploads\\\/2023\\\/10\\\/KAYU-logo-2023.png\",\"width\":386,\"height\":117,\"caption\":\"Kayuwriting - It is #InOurHands\"},\"image\":{\"@id\":\"https:\\\/\\\/kayuwriting.com\\\/cs\\\/#\\\/schema\\\/logo\\\/image\\\/\"}}]}<\/script>\n<!-- \/ Yoast SEO plugin. -->","yoast_head_json":{"title":"D\u0159ev\u011bn\u00e9 plnic\u00ed pero Kayu Egino 4 vyroben\u00e9 z d\u0159eva Ovangkolu","description":"Egino 4 Ovangkol nab\u00edz\u00ed luxusn\u00ed psan\u00ed a pohodl\u00ed. Elegantn\u00ed pero z Ovangkol d\u0159eva s v\u00fdjime\u010dnou odolnost\u00ed a unik\u00e1tn\u00ed texturou je symbolem presti\u017ee.","robots":{"index":"index","follow":"follow","max-snippet":"max-snippet:-1","max-image-preview":"max-image-preview:large","max-video-preview":"max-video-preview:-1"},"canonical":"https:\/\/kayuwriting.com\/cs\/produkt\/kayu-egino-4-ovangkol\/","og_locale":"cs_CZ","og_type":"article","og_title":"D\u0159ev\u011bn\u00e9 plnic\u00ed pero Kayu Egino 4 vyroben\u00e9 z d\u0159eva Ovangkolu","og_description":"Egino 4 Ovangkol nab\u00edz\u00ed luxusn\u00ed psan\u00ed a pohodl\u00ed. Elegantn\u00ed pero z Ovangkol d\u0159eva s v\u00fdjime\u010dnou odolnost\u00ed a unik\u00e1tn\u00ed texturou je symbolem presti\u017ee.","og_url":"https:\/\/kayuwriting.com\/cs\/produkt\/kayu-egino-4-ovangkol\/","og_site_name":"Kayuwriting - It is #InOurHands","article_modified_time":"2025-08-20T15:53:47+00:00","og_image":[{"width":2048,"height":2048,"url":"https:\/\/kayuwriting.com\/wp-content\/uploads\/2025\/08\/Egino-4-ovangkol-profile.jpg","type":"image\/jpeg"}],"twitter_card":"summary_large_image","twitter_misc":{"Odhadovan\u00e1 doba \u010dten\u00ed":"2 minuty"},"schema":{"@context":"https:\/\/schema.org","@graph":[{"@type":"WebPage","@id":"https:\/\/kayuwriting.com\/cs\/produkt\/kayu-egino-4-ovangkol\/","url":"https:\/\/kayuwriting.com\/cs\/produkt\/kayu-egino-4-ovangkol\/","name":"D\u0159ev\u011bn\u00e9 plnic\u00ed pero Kayu Egino 4 vyroben\u00e9 z d\u0159eva Ovangkolu","isPartOf":{"@id":"https:\/\/kayuwriting.com\/cs\/#website"},"primaryImageOfPage":{"@id":"https:\/\/kayuwriting.com\/cs\/produkt\/kayu-egino-4-ovangkol\/#primaryimage"},"image":{"@id":"https:\/\/kayuwriting.com\/cs\/produkt\/kayu-egino-4-ovangkol\/#primaryimage"},"thumbnailUrl":"https:\/\/kayuwriting.com\/wp-content\/uploads\/2025\/08\/Egino-4-ovangkol-profile.jpg","datePublished":"2025-08-06T16:50:02+00:00","dateModified":"2025-08-20T15:53:47+00:00","description":"Egino 4 Ovangkol nab\u00edz\u00ed luxusn\u00ed psan\u00ed a pohodl\u00ed. Elegantn\u00ed pero z Ovangkol d\u0159eva s v\u00fdjime\u010dnou odolnost\u00ed a unik\u00e1tn\u00ed texturou je symbolem presti\u017ee.","breadcrumb":{"@id":"https:\/\/kayuwriting.com\/cs\/produkt\/kayu-egino-4-ovangkol\/#breadcrumb"},"inLanguage":"cs","potentialAction":[{"@type":"ReadAction","target":["https:\/\/kayuwriting.com\/cs\/produkt\/kayu-egino-4-ovangkol\/"]}]},{"@type":"ImageObject","inLanguage":"cs","@id":"https:\/\/kayuwriting.com\/cs\/produkt\/kayu-egino-4-ovangkol\/#primaryimage","url":"https:\/\/kayuwriting.com\/wp-content\/uploads\/2025\/08\/Egino-4-ovangkol-profile.jpg","contentUrl":"https:\/\/kayuwriting.com\/wp-content\/uploads\/2025\/08\/Egino-4-ovangkol-profile.jpg","width":2048,"height":2048},{"@type":"BreadcrumbList","@id":"https:\/\/kayuwriting.com\/cs\/produkt\/kayu-egino-4-ovangkol\/#breadcrumb","itemListElement":[{"@type":"ListItem","position":1,"name":"Obchod a eshop s plnic\u00edmi a kuli\u010dkov\u00fdmi pery Kayu. M\u00e1me i n\u00e1pln\u011b, z\u00e1pisn\u00edky nebo obaly","item":"https:\/\/kayuwriting.com\/cs\/obchod\/"},{"@type":"ListItem","position":2,"name":"Kayu Egino 4 Ovangkol"}]},{"@type":"WebSite","@id":"https:\/\/kayuwriting.com\/cs\/#website","url":"https:\/\/kayuwriting.com\/cs\/","name":"Kayuwriting - It is #InOurHands","description":"","publisher":{"@id":"https:\/\/kayuwriting.com\/cs\/#organization"},"potentialAction":[{"@type":"SearchAction","target":{"@type":"EntryPoint","urlTemplate":"https:\/\/kayuwriting.com\/cs\/?s={search_term_string}"},"query-input":{"@type":"PropertyValueSpecification","valueRequired":true,"valueName":"search_term_string"}}],"inLanguage":"cs"},{"@type":"Organization","@id":"https:\/\/kayuwriting.com\/cs\/#organization","name":"Kayuwriting - It is #InOurHands","url":"https:\/\/kayuwriting.com\/cs\/","logo":{"@type":"ImageObject","inLanguage":"cs","@id":"https:\/\/kayuwriting.com\/cs\/#\/schema\/logo\/image\/","url":"https:\/\/kayuwriting.com\/wp-content\/uploads\/2023\/10\/KAYU-logo-2023.png","contentUrl":"https:\/\/kayuwriting.com\/wp-content\/uploads\/2023\/10\/KAYU-logo-2023.png","width":386,"height":117,"caption":"Kayuwriting - It is #InOurHands"},"image":{"@id":"https:\/\/kayuwriting.com\/cs\/#\/schema\/logo\/image\/"}}]}},"_links":{"self":[{"href":"https:\/\/kayuwriting.com\/cs\/wp-json\/wp\/v2\/product\/12742","targetHints":{"allow":["GET"]}}],"collection":[{"href":"https:\/\/kayuwriting.com\/cs\/wp-json\/wp\/v2\/product"}],"about":[{"href":"https:\/\/kayuwriting.com\/cs\/wp-json\/wp\/v2\/types\/product"}],"wp:featuredmedia":[{"embeddable":true,"href":"https:\/\/kayuwriting.com\/cs\/wp-json\/wp\/v2\/media\/12750"}],"wp:attachment":[{"href":"https:\/\/kayuwriting.com\/cs\/wp-json\/wp\/v2\/media?parent=12742"}],"wp:term":[{"taxonomy":"product_brand","embeddable":true,"href":"https:\/\/kayuwriting.com\/cs\/wp-json\/wp\/v2\/product_brand?post=12742"},{"taxonomy":"product_cat","embeddable":true,"href":"https:\/\/kayuwriting.com\/cs\/wp-json\/wp\/v2\/product_cat?post=12742"},{"taxonomy":"product_tag","embeddable":true,"href":"https:\/\/kayuwriting.com\/cs\/wp-json\/wp\/v2\/product_tag?post=12742"}],"curies":[{"name":"wp","href":"https:\/\/api.w.org\/{rel}","templated":true}]}}