{"id":12685,"date":"2025-08-06T17:55:14","date_gmt":"2025-08-06T15:55:14","guid":{"rendered":"https:\/\/kayuwriting.com\/?post_type=product&#038;p=12685"},"modified":"2026-04-03T08:46:24","modified_gmt":"2026-04-03T06:46:24","slug":"kayu-egino-4-mandlon","status":"publish","type":"product","link":"https:\/\/kayuwriting.com\/cs\/produkt\/kayu-egino-4-mandlon\/","title":{"rendered":"Kayu Egino 4 Mandlo\u0148"},"content":{"rendered":"<h2><b>Technick\u00e9 detaily<\/b><\/h2>\n<ul>\n<li><strong>Zav\u0159en\u00e1 d\u00e9lka: 133 mm<\/strong><span style=\"font-weight: 400;\"> v\u010detn\u011b v\u00ed\u010dka, m\u016f\u017ee se m\u00edrn\u011b li\u0161it dle typu d\u0159eva a ru\u010dn\u00edho opracov\u00e1n\u00ed<\/span><\/li>\n<li><strong>Otev\u0159en\u00e1 d\u00e9lka bez v\u00ed\u010dka: 130 mm <\/strong><span style=\"font-weight: 400;\">v\u010detn\u011b hrotu, prostor pro \u00fachop nen\u00ed ni\u010d\u00edm omezen\u00fd<\/span><\/li>\n<li><strong>Pr\u016fm\u011br \u00fachopu: 10,5 mm <\/strong>p<span style=\"font-weight: 400;\">o cel\u00e9 d\u00e9lce konstantn\u00ed pro maxim\u00e1ln\u00ed pohodl\u00ed p\u0159i del\u0161\u00edm psan\u00ed<\/span><\/li>\n<li><strong>Hmotnost s v\u00ed\u010dkem: cca 27 g <\/strong><span style=\"font-weight: 400;\">m\u016f\u017ee se lehce m\u011bnit v z\u00e1vislosti na hustot\u011b pou\u017eit\u00e9ho d\u0159eva<\/span><\/li>\n<li><strong>Hmotnost p\u0159i psan\u00ed: cca 20,5 g<\/strong> n<span style=\"font-weight: 400;\">i\u017e\u0161\u00ed v\u00e1ha oproti modelu Egino 3 p\u0159in\u00e1\u0161\u00ed vy\u0161\u0161\u00ed ovladatelnost a pohodln\u011bj\u0161\u00ed psan\u00ed.<\/span><\/li>\n<\/ul>\n<h3>Design and Ergonomie<\/h3>\n<p>Plnic\u00ed pero Egino 4 v\u00e1s nadchne sv\u00fdm ladn\u00fdm designem a ergonomi\u00ed. Kulat\u00fd tvar a precizn\u00ed z\u00e1vity zaji\u0161\u0165uj\u00ed komfort p\u0159i dlouh\u00e9m psan\u00ed a minimalizuj\u00ed riziko \u00faniku inkoustu. Obzvl\u00e1\u0161t\u011b vhodn\u00e9 pro ty, kte\u0159\u00ed si p\u0159ej\u00ed produkt s harmonick\u00fdm pom\u011brem stylu a funk\u010dnosti.<\/p>\n<h3>Charakteristika d\u0159eva<\/h3>\n<p>Mandlo\u0148ov\u00e9 d\u0159evo poskytuje peru Egino 4 eleganci d\u00edky sv\u00fdm tepl\u00fdm, zlatohn\u011bd\u00fdm t\u00f3n\u016fm. S hustou a pevnou strukturou nab\u00edz\u00ed nejen estetickou hodnotu, ale i trvalou odolnost. Symbolizuj\u00edc\u00ed osv\u00edcen\u00ed a veden\u00ed, d\u0159evo obohacuje v\u00e1\u0161 psac\u00ed z\u00e1\u017eitek duchovn\u00edm dotekem.<\/p>\n<h3>V\u00fdroba a zna\u010dka<\/h3>\n<p>Zna\u010dka Kayu zaru\u010duje kvalitu a preciznost, ka\u017ed\u00e9 pero je vyrobeno s l\u00e1skou a pe\u010dlivost\u00ed. D\u016fv\u011b\u0159ujte \u0159emesln\u00e9mu um\u011bn\u00ed, kter\u00e9 d\u00e1v\u00e1 \u017eivot va\u0161im my\u0161lenk\u00e1m. S perem Egino 4 se stanete sou\u010d\u00e1st\u00ed sv\u011bta, kde se technologie setk\u00e1v\u00e1 s um\u011bn\u00edm. Objevte jedine\u010dnost a eleganci, kterou v\u00e1m Egino 4 nab\u00edz\u00ed v ka\u017ed\u00e9m tahu.<\/p>\n<h3>Pln\u011bn\u00ed<\/h3>\n<p><strong>Egino 4<\/strong> podporuje oba zp\u016fsoby pln\u011bn\u00ed \u2013 <strong>standardn\u00ed inkoustov\u00e9 bombi\u010dky<\/strong> i <strong>konvertor<\/strong> pro pln\u011bn\u00ed z kalam\u00e1\u0159e. Flexibilita, kterou ocen\u00ed ka\u017ed\u00fd milovn\u00edk ru\u010dn\u00edho psan\u00ed.<\/p>\n<h3>Hroty<\/h3>\n<p>Hroty n\u011bmeck\u00e9 v\u00fdroby dod\u00e1v\u00e1me ve variant\u00e1ch <strong>EF, F, M, B<\/strong>, v povrchov\u00fdch \u00faprav\u00e1ch ocel \u010di pozlacen\u00e1 ocel. Na p\u0159\u00e1n\u00ed lze zvolit i dal\u0161\u00ed konfigurace \u2013 dejte n\u00e1m v\u011bd\u011bt.<\/p>\n<h3>Grav\u00edrov\u00e1n\u00ed<\/h3>\n<p>Za p\u0159\u00edplatek <strong>480 K\u010d<\/strong> v\u00e1m na pero vygrav\u00edrujeme <strong>monogram \u010di kr\u00e1tk\u00fd text na nerezov\u00fd \u00fachop<\/strong>. D\u00edky tomu se z pera st\u00e1v\u00e1 vysoce osobn\u00ed d\u00e1rek.<\/p>\n<h3>Speci\u00e1ln\u00ed \u00fapravy<\/h3>\n<p>Chcete jin\u00e9 d\u0159evo, netradi\u010dn\u00ed d\u00e9lku nebo individu\u00e1ln\u00ed tvar? <strong>Kayu Egino 4<\/strong> je ide\u00e1ln\u00ed z\u00e1klad pro <strong>zak\u00e1zkovou \u00fapravu<\/strong> podle va\u0161ich p\u0159edstav. R\u00e1di v\u00e1m vyrob\u00edme jedine\u010dn\u00fd kus na m\u00edru.<\/p>\n","protected":false},"excerpt":{"rendered":"<p>Kayu Egino 4 Mandlo\u0148 je pero navr\u017een\u00e9 tak, aby se V\u00e1m skv\u011ble dr\u017eelo i p\u0159i dlouh\u00e9m psan\u00ed. Vyv\u00e1\u017een\u00ed sm\u011brem k hrotu a \u00fachop bez hran zaji\u0161\u0165uj\u00ed pohodln\u00fd a p\u0159irozen\u00fd pohyb ruky bez zbyte\u010dn\u00e9 \u00fanavy. Vybrat si m\u016f\u017eete mezi dv\u011bma variantami \u2013 kompaktn\u00ed a \u00faspornou s kulat\u00fdm v\u00ed\u010dkem, nebo designovou s v\u00ed\u010dkem se sponou, kter\u00e1 d\u00edky sv\u00e9 tvarovan\u00e9 citaci zabra\u0148uje kut\u00e1len\u00ed na nerovn\u00e9m povrchu. T\u011blo pera je vyrobeno z nerezov\u00e9 oceli potravin\u00e1\u0159sk\u00e9 kvality, kter\u00e1 je pevn\u00e1, odoln\u00e1 a d\u00edky kart\u00e1\u010dovan\u00e9mu povrchu p\u016fsob\u00ed sametov\u011b matn\u011b a elegantn\u011b. N\u00e1sada z mandlon\u011b d\u00e1v\u00e1 peru osobit\u00fd vzhled, je tvrd\u00e1, stabiln\u00ed a vyzna\u010duje se jemnou kresbou, kter\u00e1 d\u011bl\u00e1 ka\u017ed\u00fd kus origin\u00e1lem. Kayu Egino je \u010desk\u00fd v\u00fdrobek na cel\u00fd \u017eivot, kter\u00fd V\u00e1m poskytne jistotu i radost p\u0159i ka\u017ed\u00e9m pou\u017eit\u00ed. Objevte jeho kvality a vyberte si variantu, kter\u00e1 V\u00e1m nejl\u00e9pe vyhovuje.<\/p>\n","protected":false},"featured_media":12668,"template":"","meta":[],"product_brand":[],"product_cat":[21,206],"product_tag":[],"class_list":{"0":"post-12685","1":"product","2":"type-product","3":"status-publish","4":"has-post-thumbnail","6":"product_cat-egino","7":"product_cat-novinka","9":"first","10":"instock","11":"shipping-taxable","12":"purchasable","13":"product-type-variable"},"yoast_head":"<!-- This site is optimized with the Yoast SEO plugin v27.3 - https:\/\/yoast.com\/product\/yoast-seo-wordpress\/ -->\n<title>D\u0159ev\u011bn\u00e9 plnic\u00ed pero Kayu Egino 4 vyroben\u00e9 z Mandlon\u011b<\/title>\n<meta name=\"description\" content=\"Egino 4 Round Mandlo\u0148 je ide\u00e1ln\u00ed pro ty, kdo hledaj\u00ed estetiku a funk\u010dnost. D\u0159evo s tepl\u00fdmi odst\u00edny zaji\u0161\u0165uje trvanlivost a inspiraci.\" \/>\n<meta name=\"robots\" content=\"index, follow, max-snippet:-1, max-image-preview:large, max-video-preview:-1\" \/>\n<link rel=\"canonical\" href=\"https:\/\/kayuwriting.com\/cs\/produkt\/kayu-egino-4-mandlon\/\" \/>\n<meta property=\"og:locale\" content=\"cs_CZ\" \/>\n<meta property=\"og:type\" content=\"article\" \/>\n<meta property=\"og:title\" content=\"D\u0159ev\u011bn\u00e9 plnic\u00ed pero Kayu Egino 4 vyroben\u00e9 z Mandlon\u011b\" \/>\n<meta property=\"og:description\" content=\"Egino 4 Round Mandlo\u0148 je ide\u00e1ln\u00ed pro ty, kdo hledaj\u00ed estetiku a funk\u010dnost. D\u0159evo s tepl\u00fdmi odst\u00edny zaji\u0161\u0165uje trvanlivost a inspiraci.\" \/>\n<meta property=\"og:url\" content=\"https:\/\/kayuwriting.com\/cs\/produkt\/kayu-egino-4-mandlon\/\" \/>\n<meta property=\"og:site_name\" content=\"Kayuwriting - It is #InOurHands\" \/>\n<meta property=\"article:modified_time\" content=\"2026-04-03T06:46:24+00:00\" \/>\n<meta property=\"og:image\" content=\"https:\/\/kayuwriting.com\/wp-content\/uploads\/2025\/08\/Egino-4-almond-profile.jpg\" \/>\n\t<meta property=\"og:image:width\" content=\"2048\" \/>\n\t<meta property=\"og:image:height\" content=\"2048\" \/>\n\t<meta property=\"og:image:type\" content=\"image\/jpeg\" \/>\n<meta name=\"twitter:card\" content=\"summary_large_image\" \/>\n<meta name=\"twitter:label1\" content=\"Odhadovan\u00e1 doba \u010dten\u00ed\" \/>\n\t<meta name=\"twitter:data1\" content=\"2 minuty\" \/>\n<script type=\"application\/ld+json\" class=\"yoast-schema-graph\">{\"@context\":\"https:\\\/\\\/schema.org\",\"@graph\":[{\"@type\":\"WebPage\",\"@id\":\"https:\\\/\\\/kayuwriting.com\\\/cs\\\/produkt\\\/kayu-egino-4-mandlon\\\/\",\"url\":\"https:\\\/\\\/kayuwriting.com\\\/cs\\\/produkt\\\/kayu-egino-4-mandlon\\\/\",\"name\":\"D\u0159ev\u011bn\u00e9 plnic\u00ed pero Kayu Egino 4 vyroben\u00e9 z Mandlon\u011b\",\"isPartOf\":{\"@id\":\"https:\\\/\\\/kayuwriting.com\\\/cs\\\/#website\"},\"primaryImageOfPage\":{\"@id\":\"https:\\\/\\\/kayuwriting.com\\\/cs\\\/produkt\\\/kayu-egino-4-mandlon\\\/#primaryimage\"},\"image\":{\"@id\":\"https:\\\/\\\/kayuwriting.com\\\/cs\\\/produkt\\\/kayu-egino-4-mandlon\\\/#primaryimage\"},\"thumbnailUrl\":\"https:\\\/\\\/kayuwriting.com\\\/wp-content\\\/uploads\\\/2025\\\/08\\\/Egino-4-almond-profile.jpg\",\"datePublished\":\"2025-08-06T15:55:14+00:00\",\"dateModified\":\"2026-04-03T06:46:24+00:00\",\"description\":\"Egino 4 Round Mandlo\u0148 je ide\u00e1ln\u00ed pro ty, kdo hledaj\u00ed estetiku a funk\u010dnost. D\u0159evo s tepl\u00fdmi odst\u00edny zaji\u0161\u0165uje trvanlivost a inspiraci.\",\"breadcrumb\":{\"@id\":\"https:\\\/\\\/kayuwriting.com\\\/cs\\\/produkt\\\/kayu-egino-4-mandlon\\\/#breadcrumb\"},\"inLanguage\":\"cs\",\"potentialAction\":[{\"@type\":\"ReadAction\",\"target\":[\"https:\\\/\\\/kayuwriting.com\\\/cs\\\/produkt\\\/kayu-egino-4-mandlon\\\/\"]}]},{\"@type\":\"ImageObject\",\"inLanguage\":\"cs\",\"@id\":\"https:\\\/\\\/kayuwriting.com\\\/cs\\\/produkt\\\/kayu-egino-4-mandlon\\\/#primaryimage\",\"url\":\"https:\\\/\\\/kayuwriting.com\\\/wp-content\\\/uploads\\\/2025\\\/08\\\/Egino-4-almond-profile.jpg\",\"contentUrl\":\"https:\\\/\\\/kayuwriting.com\\\/wp-content\\\/uploads\\\/2025\\\/08\\\/Egino-4-almond-profile.jpg\",\"width\":2048,\"height\":2048},{\"@type\":\"BreadcrumbList\",\"@id\":\"https:\\\/\\\/kayuwriting.com\\\/cs\\\/produkt\\\/kayu-egino-4-mandlon\\\/#breadcrumb\",\"itemListElement\":[{\"@type\":\"ListItem\",\"position\":1,\"name\":\"Obchod a eshop s plnic\u00edmi a kuli\u010dkov\u00fdmi pery Kayu. M\u00e1me i n\u00e1pln\u011b, z\u00e1pisn\u00edky nebo obaly\",\"item\":\"https:\\\/\\\/kayuwriting.com\\\/cs\\\/obchod\\\/\"},{\"@type\":\"ListItem\",\"position\":2,\"name\":\"Kayu Egino 4 Mandlo\u0148\"}]},{\"@type\":\"WebSite\",\"@id\":\"https:\\\/\\\/kayuwriting.com\\\/cs\\\/#website\",\"url\":\"https:\\\/\\\/kayuwriting.com\\\/cs\\\/\",\"name\":\"Kayuwriting - It is #InOurHands\",\"description\":\"\",\"publisher\":{\"@id\":\"https:\\\/\\\/kayuwriting.com\\\/cs\\\/#organization\"},\"potentialAction\":[{\"@type\":\"SearchAction\",\"target\":{\"@type\":\"EntryPoint\",\"urlTemplate\":\"https:\\\/\\\/kayuwriting.com\\\/cs\\\/?s={search_term_string}\"},\"query-input\":{\"@type\":\"PropertyValueSpecification\",\"valueRequired\":true,\"valueName\":\"search_term_string\"}}],\"inLanguage\":\"cs\"},{\"@type\":\"Organization\",\"@id\":\"https:\\\/\\\/kayuwriting.com\\\/cs\\\/#organization\",\"name\":\"Kayuwriting - It is #InOurHands\",\"url\":\"https:\\\/\\\/kayuwriting.com\\\/cs\\\/\",\"logo\":{\"@type\":\"ImageObject\",\"inLanguage\":\"cs\",\"@id\":\"https:\\\/\\\/kayuwriting.com\\\/cs\\\/#\\\/schema\\\/logo\\\/image\\\/\",\"url\":\"https:\\\/\\\/kayuwriting.com\\\/wp-content\\\/uploads\\\/2023\\\/10\\\/KAYU-logo-2023.png\",\"contentUrl\":\"https:\\\/\\\/kayuwriting.com\\\/wp-content\\\/uploads\\\/2023\\\/10\\\/KAYU-logo-2023.png\",\"width\":386,\"height\":117,\"caption\":\"Kayuwriting - It is #InOurHands\"},\"image\":{\"@id\":\"https:\\\/\\\/kayuwriting.com\\\/cs\\\/#\\\/schema\\\/logo\\\/image\\\/\"}}]}<\/script>\n<!-- \/ Yoast SEO plugin. -->","yoast_head_json":{"title":"D\u0159ev\u011bn\u00e9 plnic\u00ed pero Kayu Egino 4 vyroben\u00e9 z Mandlon\u011b","description":"Egino 4 Round Mandlo\u0148 je ide\u00e1ln\u00ed pro ty, kdo hledaj\u00ed estetiku a funk\u010dnost. D\u0159evo s tepl\u00fdmi odst\u00edny zaji\u0161\u0165uje trvanlivost a inspiraci.","robots":{"index":"index","follow":"follow","max-snippet":"max-snippet:-1","max-image-preview":"max-image-preview:large","max-video-preview":"max-video-preview:-1"},"canonical":"https:\/\/kayuwriting.com\/cs\/produkt\/kayu-egino-4-mandlon\/","og_locale":"cs_CZ","og_type":"article","og_title":"D\u0159ev\u011bn\u00e9 plnic\u00ed pero Kayu Egino 4 vyroben\u00e9 z Mandlon\u011b","og_description":"Egino 4 Round Mandlo\u0148 je ide\u00e1ln\u00ed pro ty, kdo hledaj\u00ed estetiku a funk\u010dnost. D\u0159evo s tepl\u00fdmi odst\u00edny zaji\u0161\u0165uje trvanlivost a inspiraci.","og_url":"https:\/\/kayuwriting.com\/cs\/produkt\/kayu-egino-4-mandlon\/","og_site_name":"Kayuwriting - It is #InOurHands","article_modified_time":"2026-04-03T06:46:24+00:00","og_image":[{"width":2048,"height":2048,"url":"https:\/\/kayuwriting.com\/wp-content\/uploads\/2025\/08\/Egino-4-almond-profile.jpg","type":"image\/jpeg"}],"twitter_card":"summary_large_image","twitter_misc":{"Odhadovan\u00e1 doba \u010dten\u00ed":"2 minuty"},"schema":{"@context":"https:\/\/schema.org","@graph":[{"@type":"WebPage","@id":"https:\/\/kayuwriting.com\/cs\/produkt\/kayu-egino-4-mandlon\/","url":"https:\/\/kayuwriting.com\/cs\/produkt\/kayu-egino-4-mandlon\/","name":"D\u0159ev\u011bn\u00e9 plnic\u00ed pero Kayu Egino 4 vyroben\u00e9 z Mandlon\u011b","isPartOf":{"@id":"https:\/\/kayuwriting.com\/cs\/#website"},"primaryImageOfPage":{"@id":"https:\/\/kayuwriting.com\/cs\/produkt\/kayu-egino-4-mandlon\/#primaryimage"},"image":{"@id":"https:\/\/kayuwriting.com\/cs\/produkt\/kayu-egino-4-mandlon\/#primaryimage"},"thumbnailUrl":"https:\/\/kayuwriting.com\/wp-content\/uploads\/2025\/08\/Egino-4-almond-profile.jpg","datePublished":"2025-08-06T15:55:14+00:00","dateModified":"2026-04-03T06:46:24+00:00","description":"Egino 4 Round Mandlo\u0148 je ide\u00e1ln\u00ed pro ty, kdo hledaj\u00ed estetiku a funk\u010dnost. D\u0159evo s tepl\u00fdmi odst\u00edny zaji\u0161\u0165uje trvanlivost a inspiraci.","breadcrumb":{"@id":"https:\/\/kayuwriting.com\/cs\/produkt\/kayu-egino-4-mandlon\/#breadcrumb"},"inLanguage":"cs","potentialAction":[{"@type":"ReadAction","target":["https:\/\/kayuwriting.com\/cs\/produkt\/kayu-egino-4-mandlon\/"]}]},{"@type":"ImageObject","inLanguage":"cs","@id":"https:\/\/kayuwriting.com\/cs\/produkt\/kayu-egino-4-mandlon\/#primaryimage","url":"https:\/\/kayuwriting.com\/wp-content\/uploads\/2025\/08\/Egino-4-almond-profile.jpg","contentUrl":"https:\/\/kayuwriting.com\/wp-content\/uploads\/2025\/08\/Egino-4-almond-profile.jpg","width":2048,"height":2048},{"@type":"BreadcrumbList","@id":"https:\/\/kayuwriting.com\/cs\/produkt\/kayu-egino-4-mandlon\/#breadcrumb","itemListElement":[{"@type":"ListItem","position":1,"name":"Obchod a eshop s plnic\u00edmi a kuli\u010dkov\u00fdmi pery Kayu. M\u00e1me i n\u00e1pln\u011b, z\u00e1pisn\u00edky nebo obaly","item":"https:\/\/kayuwriting.com\/cs\/obchod\/"},{"@type":"ListItem","position":2,"name":"Kayu Egino 4 Mandlo\u0148"}]},{"@type":"WebSite","@id":"https:\/\/kayuwriting.com\/cs\/#website","url":"https:\/\/kayuwriting.com\/cs\/","name":"Kayuwriting - It is #InOurHands","description":"","publisher":{"@id":"https:\/\/kayuwriting.com\/cs\/#organization"},"potentialAction":[{"@type":"SearchAction","target":{"@type":"EntryPoint","urlTemplate":"https:\/\/kayuwriting.com\/cs\/?s={search_term_string}"},"query-input":{"@type":"PropertyValueSpecification","valueRequired":true,"valueName":"search_term_string"}}],"inLanguage":"cs"},{"@type":"Organization","@id":"https:\/\/kayuwriting.com\/cs\/#organization","name":"Kayuwriting - It is #InOurHands","url":"https:\/\/kayuwriting.com\/cs\/","logo":{"@type":"ImageObject","inLanguage":"cs","@id":"https:\/\/kayuwriting.com\/cs\/#\/schema\/logo\/image\/","url":"https:\/\/kayuwriting.com\/wp-content\/uploads\/2023\/10\/KAYU-logo-2023.png","contentUrl":"https:\/\/kayuwriting.com\/wp-content\/uploads\/2023\/10\/KAYU-logo-2023.png","width":386,"height":117,"caption":"Kayuwriting - It is #InOurHands"},"image":{"@id":"https:\/\/kayuwriting.com\/cs\/#\/schema\/logo\/image\/"}}]}},"_links":{"self":[{"href":"https:\/\/kayuwriting.com\/cs\/wp-json\/wp\/v2\/product\/12685","targetHints":{"allow":["GET"]}}],"collection":[{"href":"https:\/\/kayuwriting.com\/cs\/wp-json\/wp\/v2\/product"}],"about":[{"href":"https:\/\/kayuwriting.com\/cs\/wp-json\/wp\/v2\/types\/product"}],"wp:featuredmedia":[{"embeddable":true,"href":"https:\/\/kayuwriting.com\/cs\/wp-json\/wp\/v2\/media\/12668"}],"wp:attachment":[{"href":"https:\/\/kayuwriting.com\/cs\/wp-json\/wp\/v2\/media?parent=12685"}],"wp:term":[{"taxonomy":"product_brand","embeddable":true,"href":"https:\/\/kayuwriting.com\/cs\/wp-json\/wp\/v2\/product_brand?post=12685"},{"taxonomy":"product_cat","embeddable":true,"href":"https:\/\/kayuwriting.com\/cs\/wp-json\/wp\/v2\/product_cat?post=12685"},{"taxonomy":"product_tag","embeddable":true,"href":"https:\/\/kayuwriting.com\/cs\/wp-json\/wp\/v2\/product_tag?post=12685"}],"curies":[{"name":"wp","href":"https:\/\/api.w.org\/{rel}","templated":true}]}}