{"id":11968,"date":"2025-03-13T12:28:07","date_gmt":"2025-03-13T11:28:07","guid":{"rendered":"https:\/\/kayuwriting.com\/product\/replacement-tip-for-cura-graf\/"},"modified":"2025-03-13T12:28:07","modified_gmt":"2025-03-13T11:28:07","slug":"replacement-tip-for-cura-graf","status":"publish","type":"product","link":"https:\/\/kayuwriting.com\/cs\/produkt\/replacement-tip-for-cura-graf\/","title":{"rendered":"N\u00e1hradn\u00ed hrot pro Cura Graf"},"content":{"rendered":"","protected":false},"excerpt":{"rendered":"<p>N\u00e1hradn\u00ed &#8222;nekone\u010dn\u00fd&#8220; hrot pro pero Cura Graf, kter\u00fd si m\u016f\u017eete snadno vym\u011bnit doma. Sta\u010d\u00ed od\u0161roubovat star\u00fd hrot a na\u0161roubovat nov\u00fd. Hrot vydr\u017e\u00ed n\u011bkolik t\u00fddn\u016f a\u017e m\u011bs\u00edc\u016f, v z\u00e1vislosti na intenzit\u011b pou\u017e\u00edv\u00e1n\u00ed. M\u016f\u017eete si vybrat grafitovou verzi (jako u standardn\u00ed tu\u017eky) nebo r\u016fzn\u00e9 barevn\u00e9 varianty.   <\/p>\n","protected":false},"featured_media":11964,"template":"","meta":[],"product_brand":[],"product_cat":[83,29],"product_tag":[],"class_list":{"0":"post-11968","1":"product","2":"type-product","3":"status-publish","4":"has-post-thumbnail","6":"product_cat-cura","7":"product_cat-naplne","9":"first","10":"instock","11":"shipping-taxable","12":"purchasable","13":"product-type-variable"},"yoast_head":"<!-- This site is optimized with the Yoast SEO plugin v27.3 - https:\/\/yoast.com\/product\/yoast-seo-wordpress\/ -->\n<title>N\u00e1hradn\u00ed hrot pro Cura Graf - Kayuwriting - It is #InOurHands<\/title>\n<meta name=\"robots\" content=\"index, follow, max-snippet:-1, max-image-preview:large, max-video-preview:-1\" \/>\n<link rel=\"canonical\" href=\"https:\/\/kayuwriting.com\/cs\/produkt\/replacement-tip-for-cura-graf\/\" \/>\n<meta property=\"og:locale\" content=\"cs_CZ\" \/>\n<meta property=\"og:type\" content=\"article\" \/>\n<meta property=\"og:title\" content=\"N\u00e1hradn\u00ed hrot pro Cura Graf - Kayuwriting - It is #InOurHands\" \/>\n<meta property=\"og:description\" content=\"N\u00e1hradn\u00ed &quot;nekone\u010dn\u00fd&quot; hrot pro pero Cura Graf, kter\u00fd si m\u016f\u017eete snadno vym\u011bnit doma. Sta\u010d\u00ed od\u0161roubovat star\u00fd hrot a na\u0161roubovat nov\u00fd. Hrot vydr\u017e\u00ed n\u011bkolik t\u00fddn\u016f a\u017e m\u011bs\u00edc\u016f, v z\u00e1vislosti na intenzit\u011b pou\u017e\u00edv\u00e1n\u00ed. M\u016f\u017eete si vybrat grafitovou verzi (jako u standardn\u00ed tu\u017eky) nebo r\u016fzn\u00e9 barevn\u00e9 varianty.\" \/>\n<meta property=\"og:url\" content=\"https:\/\/kayuwriting.com\/cs\/produkt\/replacement-tip-for-cura-graf\/\" \/>\n<meta property=\"og:site_name\" content=\"Kayuwriting - It is #InOurHands\" \/>\n<meta property=\"og:image\" content=\"https:\/\/kayuwriting.com\/wp-content\/uploads\/2025\/03\/hrot-grafit-cura-graf.jpg\" \/>\n\t<meta property=\"og:image:width\" content=\"2000\" \/>\n\t<meta property=\"og:image:height\" content=\"2000\" \/>\n\t<meta property=\"og:image:type\" content=\"image\/jpeg\" \/>\n<meta name=\"twitter:card\" content=\"summary_large_image\" \/>\n<script type=\"application\/ld+json\" class=\"yoast-schema-graph\">{\"@context\":\"https:\\\/\\\/schema.org\",\"@graph\":[{\"@type\":\"WebPage\",\"@id\":\"https:\\\/\\\/kayuwriting.com\\\/cs\\\/produkt\\\/replacement-tip-for-cura-graf\\\/\",\"url\":\"https:\\\/\\\/kayuwriting.com\\\/cs\\\/produkt\\\/replacement-tip-for-cura-graf\\\/\",\"name\":\"N\u00e1hradn\u00ed hrot pro Cura Graf - Kayuwriting - It is #InOurHands\",\"isPartOf\":{\"@id\":\"https:\\\/\\\/kayuwriting.com\\\/cs\\\/#website\"},\"primaryImageOfPage\":{\"@id\":\"https:\\\/\\\/kayuwriting.com\\\/cs\\\/produkt\\\/replacement-tip-for-cura-graf\\\/#primaryimage\"},\"image\":{\"@id\":\"https:\\\/\\\/kayuwriting.com\\\/cs\\\/produkt\\\/replacement-tip-for-cura-graf\\\/#primaryimage\"},\"thumbnailUrl\":\"https:\\\/\\\/kayuwriting.com\\\/wp-content\\\/uploads\\\/2025\\\/03\\\/hrot-grafit-cura-graf.jpg\",\"datePublished\":\"2025-03-13T11:28:07+00:00\",\"breadcrumb\":{\"@id\":\"https:\\\/\\\/kayuwriting.com\\\/cs\\\/produkt\\\/replacement-tip-for-cura-graf\\\/#breadcrumb\"},\"inLanguage\":\"cs\",\"potentialAction\":[{\"@type\":\"ReadAction\",\"target\":[\"https:\\\/\\\/kayuwriting.com\\\/cs\\\/produkt\\\/replacement-tip-for-cura-graf\\\/\"]}]},{\"@type\":\"ImageObject\",\"inLanguage\":\"cs\",\"@id\":\"https:\\\/\\\/kayuwriting.com\\\/cs\\\/produkt\\\/replacement-tip-for-cura-graf\\\/#primaryimage\",\"url\":\"https:\\\/\\\/kayuwriting.com\\\/wp-content\\\/uploads\\\/2025\\\/03\\\/hrot-grafit-cura-graf.jpg\",\"contentUrl\":\"https:\\\/\\\/kayuwriting.com\\\/wp-content\\\/uploads\\\/2025\\\/03\\\/hrot-grafit-cura-graf.jpg\",\"width\":2000,\"height\":2000},{\"@type\":\"BreadcrumbList\",\"@id\":\"https:\\\/\\\/kayuwriting.com\\\/cs\\\/produkt\\\/replacement-tip-for-cura-graf\\\/#breadcrumb\",\"itemListElement\":[{\"@type\":\"ListItem\",\"position\":1,\"name\":\"Obchod a eshop s plnic\u00edmi a kuli\u010dkov\u00fdmi pery Kayu. M\u00e1me i n\u00e1pln\u011b, z\u00e1pisn\u00edky nebo obaly\",\"item\":\"https:\\\/\\\/kayuwriting.com\\\/cs\\\/obchod\\\/\"},{\"@type\":\"ListItem\",\"position\":2,\"name\":\"N\u00e1hradn\u00ed hrot pro Cura Graf\"}]},{\"@type\":\"WebSite\",\"@id\":\"https:\\\/\\\/kayuwriting.com\\\/cs\\\/#website\",\"url\":\"https:\\\/\\\/kayuwriting.com\\\/cs\\\/\",\"name\":\"Kayuwriting - It is #InOurHands\",\"description\":\"\",\"publisher\":{\"@id\":\"https:\\\/\\\/kayuwriting.com\\\/cs\\\/#organization\"},\"potentialAction\":[{\"@type\":\"SearchAction\",\"target\":{\"@type\":\"EntryPoint\",\"urlTemplate\":\"https:\\\/\\\/kayuwriting.com\\\/cs\\\/?s={search_term_string}\"},\"query-input\":{\"@type\":\"PropertyValueSpecification\",\"valueRequired\":true,\"valueName\":\"search_term_string\"}}],\"inLanguage\":\"cs\"},{\"@type\":\"Organization\",\"@id\":\"https:\\\/\\\/kayuwriting.com\\\/cs\\\/#organization\",\"name\":\"Kayuwriting - It is #InOurHands\",\"url\":\"https:\\\/\\\/kayuwriting.com\\\/cs\\\/\",\"logo\":{\"@type\":\"ImageObject\",\"inLanguage\":\"cs\",\"@id\":\"https:\\\/\\\/kayuwriting.com\\\/cs\\\/#\\\/schema\\\/logo\\\/image\\\/\",\"url\":\"https:\\\/\\\/kayuwriting.com\\\/wp-content\\\/uploads\\\/2023\\\/10\\\/KAYU-logo-2023.png\",\"contentUrl\":\"https:\\\/\\\/kayuwriting.com\\\/wp-content\\\/uploads\\\/2023\\\/10\\\/KAYU-logo-2023.png\",\"width\":386,\"height\":117,\"caption\":\"Kayuwriting - It is #InOurHands\"},\"image\":{\"@id\":\"https:\\\/\\\/kayuwriting.com\\\/cs\\\/#\\\/schema\\\/logo\\\/image\\\/\"}}]}<\/script>\n<!-- \/ Yoast SEO plugin. -->","yoast_head_json":{"title":"N\u00e1hradn\u00ed hrot pro Cura Graf - Kayuwriting - It is #InOurHands","robots":{"index":"index","follow":"follow","max-snippet":"max-snippet:-1","max-image-preview":"max-image-preview:large","max-video-preview":"max-video-preview:-1"},"canonical":"https:\/\/kayuwriting.com\/cs\/produkt\/replacement-tip-for-cura-graf\/","og_locale":"cs_CZ","og_type":"article","og_title":"N\u00e1hradn\u00ed hrot pro Cura Graf - Kayuwriting - It is #InOurHands","og_description":"N\u00e1hradn\u00ed \"nekone\u010dn\u00fd\" hrot pro pero Cura Graf, kter\u00fd si m\u016f\u017eete snadno vym\u011bnit doma. Sta\u010d\u00ed od\u0161roubovat star\u00fd hrot a na\u0161roubovat nov\u00fd. Hrot vydr\u017e\u00ed n\u011bkolik t\u00fddn\u016f a\u017e m\u011bs\u00edc\u016f, v z\u00e1vislosti na intenzit\u011b pou\u017e\u00edv\u00e1n\u00ed. M\u016f\u017eete si vybrat grafitovou verzi (jako u standardn\u00ed tu\u017eky) nebo r\u016fzn\u00e9 barevn\u00e9 varianty.","og_url":"https:\/\/kayuwriting.com\/cs\/produkt\/replacement-tip-for-cura-graf\/","og_site_name":"Kayuwriting - It is #InOurHands","og_image":[{"width":2000,"height":2000,"url":"https:\/\/kayuwriting.com\/wp-content\/uploads\/2025\/03\/hrot-grafit-cura-graf.jpg","type":"image\/jpeg"}],"twitter_card":"summary_large_image","schema":{"@context":"https:\/\/schema.org","@graph":[{"@type":"WebPage","@id":"https:\/\/kayuwriting.com\/cs\/produkt\/replacement-tip-for-cura-graf\/","url":"https:\/\/kayuwriting.com\/cs\/produkt\/replacement-tip-for-cura-graf\/","name":"N\u00e1hradn\u00ed hrot pro Cura Graf - Kayuwriting - It is #InOurHands","isPartOf":{"@id":"https:\/\/kayuwriting.com\/cs\/#website"},"primaryImageOfPage":{"@id":"https:\/\/kayuwriting.com\/cs\/produkt\/replacement-tip-for-cura-graf\/#primaryimage"},"image":{"@id":"https:\/\/kayuwriting.com\/cs\/produkt\/replacement-tip-for-cura-graf\/#primaryimage"},"thumbnailUrl":"https:\/\/kayuwriting.com\/wp-content\/uploads\/2025\/03\/hrot-grafit-cura-graf.jpg","datePublished":"2025-03-13T11:28:07+00:00","breadcrumb":{"@id":"https:\/\/kayuwriting.com\/cs\/produkt\/replacement-tip-for-cura-graf\/#breadcrumb"},"inLanguage":"cs","potentialAction":[{"@type":"ReadAction","target":["https:\/\/kayuwriting.com\/cs\/produkt\/replacement-tip-for-cura-graf\/"]}]},{"@type":"ImageObject","inLanguage":"cs","@id":"https:\/\/kayuwriting.com\/cs\/produkt\/replacement-tip-for-cura-graf\/#primaryimage","url":"https:\/\/kayuwriting.com\/wp-content\/uploads\/2025\/03\/hrot-grafit-cura-graf.jpg","contentUrl":"https:\/\/kayuwriting.com\/wp-content\/uploads\/2025\/03\/hrot-grafit-cura-graf.jpg","width":2000,"height":2000},{"@type":"BreadcrumbList","@id":"https:\/\/kayuwriting.com\/cs\/produkt\/replacement-tip-for-cura-graf\/#breadcrumb","itemListElement":[{"@type":"ListItem","position":1,"name":"Obchod a eshop s plnic\u00edmi a kuli\u010dkov\u00fdmi pery Kayu. M\u00e1me i n\u00e1pln\u011b, z\u00e1pisn\u00edky nebo obaly","item":"https:\/\/kayuwriting.com\/cs\/obchod\/"},{"@type":"ListItem","position":2,"name":"N\u00e1hradn\u00ed hrot pro Cura Graf"}]},{"@type":"WebSite","@id":"https:\/\/kayuwriting.com\/cs\/#website","url":"https:\/\/kayuwriting.com\/cs\/","name":"Kayuwriting - It is #InOurHands","description":"","publisher":{"@id":"https:\/\/kayuwriting.com\/cs\/#organization"},"potentialAction":[{"@type":"SearchAction","target":{"@type":"EntryPoint","urlTemplate":"https:\/\/kayuwriting.com\/cs\/?s={search_term_string}"},"query-input":{"@type":"PropertyValueSpecification","valueRequired":true,"valueName":"search_term_string"}}],"inLanguage":"cs"},{"@type":"Organization","@id":"https:\/\/kayuwriting.com\/cs\/#organization","name":"Kayuwriting - It is #InOurHands","url":"https:\/\/kayuwriting.com\/cs\/","logo":{"@type":"ImageObject","inLanguage":"cs","@id":"https:\/\/kayuwriting.com\/cs\/#\/schema\/logo\/image\/","url":"https:\/\/kayuwriting.com\/wp-content\/uploads\/2023\/10\/KAYU-logo-2023.png","contentUrl":"https:\/\/kayuwriting.com\/wp-content\/uploads\/2023\/10\/KAYU-logo-2023.png","width":386,"height":117,"caption":"Kayuwriting - It is #InOurHands"},"image":{"@id":"https:\/\/kayuwriting.com\/cs\/#\/schema\/logo\/image\/"}}]}},"_links":{"self":[{"href":"https:\/\/kayuwriting.com\/cs\/wp-json\/wp\/v2\/product\/11968","targetHints":{"allow":["GET"]}}],"collection":[{"href":"https:\/\/kayuwriting.com\/cs\/wp-json\/wp\/v2\/product"}],"about":[{"href":"https:\/\/kayuwriting.com\/cs\/wp-json\/wp\/v2\/types\/product"}],"wp:featuredmedia":[{"embeddable":true,"href":"https:\/\/kayuwriting.com\/cs\/wp-json\/wp\/v2\/media\/11964"}],"wp:attachment":[{"href":"https:\/\/kayuwriting.com\/cs\/wp-json\/wp\/v2\/media?parent=11968"}],"wp:term":[{"taxonomy":"product_brand","embeddable":true,"href":"https:\/\/kayuwriting.com\/cs\/wp-json\/wp\/v2\/product_brand?post=11968"},{"taxonomy":"product_cat","embeddable":true,"href":"https:\/\/kayuwriting.com\/cs\/wp-json\/wp\/v2\/product_cat?post=11968"},{"taxonomy":"product_tag","embeddable":true,"href":"https:\/\/kayuwriting.com\/cs\/wp-json\/wp\/v2\/product_tag?post=11968"}],"curies":[{"name":"wp","href":"https:\/\/api.w.org\/{rel}","templated":true}]}}