{"id":11536,"date":"2025-03-05T13:55:29","date_gmt":"2025-03-05T12:55:29","guid":{"rendered":"https:\/\/kayuwriting.com\/?post_type=product&#038;p=11536"},"modified":"2025-08-06T11:22:59","modified_gmt":"2025-08-06T09:22:59","slug":"kayu-egino-3-ovangkol","status":"publish","type":"product","link":"https:\/\/kayuwriting.com\/cs\/produkt\/kayu-egino-3-ovangkol\/","title":{"rendered":"Kayu Egino 3 Ovangkol"},"content":{"rendered":"<p>Kdy\u017e se pod\u00edv\u00e1te na Egino, vypad\u00e1 v\u016fbec jako pero? Kde jsou v\u0161echny ty v\u011bci jako ob\u0159\u00ed v\u00ed\u010dko, klip nebo opulentn\u00ed pozlacen\u00e9 ozdoby? Nejsou tam. A pro\u010d? Proto\u017ee jsou k ni\u010demu. Nejmen\u0161\u00ed v\u00ed\u010dko, kter\u00e9 se n\u00e1m poda\u0159ilo vymyslet, m\u00e1 pouze vyfr\u00e9zovanou hranu, kter\u00e1 zabra\u0148uje kut\u00e1len\u00ed a d\u00edky n\u00ed\u017e na prvn\u00ed dotek pozn\u00e1te, kde se v\u00ed\u010dko \u0161roubuje.     <\/p>\n<p>Egino 3 je vybaveno rychl\u00fdm a spolehliv\u00fdm v\u00ed\u010dkem se star\u00fdmi dobr\u00fdmi z\u00e1vity. Mo\u017en\u00e1 nen\u00ed tak sexy jako magnety nebo plastov\u00e9 klik\u00e1\u010dky, ale zase bude fungovat stejn\u011b dob\u0159e i za 30 let bez oprav. <\/p>\n<p>Jakmile pero otev\u0159ete, zjist\u00edte, \u017ee va\u0161emu \u00fachopu nic nebr\u00e1n\u00ed. Je to tak p\u0159\u00edjemn\u00e9, kdy\u017e m\u016f\u017eete pero uchopit, kdekoli se v\u00e1m zachce, a \u017e\u00e1dn\u00e9 hrany, z\u00e1vity nebo podobn\u00e9 nerovnosti v\u00e1m nep\u0159ek\u00e1\u017eej\u00ed. Je tak\u00e9 dokonale vyv\u00e1\u017een\u00e9 s t\u011b\u017ei\u0161t\u011bm naklon\u011bn\u00fdm tak akor\u00e1t k hrotu. D\u00edky tomu si u\u017eijete skute\u010dn\u011b vynikaj\u00edc\u00ed ovladatelnost bez kompromis\u016f.   <\/p>\n<p>Egino m\u016f\u017ee ps\u00e1t klasick\u00fdm tenk\u00fdm (F), st\u0159edn\u00edm (M) nebo siln\u00fdm (B) hrotem a jako bonus tak\u00e9 kuli\u010dkov\u00fdm hrotem (M). Z\u00e1le\u017e\u00ed na tom, co v\u00e1m vyhovuje nejv\u00edce. V\u0161echna pera se pln\u00ed konvertorem nebo bombi\u010dkami standardn\u00ed velikosti, kter\u00e9 se\u017eenete v ka\u017ed\u00e9m dobr\u00e9m pap\u00edrnictv\u00ed. Hroty poch\u00e1zej\u00ed z N\u011bmecka a jsou tak p\u0159esn\u00e9, \u017ee p\u00ed\u0161\u00ed p\u0159i sebemen\u0161\u00edm dotyku s pap\u00edrem.   <\/p>\n<p><strong>Vlastnosti a vzhled d\u0159eva Ovangkol<\/strong><\/p>\n<p>Vl\u00e1kna ovangkolu jsou obvykle propleten\u00e1 nebo zvln\u011bn\u00e1, co\u017e p\u0159isp\u00edv\u00e1 ke strukturovan\u00e9mu a \u017eiv\u00e9mu estetick\u00e9mu vzhledu. Na rozd\u00edl od n\u011bkter\u00fdch tropick\u00fdch tvrd\u00fdch d\u0159evin, kter\u00e9 mohou p\u016fsobit p\u0159\u00edli\u0161 jednotv\u00e1rn\u011b, je ovangkol d\u00edky sv\u00e9 vizu\u00e1ln\u00ed slo\u017eitosti jedine\u010dn\u00fd a hod\u00ed se k um\u011bleck\u00e9mu vyu\u017eit\u00ed. Struktura ovangkolu je st\u0159edn\u011b hrub\u00e1 a\u017e hrub\u00e1 a d\u00edky p\u0159\u00edrodn\u00edm prysky\u0159ic\u00edm je m\u00edrn\u011b mastn\u00e1. D\u00edky t\u00e9to vlastnosti m\u00e1 p\u0159i opracov\u00e1n\u00ed hladk\u00fd povrch a je velmi cen\u011bn\u00fd pro p\u0159edm\u011bty, u nich\u017e je po\u017eadov\u00e1na jak kr\u00e1sa, tak trvanlivost.<\/p>\n<p><strong>Symbolick\u00fd v\u00fdznam d\u0159eva Ovangkol<\/strong><\/p>\n<p>Ovangkol je \u010dasto spojov\u00e1n s p\u0159izp\u016fsobivost\u00ed a rovnov\u00e1hou, a to jak ve sv\u00e9m p\u0159irozen\u00e9m prost\u0159ed\u00ed, tak p\u0159i praktick\u00e9m pou\u017eit\u00ed. Strom roste v r\u016fzn\u00fdch klimatick\u00fdch a p\u016fdn\u00edch podm\u00ednk\u00e1ch a symbolizuje schopnost prosp\u00edvat navzdory v\u00fdzv\u00e1m. Tato odolnost se odr\u00e1\u017e\u00ed v trvanlivosti d\u0159eva, kter\u00e9 je metaforou stability a vnit\u0159n\u00ed s\u00edly.<\/p>\n<p>Jedine\u010dn\u00e9 vzory zrn ovangkolu, kter\u00e9 se zdaj\u00ed b\u00fdt nep\u0159edv\u00eddateln\u00e9 a p\u0159itom harmonick\u00e9, vedly k tomu, \u017ee je n\u011bkte\u0159\u00ed spojuj\u00ed s kreativitou a um\u011bleck\u00fdm vyj\u00e1d\u0159en\u00edm. \u010casto se pou\u017e\u00edv\u00e1 ve \u0161pi\u010dkov\u00fdch kytar\u00e1ch a hudebn\u00edch n\u00e1stroj\u00edch, co\u017e posiluje jeho spojen\u00ed s hudbou, rytmem a harmoni\u00ed. V tomto kontextu ovangkol p\u0159edstavuje spojen\u00ed struktury a spont\u00e1nnosti, podobn\u011b jako hudba vyva\u017euje p\u0159esnost a emoce.<\/p>\n<p>V z\u00e1padoafrick\u00fdch kultur\u00e1ch, kde jsou druhy rodu <em>Guibourtia<\/em> p\u016fvodn\u00ed, jsou stromy \u010dasto pova\u017eov\u00e1ny za posv\u00e1tn\u00e9 nebo symbolizuj\u00ed moudrost a ochranu. Velk\u00e9 stromy, jako je mate\u0159sk\u00fd druh ovangkol, jsou n\u011bkdy pova\u017eov\u00e1ny za str\u00e1\u017ece zem\u011b, kte\u0159\u00ed poskytuj\u00ed \u00fakryt a \u017eivot t\u011bm, kdo na n\u011b spol\u00e9haj\u00ed. Tato asociace d\u00e1v\u00e1 d\u0159evu ovangkol hlub\u0161\u00ed v\u00fdznam a p\u0159edstavuje veden\u00ed, \u00fakryt a vz\u00e1jemn\u00e9 propojen\u00ed \u017eivota.<\/p>\n<p>Zlatohn\u011bd\u00e9 odst\u00edny ovangkolu se rovn\u011b\u017e v\u00e1\u017eou k t\u00e9matu tepla a uzem\u0148uj\u00edc\u00ed energie. V barevn\u00e9 symbolice je hn\u011bd\u00e1 spojena se stabilitou, spolehlivost\u00ed a spojen\u00edm se zem\u00ed. Pruhy tmav\u0161\u00edch t\u00f3n\u016f, kter\u00e9 proch\u00e1zej\u00ed d\u0159evem, mohou b\u00fdt vn\u00edm\u00e1ny jako p\u0159ipom\u00ednka nep\u0159edv\u00eddatelnosti \u017eivota, zat\u00edmco celkov\u00e1 rovnov\u00e1ha sv\u011btla a tmy zt\u011bles\u0148uje koncept duality &#8211; s\u00edly a flexibility, tradice a inovace, \u0159\u00e1du a kreativity.<\/p>\n","protected":false},"excerpt":{"rendered":"<p>D\u0159evo ovangkol (<em>Guibourtia ehie<\/em>), je tropick\u00e9 tvrd\u00e9 d\u0159evo poch\u00e1zej\u00edc\u00ed ze z\u00e1padn\u00ed Afriky. Jednou z nejpoutav\u011bj\u0161\u00edch vlastnost\u00ed d\u0159eva ovangkol je jeho barevn\u00e1 variabilita. J\u00e1drov\u00e9 d\u0159evo je zlatohn\u011bd\u00e9 a\u017e tmavohn\u011bd\u00e9, \u010dasto s jemn\u00fdm olivov\u00fdm nebo \u0161edav\u00fdm n\u00e1dechem. Obzvl\u00e1\u0161t\u011b charakteristick\u00e1 je pruhovan\u00e1 struktura s tmav\u011b hn\u011bd\u00fdmi a\u017e \u010dern\u00fdmi liniemi. Krom\u011b fyzick\u00fdch vlastnost\u00ed nese symbolick\u00e9 v\u00fdznamy spojen\u00e9 s p\u0159izp\u016fsobivost\u00ed, harmoni\u00ed a hlubok\u00fdm propojen\u00edm mezi p\u0159\u00edrodou a um\u011bn\u00edm. Dovolte sv\u00e9mu Kayu, aby ka\u017ed\u00fd den podporovalo va\u0161eho vysoce kreativn\u00edho ducha.<\/p>\n<p><a href=\"https:\/\/kayuwriting.com\/cs\/jak-vybrat-hrot-stopu-plneni\/\">Jak vybrat hrot, tlou\u0161\u0165ku a n\u00e1pl\u0148?<\/a><\/p>\n","protected":false},"featured_media":11847,"template":"","meta":[],"product_brand":[],"product_cat":[21],"product_tag":[],"class_list":{"0":"post-11536","1":"product","2":"type-product","3":"status-publish","4":"has-post-thumbnail","6":"product_cat-egino","8":"first","9":"outofstock","10":"sale","11":"shipping-taxable","12":"purchasable","13":"product-type-variable"},"yoast_head":"<!-- This site is optimized with the Yoast SEO plugin v27.3 - https:\/\/yoast.com\/product\/yoast-seo-wordpress\/ -->\n<title>Kayu Egino 3 Ovangkol - Kayuwriting - It is #InOurHands<\/title>\n<meta name=\"robots\" content=\"index, follow, max-snippet:-1, max-image-preview:large, max-video-preview:-1\" \/>\n<link rel=\"canonical\" href=\"https:\/\/kayuwriting.com\/cs\/produkt\/kayu-egino-3-ovangkol\/\" \/>\n<meta property=\"og:locale\" content=\"cs_CZ\" \/>\n<meta property=\"og:type\" content=\"article\" \/>\n<meta property=\"og:title\" content=\"Kayu Egino 3 Ovangkol - Kayuwriting - It is #InOurHands\" \/>\n<meta property=\"og:description\" content=\"D\u0159evo ovangkol (Guibourtia ehie), je tropick\u00e9 tvrd\u00e9 d\u0159evo poch\u00e1zej\u00edc\u00ed ze z\u00e1padn\u00ed Afriky. Jednou z nejpoutav\u011bj\u0161\u00edch vlastnost\u00ed d\u0159eva ovangkol je jeho barevn\u00e1 variabilita. J\u00e1drov\u00e9 d\u0159evo je zlatohn\u011bd\u00e9 a\u017e tmavohn\u011bd\u00e9, \u010dasto s jemn\u00fdm olivov\u00fdm nebo \u0161edav\u00fdm n\u00e1dechem. Obzvl\u00e1\u0161t\u011b charakteristick\u00e1 je pruhovan\u00e1 struktura s tmav\u011b hn\u011bd\u00fdmi a\u017e \u010dern\u00fdmi liniemi. Krom\u011b fyzick\u00fdch vlastnost\u00ed nese symbolick\u00e9 v\u00fdznamy spojen\u00e9 s p\u0159izp\u016fsobivost\u00ed, harmoni\u00ed a hlubok\u00fdm propojen\u00edm mezi p\u0159\u00edrodou a um\u011bn\u00edm. Dovolte sv\u00e9mu Kayu, aby ka\u017ed\u00fd den podporovalo va\u0161eho vysoce kreativn\u00edho ducha. Jak vybrat hrot, tlou\u0161\u0165ku a n\u00e1pl\u0148?\" \/>\n<meta property=\"og:url\" content=\"https:\/\/kayuwriting.com\/cs\/produkt\/kayu-egino-3-ovangkol\/\" \/>\n<meta property=\"og:site_name\" content=\"Kayuwriting - It is #InOurHands\" \/>\n<meta property=\"article:modified_time\" content=\"2025-08-06T09:22:59+00:00\" \/>\n<meta property=\"og:image\" content=\"https:\/\/kayuwriting.com\/wp-content\/uploads\/2025\/03\/egino-ovangkol-1.jpg\" \/>\n\t<meta property=\"og:image:width\" content=\"2000\" \/>\n\t<meta property=\"og:image:height\" content=\"2000\" \/>\n\t<meta property=\"og:image:type\" content=\"image\/jpeg\" \/>\n<meta name=\"twitter:card\" content=\"summary_large_image\" \/>\n<meta name=\"twitter:label1\" content=\"Odhadovan\u00e1 doba \u010dten\u00ed\" \/>\n\t<meta name=\"twitter:data1\" content=\"4 minuty\" \/>\n<script type=\"application\/ld+json\" class=\"yoast-schema-graph\">{\"@context\":\"https:\\\/\\\/schema.org\",\"@graph\":[{\"@type\":\"WebPage\",\"@id\":\"https:\\\/\\\/kayuwriting.com\\\/cs\\\/produkt\\\/kayu-egino-3-ovangkol\\\/\",\"url\":\"https:\\\/\\\/kayuwriting.com\\\/cs\\\/produkt\\\/kayu-egino-3-ovangkol\\\/\",\"name\":\"Kayu Egino 3 Ovangkol - Kayuwriting - It is #InOurHands\",\"isPartOf\":{\"@id\":\"https:\\\/\\\/kayuwriting.com\\\/cs\\\/#website\"},\"primaryImageOfPage\":{\"@id\":\"https:\\\/\\\/kayuwriting.com\\\/cs\\\/produkt\\\/kayu-egino-3-ovangkol\\\/#primaryimage\"},\"image\":{\"@id\":\"https:\\\/\\\/kayuwriting.com\\\/cs\\\/produkt\\\/kayu-egino-3-ovangkol\\\/#primaryimage\"},\"thumbnailUrl\":\"https:\\\/\\\/kayuwriting.com\\\/wp-content\\\/uploads\\\/2025\\\/03\\\/egino-ovangkol-1.jpg\",\"datePublished\":\"2025-03-05T12:55:29+00:00\",\"dateModified\":\"2025-08-06T09:22:59+00:00\",\"breadcrumb\":{\"@id\":\"https:\\\/\\\/kayuwriting.com\\\/cs\\\/produkt\\\/kayu-egino-3-ovangkol\\\/#breadcrumb\"},\"inLanguage\":\"cs\",\"potentialAction\":[{\"@type\":\"ReadAction\",\"target\":[\"https:\\\/\\\/kayuwriting.com\\\/cs\\\/produkt\\\/kayu-egino-3-ovangkol\\\/\"]}]},{\"@type\":\"ImageObject\",\"inLanguage\":\"cs\",\"@id\":\"https:\\\/\\\/kayuwriting.com\\\/cs\\\/produkt\\\/kayu-egino-3-ovangkol\\\/#primaryimage\",\"url\":\"https:\\\/\\\/kayuwriting.com\\\/wp-content\\\/uploads\\\/2025\\\/03\\\/egino-ovangkol-1.jpg\",\"contentUrl\":\"https:\\\/\\\/kayuwriting.com\\\/wp-content\\\/uploads\\\/2025\\\/03\\\/egino-ovangkol-1.jpg\",\"width\":2000,\"height\":2000},{\"@type\":\"BreadcrumbList\",\"@id\":\"https:\\\/\\\/kayuwriting.com\\\/cs\\\/produkt\\\/kayu-egino-3-ovangkol\\\/#breadcrumb\",\"itemListElement\":[{\"@type\":\"ListItem\",\"position\":1,\"name\":\"Obchod a eshop s plnic\u00edmi a kuli\u010dkov\u00fdmi pery Kayu. M\u00e1me i n\u00e1pln\u011b, z\u00e1pisn\u00edky nebo obaly\",\"item\":\"https:\\\/\\\/kayuwriting.com\\\/cs\\\/obchod\\\/\"},{\"@type\":\"ListItem\",\"position\":2,\"name\":\"Kayu Egino 3 Ovangkol\"}]},{\"@type\":\"WebSite\",\"@id\":\"https:\\\/\\\/kayuwriting.com\\\/cs\\\/#website\",\"url\":\"https:\\\/\\\/kayuwriting.com\\\/cs\\\/\",\"name\":\"Kayuwriting - It is #InOurHands\",\"description\":\"\",\"publisher\":{\"@id\":\"https:\\\/\\\/kayuwriting.com\\\/cs\\\/#organization\"},\"potentialAction\":[{\"@type\":\"SearchAction\",\"target\":{\"@type\":\"EntryPoint\",\"urlTemplate\":\"https:\\\/\\\/kayuwriting.com\\\/cs\\\/?s={search_term_string}\"},\"query-input\":{\"@type\":\"PropertyValueSpecification\",\"valueRequired\":true,\"valueName\":\"search_term_string\"}}],\"inLanguage\":\"cs\"},{\"@type\":\"Organization\",\"@id\":\"https:\\\/\\\/kayuwriting.com\\\/cs\\\/#organization\",\"name\":\"Kayuwriting - It is #InOurHands\",\"url\":\"https:\\\/\\\/kayuwriting.com\\\/cs\\\/\",\"logo\":{\"@type\":\"ImageObject\",\"inLanguage\":\"cs\",\"@id\":\"https:\\\/\\\/kayuwriting.com\\\/cs\\\/#\\\/schema\\\/logo\\\/image\\\/\",\"url\":\"https:\\\/\\\/kayuwriting.com\\\/wp-content\\\/uploads\\\/2023\\\/10\\\/KAYU-logo-2023.png\",\"contentUrl\":\"https:\\\/\\\/kayuwriting.com\\\/wp-content\\\/uploads\\\/2023\\\/10\\\/KAYU-logo-2023.png\",\"width\":386,\"height\":117,\"caption\":\"Kayuwriting - It is #InOurHands\"},\"image\":{\"@id\":\"https:\\\/\\\/kayuwriting.com\\\/cs\\\/#\\\/schema\\\/logo\\\/image\\\/\"}}]}<\/script>\n<!-- \/ Yoast SEO plugin. -->","yoast_head_json":{"title":"Kayu Egino 3 Ovangkol - Kayuwriting - It is #InOurHands","robots":{"index":"index","follow":"follow","max-snippet":"max-snippet:-1","max-image-preview":"max-image-preview:large","max-video-preview":"max-video-preview:-1"},"canonical":"https:\/\/kayuwriting.com\/cs\/produkt\/kayu-egino-3-ovangkol\/","og_locale":"cs_CZ","og_type":"article","og_title":"Kayu Egino 3 Ovangkol - Kayuwriting - It is #InOurHands","og_description":"D\u0159evo ovangkol (Guibourtia ehie), je tropick\u00e9 tvrd\u00e9 d\u0159evo poch\u00e1zej\u00edc\u00ed ze z\u00e1padn\u00ed Afriky. Jednou z nejpoutav\u011bj\u0161\u00edch vlastnost\u00ed d\u0159eva ovangkol je jeho barevn\u00e1 variabilita. J\u00e1drov\u00e9 d\u0159evo je zlatohn\u011bd\u00e9 a\u017e tmavohn\u011bd\u00e9, \u010dasto s jemn\u00fdm olivov\u00fdm nebo \u0161edav\u00fdm n\u00e1dechem. Obzvl\u00e1\u0161t\u011b charakteristick\u00e1 je pruhovan\u00e1 struktura s tmav\u011b hn\u011bd\u00fdmi a\u017e \u010dern\u00fdmi liniemi. Krom\u011b fyzick\u00fdch vlastnost\u00ed nese symbolick\u00e9 v\u00fdznamy spojen\u00e9 s p\u0159izp\u016fsobivost\u00ed, harmoni\u00ed a hlubok\u00fdm propojen\u00edm mezi p\u0159\u00edrodou a um\u011bn\u00edm. Dovolte sv\u00e9mu Kayu, aby ka\u017ed\u00fd den podporovalo va\u0161eho vysoce kreativn\u00edho ducha. Jak vybrat hrot, tlou\u0161\u0165ku a n\u00e1pl\u0148?","og_url":"https:\/\/kayuwriting.com\/cs\/produkt\/kayu-egino-3-ovangkol\/","og_site_name":"Kayuwriting - It is #InOurHands","article_modified_time":"2025-08-06T09:22:59+00:00","og_image":[{"width":2000,"height":2000,"url":"https:\/\/kayuwriting.com\/wp-content\/uploads\/2025\/03\/egino-ovangkol-1.jpg","type":"image\/jpeg"}],"twitter_card":"summary_large_image","twitter_misc":{"Odhadovan\u00e1 doba \u010dten\u00ed":"4 minuty"},"schema":{"@context":"https:\/\/schema.org","@graph":[{"@type":"WebPage","@id":"https:\/\/kayuwriting.com\/cs\/produkt\/kayu-egino-3-ovangkol\/","url":"https:\/\/kayuwriting.com\/cs\/produkt\/kayu-egino-3-ovangkol\/","name":"Kayu Egino 3 Ovangkol - Kayuwriting - It is #InOurHands","isPartOf":{"@id":"https:\/\/kayuwriting.com\/cs\/#website"},"primaryImageOfPage":{"@id":"https:\/\/kayuwriting.com\/cs\/produkt\/kayu-egino-3-ovangkol\/#primaryimage"},"image":{"@id":"https:\/\/kayuwriting.com\/cs\/produkt\/kayu-egino-3-ovangkol\/#primaryimage"},"thumbnailUrl":"https:\/\/kayuwriting.com\/wp-content\/uploads\/2025\/03\/egino-ovangkol-1.jpg","datePublished":"2025-03-05T12:55:29+00:00","dateModified":"2025-08-06T09:22:59+00:00","breadcrumb":{"@id":"https:\/\/kayuwriting.com\/cs\/produkt\/kayu-egino-3-ovangkol\/#breadcrumb"},"inLanguage":"cs","potentialAction":[{"@type":"ReadAction","target":["https:\/\/kayuwriting.com\/cs\/produkt\/kayu-egino-3-ovangkol\/"]}]},{"@type":"ImageObject","inLanguage":"cs","@id":"https:\/\/kayuwriting.com\/cs\/produkt\/kayu-egino-3-ovangkol\/#primaryimage","url":"https:\/\/kayuwriting.com\/wp-content\/uploads\/2025\/03\/egino-ovangkol-1.jpg","contentUrl":"https:\/\/kayuwriting.com\/wp-content\/uploads\/2025\/03\/egino-ovangkol-1.jpg","width":2000,"height":2000},{"@type":"BreadcrumbList","@id":"https:\/\/kayuwriting.com\/cs\/produkt\/kayu-egino-3-ovangkol\/#breadcrumb","itemListElement":[{"@type":"ListItem","position":1,"name":"Obchod a eshop s plnic\u00edmi a kuli\u010dkov\u00fdmi pery Kayu. M\u00e1me i n\u00e1pln\u011b, z\u00e1pisn\u00edky nebo obaly","item":"https:\/\/kayuwriting.com\/cs\/obchod\/"},{"@type":"ListItem","position":2,"name":"Kayu Egino 3 Ovangkol"}]},{"@type":"WebSite","@id":"https:\/\/kayuwriting.com\/cs\/#website","url":"https:\/\/kayuwriting.com\/cs\/","name":"Kayuwriting - It is #InOurHands","description":"","publisher":{"@id":"https:\/\/kayuwriting.com\/cs\/#organization"},"potentialAction":[{"@type":"SearchAction","target":{"@type":"EntryPoint","urlTemplate":"https:\/\/kayuwriting.com\/cs\/?s={search_term_string}"},"query-input":{"@type":"PropertyValueSpecification","valueRequired":true,"valueName":"search_term_string"}}],"inLanguage":"cs"},{"@type":"Organization","@id":"https:\/\/kayuwriting.com\/cs\/#organization","name":"Kayuwriting - It is #InOurHands","url":"https:\/\/kayuwriting.com\/cs\/","logo":{"@type":"ImageObject","inLanguage":"cs","@id":"https:\/\/kayuwriting.com\/cs\/#\/schema\/logo\/image\/","url":"https:\/\/kayuwriting.com\/wp-content\/uploads\/2023\/10\/KAYU-logo-2023.png","contentUrl":"https:\/\/kayuwriting.com\/wp-content\/uploads\/2023\/10\/KAYU-logo-2023.png","width":386,"height":117,"caption":"Kayuwriting - It is #InOurHands"},"image":{"@id":"https:\/\/kayuwriting.com\/cs\/#\/schema\/logo\/image\/"}}]}},"_links":{"self":[{"href":"https:\/\/kayuwriting.com\/cs\/wp-json\/wp\/v2\/product\/11536","targetHints":{"allow":["GET"]}}],"collection":[{"href":"https:\/\/kayuwriting.com\/cs\/wp-json\/wp\/v2\/product"}],"about":[{"href":"https:\/\/kayuwriting.com\/cs\/wp-json\/wp\/v2\/types\/product"}],"wp:featuredmedia":[{"embeddable":true,"href":"https:\/\/kayuwriting.com\/cs\/wp-json\/wp\/v2\/media\/11847"}],"wp:attachment":[{"href":"https:\/\/kayuwriting.com\/cs\/wp-json\/wp\/v2\/media?parent=11536"}],"wp:term":[{"taxonomy":"product_brand","embeddable":true,"href":"https:\/\/kayuwriting.com\/cs\/wp-json\/wp\/v2\/product_brand?post=11536"},{"taxonomy":"product_cat","embeddable":true,"href":"https:\/\/kayuwriting.com\/cs\/wp-json\/wp\/v2\/product_cat?post=11536"},{"taxonomy":"product_tag","embeddable":true,"href":"https:\/\/kayuwriting.com\/cs\/wp-json\/wp\/v2\/product_tag?post=11536"}],"curies":[{"name":"wp","href":"https:\/\/api.w.org\/{rel}","templated":true}]}}