{"id":11534,"date":"2025-03-10T18:03:03","date_gmt":"2025-03-10T17:03:03","guid":{"rendered":"https:\/\/kayuwriting.com\/?post_type=product&#038;p=11534"},"modified":"2025-08-28T15:54:14","modified_gmt":"2025-08-28T13:54:14","slug":"kayu-egino-3-serik","status":"publish","type":"product","link":"https:\/\/kayuwriting.com\/cs\/produkt\/kayu-egino-3-serik\/","title":{"rendered":"Kayu Egino 3 \u0160e\u0159\u00edk"},"content":{"rendered":"<p>Kdy\u017e se pod\u00edv\u00e1te na Egino, vypad\u00e1 v\u016fbec jako pero? Kde jsou v\u0161echny ty v\u011bci jako ob\u0159\u00ed v\u00ed\u010dko, klip nebo opulentn\u00ed pozlacen\u00e9 ozdoby? Nejsou tam. A pro\u010d? Proto\u017ee jsou k ni\u010demu. Nejmen\u0161\u00ed v\u00ed\u010dko, kter\u00e9 se n\u00e1m poda\u0159ilo vymyslet, m\u00e1 pouze vyfr\u00e9zovanou hranu, kter\u00e1 zabra\u0148uje kut\u00e1len\u00ed a d\u00edky n\u00ed\u017e na prvn\u00ed dotek pozn\u00e1te, kde se v\u00ed\u010dko \u0161roubuje.<\/p>\n<p>Egino 3 je vybaveno rychl\u00fdm a spolehliv\u00fdm v\u00ed\u010dkem se star\u00fdmi dobr\u00fdmi z\u00e1vity. Mo\u017en\u00e1 nen\u00ed tak sexy jako magnety nebo plastov\u00e9 klik\u00e1\u010dky, ale zase bude fungovat stejn\u011b dob\u0159e i za 30 let bez oprav.<\/p>\n<p>Jakmile pero otev\u0159ete, zjist\u00edte, \u017ee va\u0161emu \u00fachopu nic nebr\u00e1n\u00ed. Je to tak p\u0159\u00edjemn\u00e9, kdy\u017e m\u016f\u017eete pero uchopit, kdekoli se v\u00e1m zachce, a \u017e\u00e1dn\u00e9 hrany, z\u00e1vity nebo podobn\u00e9 nerovnosti v\u00e1m nep\u0159ek\u00e1\u017eej\u00ed. Je tak\u00e9 dokonale vyv\u00e1\u017een\u00e9 s t\u011b\u017ei\u0161t\u011bm naklon\u011bn\u00fdm tak akor\u00e1t k hrotu. D\u00edky tomu si u\u017eijete skute\u010dn\u011b vynikaj\u00edc\u00ed ovladatelnost bez kompromis\u016f.<\/p>\n<p>Egino m\u016f\u017ee ps\u00e1t klasick\u00fdm tenk\u00fdm (F), st\u0159edn\u00edm (M) nebo siln\u00fdm (B) hrotem a jako bonus tak\u00e9 kuli\u010dkov\u00fdm hrotem (M). Z\u00e1le\u017e\u00ed na tom, co v\u00e1m vyhovuje nejv\u00edce. V\u0161echna pera se pln\u00ed konvertorem nebo bombi\u010dkami standardn\u00ed velikosti, kter\u00e9 se\u017eenete v ka\u017ed\u00e9m dobr\u00e9m pap\u00edrnictv\u00ed. Hroty poch\u00e1zej\u00ed z N\u011bmecka a jsou tak p\u0159esn\u00e9, \u017ee p\u00ed\u0161\u00ed p\u0159i sebemen\u0161\u00edm dotyku s pap\u00edrem.<\/p>\n<p><strong>Vlastnosti \u0161e\u0159\u00edkov\u00e9ho d\u0159eva<\/strong><\/p>\n<p>Z fyzik\u00e1ln\u00edho hlediska je \u0161e\u0159\u00edkov\u00e9 d\u0159evo zn\u00e1m\u00e9 svou jemnou kresbou a hladk\u00fdm povrchem, d\u00edky \u010demu\u017e je velmi vhodn\u00e9 pro slo\u017eit\u00e9 truhl\u00e1\u0159sk\u00e9 a \u0159emesln\u00e9 pr\u00e1ce. I kdy\u017e se nepou\u017e\u00edv\u00e1 tak \u010dasto jako n\u011bkter\u00e9 jin\u00e9 druhy tvrd\u00e9ho d\u0159eva, d\u00edky sv\u00e9 hustot\u011b a trvanlivosti je ide\u00e1ln\u00ed pro v\u00fdrobu dekorativn\u00edch p\u0159edm\u011bt\u016f, kde lze skute\u010dn\u011b ocenit jeho jemnou strukturu a probarvenost.<\/p>\n<p>I kdy\u017e nen\u00ed tak snadno dostupn\u00e9 jako n\u011bkter\u00e9 jin\u00e9 druhy d\u0159eva, m\u016f\u017ee b\u00fdt kv\u016fli sv\u00e9 vz\u00e1cnosti a omezen\u00e9 produkci dra\u017e\u0161\u00ed. Pevnost a trvanlivost \u0161e\u0159\u00edkov\u00e9ho d\u0159eva spolu s jeho estetick\u00fdm vzhledem z n\u011bj \u010din\u00ed cen\u011bn\u00fd materi\u00e1l pro zak\u00e1zkov\u00e9 kusy n\u00e1bytku, drobn\u00e1 socha\u0159sk\u00e1 d\u00edla a dokonce i hudebn\u00ed n\u00e1stroje.<\/p>\n<p><strong>Symbolika \u0161e\u0159\u00edku<\/strong><\/p>\n<p>Symbolicky je \u0161e\u0159\u00edk \u010dasto spojov\u00e1n s obnovou, duchovnost\u00ed a \u010distotou. \u0160e\u0159\u00edk kvete na ja\u0159e, a proto mu jsou bl\u00edzk\u00e1 t\u00e9mata znovuzrozen\u00ed a nov\u00fdch za\u010d\u00e1tk\u016f. P\u0159edpokl\u00e1d\u00e1 se, \u017ee tyto vlastnosti nese i samotn\u00e9 d\u0159evo, kter\u00e9 se \u010dasto pou\u017e\u00edv\u00e1 v symbolick\u00fdch a duchovn\u00edch souvislostech. V r\u016fzn\u00fdch kultur\u00e1ch je \u0161e\u0159\u00edk vn\u00edm\u00e1n jako symbol transformace a duchovn\u00edho r\u016fstu, jeho d\u0159evo p\u0159edstavuje zm\u011bnu a osobn\u00ed v\u00fdvoj. Je tak\u00e9 spojov\u00e1n se snahou o kr\u00e1su, tvo\u0159ivost a moudrost.<\/p>\n","protected":false},"excerpt":{"rendered":"<p>D\u0159evo \u0161e\u0159\u00edku b\u00fdv\u00e1 zast\u00edn\u011bno b\u011b\u017en\u011bj\u0161\u00edmi d\u0159evinami, jako je dub nebo javor. Je zn\u00e1m\u00e9 pro svou kr\u00e1snou, hladkou kresbu a elegantn\u00ed strukturu, m\u00e1 pom\u011brn\u011b hust\u00e9 slo\u017een\u00ed, d\u00edky \u010demu\u017e je odoln\u00e9 a pevn\u00e9. Je typicky dvoubarevn\u00e9, na jednom konci od sv\u011btle kr\u00e9mov\u00e9 po jemn\u00fd zlatav\u00fd odst\u00edn a na druh\u00e9m variuje od r\u016f\u017eov\u00e9 po tmav\u011b fialovou. Postupem \u010dasu z\u00edsk\u00e1v\u00e1 \u0161e\u0159\u00edkov\u00e9 d\u0159evo hlub\u0161\u00ed a syt\u011bj\u0161\u00ed odst\u00edn, co\u017e mu dod\u00e1v\u00e1 na vizu\u00e1ln\u00ed p\u0159ita\u017elivosti. C\u00edt\u00edte se na nov\u00fd za\u010d\u00e1tek? \u0160e\u0159\u00edk je spojov\u00e1n se znovuzrozen\u00edm a transformac\u00ed. BTW: H\u00e1dejte, z jak\u00e9ho d\u0159eva byla vyrobena nejmocn\u011bj\u0161\u00ed kouzeln\u00e1 h\u016flka na sv\u011bt\u011b?<\/p>\n<p><a href=\"https:\/\/kayuwriting.com\/cs\/jak-vybrat-hrot-stopu-plneni\/\">Jak vybrat hrot, tlou\u0161\u0165ku a n\u00e1pl\u0148?<\/a><\/p>\n","protected":false},"featured_media":11879,"template":"","meta":[],"product_brand":[],"product_cat":[21],"product_tag":[],"class_list":{"0":"post-11534","1":"product","2":"type-product","3":"status-publish","4":"has-post-thumbnail","6":"product_cat-egino","8":"first","9":"outofstock","10":"shipping-taxable","11":"purchasable","12":"product-type-variable"},"yoast_head":"<!-- This site is optimized with the Yoast SEO plugin v27.3 - https:\/\/yoast.com\/product\/yoast-seo-wordpress\/ -->\n<title>Kayu Egino 3 \u0160e\u0159\u00edk - Kayuwriting - It is #InOurHands<\/title>\n<meta name=\"robots\" content=\"index, follow, max-snippet:-1, max-image-preview:large, max-video-preview:-1\" \/>\n<link rel=\"canonical\" href=\"https:\/\/kayuwriting.com\/cs\/produkt\/kayu-egino-3-serik\/\" \/>\n<meta property=\"og:locale\" content=\"cs_CZ\" \/>\n<meta property=\"og:type\" content=\"article\" \/>\n<meta property=\"og:title\" content=\"Kayu Egino 3 \u0160e\u0159\u00edk - Kayuwriting - It is #InOurHands\" \/>\n<meta property=\"og:description\" content=\"D\u0159evo \u0161e\u0159\u00edku b\u00fdv\u00e1 zast\u00edn\u011bno b\u011b\u017en\u011bj\u0161\u00edmi d\u0159evinami, jako je dub nebo javor. Je zn\u00e1m\u00e9 pro svou kr\u00e1snou, hladkou kresbu a elegantn\u00ed strukturu, m\u00e1 pom\u011brn\u011b hust\u00e9 slo\u017een\u00ed, d\u00edky \u010demu\u017e je odoln\u00e9 a pevn\u00e9. Je typicky dvoubarevn\u00e9, na jednom konci od sv\u011btle kr\u00e9mov\u00e9 po jemn\u00fd zlatav\u00fd odst\u00edn a na druh\u00e9m variuje od r\u016f\u017eov\u00e9 po tmav\u011b fialovou. Postupem \u010dasu z\u00edsk\u00e1v\u00e1 \u0161e\u0159\u00edkov\u00e9 d\u0159evo hlub\u0161\u00ed a syt\u011bj\u0161\u00ed odst\u00edn, co\u017e mu dod\u00e1v\u00e1 na vizu\u00e1ln\u00ed p\u0159ita\u017elivosti. C\u00edt\u00edte se na nov\u00fd za\u010d\u00e1tek? \u0160e\u0159\u00edk je spojov\u00e1n se znovuzrozen\u00edm a transformac\u00ed. BTW: H\u00e1dejte, z jak\u00e9ho d\u0159eva byla vyrobena nejmocn\u011bj\u0161\u00ed kouzeln\u00e1 h\u016flka na sv\u011bt\u011b?  Jak vybrat hrot, tlou\u0161\u0165ku a n\u00e1pl\u0148?\" \/>\n<meta property=\"og:url\" content=\"https:\/\/kayuwriting.com\/cs\/produkt\/kayu-egino-3-serik\/\" \/>\n<meta property=\"og:site_name\" content=\"Kayuwriting - It is #InOurHands\" \/>\n<meta property=\"article:modified_time\" content=\"2025-08-28T13:54:14+00:00\" \/>\n<meta property=\"og:image\" content=\"https:\/\/kayuwriting.com\/wp-content\/uploads\/2025\/03\/egino-serik-1.jpg\" \/>\n\t<meta property=\"og:image:width\" content=\"2000\" \/>\n\t<meta property=\"og:image:height\" content=\"2000\" \/>\n\t<meta property=\"og:image:type\" content=\"image\/jpeg\" \/>\n<meta name=\"twitter:card\" content=\"summary_large_image\" \/>\n<meta name=\"twitter:label1\" content=\"Odhadovan\u00e1 doba \u010dten\u00ed\" \/>\n\t<meta name=\"twitter:data1\" content=\"3 minuty\" \/>\n<script type=\"application\/ld+json\" class=\"yoast-schema-graph\">{\"@context\":\"https:\\\/\\\/schema.org\",\"@graph\":[{\"@type\":\"WebPage\",\"@id\":\"https:\\\/\\\/kayuwriting.com\\\/cs\\\/produkt\\\/kayu-egino-3-serik\\\/\",\"url\":\"https:\\\/\\\/kayuwriting.com\\\/cs\\\/produkt\\\/kayu-egino-3-serik\\\/\",\"name\":\"Kayu Egino 3 \u0160e\u0159\u00edk - Kayuwriting - It is #InOurHands\",\"isPartOf\":{\"@id\":\"https:\\\/\\\/kayuwriting.com\\\/cs\\\/#website\"},\"primaryImageOfPage\":{\"@id\":\"https:\\\/\\\/kayuwriting.com\\\/cs\\\/produkt\\\/kayu-egino-3-serik\\\/#primaryimage\"},\"image\":{\"@id\":\"https:\\\/\\\/kayuwriting.com\\\/cs\\\/produkt\\\/kayu-egino-3-serik\\\/#primaryimage\"},\"thumbnailUrl\":\"https:\\\/\\\/kayuwriting.com\\\/wp-content\\\/uploads\\\/2025\\\/03\\\/egino-serik-1.jpg\",\"datePublished\":\"2025-03-10T17:03:03+00:00\",\"dateModified\":\"2025-08-28T13:54:14+00:00\",\"breadcrumb\":{\"@id\":\"https:\\\/\\\/kayuwriting.com\\\/cs\\\/produkt\\\/kayu-egino-3-serik\\\/#breadcrumb\"},\"inLanguage\":\"cs\",\"potentialAction\":[{\"@type\":\"ReadAction\",\"target\":[\"https:\\\/\\\/kayuwriting.com\\\/cs\\\/produkt\\\/kayu-egino-3-serik\\\/\"]}]},{\"@type\":\"ImageObject\",\"inLanguage\":\"cs\",\"@id\":\"https:\\\/\\\/kayuwriting.com\\\/cs\\\/produkt\\\/kayu-egino-3-serik\\\/#primaryimage\",\"url\":\"https:\\\/\\\/kayuwriting.com\\\/wp-content\\\/uploads\\\/2025\\\/03\\\/egino-serik-1.jpg\",\"contentUrl\":\"https:\\\/\\\/kayuwriting.com\\\/wp-content\\\/uploads\\\/2025\\\/03\\\/egino-serik-1.jpg\",\"width\":2000,\"height\":2000},{\"@type\":\"BreadcrumbList\",\"@id\":\"https:\\\/\\\/kayuwriting.com\\\/cs\\\/produkt\\\/kayu-egino-3-serik\\\/#breadcrumb\",\"itemListElement\":[{\"@type\":\"ListItem\",\"position\":1,\"name\":\"Obchod a eshop s plnic\u00edmi a kuli\u010dkov\u00fdmi pery Kayu. M\u00e1me i n\u00e1pln\u011b, z\u00e1pisn\u00edky nebo obaly\",\"item\":\"https:\\\/\\\/kayuwriting.com\\\/cs\\\/obchod\\\/\"},{\"@type\":\"ListItem\",\"position\":2,\"name\":\"Kayu Egino 3 \u0160e\u0159\u00edk\"}]},{\"@type\":\"WebSite\",\"@id\":\"https:\\\/\\\/kayuwriting.com\\\/cs\\\/#website\",\"url\":\"https:\\\/\\\/kayuwriting.com\\\/cs\\\/\",\"name\":\"Kayuwriting - It is #InOurHands\",\"description\":\"\",\"publisher\":{\"@id\":\"https:\\\/\\\/kayuwriting.com\\\/cs\\\/#organization\"},\"potentialAction\":[{\"@type\":\"SearchAction\",\"target\":{\"@type\":\"EntryPoint\",\"urlTemplate\":\"https:\\\/\\\/kayuwriting.com\\\/cs\\\/?s={search_term_string}\"},\"query-input\":{\"@type\":\"PropertyValueSpecification\",\"valueRequired\":true,\"valueName\":\"search_term_string\"}}],\"inLanguage\":\"cs\"},{\"@type\":\"Organization\",\"@id\":\"https:\\\/\\\/kayuwriting.com\\\/cs\\\/#organization\",\"name\":\"Kayuwriting - It is #InOurHands\",\"url\":\"https:\\\/\\\/kayuwriting.com\\\/cs\\\/\",\"logo\":{\"@type\":\"ImageObject\",\"inLanguage\":\"cs\",\"@id\":\"https:\\\/\\\/kayuwriting.com\\\/cs\\\/#\\\/schema\\\/logo\\\/image\\\/\",\"url\":\"https:\\\/\\\/kayuwriting.com\\\/wp-content\\\/uploads\\\/2023\\\/10\\\/KAYU-logo-2023.png\",\"contentUrl\":\"https:\\\/\\\/kayuwriting.com\\\/wp-content\\\/uploads\\\/2023\\\/10\\\/KAYU-logo-2023.png\",\"width\":386,\"height\":117,\"caption\":\"Kayuwriting - It is #InOurHands\"},\"image\":{\"@id\":\"https:\\\/\\\/kayuwriting.com\\\/cs\\\/#\\\/schema\\\/logo\\\/image\\\/\"}}]}<\/script>\n<!-- \/ Yoast SEO plugin. -->","yoast_head_json":{"title":"Kayu Egino 3 \u0160e\u0159\u00edk - Kayuwriting - It is #InOurHands","robots":{"index":"index","follow":"follow","max-snippet":"max-snippet:-1","max-image-preview":"max-image-preview:large","max-video-preview":"max-video-preview:-1"},"canonical":"https:\/\/kayuwriting.com\/cs\/produkt\/kayu-egino-3-serik\/","og_locale":"cs_CZ","og_type":"article","og_title":"Kayu Egino 3 \u0160e\u0159\u00edk - Kayuwriting - It is #InOurHands","og_description":"D\u0159evo \u0161e\u0159\u00edku b\u00fdv\u00e1 zast\u00edn\u011bno b\u011b\u017en\u011bj\u0161\u00edmi d\u0159evinami, jako je dub nebo javor. Je zn\u00e1m\u00e9 pro svou kr\u00e1snou, hladkou kresbu a elegantn\u00ed strukturu, m\u00e1 pom\u011brn\u011b hust\u00e9 slo\u017een\u00ed, d\u00edky \u010demu\u017e je odoln\u00e9 a pevn\u00e9. Je typicky dvoubarevn\u00e9, na jednom konci od sv\u011btle kr\u00e9mov\u00e9 po jemn\u00fd zlatav\u00fd odst\u00edn a na druh\u00e9m variuje od r\u016f\u017eov\u00e9 po tmav\u011b fialovou. Postupem \u010dasu z\u00edsk\u00e1v\u00e1 \u0161e\u0159\u00edkov\u00e9 d\u0159evo hlub\u0161\u00ed a syt\u011bj\u0161\u00ed odst\u00edn, co\u017e mu dod\u00e1v\u00e1 na vizu\u00e1ln\u00ed p\u0159ita\u017elivosti. C\u00edt\u00edte se na nov\u00fd za\u010d\u00e1tek? \u0160e\u0159\u00edk je spojov\u00e1n se znovuzrozen\u00edm a transformac\u00ed. BTW: H\u00e1dejte, z jak\u00e9ho d\u0159eva byla vyrobena nejmocn\u011bj\u0161\u00ed kouzeln\u00e1 h\u016flka na sv\u011bt\u011b?  Jak vybrat hrot, tlou\u0161\u0165ku a n\u00e1pl\u0148?","og_url":"https:\/\/kayuwriting.com\/cs\/produkt\/kayu-egino-3-serik\/","og_site_name":"Kayuwriting - It is #InOurHands","article_modified_time":"2025-08-28T13:54:14+00:00","og_image":[{"width":2000,"height":2000,"url":"https:\/\/kayuwriting.com\/wp-content\/uploads\/2025\/03\/egino-serik-1.jpg","type":"image\/jpeg"}],"twitter_card":"summary_large_image","twitter_misc":{"Odhadovan\u00e1 doba \u010dten\u00ed":"3 minuty"},"schema":{"@context":"https:\/\/schema.org","@graph":[{"@type":"WebPage","@id":"https:\/\/kayuwriting.com\/cs\/produkt\/kayu-egino-3-serik\/","url":"https:\/\/kayuwriting.com\/cs\/produkt\/kayu-egino-3-serik\/","name":"Kayu Egino 3 \u0160e\u0159\u00edk - Kayuwriting - It is #InOurHands","isPartOf":{"@id":"https:\/\/kayuwriting.com\/cs\/#website"},"primaryImageOfPage":{"@id":"https:\/\/kayuwriting.com\/cs\/produkt\/kayu-egino-3-serik\/#primaryimage"},"image":{"@id":"https:\/\/kayuwriting.com\/cs\/produkt\/kayu-egino-3-serik\/#primaryimage"},"thumbnailUrl":"https:\/\/kayuwriting.com\/wp-content\/uploads\/2025\/03\/egino-serik-1.jpg","datePublished":"2025-03-10T17:03:03+00:00","dateModified":"2025-08-28T13:54:14+00:00","breadcrumb":{"@id":"https:\/\/kayuwriting.com\/cs\/produkt\/kayu-egino-3-serik\/#breadcrumb"},"inLanguage":"cs","potentialAction":[{"@type":"ReadAction","target":["https:\/\/kayuwriting.com\/cs\/produkt\/kayu-egino-3-serik\/"]}]},{"@type":"ImageObject","inLanguage":"cs","@id":"https:\/\/kayuwriting.com\/cs\/produkt\/kayu-egino-3-serik\/#primaryimage","url":"https:\/\/kayuwriting.com\/wp-content\/uploads\/2025\/03\/egino-serik-1.jpg","contentUrl":"https:\/\/kayuwriting.com\/wp-content\/uploads\/2025\/03\/egino-serik-1.jpg","width":2000,"height":2000},{"@type":"BreadcrumbList","@id":"https:\/\/kayuwriting.com\/cs\/produkt\/kayu-egino-3-serik\/#breadcrumb","itemListElement":[{"@type":"ListItem","position":1,"name":"Obchod a eshop s plnic\u00edmi a kuli\u010dkov\u00fdmi pery Kayu. M\u00e1me i n\u00e1pln\u011b, z\u00e1pisn\u00edky nebo obaly","item":"https:\/\/kayuwriting.com\/cs\/obchod\/"},{"@type":"ListItem","position":2,"name":"Kayu Egino 3 \u0160e\u0159\u00edk"}]},{"@type":"WebSite","@id":"https:\/\/kayuwriting.com\/cs\/#website","url":"https:\/\/kayuwriting.com\/cs\/","name":"Kayuwriting - It is #InOurHands","description":"","publisher":{"@id":"https:\/\/kayuwriting.com\/cs\/#organization"},"potentialAction":[{"@type":"SearchAction","target":{"@type":"EntryPoint","urlTemplate":"https:\/\/kayuwriting.com\/cs\/?s={search_term_string}"},"query-input":{"@type":"PropertyValueSpecification","valueRequired":true,"valueName":"search_term_string"}}],"inLanguage":"cs"},{"@type":"Organization","@id":"https:\/\/kayuwriting.com\/cs\/#organization","name":"Kayuwriting - It is #InOurHands","url":"https:\/\/kayuwriting.com\/cs\/","logo":{"@type":"ImageObject","inLanguage":"cs","@id":"https:\/\/kayuwriting.com\/cs\/#\/schema\/logo\/image\/","url":"https:\/\/kayuwriting.com\/wp-content\/uploads\/2023\/10\/KAYU-logo-2023.png","contentUrl":"https:\/\/kayuwriting.com\/wp-content\/uploads\/2023\/10\/KAYU-logo-2023.png","width":386,"height":117,"caption":"Kayuwriting - It is #InOurHands"},"image":{"@id":"https:\/\/kayuwriting.com\/cs\/#\/schema\/logo\/image\/"}}]}},"_links":{"self":[{"href":"https:\/\/kayuwriting.com\/cs\/wp-json\/wp\/v2\/product\/11534","targetHints":{"allow":["GET"]}}],"collection":[{"href":"https:\/\/kayuwriting.com\/cs\/wp-json\/wp\/v2\/product"}],"about":[{"href":"https:\/\/kayuwriting.com\/cs\/wp-json\/wp\/v2\/types\/product"}],"wp:featuredmedia":[{"embeddable":true,"href":"https:\/\/kayuwriting.com\/cs\/wp-json\/wp\/v2\/media\/11879"}],"wp:attachment":[{"href":"https:\/\/kayuwriting.com\/cs\/wp-json\/wp\/v2\/media?parent=11534"}],"wp:term":[{"taxonomy":"product_brand","embeddable":true,"href":"https:\/\/kayuwriting.com\/cs\/wp-json\/wp\/v2\/product_brand?post=11534"},{"taxonomy":"product_cat","embeddable":true,"href":"https:\/\/kayuwriting.com\/cs\/wp-json\/wp\/v2\/product_cat?post=11534"},{"taxonomy":"product_tag","embeddable":true,"href":"https:\/\/kayuwriting.com\/cs\/wp-json\/wp\/v2\/product_tag?post=11534"}],"curies":[{"name":"wp","href":"https:\/\/api.w.org\/{rel}","templated":true}]}}