{"id":11532,"date":"2025-03-05T13:00:53","date_gmt":"2025-03-05T12:00:53","guid":{"rendered":"https:\/\/kayuwriting.com\/?post_type=product&#038;p=11532"},"modified":"2025-10-17T16:56:21","modified_gmt":"2025-10-17T14:56:21","slug":"kayu-egino-3-almond","status":"publish","type":"product","link":"https:\/\/kayuwriting.com\/cs\/produkt\/kayu-egino-3-almond\/","title":{"rendered":"Kayu Egino 3 Mandlo\u0148"},"content":{"rendered":"<p>Kdy\u017e se pod\u00edv\u00e1te na Egino, vypad\u00e1 v\u016fbec jako pero? Kde jsou v\u0161echny ty v\u011bci jako ob\u0159\u00ed v\u00ed\u010dko, klip nebo opulentn\u00ed pozlacen\u00e9 ozdoby? Nejsou tam. A pro\u010d? Proto\u017ee jsou k ni\u010demu. Nejmen\u0161\u00ed v\u00ed\u010dko, kter\u00e9 se n\u00e1m poda\u0159ilo vymyslet, m\u00e1 pouze vyfr\u00e9zovanou hranu, kter\u00e1 zabra\u0148uje kut\u00e1len\u00ed a d\u00edky n\u00ed\u017e na prvn\u00ed dotek pozn\u00e1te, kde se v\u00ed\u010dko \u0161roubuje.     <\/p>\n<p>Egino 3 je vybaveno rychl\u00fdm a spolehliv\u00fdm v\u00ed\u010dkem se star\u00fdmi dobr\u00fdmi z\u00e1vity. Mo\u017en\u00e1 nen\u00ed tak sexy jako magnety nebo plastov\u00e9 klik\u00e1\u010dky, ale zase bude fungovat stejn\u011b dob\u0159e i za 30 let bez oprav. <\/p>\n<p>Jakmile pero otev\u0159ete, zjist\u00edte, \u017ee va\u0161emu \u00fachopu nic nebr\u00e1n\u00ed. Je to tak p\u0159\u00edjemn\u00e9, kdy\u017e m\u016f\u017eete pero uchopit, kdekoli se v\u00e1m zachce, a \u017e\u00e1dn\u00e9 hrany, z\u00e1vity nebo podobn\u00e9 nerovnosti v\u00e1m nep\u0159ek\u00e1\u017eej\u00ed. Je tak\u00e9 dokonale vyv\u00e1\u017een\u00e9 s t\u011b\u017ei\u0161t\u011bm naklon\u011bn\u00fdm tak akor\u00e1t k hrotu. D\u00edky tomu si u\u017eijete skute\u010dn\u011b vynikaj\u00edc\u00ed ovladatelnost bez kompromis\u016f.   <\/p>\n<p>Egino m\u016f\u017ee ps\u00e1t klasick\u00fdm tenk\u00fdm (F), st\u0159edn\u00edm (M) nebo siln\u00fdm (B) hrotem a jako bonus tak\u00e9 kuli\u010dkov\u00fdm hrotem (M). Z\u00e1le\u017e\u00ed na tom, co v\u00e1m vyhovuje nejv\u00edce. V\u0161echna pera se pln\u00ed konvertorem nebo bombi\u010dkami standardn\u00ed velikosti, kter\u00e9 se\u017eenete v ka\u017ed\u00e9m dobr\u00e9m pap\u00edrnictv\u00ed. Hroty poch\u00e1zej\u00ed z N\u011bmecka a jsou tak p\u0159esn\u00e9, \u017ee p\u00ed\u0161\u00ed p\u0159i sebemen\u0161\u00edm dotyku s pap\u00edrem.   <\/p>\n<p><strong>Vlastnosti a vzhled mandlo\u0148ov\u00e9ho d\u0159eva<\/strong><\/p>\n<p>Vl\u00e1kno mandlo\u0148ov\u00e9ho d\u0159eva je obvykle jemn\u00e9 a propleten\u00e9, n\u011bkdy s jemn\u00fdmi vlnkami, kter\u00e9 mu dod\u00e1vaj\u00ed m\u011bkk\u00fd, organick\u00fd vzhled. Tato slo\u017eit\u00e1 kresba m\u016f\u017ee vytv\u00e1\u0159et fascinuj\u00edc\u00ed vizu\u00e1ln\u00ed efekt. D\u0159evo m\u00e1 p\u0159irozen\u00fd lesk, kter\u00fd zvy\u0161uje jeho hloubku, a je tak atraktivn\u00ed volbou pro um\u011bleck\u00e9 aplikace a dekorativn\u00ed pou\u017eit\u00ed. Z hlediska textury je mandlov\u00e9 d\u0159evo hust\u00e9 a tvrd\u00e9, podobn\u011b jako jin\u00e9 ovocn\u00e9 d\u0159eviny, nap\u0159\u00edklad t\u0159e\u0161e\u0148 nebo jablo\u0148. Hustota d\u0159eva p\u0159isp\u00edv\u00e1 k jeho trvanlivosti a pevnosti.     <\/p>\n<p><strong>Symbolick\u00fd v\u00fdznam Mandlo\u0148ov\u00e9ho d\u0159eva<\/strong><\/p>\n<p>Mandlo\u0148 m\u00e1 v mnoha tradic\u00edch hlubok\u00fd duchovn\u00ed a kulturn\u00ed v\u00fdznam, kter\u00fd se vztahuje i na jej\u00ed d\u0159evo. Jedn\u00edm z nejtrvalej\u0161\u00edch symbol\u016f spojen\u00fdch s mandlovn\u00edkem je probuzen\u00ed a obnova. V mnoha \u010d\u00e1stech sv\u011bta pat\u0159\u00ed mandlo\u0148 mezi prvn\u00ed stromy, kter\u00e9 rozkv\u00e9taj\u00ed brzy na ja\u0159e, a \u010dasto rozkv\u00e9t\u00e1 d\u0159\u00edve, ne\u017e se objev\u00ed jej\u00ed listy. D\u00edky tomu se stala symbolem nad\u011bje, nov\u00fdch za\u010d\u00e1tk\u016f a odolnosti. D\u0159evo jako trval\u00fd poz\u016fstatek stromu s sebou nese tyto asociace.    <\/p>\n<p>V biblick\u00fdch a bl\u00edzkov\u00fdchodn\u00edch tradic\u00edch je mandlo\u0148 spojena s moudrost\u00ed a bo\u017e\u00ed p\u0159\u00edzn\u00ed. V judaismu je nap\u0159\u00edklad mandlo\u0148ov\u00e1 ratolest zmi\u0148ov\u00e1na v p\u0159\u00edb\u011bhu o \u00c1ronov\u011b holi, z n\u00ed\u017e z\u00e1zra\u010dn\u011b vyra\u0161ily mandlov\u00e9 kv\u011bty na znamen\u00ed bo\u017e\u00edho v\u00fdb\u011bru. Z tohoto d\u016fvodu m\u016f\u017ee mandlov\u00e9 d\u0159evo symbolizovat osv\u00edcen\u00ed, duchovn\u00ed autoritu a veden\u00ed.  <\/p>\n<p>Ve st\u0159edomo\u0159sk\u00fdch kultur\u00e1ch jsou mandle spojov\u00e1ny s plodnost\u00ed a prosperitou. D\u00edky sv\u00e9 schopnosti prosp\u00edvat ve vyprahl\u00fdch podm\u00ednk\u00e1ch a plodit v\u00fd\u017eivn\u00e9 plody se mandle staly metaforou vytrvalosti, v\u00fd\u017eivy a hojnosti. D\u0159evo mandlovn\u00edku proto nese konotace s\u00edly v t\u011b\u017ekostech a odm\u011bny za trp\u011blivost.  <\/p>\n<p>\u010cervenohn\u011bd\u00e9 odst\u00edny mandlov\u00e9ho d\u0159eva, kter\u00e9 se \u010dasem prohlubuj\u00ed, rovn\u011b\u017e navozuj\u00ed pocit tepla, v\u00e1\u0161n\u011b a stability. \u010cerven\u00e9 a hn\u011bd\u00e9 t\u00f3ny jsou \u010dasto spojov\u00e1ny s uzem\u0148uj\u00edc\u00ed energi\u00ed, tak\u017ee mandlov\u00e9 d\u0159evo je vhodn\u00fdm symbolem rovnov\u00e1hy mezi duchovn\u00edm a hmotn\u00fdm sv\u011btem. N\u011bkter\u00e9 tradice dokonce pova\u017euj\u00ed mandlov\u00e9 d\u0159evo za ochrann\u00fd prvek a v\u011b\u0159\u00ed, \u017ee dok\u00e1\u017ee odvr\u00e1tit negativn\u00ed energii nebo slou\u017e\u00ed jako talisman pro vytrvalost.  <\/p>\n","protected":false},"excerpt":{"rendered":"<p><em>Mandlo\u0148ov\u00e9 d\u0159evo<\/em> je oproti tropick\u00fdm d\u0159evin\u00e1m nedocen\u011bn\u00fdm materi\u00e1lem, m\u00e1 jedine\u010dn\u00e9 estetick\u00e9 vlastnosti a hlubok\u00fd symbolick\u00fd v\u00fdznam. Mandlov\u00e9 d\u0159evo se vyzna\u010duje tepl\u00fdmi, p\u0159\u00edjemn\u00fdmi t\u00f3ny. J\u00e1drov\u00e9 d\u0159evo m\u00e1 sv\u011btle zlatohn\u011bd\u00fd a\u017e syt\u011bj\u0161\u00ed \u010dervenohn\u011bd\u00fd odst\u00edn, n\u011bkdy s tmav\u0161\u00edmi pruhy. Naproti tomu b\u011bl m\u00e1 obvykle sv\u011btle kr\u00e9mov\u011b \u017elutou barvu, co\u017e vytv\u00e1\u0159\u00ed jemn\u00fd, ale v\u00fdrazn\u00fd kontrast, pokud jsou v jednom kusu d\u0159eva p\u0159\u00edtomny ob\u011b barvy. Mandlov\u00e9 d\u0159evo je spojov\u00e1no s osv\u00edcen\u00edm, duchovn\u00ed autoritou a veden\u00edm. Co takhle m\u00edt ka\u017ed\u00fd den v ruce osobn\u00edho kou\u010de?     <\/p>\n<p><a href=\"https:\/\/kayuwriting.com\/cs\/jak-vybrat-hrot-stopu-plneni\/\">Jak vybrat hrot, tlou\u0161\u0165ku a n\u00e1pl\u0148?<\/a><\/p>\n","protected":false},"featured_media":11815,"template":"","meta":[],"product_brand":[],"product_cat":[21],"product_tag":[],"class_list":{"0":"post-11532","1":"product","2":"type-product","3":"status-publish","4":"has-post-thumbnail","6":"product_cat-egino","8":"first","9":"outofstock","10":"shipping-taxable","11":"purchasable","12":"product-type-variable"},"yoast_head":"<!-- This site is optimized with the Yoast SEO plugin v27.3 - https:\/\/yoast.com\/product\/yoast-seo-wordpress\/ -->\n<title>Kayu Egino 3 Mandlo\u0148 - Kayuwriting - It is #InOurHands<\/title>\n<meta name=\"robots\" content=\"index, follow, max-snippet:-1, max-image-preview:large, max-video-preview:-1\" \/>\n<link rel=\"canonical\" href=\"https:\/\/kayuwriting.com\/cs\/produkt\/kayu-egino-3-almond\/\" \/>\n<meta property=\"og:locale\" content=\"cs_CZ\" \/>\n<meta property=\"og:type\" content=\"article\" \/>\n<meta property=\"og:title\" content=\"Kayu Egino 3 Mandlo\u0148 - Kayuwriting - It is #InOurHands\" \/>\n<meta property=\"og:description\" content=\"Mandlo\u0148ov\u00e9 d\u0159evo je oproti tropick\u00fdm d\u0159evin\u00e1m nedocen\u011bn\u00fdm materi\u00e1lem, m\u00e1 jedine\u010dn\u00e9 estetick\u00e9 vlastnosti a hlubok\u00fd symbolick\u00fd v\u00fdznam. Mandlov\u00e9 d\u0159evo se vyzna\u010duje tepl\u00fdmi, p\u0159\u00edjemn\u00fdmi t\u00f3ny. J\u00e1drov\u00e9 d\u0159evo m\u00e1 sv\u011btle zlatohn\u011bd\u00fd a\u017e syt\u011bj\u0161\u00ed \u010dervenohn\u011bd\u00fd odst\u00edn, n\u011bkdy s tmav\u0161\u00edmi pruhy. Naproti tomu b\u011bl m\u00e1 obvykle sv\u011btle kr\u00e9mov\u011b \u017elutou barvu, co\u017e vytv\u00e1\u0159\u00ed jemn\u00fd, ale v\u00fdrazn\u00fd kontrast, pokud jsou v jednom kusu d\u0159eva p\u0159\u00edtomny ob\u011b barvy. Mandlov\u00e9 d\u0159evo je spojov\u00e1no s osv\u00edcen\u00edm, duchovn\u00ed autoritou a veden\u00edm. Co takhle m\u00edt ka\u017ed\u00fd den v ruce osobn\u00edho kou\u010de?    Jak vybrat hrot, tlou\u0161\u0165ku a n\u00e1pl\u0148?\" \/>\n<meta property=\"og:url\" content=\"https:\/\/kayuwriting.com\/cs\/produkt\/kayu-egino-3-almond\/\" \/>\n<meta property=\"og:site_name\" content=\"Kayuwriting - It is #InOurHands\" \/>\n<meta property=\"article:modified_time\" content=\"2025-10-17T14:56:21+00:00\" \/>\n<meta property=\"og:image\" content=\"https:\/\/kayuwriting.com\/wp-content\/uploads\/2025\/03\/egino-mandlon-1.jpg\" \/>\n\t<meta property=\"og:image:width\" content=\"2000\" \/>\n\t<meta property=\"og:image:height\" content=\"2000\" \/>\n\t<meta property=\"og:image:type\" content=\"image\/jpeg\" \/>\n<meta name=\"twitter:card\" content=\"summary_large_image\" \/>\n<meta name=\"twitter:label1\" content=\"Odhadovan\u00e1 doba \u010dten\u00ed\" \/>\n\t<meta name=\"twitter:data1\" content=\"3 minuty\" \/>\n<script type=\"application\/ld+json\" class=\"yoast-schema-graph\">{\"@context\":\"https:\\\/\\\/schema.org\",\"@graph\":[{\"@type\":\"WebPage\",\"@id\":\"https:\\\/\\\/kayuwriting.com\\\/cs\\\/produkt\\\/kayu-egino-3-almond\\\/\",\"url\":\"https:\\\/\\\/kayuwriting.com\\\/cs\\\/produkt\\\/kayu-egino-3-almond\\\/\",\"name\":\"Kayu Egino 3 Mandlo\u0148 - Kayuwriting - It is #InOurHands\",\"isPartOf\":{\"@id\":\"https:\\\/\\\/kayuwriting.com\\\/cs\\\/#website\"},\"primaryImageOfPage\":{\"@id\":\"https:\\\/\\\/kayuwriting.com\\\/cs\\\/produkt\\\/kayu-egino-3-almond\\\/#primaryimage\"},\"image\":{\"@id\":\"https:\\\/\\\/kayuwriting.com\\\/cs\\\/produkt\\\/kayu-egino-3-almond\\\/#primaryimage\"},\"thumbnailUrl\":\"https:\\\/\\\/kayuwriting.com\\\/wp-content\\\/uploads\\\/2025\\\/03\\\/egino-mandlon-1.jpg\",\"datePublished\":\"2025-03-05T12:00:53+00:00\",\"dateModified\":\"2025-10-17T14:56:21+00:00\",\"breadcrumb\":{\"@id\":\"https:\\\/\\\/kayuwriting.com\\\/cs\\\/produkt\\\/kayu-egino-3-almond\\\/#breadcrumb\"},\"inLanguage\":\"cs\",\"potentialAction\":[{\"@type\":\"ReadAction\",\"target\":[\"https:\\\/\\\/kayuwriting.com\\\/cs\\\/produkt\\\/kayu-egino-3-almond\\\/\"]}]},{\"@type\":\"ImageObject\",\"inLanguage\":\"cs\",\"@id\":\"https:\\\/\\\/kayuwriting.com\\\/cs\\\/produkt\\\/kayu-egino-3-almond\\\/#primaryimage\",\"url\":\"https:\\\/\\\/kayuwriting.com\\\/wp-content\\\/uploads\\\/2025\\\/03\\\/egino-mandlon-1.jpg\",\"contentUrl\":\"https:\\\/\\\/kayuwriting.com\\\/wp-content\\\/uploads\\\/2025\\\/03\\\/egino-mandlon-1.jpg\",\"width\":2000,\"height\":2000},{\"@type\":\"BreadcrumbList\",\"@id\":\"https:\\\/\\\/kayuwriting.com\\\/cs\\\/produkt\\\/kayu-egino-3-almond\\\/#breadcrumb\",\"itemListElement\":[{\"@type\":\"ListItem\",\"position\":1,\"name\":\"Obchod a eshop s plnic\u00edmi a kuli\u010dkov\u00fdmi pery Kayu. M\u00e1me i n\u00e1pln\u011b, z\u00e1pisn\u00edky nebo obaly\",\"item\":\"https:\\\/\\\/kayuwriting.com\\\/cs\\\/obchod\\\/\"},{\"@type\":\"ListItem\",\"position\":2,\"name\":\"Kayu Egino 3 Mandlo\u0148\"}]},{\"@type\":\"WebSite\",\"@id\":\"https:\\\/\\\/kayuwriting.com\\\/cs\\\/#website\",\"url\":\"https:\\\/\\\/kayuwriting.com\\\/cs\\\/\",\"name\":\"Kayuwriting - It is #InOurHands\",\"description\":\"\",\"publisher\":{\"@id\":\"https:\\\/\\\/kayuwriting.com\\\/cs\\\/#organization\"},\"potentialAction\":[{\"@type\":\"SearchAction\",\"target\":{\"@type\":\"EntryPoint\",\"urlTemplate\":\"https:\\\/\\\/kayuwriting.com\\\/cs\\\/?s={search_term_string}\"},\"query-input\":{\"@type\":\"PropertyValueSpecification\",\"valueRequired\":true,\"valueName\":\"search_term_string\"}}],\"inLanguage\":\"cs\"},{\"@type\":\"Organization\",\"@id\":\"https:\\\/\\\/kayuwriting.com\\\/cs\\\/#organization\",\"name\":\"Kayuwriting - It is #InOurHands\",\"url\":\"https:\\\/\\\/kayuwriting.com\\\/cs\\\/\",\"logo\":{\"@type\":\"ImageObject\",\"inLanguage\":\"cs\",\"@id\":\"https:\\\/\\\/kayuwriting.com\\\/cs\\\/#\\\/schema\\\/logo\\\/image\\\/\",\"url\":\"https:\\\/\\\/kayuwriting.com\\\/wp-content\\\/uploads\\\/2023\\\/10\\\/KAYU-logo-2023.png\",\"contentUrl\":\"https:\\\/\\\/kayuwriting.com\\\/wp-content\\\/uploads\\\/2023\\\/10\\\/KAYU-logo-2023.png\",\"width\":386,\"height\":117,\"caption\":\"Kayuwriting - It is #InOurHands\"},\"image\":{\"@id\":\"https:\\\/\\\/kayuwriting.com\\\/cs\\\/#\\\/schema\\\/logo\\\/image\\\/\"}}]}<\/script>\n<!-- \/ Yoast SEO plugin. -->","yoast_head_json":{"title":"Kayu Egino 3 Mandlo\u0148 - Kayuwriting - It is #InOurHands","robots":{"index":"index","follow":"follow","max-snippet":"max-snippet:-1","max-image-preview":"max-image-preview:large","max-video-preview":"max-video-preview:-1"},"canonical":"https:\/\/kayuwriting.com\/cs\/produkt\/kayu-egino-3-almond\/","og_locale":"cs_CZ","og_type":"article","og_title":"Kayu Egino 3 Mandlo\u0148 - Kayuwriting - It is #InOurHands","og_description":"Mandlo\u0148ov\u00e9 d\u0159evo je oproti tropick\u00fdm d\u0159evin\u00e1m nedocen\u011bn\u00fdm materi\u00e1lem, m\u00e1 jedine\u010dn\u00e9 estetick\u00e9 vlastnosti a hlubok\u00fd symbolick\u00fd v\u00fdznam. Mandlov\u00e9 d\u0159evo se vyzna\u010duje tepl\u00fdmi, p\u0159\u00edjemn\u00fdmi t\u00f3ny. J\u00e1drov\u00e9 d\u0159evo m\u00e1 sv\u011btle zlatohn\u011bd\u00fd a\u017e syt\u011bj\u0161\u00ed \u010dervenohn\u011bd\u00fd odst\u00edn, n\u011bkdy s tmav\u0161\u00edmi pruhy. Naproti tomu b\u011bl m\u00e1 obvykle sv\u011btle kr\u00e9mov\u011b \u017elutou barvu, co\u017e vytv\u00e1\u0159\u00ed jemn\u00fd, ale v\u00fdrazn\u00fd kontrast, pokud jsou v jednom kusu d\u0159eva p\u0159\u00edtomny ob\u011b barvy. Mandlov\u00e9 d\u0159evo je spojov\u00e1no s osv\u00edcen\u00edm, duchovn\u00ed autoritou a veden\u00edm. Co takhle m\u00edt ka\u017ed\u00fd den v ruce osobn\u00edho kou\u010de?    Jak vybrat hrot, tlou\u0161\u0165ku a n\u00e1pl\u0148?","og_url":"https:\/\/kayuwriting.com\/cs\/produkt\/kayu-egino-3-almond\/","og_site_name":"Kayuwriting - It is #InOurHands","article_modified_time":"2025-10-17T14:56:21+00:00","og_image":[{"width":2000,"height":2000,"url":"https:\/\/kayuwriting.com\/wp-content\/uploads\/2025\/03\/egino-mandlon-1.jpg","type":"image\/jpeg"}],"twitter_card":"summary_large_image","twitter_misc":{"Odhadovan\u00e1 doba \u010dten\u00ed":"3 minuty"},"schema":{"@context":"https:\/\/schema.org","@graph":[{"@type":"WebPage","@id":"https:\/\/kayuwriting.com\/cs\/produkt\/kayu-egino-3-almond\/","url":"https:\/\/kayuwriting.com\/cs\/produkt\/kayu-egino-3-almond\/","name":"Kayu Egino 3 Mandlo\u0148 - Kayuwriting - It is #InOurHands","isPartOf":{"@id":"https:\/\/kayuwriting.com\/cs\/#website"},"primaryImageOfPage":{"@id":"https:\/\/kayuwriting.com\/cs\/produkt\/kayu-egino-3-almond\/#primaryimage"},"image":{"@id":"https:\/\/kayuwriting.com\/cs\/produkt\/kayu-egino-3-almond\/#primaryimage"},"thumbnailUrl":"https:\/\/kayuwriting.com\/wp-content\/uploads\/2025\/03\/egino-mandlon-1.jpg","datePublished":"2025-03-05T12:00:53+00:00","dateModified":"2025-10-17T14:56:21+00:00","breadcrumb":{"@id":"https:\/\/kayuwriting.com\/cs\/produkt\/kayu-egino-3-almond\/#breadcrumb"},"inLanguage":"cs","potentialAction":[{"@type":"ReadAction","target":["https:\/\/kayuwriting.com\/cs\/produkt\/kayu-egino-3-almond\/"]}]},{"@type":"ImageObject","inLanguage":"cs","@id":"https:\/\/kayuwriting.com\/cs\/produkt\/kayu-egino-3-almond\/#primaryimage","url":"https:\/\/kayuwriting.com\/wp-content\/uploads\/2025\/03\/egino-mandlon-1.jpg","contentUrl":"https:\/\/kayuwriting.com\/wp-content\/uploads\/2025\/03\/egino-mandlon-1.jpg","width":2000,"height":2000},{"@type":"BreadcrumbList","@id":"https:\/\/kayuwriting.com\/cs\/produkt\/kayu-egino-3-almond\/#breadcrumb","itemListElement":[{"@type":"ListItem","position":1,"name":"Obchod a eshop s plnic\u00edmi a kuli\u010dkov\u00fdmi pery Kayu. M\u00e1me i n\u00e1pln\u011b, z\u00e1pisn\u00edky nebo obaly","item":"https:\/\/kayuwriting.com\/cs\/obchod\/"},{"@type":"ListItem","position":2,"name":"Kayu Egino 3 Mandlo\u0148"}]},{"@type":"WebSite","@id":"https:\/\/kayuwriting.com\/cs\/#website","url":"https:\/\/kayuwriting.com\/cs\/","name":"Kayuwriting - It is #InOurHands","description":"","publisher":{"@id":"https:\/\/kayuwriting.com\/cs\/#organization"},"potentialAction":[{"@type":"SearchAction","target":{"@type":"EntryPoint","urlTemplate":"https:\/\/kayuwriting.com\/cs\/?s={search_term_string}"},"query-input":{"@type":"PropertyValueSpecification","valueRequired":true,"valueName":"search_term_string"}}],"inLanguage":"cs"},{"@type":"Organization","@id":"https:\/\/kayuwriting.com\/cs\/#organization","name":"Kayuwriting - It is #InOurHands","url":"https:\/\/kayuwriting.com\/cs\/","logo":{"@type":"ImageObject","inLanguage":"cs","@id":"https:\/\/kayuwriting.com\/cs\/#\/schema\/logo\/image\/","url":"https:\/\/kayuwriting.com\/wp-content\/uploads\/2023\/10\/KAYU-logo-2023.png","contentUrl":"https:\/\/kayuwriting.com\/wp-content\/uploads\/2023\/10\/KAYU-logo-2023.png","width":386,"height":117,"caption":"Kayuwriting - It is #InOurHands"},"image":{"@id":"https:\/\/kayuwriting.com\/cs\/#\/schema\/logo\/image\/"}}]}},"_links":{"self":[{"href":"https:\/\/kayuwriting.com\/cs\/wp-json\/wp\/v2\/product\/11532","targetHints":{"allow":["GET"]}}],"collection":[{"href":"https:\/\/kayuwriting.com\/cs\/wp-json\/wp\/v2\/product"}],"about":[{"href":"https:\/\/kayuwriting.com\/cs\/wp-json\/wp\/v2\/types\/product"}],"wp:featuredmedia":[{"embeddable":true,"href":"https:\/\/kayuwriting.com\/cs\/wp-json\/wp\/v2\/media\/11815"}],"wp:attachment":[{"href":"https:\/\/kayuwriting.com\/cs\/wp-json\/wp\/v2\/media?parent=11532"}],"wp:term":[{"taxonomy":"product_brand","embeddable":true,"href":"https:\/\/kayuwriting.com\/cs\/wp-json\/wp\/v2\/product_brand?post=11532"},{"taxonomy":"product_cat","embeddable":true,"href":"https:\/\/kayuwriting.com\/cs\/wp-json\/wp\/v2\/product_cat?post=11532"},{"taxonomy":"product_tag","embeddable":true,"href":"https:\/\/kayuwriting.com\/cs\/wp-json\/wp\/v2\/product_tag?post=11532"}],"curies":[{"name":"wp","href":"https:\/\/api.w.org\/{rel}","templated":true}]}}