{"id":11530,"date":"2025-03-05T13:13:33","date_gmt":"2025-03-05T12:13:33","guid":{"rendered":"https:\/\/kayuwriting.com\/?post_type=product&#038;p=11530"},"modified":"2026-01-06T14:11:54","modified_gmt":"2026-01-06T13:11:54","slug":"kayu-egino-3-mahagomn","status":"publish","type":"product","link":"https:\/\/kayuwriting.com\/cs\/produkt\/kayu-egino-3-mahagomn\/","title":{"rendered":"Kayu Egino 3 Mahagon"},"content":{"rendered":"<p>Kdy\u017e se pod\u00edv\u00e1te na Egino, vypad\u00e1 v\u016fbec jako pero? Kde jsou v\u0161echny ty v\u011bci jako ob\u0159\u00ed v\u00ed\u010dko, klip nebo opulentn\u00ed pozlacen\u00e9 ozdoby? Nejsou tam. A pro\u010d? Proto\u017ee jsou k ni\u010demu. Nejmen\u0161\u00ed v\u00ed\u010dko, kter\u00e9 se n\u00e1m poda\u0159ilo vymyslet, m\u00e1 pouze vyfr\u00e9zovanou hranu, kter\u00e1 zabra\u0148uje kut\u00e1len\u00ed a d\u00edky n\u00ed\u017e na prvn\u00ed dotek pozn\u00e1te, kde se v\u00ed\u010dko \u0161roubuje.     <\/p>\n<p>Egino 3 je vybaveno rychl\u00fdm a spolehliv\u00fdm v\u00ed\u010dkem se star\u00fdmi dobr\u00fdmi z\u00e1vity. Mo\u017en\u00e1 nen\u00ed tak sexy jako magnety nebo plastov\u00e9 klik\u00e1\u010dky, ale zase bude fungovat stejn\u011b dob\u0159e i za 30 let bez oprav. <\/p>\n<p>Jakmile pero otev\u0159ete, zjist\u00edte, \u017ee va\u0161emu \u00fachopu nic nebr\u00e1n\u00ed. Je to tak p\u0159\u00edjemn\u00e9, kdy\u017e m\u016f\u017eete pero uchopit, kdekoli se v\u00e1m zachce, a \u017e\u00e1dn\u00e9 hrany, z\u00e1vity nebo podobn\u00e9 nerovnosti v\u00e1m nep\u0159ek\u00e1\u017eej\u00ed. Je tak\u00e9 dokonale vyv\u00e1\u017een\u00e9 s t\u011b\u017ei\u0161t\u011bm naklon\u011bn\u00fdm tak akor\u00e1t k hrotu. D\u00edky tomu si u\u017eijete skute\u010dn\u011b vynikaj\u00edc\u00ed ovladatelnost bez kompromis\u016f.   <\/p>\n<p>Egino m\u016f\u017ee ps\u00e1t klasick\u00fdm tenk\u00fdm (F), st\u0159edn\u00edm (M) nebo siln\u00fdm (B) hrotem a jako bonus tak\u00e9 kuli\u010dkov\u00fdm hrotem (M). Z\u00e1le\u017e\u00ed na tom, co v\u00e1m vyhovuje nejv\u00edce. V\u0161echna pera se pln\u00ed konvertorem nebo bombi\u010dkami standardn\u00ed velikosti, kter\u00e9 se\u017eenete v ka\u017ed\u00e9m dobr\u00e9m pap\u00edrnictv\u00ed. Hroty poch\u00e1zej\u00ed z N\u011bmecka a jsou tak p\u0159esn\u00e9, \u017ee p\u00ed\u0161\u00ed p\u0159i sebemen\u0161\u00edm dotyku s pap\u00edrem.   <\/p>\n<p><strong>Vlastnosti a vzhled mahagonov\u00e9ho d\u0159eva<\/strong><\/p>\n<p>Mahagon poch\u00e1z\u00ed ze strom\u016f rodu <em>Swietenia<\/em>, kter\u00e9 se vyskytuj\u00ed p\u0159edev\u0161\u00edm ve St\u0159edn\u00ed a Ji\u017en\u00ed Americe a v n\u011bkter\u00fdch \u010d\u00e1stech Afriky a Asie. Je jedn\u00edm z nejcenn\u011bj\u0161\u00edch tvrd\u00fdch d\u0159ev na sv\u011bt\u011b. Mahagon je zn\u00e1m\u00fd svou rovnou, stejnom\u011brnou kresbou, kter\u00e1 mu dod\u00e1v\u00e1 hladk\u00fd a elegantn\u00ed vzhled. Ob\u010das se na n\u011bm mohou vyskytovat jemn\u00e9 prol\u00ednaj\u00edc\u00ed se vzory, kter\u00e9 mu dod\u00e1vaj\u00ed pocit pohybu a hloubky. Struktura mahagonu je jemn\u00e1 a rovnom\u011brn\u00e1, s p\u0159irozen\u00fdm leskem, kter\u00fd se zv\u00fdrazn\u00ed zejm\u00e9na p\u0159i le\u0161t\u011bn\u00ed nebo povrchov\u00e9 \u00faprav\u011b olejem. Tato kvalita je jedn\u00edm z d\u016fvod\u016f, pro\u010d je mahagon obl\u00edbenou volbou pro v\u00fdrobu \u0161pi\u010dkov\u00e9ho n\u00e1bytku, hudebn\u00edch n\u00e1stroj\u016f a dekorativn\u00edch \u0159ezb\u00e1\u0159sk\u00fdch v\u00fdrobk\u016f.    <\/p>\n<p><strong>Symbolick\u00fd v\u00fdznam mahagonov\u00e9ho d\u0159eva<\/strong><\/p>\n<p>Mahagon je oded\u00e1vna spojov\u00e1n s pevnost\u00ed, stabilitou a presti\u017e\u00ed. Jeho hlubok\u00e9, syt\u00e9 t\u00f3ny vyvol\u00e1vaj\u00ed pocit tepla, s\u00edly a u\u0161lechtilosti, a proto je tento materi\u00e1l historicky obl\u00edben\u00fd u kr\u00e1lovsk\u00e9 rodiny, aristokrat\u016f a mistr\u016f \u0159emesel. V mnoha kultur\u00e1ch je mahagon vn\u00edm\u00e1n jako d\u0159evo, kter\u00e9 p\u0159edstavuje vzne\u0161enost a dokonalost, materi\u00e1l vyhrazen\u00fd pro ty, kte\u0159\u00ed oce\u0148uj\u00ed nad\u010dasovou eleganci a \u0161pi\u010dkovou kvalitu.  <\/p>\n<p>N\u011bkte\u0159\u00ed v\u011b\u0159\u00ed, \u017ee mahagonov\u00e9 d\u0159evo pom\u00e1h\u00e1 nastolit rovnov\u00e1hu, soust\u0159ed\u011bn\u00ed a emocion\u00e1ln\u00ed s\u00edlu, tak\u017ee je materi\u00e1lem nejen fyzick\u00e9 kr\u00e1sy, ale i vnit\u0159n\u00ed s\u00edly. V mnoha domorod\u00fdch tradic\u00edch jsou nav\u00edc mahagonov\u00e9 stromy pova\u017eov\u00e1ny za posv\u00e1tn\u00e9 a zt\u011bles\u0148uj\u00ed moudrost lesa. Jejich vysok\u00e1 v\u00fd\u0161ka a dlouh\u00e1 \u017eivotnost z nich \u010din\u00ed symboly v\u011bd\u011bn\u00ed, veden\u00ed a vz\u00e1jemn\u00e9ho propojen\u00ed \u017eivota. Pou\u017eit\u00ed mahagonu v ob\u0159adn\u00edch p\u0159edm\u011btech a duchovn\u00edch n\u00e1stroj\u00edch d\u00e1le podtrhuje jeho v\u00fdznam jako d\u0159eva ochrany a moudrosti.   <\/p>\n","protected":false},"excerpt":{"rendered":"<p>Mahagonov\u00e9 d\u0159evo, proslul\u00e9 svou sytou barvou, jemnou strukturou a hlubokou kulturn\u00ed symbolikou. Jednou z charakteristick\u00fdch vlastnost\u00ed mahagonu je jeho tepl\u00e1, \u010dervenohn\u011bd\u00e1 barva, kter\u00e1 m\u016f\u017ee m\u00edt od tmav\u011b medov\u00e9ho odst\u00ednu a\u017e po syt\u00fd zlatohn\u011bd\u00fd t\u00f3n. Jak d\u0159evo st\u00e1rne, tmavne a z\u00edsk\u00e1v\u00e1 bohat\u0161\u00ed a propracovan\u011bj\u0161\u00ed patinu, tak\u017ee \u010dasem je je\u0161t\u011b vizu\u00e1ln\u011b v\u00fdrazn\u011bj\u0161\u00ed. V duchovn\u00edch a metafyzick\u00fdch souvislostech je mahagon n\u011bkdy spojov\u00e1n s uzem\u0148uj\u00edc\u00ed energi\u00ed. Jeho syt\u00e9 odst\u00edny jsou spojeny s prvkem zem\u011b a symbolizuj\u00ed stabilitu, bezpe\u010d\u00ed a spojen\u00ed s vlastn\u00edmi ko\u0159eny. Dop\u0159ejte sv\u00e9mu psan\u00ed trochu p\u0159\u00edrodn\u00edho uzemn\u011bn\u00ed.     <\/p>\n<p><a href=\"https:\/\/kayuwriting.com\/cs\/jak-vybrat-hrot-stopu-plneni\/\">Jak vybrat hrot, tlou\u0161\u0165ku a n\u00e1pl\u0148?<\/a><\/p>\n","protected":false},"featured_media":11799,"template":"","meta":[],"product_brand":[],"product_cat":[21],"product_tag":[],"class_list":{"0":"post-11530","1":"product","2":"type-product","3":"status-publish","4":"has-post-thumbnail","6":"product_cat-egino","8":"first","9":"outofstock","10":"shipping-taxable","11":"purchasable","12":"product-type-variable"},"yoast_head":"<!-- This site is optimized with the Yoast SEO plugin v27.3 - https:\/\/yoast.com\/product\/yoast-seo-wordpress\/ -->\n<title>Kayu Egino 3 Mahagon - Kayuwriting - It is #InOurHands<\/title>\n<meta name=\"robots\" content=\"index, follow, max-snippet:-1, max-image-preview:large, max-video-preview:-1\" \/>\n<link rel=\"canonical\" href=\"https:\/\/kayuwriting.com\/cs\/produkt\/kayu-egino-3-mahagomn\/\" \/>\n<meta property=\"og:locale\" content=\"cs_CZ\" \/>\n<meta property=\"og:type\" content=\"article\" \/>\n<meta property=\"og:title\" content=\"Kayu Egino 3 Mahagon - Kayuwriting - It is #InOurHands\" \/>\n<meta property=\"og:description\" content=\"Mahagonov\u00e9 d\u0159evo, proslul\u00e9 svou sytou barvou, jemnou strukturou a hlubokou kulturn\u00ed symbolikou. Jednou z charakteristick\u00fdch vlastnost\u00ed mahagonu je jeho tepl\u00e1, \u010dervenohn\u011bd\u00e1 barva, kter\u00e1 m\u016f\u017ee m\u00edt od tmav\u011b medov\u00e9ho odst\u00ednu a\u017e po syt\u00fd zlatohn\u011bd\u00fd t\u00f3n. Jak d\u0159evo st\u00e1rne, tmavne a z\u00edsk\u00e1v\u00e1 bohat\u0161\u00ed a propracovan\u011bj\u0161\u00ed patinu, tak\u017ee \u010dasem je je\u0161t\u011b vizu\u00e1ln\u011b v\u00fdrazn\u011bj\u0161\u00ed. V duchovn\u00edch a metafyzick\u00fdch souvislostech je mahagon n\u011bkdy spojov\u00e1n s uzem\u0148uj\u00edc\u00ed energi\u00ed. Jeho syt\u00e9 odst\u00edny jsou spojeny s prvkem zem\u011b a symbolizuj\u00ed stabilitu, bezpe\u010d\u00ed a spojen\u00ed s vlastn\u00edmi ko\u0159eny. Dop\u0159ejte sv\u00e9mu psan\u00ed trochu p\u0159\u00edrodn\u00edho uzemn\u011bn\u00ed.    Jak vybrat hrot, tlou\u0161\u0165ku a n\u00e1pl\u0148?\" \/>\n<meta property=\"og:url\" content=\"https:\/\/kayuwriting.com\/cs\/produkt\/kayu-egino-3-mahagomn\/\" \/>\n<meta property=\"og:site_name\" content=\"Kayuwriting - It is #InOurHands\" \/>\n<meta property=\"article:modified_time\" content=\"2026-01-06T13:11:54+00:00\" \/>\n<meta property=\"og:image\" content=\"https:\/\/kayuwriting.com\/wp-content\/uploads\/2025\/03\/egino-mahagon-1.jpg\" \/>\n\t<meta property=\"og:image:width\" content=\"2000\" \/>\n\t<meta property=\"og:image:height\" content=\"2000\" \/>\n\t<meta property=\"og:image:type\" content=\"image\/jpeg\" \/>\n<meta name=\"twitter:card\" content=\"summary_large_image\" \/>\n<meta name=\"twitter:label1\" content=\"Odhadovan\u00e1 doba \u010dten\u00ed\" \/>\n\t<meta name=\"twitter:data1\" content=\"3 minuty\" \/>\n<script type=\"application\/ld+json\" class=\"yoast-schema-graph\">{\"@context\":\"https:\\\/\\\/schema.org\",\"@graph\":[{\"@type\":\"WebPage\",\"@id\":\"https:\\\/\\\/kayuwriting.com\\\/cs\\\/produkt\\\/kayu-egino-3-mahagomn\\\/\",\"url\":\"https:\\\/\\\/kayuwriting.com\\\/cs\\\/produkt\\\/kayu-egino-3-mahagomn\\\/\",\"name\":\"Kayu Egino 3 Mahagon - Kayuwriting - It is #InOurHands\",\"isPartOf\":{\"@id\":\"https:\\\/\\\/kayuwriting.com\\\/cs\\\/#website\"},\"primaryImageOfPage\":{\"@id\":\"https:\\\/\\\/kayuwriting.com\\\/cs\\\/produkt\\\/kayu-egino-3-mahagomn\\\/#primaryimage\"},\"image\":{\"@id\":\"https:\\\/\\\/kayuwriting.com\\\/cs\\\/produkt\\\/kayu-egino-3-mahagomn\\\/#primaryimage\"},\"thumbnailUrl\":\"https:\\\/\\\/kayuwriting.com\\\/wp-content\\\/uploads\\\/2025\\\/03\\\/egino-mahagon-1.jpg\",\"datePublished\":\"2025-03-05T12:13:33+00:00\",\"dateModified\":\"2026-01-06T13:11:54+00:00\",\"breadcrumb\":{\"@id\":\"https:\\\/\\\/kayuwriting.com\\\/cs\\\/produkt\\\/kayu-egino-3-mahagomn\\\/#breadcrumb\"},\"inLanguage\":\"cs\",\"potentialAction\":[{\"@type\":\"ReadAction\",\"target\":[\"https:\\\/\\\/kayuwriting.com\\\/cs\\\/produkt\\\/kayu-egino-3-mahagomn\\\/\"]}]},{\"@type\":\"ImageObject\",\"inLanguage\":\"cs\",\"@id\":\"https:\\\/\\\/kayuwriting.com\\\/cs\\\/produkt\\\/kayu-egino-3-mahagomn\\\/#primaryimage\",\"url\":\"https:\\\/\\\/kayuwriting.com\\\/wp-content\\\/uploads\\\/2025\\\/03\\\/egino-mahagon-1.jpg\",\"contentUrl\":\"https:\\\/\\\/kayuwriting.com\\\/wp-content\\\/uploads\\\/2025\\\/03\\\/egino-mahagon-1.jpg\",\"width\":2000,\"height\":2000},{\"@type\":\"BreadcrumbList\",\"@id\":\"https:\\\/\\\/kayuwriting.com\\\/cs\\\/produkt\\\/kayu-egino-3-mahagomn\\\/#breadcrumb\",\"itemListElement\":[{\"@type\":\"ListItem\",\"position\":1,\"name\":\"Obchod a eshop s plnic\u00edmi a kuli\u010dkov\u00fdmi pery Kayu. M\u00e1me i n\u00e1pln\u011b, z\u00e1pisn\u00edky nebo obaly\",\"item\":\"https:\\\/\\\/kayuwriting.com\\\/cs\\\/obchod\\\/\"},{\"@type\":\"ListItem\",\"position\":2,\"name\":\"Kayu Egino 3 Mahagon\"}]},{\"@type\":\"WebSite\",\"@id\":\"https:\\\/\\\/kayuwriting.com\\\/cs\\\/#website\",\"url\":\"https:\\\/\\\/kayuwriting.com\\\/cs\\\/\",\"name\":\"Kayuwriting - It is #InOurHands\",\"description\":\"\",\"publisher\":{\"@id\":\"https:\\\/\\\/kayuwriting.com\\\/cs\\\/#organization\"},\"potentialAction\":[{\"@type\":\"SearchAction\",\"target\":{\"@type\":\"EntryPoint\",\"urlTemplate\":\"https:\\\/\\\/kayuwriting.com\\\/cs\\\/?s={search_term_string}\"},\"query-input\":{\"@type\":\"PropertyValueSpecification\",\"valueRequired\":true,\"valueName\":\"search_term_string\"}}],\"inLanguage\":\"cs\"},{\"@type\":\"Organization\",\"@id\":\"https:\\\/\\\/kayuwriting.com\\\/cs\\\/#organization\",\"name\":\"Kayuwriting - It is #InOurHands\",\"url\":\"https:\\\/\\\/kayuwriting.com\\\/cs\\\/\",\"logo\":{\"@type\":\"ImageObject\",\"inLanguage\":\"cs\",\"@id\":\"https:\\\/\\\/kayuwriting.com\\\/cs\\\/#\\\/schema\\\/logo\\\/image\\\/\",\"url\":\"https:\\\/\\\/kayuwriting.com\\\/wp-content\\\/uploads\\\/2023\\\/10\\\/KAYU-logo-2023.png\",\"contentUrl\":\"https:\\\/\\\/kayuwriting.com\\\/wp-content\\\/uploads\\\/2023\\\/10\\\/KAYU-logo-2023.png\",\"width\":386,\"height\":117,\"caption\":\"Kayuwriting - It is #InOurHands\"},\"image\":{\"@id\":\"https:\\\/\\\/kayuwriting.com\\\/cs\\\/#\\\/schema\\\/logo\\\/image\\\/\"}}]}<\/script>\n<!-- \/ Yoast SEO plugin. -->","yoast_head_json":{"title":"Kayu Egino 3 Mahagon - Kayuwriting - It is #InOurHands","robots":{"index":"index","follow":"follow","max-snippet":"max-snippet:-1","max-image-preview":"max-image-preview:large","max-video-preview":"max-video-preview:-1"},"canonical":"https:\/\/kayuwriting.com\/cs\/produkt\/kayu-egino-3-mahagomn\/","og_locale":"cs_CZ","og_type":"article","og_title":"Kayu Egino 3 Mahagon - Kayuwriting - It is #InOurHands","og_description":"Mahagonov\u00e9 d\u0159evo, proslul\u00e9 svou sytou barvou, jemnou strukturou a hlubokou kulturn\u00ed symbolikou. Jednou z charakteristick\u00fdch vlastnost\u00ed mahagonu je jeho tepl\u00e1, \u010dervenohn\u011bd\u00e1 barva, kter\u00e1 m\u016f\u017ee m\u00edt od tmav\u011b medov\u00e9ho odst\u00ednu a\u017e po syt\u00fd zlatohn\u011bd\u00fd t\u00f3n. Jak d\u0159evo st\u00e1rne, tmavne a z\u00edsk\u00e1v\u00e1 bohat\u0161\u00ed a propracovan\u011bj\u0161\u00ed patinu, tak\u017ee \u010dasem je je\u0161t\u011b vizu\u00e1ln\u011b v\u00fdrazn\u011bj\u0161\u00ed. V duchovn\u00edch a metafyzick\u00fdch souvislostech je mahagon n\u011bkdy spojov\u00e1n s uzem\u0148uj\u00edc\u00ed energi\u00ed. Jeho syt\u00e9 odst\u00edny jsou spojeny s prvkem zem\u011b a symbolizuj\u00ed stabilitu, bezpe\u010d\u00ed a spojen\u00ed s vlastn\u00edmi ko\u0159eny. Dop\u0159ejte sv\u00e9mu psan\u00ed trochu p\u0159\u00edrodn\u00edho uzemn\u011bn\u00ed.    Jak vybrat hrot, tlou\u0161\u0165ku a n\u00e1pl\u0148?","og_url":"https:\/\/kayuwriting.com\/cs\/produkt\/kayu-egino-3-mahagomn\/","og_site_name":"Kayuwriting - It is #InOurHands","article_modified_time":"2026-01-06T13:11:54+00:00","og_image":[{"width":2000,"height":2000,"url":"https:\/\/kayuwriting.com\/wp-content\/uploads\/2025\/03\/egino-mahagon-1.jpg","type":"image\/jpeg"}],"twitter_card":"summary_large_image","twitter_misc":{"Odhadovan\u00e1 doba \u010dten\u00ed":"3 minuty"},"schema":{"@context":"https:\/\/schema.org","@graph":[{"@type":"WebPage","@id":"https:\/\/kayuwriting.com\/cs\/produkt\/kayu-egino-3-mahagomn\/","url":"https:\/\/kayuwriting.com\/cs\/produkt\/kayu-egino-3-mahagomn\/","name":"Kayu Egino 3 Mahagon - Kayuwriting - It is #InOurHands","isPartOf":{"@id":"https:\/\/kayuwriting.com\/cs\/#website"},"primaryImageOfPage":{"@id":"https:\/\/kayuwriting.com\/cs\/produkt\/kayu-egino-3-mahagomn\/#primaryimage"},"image":{"@id":"https:\/\/kayuwriting.com\/cs\/produkt\/kayu-egino-3-mahagomn\/#primaryimage"},"thumbnailUrl":"https:\/\/kayuwriting.com\/wp-content\/uploads\/2025\/03\/egino-mahagon-1.jpg","datePublished":"2025-03-05T12:13:33+00:00","dateModified":"2026-01-06T13:11:54+00:00","breadcrumb":{"@id":"https:\/\/kayuwriting.com\/cs\/produkt\/kayu-egino-3-mahagomn\/#breadcrumb"},"inLanguage":"cs","potentialAction":[{"@type":"ReadAction","target":["https:\/\/kayuwriting.com\/cs\/produkt\/kayu-egino-3-mahagomn\/"]}]},{"@type":"ImageObject","inLanguage":"cs","@id":"https:\/\/kayuwriting.com\/cs\/produkt\/kayu-egino-3-mahagomn\/#primaryimage","url":"https:\/\/kayuwriting.com\/wp-content\/uploads\/2025\/03\/egino-mahagon-1.jpg","contentUrl":"https:\/\/kayuwriting.com\/wp-content\/uploads\/2025\/03\/egino-mahagon-1.jpg","width":2000,"height":2000},{"@type":"BreadcrumbList","@id":"https:\/\/kayuwriting.com\/cs\/produkt\/kayu-egino-3-mahagomn\/#breadcrumb","itemListElement":[{"@type":"ListItem","position":1,"name":"Obchod a eshop s plnic\u00edmi a kuli\u010dkov\u00fdmi pery Kayu. M\u00e1me i n\u00e1pln\u011b, z\u00e1pisn\u00edky nebo obaly","item":"https:\/\/kayuwriting.com\/cs\/obchod\/"},{"@type":"ListItem","position":2,"name":"Kayu Egino 3 Mahagon"}]},{"@type":"WebSite","@id":"https:\/\/kayuwriting.com\/cs\/#website","url":"https:\/\/kayuwriting.com\/cs\/","name":"Kayuwriting - It is #InOurHands","description":"","publisher":{"@id":"https:\/\/kayuwriting.com\/cs\/#organization"},"potentialAction":[{"@type":"SearchAction","target":{"@type":"EntryPoint","urlTemplate":"https:\/\/kayuwriting.com\/cs\/?s={search_term_string}"},"query-input":{"@type":"PropertyValueSpecification","valueRequired":true,"valueName":"search_term_string"}}],"inLanguage":"cs"},{"@type":"Organization","@id":"https:\/\/kayuwriting.com\/cs\/#organization","name":"Kayuwriting - It is #InOurHands","url":"https:\/\/kayuwriting.com\/cs\/","logo":{"@type":"ImageObject","inLanguage":"cs","@id":"https:\/\/kayuwriting.com\/cs\/#\/schema\/logo\/image\/","url":"https:\/\/kayuwriting.com\/wp-content\/uploads\/2023\/10\/KAYU-logo-2023.png","contentUrl":"https:\/\/kayuwriting.com\/wp-content\/uploads\/2023\/10\/KAYU-logo-2023.png","width":386,"height":117,"caption":"Kayuwriting - It is #InOurHands"},"image":{"@id":"https:\/\/kayuwriting.com\/cs\/#\/schema\/logo\/image\/"}}]}},"_links":{"self":[{"href":"https:\/\/kayuwriting.com\/cs\/wp-json\/wp\/v2\/product\/11530","targetHints":{"allow":["GET"]}}],"collection":[{"href":"https:\/\/kayuwriting.com\/cs\/wp-json\/wp\/v2\/product"}],"about":[{"href":"https:\/\/kayuwriting.com\/cs\/wp-json\/wp\/v2\/types\/product"}],"wp:featuredmedia":[{"embeddable":true,"href":"https:\/\/kayuwriting.com\/cs\/wp-json\/wp\/v2\/media\/11799"}],"wp:attachment":[{"href":"https:\/\/kayuwriting.com\/cs\/wp-json\/wp\/v2\/media?parent=11530"}],"wp:term":[{"taxonomy":"product_brand","embeddable":true,"href":"https:\/\/kayuwriting.com\/cs\/wp-json\/wp\/v2\/product_brand?post=11530"},{"taxonomy":"product_cat","embeddable":true,"href":"https:\/\/kayuwriting.com\/cs\/wp-json\/wp\/v2\/product_cat?post=11530"},{"taxonomy":"product_tag","embeddable":true,"href":"https:\/\/kayuwriting.com\/cs\/wp-json\/wp\/v2\/product_tag?post=11530"}],"curies":[{"name":"wp","href":"https:\/\/api.w.org\/{rel}","templated":true}]}}