{"id":11526,"date":"2025-03-05T12:43:13","date_gmt":"2025-03-05T11:43:13","guid":{"rendered":"https:\/\/kayuwriting.com\/?post_type=product&#038;p=11526"},"modified":"2025-03-10T18:37:13","modified_gmt":"2025-03-10T17:37:13","slug":"kayu-egino-3-massaranduba","status":"publish","type":"product","link":"https:\/\/kayuwriting.com\/cs\/produkt\/kayu-egino-3-massaranduba\/","title":{"rendered":"Kayu Egino 3 Massaranduba"},"content":{"rendered":"<p>Kdy\u017e se pod\u00edv\u00e1te na Egino, vypad\u00e1 v\u016fbec jako pero? Kde jsou v\u0161echny ty v\u011bci, jako je ob\u0159\u00ed \u010depice, klip nebo opulentn\u00ed pozlacen\u00e9 ozdoby? Nejsou tam. A pro\u010d? Proto\u017ee jsou k ni\u010demu. Nejmen\u0161\u00ed v\u00ed\u010dko, kter\u00e9 se n\u00e1m poda\u0159ilo vymyslet, m\u00e1 pouze vyfr\u00e9zovan\u00fd okraj, kter\u00fd zabra\u0148uje odvalov\u00e1n\u00ed a d\u00edky n\u011bmu\u017e na prvn\u00ed dotek pozn\u00e1te, kde je v\u00ed\u010dko na\u0161roubovan\u00e9.<\/p>\n<p>Egino 3 je vybaveno rychl\u00fdm a spolehliv\u00fdm uz\u00e1v\u011brem se star\u00fdmi dobr\u00fdmi z\u00e1vity. Mo\u017en\u00e1 nen\u00ed tak sexy jako magnety nebo plastov\u00e9 kliky, ale bude fungovat stejn\u011b dob\u0159e i za 30 let bez oprav.<\/p>\n<p>Jakmile pero otev\u0159ete, zjist\u00edte, \u017ee va\u0161emu \u00fachopu nic nebr\u00e1n\u00ed. Je to tak p\u0159\u00edjemn\u00e9, kdy\u017e m\u016f\u017eete uchopit pero, kamkoli se v\u00e1m zachce, a \u017e\u00e1dn\u00e9 okraje, nit\u011b nebo podobn\u00e9 nerovnosti v\u00e1m nep\u0159ek\u00e1\u017eej\u00ed. Je tak\u00e9 dokonale vyv\u00e1\u017een\u00fd a jeho t\u011b\u017ei\u0161t\u011b je naklon\u011bno p\u0159esn\u011b ke \u0161pi\u010dce. D\u00edky tomu si u\u017eijete skute\u010dn\u011b vynikaj\u00edc\u00ed ovl\u00e1d\u00e1n\u00ed bez kompromis\u016f.<\/p>\n<p>Egino m\u016f\u017ee ps\u00e1t klasick\u00fdm jemn\u00fdm, st\u0159edn\u00edm nebo tu\u010dn\u00fdm hrotem a jako bonus tak\u00e9 kuli\u010dkov\u00fdm hrotem (M). Z\u00e1le\u017e\u00ed na tom, co v\u00e1m nejl\u00e9pe vyhovuje. V\u0161echny se pln\u00ed konvertorem nebo kazetami standardn\u00ed velikosti, kter\u00e9 se\u017eenete v ka\u017ed\u00e9m dobr\u00e9m pap\u00edrnictv\u00ed. Hroty poch\u00e1zej\u00ed z N\u011bmecka a jsou tak p\u0159esn\u00e9, \u017ee p\u00ed\u0161\u00ed p\u0159i sebemen\u0161\u00edm dotyku s pap\u00edrem.<\/p>\n<p><strong>Vlastnosti d\u0159eva Massaranduba<\/strong><\/p>\n<p>Massaranduba poch\u00e1z\u00ed ze St\u0159edn\u00ed a Ji\u017en\u00ed Ameriky, zejm\u00e9na z amazonsk\u00e9ho de\u0161tn\u00e9ho pralesa, a je ji\u017e dlouho cen\u011bna pro sv\u00e9 praktick\u00e9 i estetick\u00e9 vlastnosti. D\u0159evo Massaranduba m\u00e1 jemnou a stejnom\u011brnou strukturu s p\u0159irozen\u00fdm leskem, kter\u00fd zvy\u0161uje jeho vizu\u00e1ln\u00ed p\u0159ita\u017elivost. Jeho vl\u00e1kno je v\u011bt\u0161inou rovn\u00e9, ale n\u011bkdy m\u016f\u017ee m\u00edt jemn\u00e9 prol\u00ednaj\u00edc\u00ed se vzory, kter\u00e9 p\u0159i le\u0161t\u011bn\u00ed vytv\u00e1\u0159ej\u00ed dojem hloubky.<\/p>\n<p>Hustota d\u0159eva je mimo\u0159\u00e1dn\u011b vysok\u00e1, co\u017e z n\u011bj \u010din\u00ed jedno z nejtvrd\u0161\u00edch a nejodoln\u011bj\u0161\u00edch tropick\u00fdch tvrd\u00fdch d\u0159ev. Tato tvrdost p\u0159isp\u00edv\u00e1 k hladk\u00e9mu povrchu p\u0159i dokon\u010dov\u00e1n\u00ed a umo\u017e\u0148uje massarandub\u011b z\u00edskat bohat\u00fd, leskl\u00fd lesk bez nutnosti nadm\u011brn\u00e9 \u00fapravy. Dal\u0161\u00ed pozoruhodnou vlastnost\u00ed massaranduby je jej\u00ed odolnost v\u016f\u010di stresov\u00fdm faktor\u016fm prost\u0159ed\u00ed.<\/p>\n<h3><strong>Symbolick\u00fd v\u00fdznam d\u0159eva Massaranduba<\/strong><\/h3>\n<p>V historii byla massaranduba spojov\u00e1na se silou, dlouhov\u011bkost\u00ed a vytrvalost\u00ed. V domorod\u00fdch amazonsk\u00fdch kultur\u00e1ch jsou stromy jako <em>Manilkara bidentata<\/em> \u010dasto uct\u00edv\u00e1ny pro svou odolnost a schopnost prosp\u00edvat v n\u00e1ro\u010dn\u00fdch podm\u00ednk\u00e1ch. Proto\u017ee je massaranduba mimo\u0159\u00e1dn\u011b hou\u017eevnat\u00e1 a trvanliv\u00e1, b\u00fdv\u00e1 n\u011bkdy pova\u017eov\u00e1na za metaforu vytrvalosti a neochv\u011bjn\u00e9ho odhodl\u00e1n\u00ed.<\/p>\n<p>Proto\u017ee <em>Manilkara bidentata<\/em> poch\u00e1z\u00ed z Amazonie, je jej\u00ed d\u0159evo n\u011bkdy spojov\u00e1no s duchem de\u0161tn\u00e9ho pralesa. Zt\u011bles\u0148uje prastarou, nezkrotnou s\u00edlu p\u0159\u00edrody a p\u0159ipom\u00edn\u00e1 rovnov\u00e1hu mezi vyu\u017e\u00edv\u00e1n\u00edm \u010dlov\u011bka a ochranou \u017eivotn\u00edho prost\u0159ed\u00ed. V n\u011bkter\u00fdch tradic\u00edch se v\u011b\u0159\u00ed, \u017ee strom poskytuje \u00fato\u010di\u0161t\u011b duch\u016fm nebo chr\u00e1n\u00ed ty, kte\u0159\u00ed hledaj\u00ed \u00fato\u010di\u0161t\u011b pod jeho v\u011btvemi, co\u017e posiluje jeho spojen\u00ed s ochranou a veden\u00edm.<\/p>\n","protected":false},"excerpt":{"rendered":"<p>D\u0159evo Massaranduba, poch\u00e1zej\u00edc\u00ed ze stromu <em>Manilkara bidentata<\/em>, je proslul\u00e9 svou mimo\u0159\u00e1dnou tvrdost\u00ed a syt\u00fdm zbarven\u00edm. Jedn\u00edm z nejv\u00fdrazn\u011bj\u0161\u00edch rys\u016f d\u0159eva massaranduba je jeho syt\u011b \u010derven\u00fd a\u017e purpurov\u011b hn\u011bd\u00fd odst\u00edn, kter\u00fd se \u010dasem postupn\u011b prohlubuje do tmav\u0161\u00edho, t\u00e9m\u011b\u0159 vinn\u00e9ho odst\u00ednu. Tato barevn\u00e1 zm\u011bna dod\u00e1v\u00e1 d\u0159evu elegantn\u00ed a luxusn\u00ed vzhled, d\u00edky \u010demu\u017e je preferov\u00e1no pro \u0161pi\u010dkov\u00e9 designov\u00e9 aplikace. Je p\u0159irozen\u011b velmi odoln\u00fd, co\u017e posiluje jeho pov\u011bst symbolu odolnosti a hou\u017eevnatosti. Pot\u0159ebujete do sv\u00e9ho \u017eivota p\u0159idat \u0161petku asertivity?<\/p>\n<p><a href=\"https:\/\/kayuwriting.com\/cs\/jak-vybrat-hrot-stopu-plneni\/\">Jak vybrat hrot, tlou\u0161\u0165ku a n\u00e1pl\u0148?<\/a><\/p>\n","protected":false},"featured_media":11831,"template":"","meta":[],"product_brand":[],"product_cat":[21],"product_tag":[],"class_list":{"0":"post-11526","1":"product","2":"type-product","3":"status-publish","4":"has-post-thumbnail","6":"product_cat-egino","8":"first","9":"outofstock","10":"shipping-taxable","11":"purchasable","12":"product-type-variable"},"yoast_head":"<!-- This site is optimized with the Yoast SEO plugin v27.3 - https:\/\/yoast.com\/product\/yoast-seo-wordpress\/ -->\n<title>Kayu Egino 3 Massaranduba - Kayuwriting - It is #InOurHands<\/title>\n<meta name=\"robots\" content=\"index, follow, max-snippet:-1, max-image-preview:large, max-video-preview:-1\" \/>\n<link rel=\"canonical\" href=\"https:\/\/kayuwriting.com\/cs\/produkt\/kayu-egino-3-massaranduba\/\" \/>\n<meta property=\"og:locale\" content=\"cs_CZ\" \/>\n<meta property=\"og:type\" content=\"article\" \/>\n<meta property=\"og:title\" content=\"Kayu Egino 3 Massaranduba - Kayuwriting - It is #InOurHands\" \/>\n<meta property=\"og:description\" content=\"D\u0159evo Massaranduba, poch\u00e1zej\u00edc\u00ed ze stromu Manilkara bidentata, je proslul\u00e9 svou mimo\u0159\u00e1dnou tvrdost\u00ed a syt\u00fdm zbarven\u00edm. Jedn\u00edm z nejv\u00fdrazn\u011bj\u0161\u00edch rys\u016f d\u0159eva massaranduba je jeho syt\u011b \u010derven\u00fd a\u017e purpurov\u011b hn\u011bd\u00fd odst\u00edn, kter\u00fd se \u010dasem postupn\u011b prohlubuje do tmav\u0161\u00edho, t\u00e9m\u011b\u0159 vinn\u00e9ho odst\u00ednu. Tato barevn\u00e1 zm\u011bna dod\u00e1v\u00e1 d\u0159evu elegantn\u00ed a luxusn\u00ed vzhled, d\u00edky \u010demu\u017e je preferov\u00e1no pro \u0161pi\u010dkov\u00e9 designov\u00e9 aplikace. Je p\u0159irozen\u011b velmi odoln\u00fd, co\u017e posiluje jeho pov\u011bst symbolu odolnosti a hou\u017eevnatosti. Pot\u0159ebujete do sv\u00e9ho \u017eivota p\u0159idat \u0161petku asertivity?  Jak vybrat hrot, tlou\u0161\u0165ku a n\u00e1pl\u0148?\" \/>\n<meta property=\"og:url\" content=\"https:\/\/kayuwriting.com\/cs\/produkt\/kayu-egino-3-massaranduba\/\" \/>\n<meta property=\"og:site_name\" content=\"Kayuwriting - It is #InOurHands\" \/>\n<meta property=\"article:modified_time\" content=\"2025-03-10T17:37:13+00:00\" \/>\n<meta property=\"og:image\" content=\"https:\/\/kayuwriting.com\/wp-content\/uploads\/2025\/03\/egino-massaranduba-1.jpg\" \/>\n\t<meta property=\"og:image:width\" content=\"2000\" \/>\n\t<meta property=\"og:image:height\" content=\"2000\" \/>\n\t<meta property=\"og:image:type\" content=\"image\/jpeg\" \/>\n<meta name=\"twitter:card\" content=\"summary_large_image\" \/>\n<meta name=\"twitter:label1\" content=\"Odhadovan\u00e1 doba \u010dten\u00ed\" \/>\n\t<meta name=\"twitter:data1\" content=\"3 minuty\" \/>\n<script type=\"application\/ld+json\" class=\"yoast-schema-graph\">{\"@context\":\"https:\\\/\\\/schema.org\",\"@graph\":[{\"@type\":\"WebPage\",\"@id\":\"https:\\\/\\\/kayuwriting.com\\\/cs\\\/produkt\\\/kayu-egino-3-massaranduba\\\/\",\"url\":\"https:\\\/\\\/kayuwriting.com\\\/cs\\\/produkt\\\/kayu-egino-3-massaranduba\\\/\",\"name\":\"Kayu Egino 3 Massaranduba - Kayuwriting - It is #InOurHands\",\"isPartOf\":{\"@id\":\"https:\\\/\\\/kayuwriting.com\\\/cs\\\/#website\"},\"primaryImageOfPage\":{\"@id\":\"https:\\\/\\\/kayuwriting.com\\\/cs\\\/produkt\\\/kayu-egino-3-massaranduba\\\/#primaryimage\"},\"image\":{\"@id\":\"https:\\\/\\\/kayuwriting.com\\\/cs\\\/produkt\\\/kayu-egino-3-massaranduba\\\/#primaryimage\"},\"thumbnailUrl\":\"https:\\\/\\\/kayuwriting.com\\\/wp-content\\\/uploads\\\/2025\\\/03\\\/egino-massaranduba-1.jpg\",\"datePublished\":\"2025-03-05T11:43:13+00:00\",\"dateModified\":\"2025-03-10T17:37:13+00:00\",\"breadcrumb\":{\"@id\":\"https:\\\/\\\/kayuwriting.com\\\/cs\\\/produkt\\\/kayu-egino-3-massaranduba\\\/#breadcrumb\"},\"inLanguage\":\"cs\",\"potentialAction\":[{\"@type\":\"ReadAction\",\"target\":[\"https:\\\/\\\/kayuwriting.com\\\/cs\\\/produkt\\\/kayu-egino-3-massaranduba\\\/\"]}]},{\"@type\":\"ImageObject\",\"inLanguage\":\"cs\",\"@id\":\"https:\\\/\\\/kayuwriting.com\\\/cs\\\/produkt\\\/kayu-egino-3-massaranduba\\\/#primaryimage\",\"url\":\"https:\\\/\\\/kayuwriting.com\\\/wp-content\\\/uploads\\\/2025\\\/03\\\/egino-massaranduba-1.jpg\",\"contentUrl\":\"https:\\\/\\\/kayuwriting.com\\\/wp-content\\\/uploads\\\/2025\\\/03\\\/egino-massaranduba-1.jpg\",\"width\":2000,\"height\":2000},{\"@type\":\"BreadcrumbList\",\"@id\":\"https:\\\/\\\/kayuwriting.com\\\/cs\\\/produkt\\\/kayu-egino-3-massaranduba\\\/#breadcrumb\",\"itemListElement\":[{\"@type\":\"ListItem\",\"position\":1,\"name\":\"Obchod a eshop s plnic\u00edmi a kuli\u010dkov\u00fdmi pery Kayu. M\u00e1me i n\u00e1pln\u011b, z\u00e1pisn\u00edky nebo obaly\",\"item\":\"https:\\\/\\\/kayuwriting.com\\\/cs\\\/obchod\\\/\"},{\"@type\":\"ListItem\",\"position\":2,\"name\":\"Kayu Egino 3 Massaranduba\"}]},{\"@type\":\"WebSite\",\"@id\":\"https:\\\/\\\/kayuwriting.com\\\/cs\\\/#website\",\"url\":\"https:\\\/\\\/kayuwriting.com\\\/cs\\\/\",\"name\":\"Kayuwriting - It is #InOurHands\",\"description\":\"\",\"publisher\":{\"@id\":\"https:\\\/\\\/kayuwriting.com\\\/cs\\\/#organization\"},\"potentialAction\":[{\"@type\":\"SearchAction\",\"target\":{\"@type\":\"EntryPoint\",\"urlTemplate\":\"https:\\\/\\\/kayuwriting.com\\\/cs\\\/?s={search_term_string}\"},\"query-input\":{\"@type\":\"PropertyValueSpecification\",\"valueRequired\":true,\"valueName\":\"search_term_string\"}}],\"inLanguage\":\"cs\"},{\"@type\":\"Organization\",\"@id\":\"https:\\\/\\\/kayuwriting.com\\\/cs\\\/#organization\",\"name\":\"Kayuwriting - It is #InOurHands\",\"url\":\"https:\\\/\\\/kayuwriting.com\\\/cs\\\/\",\"logo\":{\"@type\":\"ImageObject\",\"inLanguage\":\"cs\",\"@id\":\"https:\\\/\\\/kayuwriting.com\\\/cs\\\/#\\\/schema\\\/logo\\\/image\\\/\",\"url\":\"https:\\\/\\\/kayuwriting.com\\\/wp-content\\\/uploads\\\/2023\\\/10\\\/KAYU-logo-2023.png\",\"contentUrl\":\"https:\\\/\\\/kayuwriting.com\\\/wp-content\\\/uploads\\\/2023\\\/10\\\/KAYU-logo-2023.png\",\"width\":386,\"height\":117,\"caption\":\"Kayuwriting - It is #InOurHands\"},\"image\":{\"@id\":\"https:\\\/\\\/kayuwriting.com\\\/cs\\\/#\\\/schema\\\/logo\\\/image\\\/\"}}]}<\/script>\n<!-- \/ Yoast SEO plugin. -->","yoast_head_json":{"title":"Kayu Egino 3 Massaranduba - Kayuwriting - It is #InOurHands","robots":{"index":"index","follow":"follow","max-snippet":"max-snippet:-1","max-image-preview":"max-image-preview:large","max-video-preview":"max-video-preview:-1"},"canonical":"https:\/\/kayuwriting.com\/cs\/produkt\/kayu-egino-3-massaranduba\/","og_locale":"cs_CZ","og_type":"article","og_title":"Kayu Egino 3 Massaranduba - Kayuwriting - It is #InOurHands","og_description":"D\u0159evo Massaranduba, poch\u00e1zej\u00edc\u00ed ze stromu Manilkara bidentata, je proslul\u00e9 svou mimo\u0159\u00e1dnou tvrdost\u00ed a syt\u00fdm zbarven\u00edm. Jedn\u00edm z nejv\u00fdrazn\u011bj\u0161\u00edch rys\u016f d\u0159eva massaranduba je jeho syt\u011b \u010derven\u00fd a\u017e purpurov\u011b hn\u011bd\u00fd odst\u00edn, kter\u00fd se \u010dasem postupn\u011b prohlubuje do tmav\u0161\u00edho, t\u00e9m\u011b\u0159 vinn\u00e9ho odst\u00ednu. Tato barevn\u00e1 zm\u011bna dod\u00e1v\u00e1 d\u0159evu elegantn\u00ed a luxusn\u00ed vzhled, d\u00edky \u010demu\u017e je preferov\u00e1no pro \u0161pi\u010dkov\u00e9 designov\u00e9 aplikace. Je p\u0159irozen\u011b velmi odoln\u00fd, co\u017e posiluje jeho pov\u011bst symbolu odolnosti a hou\u017eevnatosti. Pot\u0159ebujete do sv\u00e9ho \u017eivota p\u0159idat \u0161petku asertivity?  Jak vybrat hrot, tlou\u0161\u0165ku a n\u00e1pl\u0148?","og_url":"https:\/\/kayuwriting.com\/cs\/produkt\/kayu-egino-3-massaranduba\/","og_site_name":"Kayuwriting - It is #InOurHands","article_modified_time":"2025-03-10T17:37:13+00:00","og_image":[{"width":2000,"height":2000,"url":"https:\/\/kayuwriting.com\/wp-content\/uploads\/2025\/03\/egino-massaranduba-1.jpg","type":"image\/jpeg"}],"twitter_card":"summary_large_image","twitter_misc":{"Odhadovan\u00e1 doba \u010dten\u00ed":"3 minuty"},"schema":{"@context":"https:\/\/schema.org","@graph":[{"@type":"WebPage","@id":"https:\/\/kayuwriting.com\/cs\/produkt\/kayu-egino-3-massaranduba\/","url":"https:\/\/kayuwriting.com\/cs\/produkt\/kayu-egino-3-massaranduba\/","name":"Kayu Egino 3 Massaranduba - Kayuwriting - It is #InOurHands","isPartOf":{"@id":"https:\/\/kayuwriting.com\/cs\/#website"},"primaryImageOfPage":{"@id":"https:\/\/kayuwriting.com\/cs\/produkt\/kayu-egino-3-massaranduba\/#primaryimage"},"image":{"@id":"https:\/\/kayuwriting.com\/cs\/produkt\/kayu-egino-3-massaranduba\/#primaryimage"},"thumbnailUrl":"https:\/\/kayuwriting.com\/wp-content\/uploads\/2025\/03\/egino-massaranduba-1.jpg","datePublished":"2025-03-05T11:43:13+00:00","dateModified":"2025-03-10T17:37:13+00:00","breadcrumb":{"@id":"https:\/\/kayuwriting.com\/cs\/produkt\/kayu-egino-3-massaranduba\/#breadcrumb"},"inLanguage":"cs","potentialAction":[{"@type":"ReadAction","target":["https:\/\/kayuwriting.com\/cs\/produkt\/kayu-egino-3-massaranduba\/"]}]},{"@type":"ImageObject","inLanguage":"cs","@id":"https:\/\/kayuwriting.com\/cs\/produkt\/kayu-egino-3-massaranduba\/#primaryimage","url":"https:\/\/kayuwriting.com\/wp-content\/uploads\/2025\/03\/egino-massaranduba-1.jpg","contentUrl":"https:\/\/kayuwriting.com\/wp-content\/uploads\/2025\/03\/egino-massaranduba-1.jpg","width":2000,"height":2000},{"@type":"BreadcrumbList","@id":"https:\/\/kayuwriting.com\/cs\/produkt\/kayu-egino-3-massaranduba\/#breadcrumb","itemListElement":[{"@type":"ListItem","position":1,"name":"Obchod a eshop s plnic\u00edmi a kuli\u010dkov\u00fdmi pery Kayu. M\u00e1me i n\u00e1pln\u011b, z\u00e1pisn\u00edky nebo obaly","item":"https:\/\/kayuwriting.com\/cs\/obchod\/"},{"@type":"ListItem","position":2,"name":"Kayu Egino 3 Massaranduba"}]},{"@type":"WebSite","@id":"https:\/\/kayuwriting.com\/cs\/#website","url":"https:\/\/kayuwriting.com\/cs\/","name":"Kayuwriting - It is #InOurHands","description":"","publisher":{"@id":"https:\/\/kayuwriting.com\/cs\/#organization"},"potentialAction":[{"@type":"SearchAction","target":{"@type":"EntryPoint","urlTemplate":"https:\/\/kayuwriting.com\/cs\/?s={search_term_string}"},"query-input":{"@type":"PropertyValueSpecification","valueRequired":true,"valueName":"search_term_string"}}],"inLanguage":"cs"},{"@type":"Organization","@id":"https:\/\/kayuwriting.com\/cs\/#organization","name":"Kayuwriting - It is #InOurHands","url":"https:\/\/kayuwriting.com\/cs\/","logo":{"@type":"ImageObject","inLanguage":"cs","@id":"https:\/\/kayuwriting.com\/cs\/#\/schema\/logo\/image\/","url":"https:\/\/kayuwriting.com\/wp-content\/uploads\/2023\/10\/KAYU-logo-2023.png","contentUrl":"https:\/\/kayuwriting.com\/wp-content\/uploads\/2023\/10\/KAYU-logo-2023.png","width":386,"height":117,"caption":"Kayuwriting - It is #InOurHands"},"image":{"@id":"https:\/\/kayuwriting.com\/cs\/#\/schema\/logo\/image\/"}}]}},"_links":{"self":[{"href":"https:\/\/kayuwriting.com\/cs\/wp-json\/wp\/v2\/product\/11526","targetHints":{"allow":["GET"]}}],"collection":[{"href":"https:\/\/kayuwriting.com\/cs\/wp-json\/wp\/v2\/product"}],"about":[{"href":"https:\/\/kayuwriting.com\/cs\/wp-json\/wp\/v2\/types\/product"}],"wp:featuredmedia":[{"embeddable":true,"href":"https:\/\/kayuwriting.com\/cs\/wp-json\/wp\/v2\/media\/11831"}],"wp:attachment":[{"href":"https:\/\/kayuwriting.com\/cs\/wp-json\/wp\/v2\/media?parent=11526"}],"wp:term":[{"taxonomy":"product_brand","embeddable":true,"href":"https:\/\/kayuwriting.com\/cs\/wp-json\/wp\/v2\/product_brand?post=11526"},{"taxonomy":"product_cat","embeddable":true,"href":"https:\/\/kayuwriting.com\/cs\/wp-json\/wp\/v2\/product_cat?post=11526"},{"taxonomy":"product_tag","embeddable":true,"href":"https:\/\/kayuwriting.com\/cs\/wp-json\/wp\/v2\/product_tag?post=11526"}],"curies":[{"name":"wp","href":"https:\/\/api.w.org\/{rel}","templated":true}]}}