{"id":11524,"date":"2025-03-04T16:04:02","date_gmt":"2025-03-04T15:04:02","guid":{"rendered":"https:\/\/kayuwriting.com\/?post_type=product&#038;p=11524"},"modified":"2025-08-06T11:27:36","modified_gmt":"2025-08-06T09:27:36","slug":"kayu-egino-3-kokosova-palma","status":"publish","type":"product","link":"https:\/\/kayuwriting.com\/cs\/produkt\/kayu-egino-3-kokosova-palma\/","title":{"rendered":"Kayu Egino 3 Kokosov\u00e1 palma"},"content":{"rendered":"<p>Kdy\u017e se pod\u00edv\u00e1te na Egino, vypad\u00e1 v\u016fbec jako pero? Kde jsou v\u0161echny ty v\u011bci jako ob\u0159\u00ed v\u00ed\u010dko, klip nebo opulentn\u00ed pozlacen\u00e9 ozdoby? Nejsou tam. A pro\u010d? Proto\u017ee jsou k ni\u010demu. Nejmen\u0161\u00ed v\u00ed\u010dko, kter\u00e9 se n\u00e1m poda\u0159ilo vymyslet, m\u00e1 pouze vyfr\u00e9zovanou hranu, kter\u00e1 zabra\u0148uje kut\u00e1len\u00ed a d\u00edky n\u00ed\u017e na prvn\u00ed dotek pozn\u00e1te, kde se v\u00ed\u010dko \u0161roubuje.     <\/p>\n<p>Egino 3 je vybaveno rychl\u00fdm a spolehliv\u00fdm v\u00ed\u010dkem se star\u00fdmi dobr\u00fdmi z\u00e1vity. Mo\u017en\u00e1 nen\u00ed tak sexy jako magnety nebo plastov\u00e9 klik\u00e1\u010dky, ale zase bude fungovat stejn\u011b dob\u0159e i za 30 let bez oprav. <\/p>\n<p>Jakmile pero otev\u0159ete, zjist\u00edte, \u017ee va\u0161emu \u00fachopu nic nebr\u00e1n\u00ed. Je to tak p\u0159\u00edjemn\u00e9, kdy\u017e m\u016f\u017eete pero uchopit, kdekoli se v\u00e1m zachce, a \u017e\u00e1dn\u00e9 hrany, z\u00e1vity nebo podobn\u00e9 nerovnosti v\u00e1m nep\u0159ek\u00e1\u017eej\u00ed. Je tak\u00e9 dokonale vyv\u00e1\u017een\u00e9 s t\u011b\u017ei\u0161t\u011bm naklon\u011bn\u00fdm tak akor\u00e1t k hrotu. D\u00edky tomu si u\u017eijete skute\u010dn\u011b vynikaj\u00edc\u00ed ovladatelnost bez kompromis\u016f.   <\/p>\n<p>Egino m\u016f\u017ee ps\u00e1t klasick\u00fdm tenk\u00fdm (F), st\u0159edn\u00edm (M) nebo siln\u00fdm (B) hrotem a jako bonus tak\u00e9 kuli\u010dkov\u00fdm hrotem (M). Z\u00e1le\u017e\u00ed na tom, co v\u00e1m vyhovuje nejv\u00edce. V\u0161echna pera se pln\u00ed konvertorem nebo bombi\u010dkami standardn\u00ed velikosti, kter\u00e9 se\u017eenete v ka\u017ed\u00e9m dobr\u00e9m pap\u00edrnictv\u00ed. Hroty poch\u00e1zej\u00ed z N\u011bmecka a jsou tak p\u0159esn\u00e9, \u017ee p\u00ed\u0161\u00ed p\u0159i sebemen\u0161\u00edm dotyku s pap\u00edrem.   <\/p>\n<p><strong>Vlastnosti d\u0159eva Kokosov\u00e9 palmy<\/strong><\/p>\n<p>D\u0159evo kokosov\u00e9 palmy je zn\u00e1m\u00e9 svou trvanlivost\u00ed a hustotou. Struktura d\u0159eva je hrub\u00e1 a v\u00fdrazn\u00e1, ale p\u0159i spr\u00e1vn\u00e9m o\u0161et\u0159en\u00ed se objev\u00ed hladk\u00fd povrch, kter\u00fd podtrhne jeho p\u0159irozenou kr\u00e1su. Kokosov\u00e9 d\u0159evo je nav\u00edc trvale udr\u017eiteln\u00e9.  <\/p>\n<p>Krom\u011b praktick\u00e9ho vyu\u017eit\u00ed si kokosov\u00e9 d\u0159evo z\u00edskalo oblibu p\u0159i v\u00fdrob\u011b ekologick\u00fdch v\u00fdrobk\u016f. Vzhledem k tomu, \u017ee kokosov\u00e1 palma m\u00e1 \u017eivotnost p\u0159ibli\u017en\u011b 60-80 let, jej\u00ed d\u0159evo se \u010dasto z\u00edsk\u00e1v\u00e1 ze star\u0161\u00edch strom\u016f, kter\u00e9 ji\u017e nejsou produktivn\u00ed pro sklize\u0148 kokosov\u00fdch o\u0159ech\u016f, \u010d\u00edm\u017e je zaji\u0161t\u011bn minim\u00e1ln\u00ed dopad na \u017eivotn\u00ed prost\u0159ed\u00ed. Vzhledem k tomu, \u017ee sv\u011bt st\u00e1le v\u00edce up\u0159ednost\u0148uje udr\u017eitelnost, je kokosov\u00e9 d\u0159evo d\u00edky sv\u00fdm ekologick\u00fdm vlastnostem vyhled\u00e1vanou alternativou k tradi\u010dn\u011bj\u0161\u00edm druh\u016fm tvrd\u00e9ho d\u0159eva. D\u00edky sv\u00e9 rezonanci a akustick\u00fdm vlastnostem se pou\u017e\u00edv\u00e1 tak\u00e9 p\u0159i v\u00fdrob\u011b hudebn\u00edch n\u00e1stroj\u016f, nap\u0159\u00edklad bubn\u016f.   <\/p>\n<p><strong>Symbolika d\u0159eva Kokosov\u00e9 palmy<\/strong><\/p>\n<p>Kokosov\u00e9 palmy a jejich d\u0159evo maj\u00ed v\u00fdznamnou symbolickou hodnotu, zejm\u00e9na v kultur\u00e1ch nach\u00e1zej\u00edc\u00edch se v tropick\u00fdch oblastech. Strom s\u00e1m o sob\u011b p\u0159edstavuje odolnost, proto\u017ee se mu da\u0159\u00ed v drsn\u00fdch podm\u00ednk\u00e1ch, jako jsou slan\u00e9 pob\u0159e\u017en\u00ed p\u016fdy a oblasti ohro\u017een\u00e9 suchem. V hinduismu je kokosov\u00e1 palma pova\u017eov\u00e1na za posv\u00e1tnou a symbolizuje prosperitu a blahobyt. D\u0159evo kokosov\u00e9 palmy je proto \u010dasto spojov\u00e1no s duchovn\u00ed symbolikou a pou\u017e\u00edv\u00e1 se p\u0159i n\u00e1bo\u017eensk\u00fdch ritu\u00e1lech a ob\u011btin\u00e1ch. Podobn\u011b v r\u016fzn\u00fdch kultur\u00e1ch tichomo\u0159sk\u00fdch ostrov\u016f zauj\u00edm\u00e1 kokosov\u00e1 palma uct\u00edvan\u00e9 m\u00edsto v mytologii a tradic\u00edch a p\u0159edstavuje ob\u017eivu a vz\u00e1jemn\u00e9 propojen\u00ed \u017eivota.    <\/p>\n","protected":false},"excerpt":{"rendered":"<p>D\u0159evo kokosov\u00e9 palmy (Cocos nucifera) je jedine\u010dn\u00fdm a cenn\u00fdm materi\u00e1lem, kter\u00fd je ve srovn\u00e1n\u00ed s jin\u00fdmi tvrd\u00fdmi d\u0159evinami \u010dasto podce\u0148ov\u00e1n. D\u0159evo je nejen robustn\u00ed, ale m\u00e1 tak\u00e9 v\u00fdraznou kresbu, kter\u00e1 se pohybuje od rovn\u00e9 po spir\u00e1lovitou, co\u017e dod\u00e1v\u00e1 neopakovateln\u00fd estetick\u00fd efekt ka\u017ed\u00e9mu peru z n\u011bj vyroben\u00e9mu. V mnoha \u010d\u00e1stech jihov\u00fdchodn\u00ed Asie je kokosov\u00e1 palma uct\u00edv\u00e1na jako symbol \u017eivota a plodnosti d\u00edky hojnosti zdroj\u016f, kter\u00e9 poskytuje. Chcete do sv\u00e9ho psan\u00ed vn\u00e9st trochu v\u00edce \u017eivota?   <\/p>\n<p><a href=\"https:\/\/kayuwriting.com\/cs\/jak-vybrat-hrot-stopu-plneni\/\">Jak vybrat hrot, tlou\u0161\u0165ku a n\u00e1pl\u0148?<\/a><\/p>\n","protected":false},"featured_media":11783,"template":"","meta":[],"product_brand":[],"product_cat":[21],"product_tag":[],"class_list":{"0":"post-11524","1":"product","2":"type-product","3":"status-publish","4":"has-post-thumbnail","6":"product_cat-egino","8":"first","9":"outofstock","10":"shipping-taxable","11":"product-type-simple"},"yoast_head":"<!-- This site is optimized with the Yoast SEO plugin v27.3 - https:\/\/yoast.com\/product\/yoast-seo-wordpress\/ -->\n<title>Kayu Egino 3 Kokosov\u00e1 palma - Kayuwriting - It is #InOurHands<\/title>\n<meta name=\"robots\" content=\"index, follow, max-snippet:-1, max-image-preview:large, max-video-preview:-1\" \/>\n<link rel=\"canonical\" href=\"https:\/\/kayuwriting.com\/cs\/produkt\/kayu-egino-3-kokosova-palma\/\" \/>\n<meta property=\"og:locale\" content=\"cs_CZ\" \/>\n<meta property=\"og:type\" content=\"article\" \/>\n<meta property=\"og:title\" content=\"Kayu Egino 3 Kokosov\u00e1 palma - Kayuwriting - It is #InOurHands\" \/>\n<meta property=\"og:description\" content=\"D\u0159evo kokosov\u00e9 palmy (Cocos nucifera) je jedine\u010dn\u00fdm a cenn\u00fdm materi\u00e1lem, kter\u00fd je ve srovn\u00e1n\u00ed s jin\u00fdmi tvrd\u00fdmi d\u0159evinami \u010dasto podce\u0148ov\u00e1n. D\u0159evo je nejen robustn\u00ed, ale m\u00e1 tak\u00e9 v\u00fdraznou kresbu, kter\u00e1 se pohybuje od rovn\u00e9 po spir\u00e1lovitou, co\u017e dod\u00e1v\u00e1 neopakovateln\u00fd estetick\u00fd efekt ka\u017ed\u00e9mu peru z n\u011bj vyroben\u00e9mu. V mnoha \u010d\u00e1stech jihov\u00fdchodn\u00ed Asie je kokosov\u00e1 palma uct\u00edv\u00e1na jako symbol \u017eivota a plodnosti d\u00edky hojnosti zdroj\u016f, kter\u00e9 poskytuje. Chcete do sv\u00e9ho psan\u00ed vn\u00e9st trochu v\u00edce \u017eivota?   Jak vybrat hrot, tlou\u0161\u0165ku a n\u00e1pl\u0148?\" \/>\n<meta property=\"og:url\" content=\"https:\/\/kayuwriting.com\/cs\/produkt\/kayu-egino-3-kokosova-palma\/\" \/>\n<meta property=\"og:site_name\" content=\"Kayuwriting - It is #InOurHands\" \/>\n<meta property=\"article:modified_time\" content=\"2025-08-06T09:27:36+00:00\" \/>\n<meta property=\"og:image\" content=\"https:\/\/kayuwriting.com\/wp-content\/uploads\/2025\/03\/egino-kokos-1.jpg\" \/>\n\t<meta property=\"og:image:width\" content=\"2000\" \/>\n\t<meta property=\"og:image:height\" content=\"2000\" \/>\n\t<meta property=\"og:image:type\" content=\"image\/jpeg\" \/>\n<meta name=\"twitter:card\" content=\"summary_large_image\" \/>\n<meta name=\"twitter:label1\" content=\"Odhadovan\u00e1 doba \u010dten\u00ed\" \/>\n\t<meta name=\"twitter:data1\" content=\"3 minuty\" \/>\n<script type=\"application\/ld+json\" class=\"yoast-schema-graph\">{\"@context\":\"https:\\\/\\\/schema.org\",\"@graph\":[{\"@type\":\"WebPage\",\"@id\":\"https:\\\/\\\/kayuwriting.com\\\/cs\\\/produkt\\\/kayu-egino-3-kokosova-palma\\\/\",\"url\":\"https:\\\/\\\/kayuwriting.com\\\/cs\\\/produkt\\\/kayu-egino-3-kokosova-palma\\\/\",\"name\":\"Kayu Egino 3 Kokosov\u00e1 palma - Kayuwriting - It is #InOurHands\",\"isPartOf\":{\"@id\":\"https:\\\/\\\/kayuwriting.com\\\/cs\\\/#website\"},\"primaryImageOfPage\":{\"@id\":\"https:\\\/\\\/kayuwriting.com\\\/cs\\\/produkt\\\/kayu-egino-3-kokosova-palma\\\/#primaryimage\"},\"image\":{\"@id\":\"https:\\\/\\\/kayuwriting.com\\\/cs\\\/produkt\\\/kayu-egino-3-kokosova-palma\\\/#primaryimage\"},\"thumbnailUrl\":\"https:\\\/\\\/kayuwriting.com\\\/wp-content\\\/uploads\\\/2025\\\/03\\\/egino-kokos-1.jpg\",\"datePublished\":\"2025-03-04T15:04:02+00:00\",\"dateModified\":\"2025-08-06T09:27:36+00:00\",\"breadcrumb\":{\"@id\":\"https:\\\/\\\/kayuwriting.com\\\/cs\\\/produkt\\\/kayu-egino-3-kokosova-palma\\\/#breadcrumb\"},\"inLanguage\":\"cs\",\"potentialAction\":[{\"@type\":\"ReadAction\",\"target\":[\"https:\\\/\\\/kayuwriting.com\\\/cs\\\/produkt\\\/kayu-egino-3-kokosova-palma\\\/\"]}]},{\"@type\":\"ImageObject\",\"inLanguage\":\"cs\",\"@id\":\"https:\\\/\\\/kayuwriting.com\\\/cs\\\/produkt\\\/kayu-egino-3-kokosova-palma\\\/#primaryimage\",\"url\":\"https:\\\/\\\/kayuwriting.com\\\/wp-content\\\/uploads\\\/2025\\\/03\\\/egino-kokos-1.jpg\",\"contentUrl\":\"https:\\\/\\\/kayuwriting.com\\\/wp-content\\\/uploads\\\/2025\\\/03\\\/egino-kokos-1.jpg\",\"width\":2000,\"height\":2000},{\"@type\":\"BreadcrumbList\",\"@id\":\"https:\\\/\\\/kayuwriting.com\\\/cs\\\/produkt\\\/kayu-egino-3-kokosova-palma\\\/#breadcrumb\",\"itemListElement\":[{\"@type\":\"ListItem\",\"position\":1,\"name\":\"Obchod a eshop s plnic\u00edmi a kuli\u010dkov\u00fdmi pery Kayu. M\u00e1me i n\u00e1pln\u011b, z\u00e1pisn\u00edky nebo obaly\",\"item\":\"https:\\\/\\\/kayuwriting.com\\\/cs\\\/obchod\\\/\"},{\"@type\":\"ListItem\",\"position\":2,\"name\":\"Kayu Egino 3 Kokosov\u00e1 palma\"}]},{\"@type\":\"WebSite\",\"@id\":\"https:\\\/\\\/kayuwriting.com\\\/cs\\\/#website\",\"url\":\"https:\\\/\\\/kayuwriting.com\\\/cs\\\/\",\"name\":\"Kayuwriting - It is #InOurHands\",\"description\":\"\",\"publisher\":{\"@id\":\"https:\\\/\\\/kayuwriting.com\\\/cs\\\/#organization\"},\"potentialAction\":[{\"@type\":\"SearchAction\",\"target\":{\"@type\":\"EntryPoint\",\"urlTemplate\":\"https:\\\/\\\/kayuwriting.com\\\/cs\\\/?s={search_term_string}\"},\"query-input\":{\"@type\":\"PropertyValueSpecification\",\"valueRequired\":true,\"valueName\":\"search_term_string\"}}],\"inLanguage\":\"cs\"},{\"@type\":\"Organization\",\"@id\":\"https:\\\/\\\/kayuwriting.com\\\/cs\\\/#organization\",\"name\":\"Kayuwriting - It is #InOurHands\",\"url\":\"https:\\\/\\\/kayuwriting.com\\\/cs\\\/\",\"logo\":{\"@type\":\"ImageObject\",\"inLanguage\":\"cs\",\"@id\":\"https:\\\/\\\/kayuwriting.com\\\/cs\\\/#\\\/schema\\\/logo\\\/image\\\/\",\"url\":\"https:\\\/\\\/kayuwriting.com\\\/wp-content\\\/uploads\\\/2023\\\/10\\\/KAYU-logo-2023.png\",\"contentUrl\":\"https:\\\/\\\/kayuwriting.com\\\/wp-content\\\/uploads\\\/2023\\\/10\\\/KAYU-logo-2023.png\",\"width\":386,\"height\":117,\"caption\":\"Kayuwriting - It is #InOurHands\"},\"image\":{\"@id\":\"https:\\\/\\\/kayuwriting.com\\\/cs\\\/#\\\/schema\\\/logo\\\/image\\\/\"}}]}<\/script>\n<!-- \/ Yoast SEO plugin. -->","yoast_head_json":{"title":"Kayu Egino 3 Kokosov\u00e1 palma - Kayuwriting - It is #InOurHands","robots":{"index":"index","follow":"follow","max-snippet":"max-snippet:-1","max-image-preview":"max-image-preview:large","max-video-preview":"max-video-preview:-1"},"canonical":"https:\/\/kayuwriting.com\/cs\/produkt\/kayu-egino-3-kokosova-palma\/","og_locale":"cs_CZ","og_type":"article","og_title":"Kayu Egino 3 Kokosov\u00e1 palma - Kayuwriting - It is #InOurHands","og_description":"D\u0159evo kokosov\u00e9 palmy (Cocos nucifera) je jedine\u010dn\u00fdm a cenn\u00fdm materi\u00e1lem, kter\u00fd je ve srovn\u00e1n\u00ed s jin\u00fdmi tvrd\u00fdmi d\u0159evinami \u010dasto podce\u0148ov\u00e1n. D\u0159evo je nejen robustn\u00ed, ale m\u00e1 tak\u00e9 v\u00fdraznou kresbu, kter\u00e1 se pohybuje od rovn\u00e9 po spir\u00e1lovitou, co\u017e dod\u00e1v\u00e1 neopakovateln\u00fd estetick\u00fd efekt ka\u017ed\u00e9mu peru z n\u011bj vyroben\u00e9mu. V mnoha \u010d\u00e1stech jihov\u00fdchodn\u00ed Asie je kokosov\u00e1 palma uct\u00edv\u00e1na jako symbol \u017eivota a plodnosti d\u00edky hojnosti zdroj\u016f, kter\u00e9 poskytuje. Chcete do sv\u00e9ho psan\u00ed vn\u00e9st trochu v\u00edce \u017eivota?   Jak vybrat hrot, tlou\u0161\u0165ku a n\u00e1pl\u0148?","og_url":"https:\/\/kayuwriting.com\/cs\/produkt\/kayu-egino-3-kokosova-palma\/","og_site_name":"Kayuwriting - It is #InOurHands","article_modified_time":"2025-08-06T09:27:36+00:00","og_image":[{"width":2000,"height":2000,"url":"https:\/\/kayuwriting.com\/wp-content\/uploads\/2025\/03\/egino-kokos-1.jpg","type":"image\/jpeg"}],"twitter_card":"summary_large_image","twitter_misc":{"Odhadovan\u00e1 doba \u010dten\u00ed":"3 minuty"},"schema":{"@context":"https:\/\/schema.org","@graph":[{"@type":"WebPage","@id":"https:\/\/kayuwriting.com\/cs\/produkt\/kayu-egino-3-kokosova-palma\/","url":"https:\/\/kayuwriting.com\/cs\/produkt\/kayu-egino-3-kokosova-palma\/","name":"Kayu Egino 3 Kokosov\u00e1 palma - Kayuwriting - It is #InOurHands","isPartOf":{"@id":"https:\/\/kayuwriting.com\/cs\/#website"},"primaryImageOfPage":{"@id":"https:\/\/kayuwriting.com\/cs\/produkt\/kayu-egino-3-kokosova-palma\/#primaryimage"},"image":{"@id":"https:\/\/kayuwriting.com\/cs\/produkt\/kayu-egino-3-kokosova-palma\/#primaryimage"},"thumbnailUrl":"https:\/\/kayuwriting.com\/wp-content\/uploads\/2025\/03\/egino-kokos-1.jpg","datePublished":"2025-03-04T15:04:02+00:00","dateModified":"2025-08-06T09:27:36+00:00","breadcrumb":{"@id":"https:\/\/kayuwriting.com\/cs\/produkt\/kayu-egino-3-kokosova-palma\/#breadcrumb"},"inLanguage":"cs","potentialAction":[{"@type":"ReadAction","target":["https:\/\/kayuwriting.com\/cs\/produkt\/kayu-egino-3-kokosova-palma\/"]}]},{"@type":"ImageObject","inLanguage":"cs","@id":"https:\/\/kayuwriting.com\/cs\/produkt\/kayu-egino-3-kokosova-palma\/#primaryimage","url":"https:\/\/kayuwriting.com\/wp-content\/uploads\/2025\/03\/egino-kokos-1.jpg","contentUrl":"https:\/\/kayuwriting.com\/wp-content\/uploads\/2025\/03\/egino-kokos-1.jpg","width":2000,"height":2000},{"@type":"BreadcrumbList","@id":"https:\/\/kayuwriting.com\/cs\/produkt\/kayu-egino-3-kokosova-palma\/#breadcrumb","itemListElement":[{"@type":"ListItem","position":1,"name":"Obchod a eshop s plnic\u00edmi a kuli\u010dkov\u00fdmi pery Kayu. M\u00e1me i n\u00e1pln\u011b, z\u00e1pisn\u00edky nebo obaly","item":"https:\/\/kayuwriting.com\/cs\/obchod\/"},{"@type":"ListItem","position":2,"name":"Kayu Egino 3 Kokosov\u00e1 palma"}]},{"@type":"WebSite","@id":"https:\/\/kayuwriting.com\/cs\/#website","url":"https:\/\/kayuwriting.com\/cs\/","name":"Kayuwriting - It is #InOurHands","description":"","publisher":{"@id":"https:\/\/kayuwriting.com\/cs\/#organization"},"potentialAction":[{"@type":"SearchAction","target":{"@type":"EntryPoint","urlTemplate":"https:\/\/kayuwriting.com\/cs\/?s={search_term_string}"},"query-input":{"@type":"PropertyValueSpecification","valueRequired":true,"valueName":"search_term_string"}}],"inLanguage":"cs"},{"@type":"Organization","@id":"https:\/\/kayuwriting.com\/cs\/#organization","name":"Kayuwriting - It is #InOurHands","url":"https:\/\/kayuwriting.com\/cs\/","logo":{"@type":"ImageObject","inLanguage":"cs","@id":"https:\/\/kayuwriting.com\/cs\/#\/schema\/logo\/image\/","url":"https:\/\/kayuwriting.com\/wp-content\/uploads\/2023\/10\/KAYU-logo-2023.png","contentUrl":"https:\/\/kayuwriting.com\/wp-content\/uploads\/2023\/10\/KAYU-logo-2023.png","width":386,"height":117,"caption":"Kayuwriting - It is #InOurHands"},"image":{"@id":"https:\/\/kayuwriting.com\/cs\/#\/schema\/logo\/image\/"}}]}},"_links":{"self":[{"href":"https:\/\/kayuwriting.com\/cs\/wp-json\/wp\/v2\/product\/11524","targetHints":{"allow":["GET"]}}],"collection":[{"href":"https:\/\/kayuwriting.com\/cs\/wp-json\/wp\/v2\/product"}],"about":[{"href":"https:\/\/kayuwriting.com\/cs\/wp-json\/wp\/v2\/types\/product"}],"wp:featuredmedia":[{"embeddable":true,"href":"https:\/\/kayuwriting.com\/cs\/wp-json\/wp\/v2\/media\/11783"}],"wp:attachment":[{"href":"https:\/\/kayuwriting.com\/cs\/wp-json\/wp\/v2\/media?parent=11524"}],"wp:term":[{"taxonomy":"product_brand","embeddable":true,"href":"https:\/\/kayuwriting.com\/cs\/wp-json\/wp\/v2\/product_brand?post=11524"},{"taxonomy":"product_cat","embeddable":true,"href":"https:\/\/kayuwriting.com\/cs\/wp-json\/wp\/v2\/product_cat?post=11524"},{"taxonomy":"product_tag","embeddable":true,"href":"https:\/\/kayuwriting.com\/cs\/wp-json\/wp\/v2\/product_tag?post=11524"}],"curies":[{"name":"wp","href":"https:\/\/api.w.org\/{rel}","templated":true}]}}