{"id":11522,"date":"2025-03-04T15:04:52","date_gmt":"2025-03-04T14:04:52","guid":{"rendered":"https:\/\/kayuwriting.com\/?post_type=product&#038;p=11522"},"modified":"2025-03-10T18:40:40","modified_gmt":"2025-03-10T17:40:40","slug":"kayu-egino-3-subfosilni-dub","status":"publish","type":"product","link":"https:\/\/kayuwriting.com\/cs\/produkt\/kayu-egino-3-subfosilni-dub\/","title":{"rendered":"Kayu Egino 3 Subfosiln\u00ed dub"},"content":{"rendered":"<p class=\"p1\">Kdy\u017e se pod\u00edv\u00e1te na Egino, vypad\u00e1 v\u016fbec jako pero? Kde jsou v\u0161echny ty v\u011bci jako ob\u0159\u00ed v\u00ed\u010dko, klip nebo opulentn\u00ed pozlacen\u00e9 ozdoby? Nejsou tam. A pro\u010d? Proto\u017ee jsou k ni\u010demu. Nejmen\u0161\u00ed v\u00ed\u010dko, kter\u00e9 se n\u00e1m poda\u0159ilo vymyslet, m\u00e1 pouze vyfr\u00e9zovanou hranu, kter\u00e1 zabra\u0148uje kut\u00e1len\u00ed a d\u00edky n\u00ed\u017e na prvn\u00ed dotek pozn\u00e1te, kde se v\u00ed\u010dko \u0161roubuje.<\/p>\n<p class=\"p1\">Egino 3 je vybaveno rychl\u00fdm a spolehliv\u00fdm v\u00ed\u010dkem se star\u00fdmi dobr\u00fdmi z\u00e1vity. Mo\u017en\u00e1 nen\u00ed tak sexy jako magnety nebo plastov\u00e9 klik\u00e1\u010dky, ale zase bude fungovat stejn\u011b dob\u0159e i za 30 let bez oprav.<\/p>\n<p class=\"p1\">Jakmile pero otev\u0159ete, zjist\u00edte, \u017ee va\u0161emu \u00fachopu nic nebr\u00e1n\u00ed. Je to tak p\u0159\u00edjemn\u00e9, kdy\u017e m\u016f\u017eete pero uchopit, kdekoli se v\u00e1m zachce, a \u017e\u00e1dn\u00e9 hrany, z\u00e1vity nebo podobn\u00e9 nerovnosti v\u00e1m nep\u0159ek\u00e1\u017eej\u00ed. Je tak\u00e9 dokonale vyv\u00e1\u017een\u00e9 s t\u011b\u017ei\u0161t\u011bm naklon\u011bn\u00fdm tak akor\u00e1t k hrotu. D\u00edky tomu si u\u017eijete skute\u010dn\u011b vynikaj\u00edc\u00ed ovladatelnost bez kompromis\u016f.<\/p>\n<p class=\"p1\">Egino m\u016f\u017ee ps\u00e1t klasick\u00fdm tenk\u00fdm (F), st\u0159edn\u00edm (M) nebo siln\u00fdm (B) hrotem a jako bonus tak\u00e9 kuli\u010dkov\u00fdm hrotem (M). Z\u00e1le\u017e\u00ed na tom, co v\u00e1m vyhovuje nejv\u00edce. V\u0161echna pera se pln\u00ed konvertorem nebo bombi\u010dkami standardn\u00ed velikosti, kter\u00e9 se\u017eenete v ka\u017ed\u00e9m dobr\u00e9m pap\u00edrnictv\u00ed. Hroty poch\u00e1zej\u00ed z N\u011bmecka a jsou tak p\u0159esn\u00e9, \u017ee p\u00ed\u0161\u00ed p\u0159i sebemen\u0161\u00edm dotyku s pap\u00edrem.<\/p>\n<p><strong>Vlastnosti subfosiln\u00edho dubu<\/strong><\/p>\n<p>Fyzik\u00e1ln\u00ed vlastnosti subfosiln\u00edho dubu jsou pozoruhodn\u00e9. Proces konzervace dod\u00e1v\u00e1 d\u0159evu tmavou, t\u00e9m\u011b\u0159 \u010dernou nebo tmav\u011b hn\u011bdou barvu s jedine\u010dn\u00fdmi vzory, kter\u00e9 vypov\u00eddaj\u00ed o jeho st\u00e1\u0159\u00ed a p\u016fvodu. Vl\u00e1kna subfosiln\u00edho dubu jsou \u010dasto hust\u0161\u00ed a v\u00fdrazn\u011bj\u0161\u00ed ne\u017e u \u010derstv\u011b vyt\u011b\u017een\u00e9ho dubu, co\u017e mu dod\u00e1v\u00e1 na vzhledu. D\u00edky procesu mineralizace je d\u0159evo mimo\u0159\u00e1dn\u011b pevn\u00e9 a odoln\u00e9 proti hnilob\u011b, podobn\u011b jako teakov\u00e9 d\u0159evo. D\u00edky t\u00e9to pevnosti a lehkosti je subfosiln\u00ed dub ide\u00e1ln\u00ed pro \u0159adu pou\u017eit\u00ed, zejm\u00e9na v truhl\u00e1\u0159stv\u00ed a tesa\u0159stv\u00ed.<\/p>\n<p>Udr\u017eiteln\u00e9 vyu\u017e\u00edv\u00e1n\u00ed subfosiln\u00edho dubu je d\u016fle\u017eit\u00fdm faktorem jeho rostouc\u00ed obliby. Vzhledem k tomu, \u017ee stromy jsou ji\u017e tis\u00edce let mrtv\u00e9, nep\u0159isp\u00edv\u00e1 pou\u017eit\u00ed subfosiln\u00edho dubu k odles\u0148ov\u00e1n\u00ed, a je tak ekologicky odpov\u011bdnou volbou pro ty, kte\u0159\u00ed hledaj\u00ed vz\u00e1cn\u00fd a ekologick\u00fd materi\u00e1l. Nav\u00edc jeho dlouh\u00e1 \u017eivotnost a odolnost proti hnilob\u011b zaji\u0161\u0165uj\u00ed, \u017ee v\u0161echny v\u00fdrobky z dubu subfosiln\u00edho mohou vydr\u017eet po cel\u00e9 generace, co\u017e zvy\u0161uje atraktivitu tohoto jedine\u010dn\u00e9ho d\u0159eva.<\/p>\n<p><strong>Symbolika subfosiln\u00edho dubu<\/strong><\/p>\n<p>Symbolicky je subfosiln\u00ed dub hluboce spjat s minulost\u00ed a \u010dasto je pova\u017eov\u00e1n za symbol odolnosti, dlouhov\u011bkosti a historie. Je p\u0159ipom\u00ednkou plynut\u00ed \u010dasu a kontinuity p\u0159\u00edrody, proto\u017ee dub odol\u00e1v\u00e1 zkou\u0161ce \u010dasu po stalet\u00ed nebo dokonce tis\u00edcilet\u00ed. V mnoha kultur\u00e1ch je dub spojov\u00e1n s moudrost\u00ed, silou a odolnost\u00ed a subfosiln\u00ed dub se sv\u00fdmi prastar\u00fdmi ko\u0159eny nese stejn\u00e9 v\u00fdznamy, kter\u00e9 mu \u010dasto dod\u00e1vaj\u00ed vrstvu tajemstv\u00ed a \u00facty. Skute\u010dnost, \u017ee d\u0159evo p\u0159e\u017eilo tak dlouhou dobu, mu prop\u016fj\u010duje pocit nad\u010dasovosti a \u010din\u00ed z n\u011bj cen\u011bn\u00fd materi\u00e1l pro praktick\u00e9 i symbolick\u00e9 \u00fa\u010dely.<\/p>\n","protected":false},"excerpt":{"rendered":"<p>Subfosiln\u00ed dub, jedine\u010dn\u00fd a fascinuj\u00edc\u00ed materi\u00e1l, poch\u00e1z\u00ed z dub\u016f, kter\u00e9 se zachovaly v ra\u0161elini\u0161t\u00edch nebo jin\u00fdch podm\u00e1\u010den\u00fdch prost\u0159ed\u00edch po tis\u00edce let, tento dub po 2000 let. Na rozd\u00edl od b\u011b\u017en\u00e9ho dubu, kter\u00fd se t\u011b\u017e\u00ed ze \u017eiv\u00fdch strom\u016f, subfosiln\u00ed dub poch\u00e1z\u00ed ze strom\u016f, kter\u00e9 d\u00e1vno zem\u0159ely, ale byly poh\u0159beny v podm\u00ednk\u00e1ch, kter\u00e9 zpomaluj\u00ed jejich rozklad. V pr\u016fb\u011bhu \u010dasu tyto star\u00e9 duby proch\u00e1zej\u00ed procesem konzervace, p\u0159i kter\u00e9m se d\u0159evo impregnuje miner\u00e1ly z okoln\u00ed p\u016fdy a vody, \u010d\u00edm\u017e se z n\u011bj st\u00e1v\u00e1 vysoce odoln\u00e1, ale z\u00e1rove\u0148 leh\u010d\u00ed verze p\u016fvodn\u00edho materi\u00e1lu. Cht\u011bli byste ka\u017ed\u00fd den dr\u017eet v rukou kr\u00e1su a s\u00edlu dubov\u00e9ho d\u0159eva s hlubokou a bohatou histori\u00ed.<\/p>\n<p><a href=\"https:\/\/kayuwriting.com\/cs\/jak-vybrat-hrot-stopu-plneni\/\">Jak vybrat hrot, tlou\u0161\u0165ku a n\u00e1pl\u0148?<\/a><\/p>\n","protected":false},"featured_media":11895,"template":"","meta":[],"product_brand":[],"product_cat":[21],"product_tag":[],"class_list":{"0":"post-11522","1":"product","2":"type-product","3":"status-publish","4":"has-post-thumbnail","6":"product_cat-egino","8":"first","9":"outofstock","10":"shipping-taxable","11":"purchasable","12":"product-type-variable"},"yoast_head":"<!-- This site is optimized with the Yoast SEO plugin v27.3 - https:\/\/yoast.com\/product\/yoast-seo-wordpress\/ -->\n<title>Kayu Egino 3 Subfosiln\u00ed dub - Kayuwriting - It is #InOurHands<\/title>\n<meta name=\"robots\" content=\"index, follow, max-snippet:-1, max-image-preview:large, max-video-preview:-1\" \/>\n<link rel=\"canonical\" href=\"https:\/\/kayuwriting.com\/cs\/produkt\/kayu-egino-3-subfosilni-dub\/\" \/>\n<meta property=\"og:locale\" content=\"cs_CZ\" \/>\n<meta property=\"og:type\" content=\"article\" \/>\n<meta property=\"og:title\" content=\"Kayu Egino 3 Subfosiln\u00ed dub - Kayuwriting - It is #InOurHands\" \/>\n<meta property=\"og:description\" content=\"Subfosiln\u00ed dub, jedine\u010dn\u00fd a fascinuj\u00edc\u00ed materi\u00e1l, poch\u00e1z\u00ed z dub\u016f, kter\u00e9 se zachovaly v ra\u0161elini\u0161t\u00edch nebo jin\u00fdch podm\u00e1\u010den\u00fdch prost\u0159ed\u00edch po tis\u00edce let, tento dub po 2000 let. Na rozd\u00edl od b\u011b\u017en\u00e9ho dubu, kter\u00fd se t\u011b\u017e\u00ed ze \u017eiv\u00fdch strom\u016f, subfosiln\u00ed dub poch\u00e1z\u00ed ze strom\u016f, kter\u00e9 d\u00e1vno zem\u0159ely, ale byly poh\u0159beny v podm\u00ednk\u00e1ch, kter\u00e9 zpomaluj\u00ed jejich rozklad. V pr\u016fb\u011bhu \u010dasu tyto star\u00e9 duby proch\u00e1zej\u00ed procesem konzervace, p\u0159i kter\u00e9m se d\u0159evo impregnuje miner\u00e1ly z okoln\u00ed p\u016fdy a vody, \u010d\u00edm\u017e se z n\u011bj st\u00e1v\u00e1 vysoce odoln\u00e1, ale z\u00e1rove\u0148 leh\u010d\u00ed verze p\u016fvodn\u00edho materi\u00e1lu. Cht\u011bli byste ka\u017ed\u00fd den dr\u017eet v rukou kr\u00e1su a s\u00edlu dubov\u00e9ho d\u0159eva s hlubokou a bohatou histori\u00ed.  Jak vybrat hrot, tlou\u0161\u0165ku a n\u00e1pl\u0148?\" \/>\n<meta property=\"og:url\" content=\"https:\/\/kayuwriting.com\/cs\/produkt\/kayu-egino-3-subfosilni-dub\/\" \/>\n<meta property=\"og:site_name\" content=\"Kayuwriting - It is #InOurHands\" \/>\n<meta property=\"article:modified_time\" content=\"2025-03-10T17:40:40+00:00\" \/>\n<meta property=\"og:image\" content=\"https:\/\/kayuwriting.com\/wp-content\/uploads\/2025\/03\/egino-subfosilni-dub-1.jpg\" \/>\n\t<meta property=\"og:image:width\" content=\"2000\" \/>\n\t<meta property=\"og:image:height\" content=\"2000\" \/>\n\t<meta property=\"og:image:type\" content=\"image\/jpeg\" \/>\n<meta name=\"twitter:card\" content=\"summary_large_image\" \/>\n<meta name=\"twitter:label1\" content=\"Odhadovan\u00e1 doba \u010dten\u00ed\" \/>\n\t<meta name=\"twitter:data1\" content=\"3 minuty\" \/>\n<script type=\"application\/ld+json\" class=\"yoast-schema-graph\">{\"@context\":\"https:\\\/\\\/schema.org\",\"@graph\":[{\"@type\":\"WebPage\",\"@id\":\"https:\\\/\\\/kayuwriting.com\\\/cs\\\/produkt\\\/kayu-egino-3-subfosilni-dub\\\/\",\"url\":\"https:\\\/\\\/kayuwriting.com\\\/cs\\\/produkt\\\/kayu-egino-3-subfosilni-dub\\\/\",\"name\":\"Kayu Egino 3 Subfosiln\u00ed dub - Kayuwriting - It is #InOurHands\",\"isPartOf\":{\"@id\":\"https:\\\/\\\/kayuwriting.com\\\/cs\\\/#website\"},\"primaryImageOfPage\":{\"@id\":\"https:\\\/\\\/kayuwriting.com\\\/cs\\\/produkt\\\/kayu-egino-3-subfosilni-dub\\\/#primaryimage\"},\"image\":{\"@id\":\"https:\\\/\\\/kayuwriting.com\\\/cs\\\/produkt\\\/kayu-egino-3-subfosilni-dub\\\/#primaryimage\"},\"thumbnailUrl\":\"https:\\\/\\\/kayuwriting.com\\\/wp-content\\\/uploads\\\/2025\\\/03\\\/egino-subfosilni-dub-1.jpg\",\"datePublished\":\"2025-03-04T14:04:52+00:00\",\"dateModified\":\"2025-03-10T17:40:40+00:00\",\"breadcrumb\":{\"@id\":\"https:\\\/\\\/kayuwriting.com\\\/cs\\\/produkt\\\/kayu-egino-3-subfosilni-dub\\\/#breadcrumb\"},\"inLanguage\":\"cs\",\"potentialAction\":[{\"@type\":\"ReadAction\",\"target\":[\"https:\\\/\\\/kayuwriting.com\\\/cs\\\/produkt\\\/kayu-egino-3-subfosilni-dub\\\/\"]}]},{\"@type\":\"ImageObject\",\"inLanguage\":\"cs\",\"@id\":\"https:\\\/\\\/kayuwriting.com\\\/cs\\\/produkt\\\/kayu-egino-3-subfosilni-dub\\\/#primaryimage\",\"url\":\"https:\\\/\\\/kayuwriting.com\\\/wp-content\\\/uploads\\\/2025\\\/03\\\/egino-subfosilni-dub-1.jpg\",\"contentUrl\":\"https:\\\/\\\/kayuwriting.com\\\/wp-content\\\/uploads\\\/2025\\\/03\\\/egino-subfosilni-dub-1.jpg\",\"width\":2000,\"height\":2000},{\"@type\":\"BreadcrumbList\",\"@id\":\"https:\\\/\\\/kayuwriting.com\\\/cs\\\/produkt\\\/kayu-egino-3-subfosilni-dub\\\/#breadcrumb\",\"itemListElement\":[{\"@type\":\"ListItem\",\"position\":1,\"name\":\"Obchod a eshop s plnic\u00edmi a kuli\u010dkov\u00fdmi pery Kayu. M\u00e1me i n\u00e1pln\u011b, z\u00e1pisn\u00edky nebo obaly\",\"item\":\"https:\\\/\\\/kayuwriting.com\\\/cs\\\/obchod\\\/\"},{\"@type\":\"ListItem\",\"position\":2,\"name\":\"Kayu Egino 3 Subfosiln\u00ed dub\"}]},{\"@type\":\"WebSite\",\"@id\":\"https:\\\/\\\/kayuwriting.com\\\/cs\\\/#website\",\"url\":\"https:\\\/\\\/kayuwriting.com\\\/cs\\\/\",\"name\":\"Kayuwriting - It is #InOurHands\",\"description\":\"\",\"publisher\":{\"@id\":\"https:\\\/\\\/kayuwriting.com\\\/cs\\\/#organization\"},\"potentialAction\":[{\"@type\":\"SearchAction\",\"target\":{\"@type\":\"EntryPoint\",\"urlTemplate\":\"https:\\\/\\\/kayuwriting.com\\\/cs\\\/?s={search_term_string}\"},\"query-input\":{\"@type\":\"PropertyValueSpecification\",\"valueRequired\":true,\"valueName\":\"search_term_string\"}}],\"inLanguage\":\"cs\"},{\"@type\":\"Organization\",\"@id\":\"https:\\\/\\\/kayuwriting.com\\\/cs\\\/#organization\",\"name\":\"Kayuwriting - It is #InOurHands\",\"url\":\"https:\\\/\\\/kayuwriting.com\\\/cs\\\/\",\"logo\":{\"@type\":\"ImageObject\",\"inLanguage\":\"cs\",\"@id\":\"https:\\\/\\\/kayuwriting.com\\\/cs\\\/#\\\/schema\\\/logo\\\/image\\\/\",\"url\":\"https:\\\/\\\/kayuwriting.com\\\/wp-content\\\/uploads\\\/2023\\\/10\\\/KAYU-logo-2023.png\",\"contentUrl\":\"https:\\\/\\\/kayuwriting.com\\\/wp-content\\\/uploads\\\/2023\\\/10\\\/KAYU-logo-2023.png\",\"width\":386,\"height\":117,\"caption\":\"Kayuwriting - It is #InOurHands\"},\"image\":{\"@id\":\"https:\\\/\\\/kayuwriting.com\\\/cs\\\/#\\\/schema\\\/logo\\\/image\\\/\"}}]}<\/script>\n<!-- \/ Yoast SEO plugin. -->","yoast_head_json":{"title":"Kayu Egino 3 Subfosiln\u00ed dub - Kayuwriting - It is #InOurHands","robots":{"index":"index","follow":"follow","max-snippet":"max-snippet:-1","max-image-preview":"max-image-preview:large","max-video-preview":"max-video-preview:-1"},"canonical":"https:\/\/kayuwriting.com\/cs\/produkt\/kayu-egino-3-subfosilni-dub\/","og_locale":"cs_CZ","og_type":"article","og_title":"Kayu Egino 3 Subfosiln\u00ed dub - Kayuwriting - It is #InOurHands","og_description":"Subfosiln\u00ed dub, jedine\u010dn\u00fd a fascinuj\u00edc\u00ed materi\u00e1l, poch\u00e1z\u00ed z dub\u016f, kter\u00e9 se zachovaly v ra\u0161elini\u0161t\u00edch nebo jin\u00fdch podm\u00e1\u010den\u00fdch prost\u0159ed\u00edch po tis\u00edce let, tento dub po 2000 let. Na rozd\u00edl od b\u011b\u017en\u00e9ho dubu, kter\u00fd se t\u011b\u017e\u00ed ze \u017eiv\u00fdch strom\u016f, subfosiln\u00ed dub poch\u00e1z\u00ed ze strom\u016f, kter\u00e9 d\u00e1vno zem\u0159ely, ale byly poh\u0159beny v podm\u00ednk\u00e1ch, kter\u00e9 zpomaluj\u00ed jejich rozklad. V pr\u016fb\u011bhu \u010dasu tyto star\u00e9 duby proch\u00e1zej\u00ed procesem konzervace, p\u0159i kter\u00e9m se d\u0159evo impregnuje miner\u00e1ly z okoln\u00ed p\u016fdy a vody, \u010d\u00edm\u017e se z n\u011bj st\u00e1v\u00e1 vysoce odoln\u00e1, ale z\u00e1rove\u0148 leh\u010d\u00ed verze p\u016fvodn\u00edho materi\u00e1lu. Cht\u011bli byste ka\u017ed\u00fd den dr\u017eet v rukou kr\u00e1su a s\u00edlu dubov\u00e9ho d\u0159eva s hlubokou a bohatou histori\u00ed.  Jak vybrat hrot, tlou\u0161\u0165ku a n\u00e1pl\u0148?","og_url":"https:\/\/kayuwriting.com\/cs\/produkt\/kayu-egino-3-subfosilni-dub\/","og_site_name":"Kayuwriting - It is #InOurHands","article_modified_time":"2025-03-10T17:40:40+00:00","og_image":[{"width":2000,"height":2000,"url":"https:\/\/kayuwriting.com\/wp-content\/uploads\/2025\/03\/egino-subfosilni-dub-1.jpg","type":"image\/jpeg"}],"twitter_card":"summary_large_image","twitter_misc":{"Odhadovan\u00e1 doba \u010dten\u00ed":"3 minuty"},"schema":{"@context":"https:\/\/schema.org","@graph":[{"@type":"WebPage","@id":"https:\/\/kayuwriting.com\/cs\/produkt\/kayu-egino-3-subfosilni-dub\/","url":"https:\/\/kayuwriting.com\/cs\/produkt\/kayu-egino-3-subfosilni-dub\/","name":"Kayu Egino 3 Subfosiln\u00ed dub - Kayuwriting - It is #InOurHands","isPartOf":{"@id":"https:\/\/kayuwriting.com\/cs\/#website"},"primaryImageOfPage":{"@id":"https:\/\/kayuwriting.com\/cs\/produkt\/kayu-egino-3-subfosilni-dub\/#primaryimage"},"image":{"@id":"https:\/\/kayuwriting.com\/cs\/produkt\/kayu-egino-3-subfosilni-dub\/#primaryimage"},"thumbnailUrl":"https:\/\/kayuwriting.com\/wp-content\/uploads\/2025\/03\/egino-subfosilni-dub-1.jpg","datePublished":"2025-03-04T14:04:52+00:00","dateModified":"2025-03-10T17:40:40+00:00","breadcrumb":{"@id":"https:\/\/kayuwriting.com\/cs\/produkt\/kayu-egino-3-subfosilni-dub\/#breadcrumb"},"inLanguage":"cs","potentialAction":[{"@type":"ReadAction","target":["https:\/\/kayuwriting.com\/cs\/produkt\/kayu-egino-3-subfosilni-dub\/"]}]},{"@type":"ImageObject","inLanguage":"cs","@id":"https:\/\/kayuwriting.com\/cs\/produkt\/kayu-egino-3-subfosilni-dub\/#primaryimage","url":"https:\/\/kayuwriting.com\/wp-content\/uploads\/2025\/03\/egino-subfosilni-dub-1.jpg","contentUrl":"https:\/\/kayuwriting.com\/wp-content\/uploads\/2025\/03\/egino-subfosilni-dub-1.jpg","width":2000,"height":2000},{"@type":"BreadcrumbList","@id":"https:\/\/kayuwriting.com\/cs\/produkt\/kayu-egino-3-subfosilni-dub\/#breadcrumb","itemListElement":[{"@type":"ListItem","position":1,"name":"Obchod a eshop s plnic\u00edmi a kuli\u010dkov\u00fdmi pery Kayu. M\u00e1me i n\u00e1pln\u011b, z\u00e1pisn\u00edky nebo obaly","item":"https:\/\/kayuwriting.com\/cs\/obchod\/"},{"@type":"ListItem","position":2,"name":"Kayu Egino 3 Subfosiln\u00ed dub"}]},{"@type":"WebSite","@id":"https:\/\/kayuwriting.com\/cs\/#website","url":"https:\/\/kayuwriting.com\/cs\/","name":"Kayuwriting - It is #InOurHands","description":"","publisher":{"@id":"https:\/\/kayuwriting.com\/cs\/#organization"},"potentialAction":[{"@type":"SearchAction","target":{"@type":"EntryPoint","urlTemplate":"https:\/\/kayuwriting.com\/cs\/?s={search_term_string}"},"query-input":{"@type":"PropertyValueSpecification","valueRequired":true,"valueName":"search_term_string"}}],"inLanguage":"cs"},{"@type":"Organization","@id":"https:\/\/kayuwriting.com\/cs\/#organization","name":"Kayuwriting - It is #InOurHands","url":"https:\/\/kayuwriting.com\/cs\/","logo":{"@type":"ImageObject","inLanguage":"cs","@id":"https:\/\/kayuwriting.com\/cs\/#\/schema\/logo\/image\/","url":"https:\/\/kayuwriting.com\/wp-content\/uploads\/2023\/10\/KAYU-logo-2023.png","contentUrl":"https:\/\/kayuwriting.com\/wp-content\/uploads\/2023\/10\/KAYU-logo-2023.png","width":386,"height":117,"caption":"Kayuwriting - It is #InOurHands"},"image":{"@id":"https:\/\/kayuwriting.com\/cs\/#\/schema\/logo\/image\/"}}]}},"_links":{"self":[{"href":"https:\/\/kayuwriting.com\/cs\/wp-json\/wp\/v2\/product\/11522","targetHints":{"allow":["GET"]}}],"collection":[{"href":"https:\/\/kayuwriting.com\/cs\/wp-json\/wp\/v2\/product"}],"about":[{"href":"https:\/\/kayuwriting.com\/cs\/wp-json\/wp\/v2\/types\/product"}],"wp:featuredmedia":[{"embeddable":true,"href":"https:\/\/kayuwriting.com\/cs\/wp-json\/wp\/v2\/media\/11895"}],"wp:attachment":[{"href":"https:\/\/kayuwriting.com\/cs\/wp-json\/wp\/v2\/media?parent=11522"}],"wp:term":[{"taxonomy":"product_brand","embeddable":true,"href":"https:\/\/kayuwriting.com\/cs\/wp-json\/wp\/v2\/product_brand?post=11522"},{"taxonomy":"product_cat","embeddable":true,"href":"https:\/\/kayuwriting.com\/cs\/wp-json\/wp\/v2\/product_cat?post=11522"},{"taxonomy":"product_tag","embeddable":true,"href":"https:\/\/kayuwriting.com\/cs\/wp-json\/wp\/v2\/product_tag?post=11522"}],"curies":[{"name":"wp","href":"https:\/\/api.w.org\/{rel}","templated":true}]}}