{"id":11520,"date":"2025-03-04T14:52:36","date_gmt":"2025-03-04T13:52:36","guid":{"rendered":"https:\/\/kayuwriting.com\/?post_type=product&#038;p=11520"},"modified":"2025-03-10T18:41:14","modified_gmt":"2025-03-10T17:41:14","slug":"kayu-egino-3-teak","status":"publish","type":"product","link":"https:\/\/kayuwriting.com\/cs\/produkt\/kayu-egino-3-teak\/","title":{"rendered":"Kayu Egino 3 Teak"},"content":{"rendered":"<p>Kdy\u017e se pod\u00edv\u00e1te na Egino, vypad\u00e1 v\u016fbec jako pero? Kde jsou v\u0161echny ty v\u011bci jako ob\u0159\u00ed v\u00ed\u010dko, klip nebo opulentn\u00ed pozlacen\u00e9 ozdoby? Nejsou tam. A pro\u010d? Proto\u017ee jsou k ni\u010demu. Nejmen\u0161\u00ed v\u00ed\u010dko, kter\u00e9 se n\u00e1m poda\u0159ilo vymyslet, m\u00e1 pouze vyfr\u00e9zovanou hranu, kter\u00e1 zabra\u0148uje kut\u00e1len\u00ed a d\u00edky n\u00ed\u017e na prvn\u00ed dotek pozn\u00e1te, kde se v\u00ed\u010dko \u0161roubuje.<\/p>\n<p>Egino 3 je vybaveno rychl\u00fdm a spolehliv\u00fdm v\u00ed\u010dkem se star\u00fdmi dobr\u00fdmi z\u00e1vity. Mo\u017en\u00e1 nen\u00ed tak sexy jako magnety nebo plastov\u00e9 klik\u00e1\u010dky, ale zase bude fungovat stejn\u011b dob\u0159e i za 30 let bez oprav.<\/p>\n<p>Jakmile pero otev\u0159ete, zjist\u00edte, \u017ee va\u0161emu \u00fachopu nic nebr\u00e1n\u00ed. Je to tak p\u0159\u00edjemn\u00e9, kdy\u017e m\u016f\u017eete pero uchopit, kdekoli se v\u00e1m zachce, a \u017e\u00e1dn\u00e9 hrany, z\u00e1vity nebo podobn\u00e9 nerovnosti v\u00e1m nep\u0159ek\u00e1\u017eej\u00ed. Je tak\u00e9 dokonale vyv\u00e1\u017een\u00e9 s t\u011b\u017ei\u0161t\u011bm naklon\u011bn\u00fdm tak akor\u00e1t k hrotu. D\u00edky tomu si u\u017eijete skute\u010dn\u011b vynikaj\u00edc\u00ed ovladatelnost bez kompromis\u016f.<\/p>\n<p>Egino m\u016f\u017ee ps\u00e1t klasick\u00fdm tenk\u00fdm (F), st\u0159edn\u00edm (M) nebo siln\u00fdm (B) hrotem a jako bonus tak\u00e9 kuli\u010dkov\u00fdm hrotem (M). Z\u00e1le\u017e\u00ed na tom, co v\u00e1m vyhovuje nejv\u00edce. V\u0161echna pera se pln\u00ed konvertorem nebo bombi\u010dkami standardn\u00ed velikosti, kter\u00e9 se\u017eenete v ka\u017ed\u00e9m dobr\u00e9m pap\u00edrnictv\u00ed. Hroty poch\u00e1zej\u00ed z N\u011bmecka a jsou tak p\u0159esn\u00e9, \u017ee p\u00ed\u0161\u00ed p\u0159i sebemen\u0161\u00edm dotyku s pap\u00edrem.<\/p>\n<p><strong>Vlastnosti teakov\u00e9ho d\u0159eva<\/strong><\/p>\n<p>Teakov\u00e9 d\u0159evo je proslul\u00e9 svou v\u00fdjime\u010dnou trvanlivost\u00ed a je vysoce cen\u011bno pro svou p\u016fsobivou estetiku. D\u0159evo m\u00e1 jemnou, rovnou kresbu s hladkou strukturou a teplou, zlatavou a\u017e st\u0159edn\u011b hn\u011bdou barvu, kter\u00e1 s v\u011bkem tmavne. V pr\u016fb\u011bhu \u010dasu, kdy je teakov\u00e9 d\u0159evo vystaveno slune\u010dn\u00edmu z\u00e1\u0159en\u00ed a vzduchu, m\u016f\u017ee z\u00edskat st\u0159\u00edb\u0159it\u011b \u0161edou patinu, kter\u00e1 mu dod\u00e1v\u00e1 p\u0159irozen\u00fd p\u016fvab.<\/p>\n<p>Hodnota teaku p\u0159esahuje jeho trvanlivost a estetick\u00fd vzhled. Vzhledem k pomal\u00e9mu r\u016fstu, omezen\u00e9 dostupnosti a vysok\u00e9 popt\u00e1vce pat\u0159\u00ed k velmi cen\u011bn\u00fdm d\u0159evin\u00e1m. Zr\u00e1n\u00ed teakov\u00fdch strom\u016f trv\u00e1 des\u00edtky let, a proto je toto d\u0159evo pom\u011brn\u011b vz\u00e1cn\u00e9. Krom\u011b toho celosv\u011btov\u00e1 popt\u00e1vka po teaku, zejm\u00e9na na trhu s luxusn\u00edm n\u00e1bytkem, zvy\u0161uje jeho cenu. Udr\u017eiteln\u00e9 z\u00edsk\u00e1v\u00e1n\u00ed zdroj\u016f se stalo d\u016fle\u017eit\u00fdm faktorem v teakov\u00e9m pr\u016fmyslu a mnoho v\u00fdrobc\u016f se zam\u011b\u0159uje na odpov\u011bdn\u00e9 postupy t\u011b\u017eby, aby zajistili budoucnost tohoto druhu.<\/p>\n<p><strong>Symbolika teakov\u00e9ho d\u0159eva<\/strong><\/p>\n<p>Symbolicky je teakov\u00e9 d\u0159evo \u010dasto spojov\u00e1no s pevnost\u00ed, odolnost\u00ed a dlouhov\u011bkost\u00ed. V historii se pou\u017e\u00edval p\u0159i stavb\u011b pal\u00e1c\u016f, chr\u00e1m\u016f a lod\u00ed, co\u017e odr\u00e1\u017e\u00ed jeho symbolick\u00e9 spojen\u00ed s trvanlivost\u00ed. V mnoha kultur\u00e1ch je teakov\u00e9 d\u0159evo pova\u017eov\u00e1no za symbol s\u00edly a stability, \u010dasto p\u0159edstavuje moc a ochranu. Pov\u011bst d\u0159eva, kter\u00e9 vydr\u017e\u00ed po generace, mu zajistila m\u00edsto v praktick\u00e9m i kulturn\u00edm kontextu.<\/p>\n","protected":false},"excerpt":{"rendered":"<p>Teakov\u00e9 d\u0159evo, \u010dasto ozna\u010dovan\u00e9 za jedno z nejodoln\u011bj\u0161\u00edch a nejcenn\u011bj\u0161\u00edch tvrd\u00fdch d\u0159ev, je po stalet\u00ed cen\u011bno pro svou pevnost, kr\u00e1su a jedine\u010dn\u00e9 vlastnosti. Teakov\u00e9 d\u0159evo poch\u00e1z\u00ed z jihov\u00fdchodn\u00ed Asie, zejm\u00e9na z Indie, Myanmaru a Thajska, a roste v hust\u00fdch les\u00edch s vysokou vlhkost\u00ed. D\u00edky sv\u00e9mu syt\u00e9mu zlatohn\u011bd\u00e9mu odst\u00ednu a v\u00fdrazn\u00e9 kresb\u011b vl\u00e1ken je velmi \u017e\u00e1dan\u00fd v n\u00e1bytk\u00e1\u0159stv\u00ed a d\u0159eva\u0159stv\u00ed. Trvanlivost teakov\u00e9ho d\u0159eva podtrhne va\u0161i vlastn\u00ed nezdolnost p\u0159i ka\u017ed\u00e9m tahu.<\/p>\n<p><a href=\"https:\/\/kayuwriting.com\/cs\/jak-vybrat-hrot-stopu-plneni\/\">Jak vybrat hrot, tlou\u0161\u0165ku a n\u00e1pl\u0148?<\/a><\/p>\n","protected":false},"featured_media":11927,"template":"","meta":[],"product_brand":[],"product_cat":[21],"product_tag":[],"class_list":{"0":"post-11520","1":"product","2":"type-product","3":"status-publish","4":"has-post-thumbnail","6":"product_cat-egino","8":"first","9":"outofstock","10":"shipping-taxable","11":"purchasable","12":"product-type-variable"},"yoast_head":"<!-- This site is optimized with the Yoast SEO plugin v27.3 - https:\/\/yoast.com\/product\/yoast-seo-wordpress\/ -->\n<title>Kayu Egino 3 Teak - Kayuwriting - It is #InOurHands<\/title>\n<meta name=\"robots\" content=\"index, follow, max-snippet:-1, max-image-preview:large, max-video-preview:-1\" \/>\n<link rel=\"canonical\" href=\"https:\/\/kayuwriting.com\/cs\/produkt\/kayu-egino-3-teak\/\" \/>\n<meta property=\"og:locale\" content=\"cs_CZ\" \/>\n<meta property=\"og:type\" content=\"article\" \/>\n<meta property=\"og:title\" content=\"Kayu Egino 3 Teak - Kayuwriting - It is #InOurHands\" \/>\n<meta property=\"og:description\" content=\"Teakov\u00e9 d\u0159evo, \u010dasto ozna\u010dovan\u00e9 za jedno z nejodoln\u011bj\u0161\u00edch a nejcenn\u011bj\u0161\u00edch tvrd\u00fdch d\u0159ev, je po stalet\u00ed cen\u011bno pro svou pevnost, kr\u00e1su a jedine\u010dn\u00e9 vlastnosti. Teakov\u00e9 d\u0159evo poch\u00e1z\u00ed z jihov\u00fdchodn\u00ed Asie, zejm\u00e9na z Indie, Myanmaru a Thajska, a roste v hust\u00fdch les\u00edch s vysokou vlhkost\u00ed. D\u00edky sv\u00e9mu syt\u00e9mu zlatohn\u011bd\u00e9mu odst\u00ednu a v\u00fdrazn\u00e9 kresb\u011b vl\u00e1ken je velmi \u017e\u00e1dan\u00fd v n\u00e1bytk\u00e1\u0159stv\u00ed a d\u0159eva\u0159stv\u00ed. Trvanlivost teakov\u00e9ho d\u0159eva podtrhne va\u0161i vlastn\u00ed nezdolnost p\u0159i ka\u017ed\u00e9m tahu.  Jak vybrat hrot, tlou\u0161\u0165ku a n\u00e1pl\u0148?\" \/>\n<meta property=\"og:url\" content=\"https:\/\/kayuwriting.com\/cs\/produkt\/kayu-egino-3-teak\/\" \/>\n<meta property=\"og:site_name\" content=\"Kayuwriting - It is #InOurHands\" \/>\n<meta property=\"article:modified_time\" content=\"2025-03-10T17:41:14+00:00\" \/>\n<meta property=\"og:image\" content=\"https:\/\/kayuwriting.com\/wp-content\/uploads\/2025\/03\/egino-teak-1.jpg\" \/>\n\t<meta property=\"og:image:width\" content=\"2000\" \/>\n\t<meta property=\"og:image:height\" content=\"2000\" \/>\n\t<meta property=\"og:image:type\" content=\"image\/jpeg\" \/>\n<meta name=\"twitter:card\" content=\"summary_large_image\" \/>\n<meta name=\"twitter:label1\" content=\"Odhadovan\u00e1 doba \u010dten\u00ed\" \/>\n\t<meta name=\"twitter:data1\" content=\"3 minuty\" \/>\n<script type=\"application\/ld+json\" class=\"yoast-schema-graph\">{\"@context\":\"https:\\\/\\\/schema.org\",\"@graph\":[{\"@type\":\"WebPage\",\"@id\":\"https:\\\/\\\/kayuwriting.com\\\/cs\\\/produkt\\\/kayu-egino-3-teak\\\/\",\"url\":\"https:\\\/\\\/kayuwriting.com\\\/cs\\\/produkt\\\/kayu-egino-3-teak\\\/\",\"name\":\"Kayu Egino 3 Teak - Kayuwriting - It is #InOurHands\",\"isPartOf\":{\"@id\":\"https:\\\/\\\/kayuwriting.com\\\/cs\\\/#website\"},\"primaryImageOfPage\":{\"@id\":\"https:\\\/\\\/kayuwriting.com\\\/cs\\\/produkt\\\/kayu-egino-3-teak\\\/#primaryimage\"},\"image\":{\"@id\":\"https:\\\/\\\/kayuwriting.com\\\/cs\\\/produkt\\\/kayu-egino-3-teak\\\/#primaryimage\"},\"thumbnailUrl\":\"https:\\\/\\\/kayuwriting.com\\\/wp-content\\\/uploads\\\/2025\\\/03\\\/egino-teak-1.jpg\",\"datePublished\":\"2025-03-04T13:52:36+00:00\",\"dateModified\":\"2025-03-10T17:41:14+00:00\",\"breadcrumb\":{\"@id\":\"https:\\\/\\\/kayuwriting.com\\\/cs\\\/produkt\\\/kayu-egino-3-teak\\\/#breadcrumb\"},\"inLanguage\":\"cs\",\"potentialAction\":[{\"@type\":\"ReadAction\",\"target\":[\"https:\\\/\\\/kayuwriting.com\\\/cs\\\/produkt\\\/kayu-egino-3-teak\\\/\"]}]},{\"@type\":\"ImageObject\",\"inLanguage\":\"cs\",\"@id\":\"https:\\\/\\\/kayuwriting.com\\\/cs\\\/produkt\\\/kayu-egino-3-teak\\\/#primaryimage\",\"url\":\"https:\\\/\\\/kayuwriting.com\\\/wp-content\\\/uploads\\\/2025\\\/03\\\/egino-teak-1.jpg\",\"contentUrl\":\"https:\\\/\\\/kayuwriting.com\\\/wp-content\\\/uploads\\\/2025\\\/03\\\/egino-teak-1.jpg\",\"width\":2000,\"height\":2000},{\"@type\":\"BreadcrumbList\",\"@id\":\"https:\\\/\\\/kayuwriting.com\\\/cs\\\/produkt\\\/kayu-egino-3-teak\\\/#breadcrumb\",\"itemListElement\":[{\"@type\":\"ListItem\",\"position\":1,\"name\":\"Obchod a eshop s plnic\u00edmi a kuli\u010dkov\u00fdmi pery Kayu. M\u00e1me i n\u00e1pln\u011b, z\u00e1pisn\u00edky nebo obaly\",\"item\":\"https:\\\/\\\/kayuwriting.com\\\/cs\\\/obchod\\\/\"},{\"@type\":\"ListItem\",\"position\":2,\"name\":\"Kayu Egino 3 Teak\"}]},{\"@type\":\"WebSite\",\"@id\":\"https:\\\/\\\/kayuwriting.com\\\/cs\\\/#website\",\"url\":\"https:\\\/\\\/kayuwriting.com\\\/cs\\\/\",\"name\":\"Kayuwriting - It is #InOurHands\",\"description\":\"\",\"publisher\":{\"@id\":\"https:\\\/\\\/kayuwriting.com\\\/cs\\\/#organization\"},\"potentialAction\":[{\"@type\":\"SearchAction\",\"target\":{\"@type\":\"EntryPoint\",\"urlTemplate\":\"https:\\\/\\\/kayuwriting.com\\\/cs\\\/?s={search_term_string}\"},\"query-input\":{\"@type\":\"PropertyValueSpecification\",\"valueRequired\":true,\"valueName\":\"search_term_string\"}}],\"inLanguage\":\"cs\"},{\"@type\":\"Organization\",\"@id\":\"https:\\\/\\\/kayuwriting.com\\\/cs\\\/#organization\",\"name\":\"Kayuwriting - It is #InOurHands\",\"url\":\"https:\\\/\\\/kayuwriting.com\\\/cs\\\/\",\"logo\":{\"@type\":\"ImageObject\",\"inLanguage\":\"cs\",\"@id\":\"https:\\\/\\\/kayuwriting.com\\\/cs\\\/#\\\/schema\\\/logo\\\/image\\\/\",\"url\":\"https:\\\/\\\/kayuwriting.com\\\/wp-content\\\/uploads\\\/2023\\\/10\\\/KAYU-logo-2023.png\",\"contentUrl\":\"https:\\\/\\\/kayuwriting.com\\\/wp-content\\\/uploads\\\/2023\\\/10\\\/KAYU-logo-2023.png\",\"width\":386,\"height\":117,\"caption\":\"Kayuwriting - It is #InOurHands\"},\"image\":{\"@id\":\"https:\\\/\\\/kayuwriting.com\\\/cs\\\/#\\\/schema\\\/logo\\\/image\\\/\"}}]}<\/script>\n<!-- \/ Yoast SEO plugin. -->","yoast_head_json":{"title":"Kayu Egino 3 Teak - Kayuwriting - It is #InOurHands","robots":{"index":"index","follow":"follow","max-snippet":"max-snippet:-1","max-image-preview":"max-image-preview:large","max-video-preview":"max-video-preview:-1"},"canonical":"https:\/\/kayuwriting.com\/cs\/produkt\/kayu-egino-3-teak\/","og_locale":"cs_CZ","og_type":"article","og_title":"Kayu Egino 3 Teak - Kayuwriting - It is #InOurHands","og_description":"Teakov\u00e9 d\u0159evo, \u010dasto ozna\u010dovan\u00e9 za jedno z nejodoln\u011bj\u0161\u00edch a nejcenn\u011bj\u0161\u00edch tvrd\u00fdch d\u0159ev, je po stalet\u00ed cen\u011bno pro svou pevnost, kr\u00e1su a jedine\u010dn\u00e9 vlastnosti. Teakov\u00e9 d\u0159evo poch\u00e1z\u00ed z jihov\u00fdchodn\u00ed Asie, zejm\u00e9na z Indie, Myanmaru a Thajska, a roste v hust\u00fdch les\u00edch s vysokou vlhkost\u00ed. D\u00edky sv\u00e9mu syt\u00e9mu zlatohn\u011bd\u00e9mu odst\u00ednu a v\u00fdrazn\u00e9 kresb\u011b vl\u00e1ken je velmi \u017e\u00e1dan\u00fd v n\u00e1bytk\u00e1\u0159stv\u00ed a d\u0159eva\u0159stv\u00ed. Trvanlivost teakov\u00e9ho d\u0159eva podtrhne va\u0161i vlastn\u00ed nezdolnost p\u0159i ka\u017ed\u00e9m tahu.  Jak vybrat hrot, tlou\u0161\u0165ku a n\u00e1pl\u0148?","og_url":"https:\/\/kayuwriting.com\/cs\/produkt\/kayu-egino-3-teak\/","og_site_name":"Kayuwriting - It is #InOurHands","article_modified_time":"2025-03-10T17:41:14+00:00","og_image":[{"width":2000,"height":2000,"url":"https:\/\/kayuwriting.com\/wp-content\/uploads\/2025\/03\/egino-teak-1.jpg","type":"image\/jpeg"}],"twitter_card":"summary_large_image","twitter_misc":{"Odhadovan\u00e1 doba \u010dten\u00ed":"3 minuty"},"schema":{"@context":"https:\/\/schema.org","@graph":[{"@type":"WebPage","@id":"https:\/\/kayuwriting.com\/cs\/produkt\/kayu-egino-3-teak\/","url":"https:\/\/kayuwriting.com\/cs\/produkt\/kayu-egino-3-teak\/","name":"Kayu Egino 3 Teak - Kayuwriting - It is #InOurHands","isPartOf":{"@id":"https:\/\/kayuwriting.com\/cs\/#website"},"primaryImageOfPage":{"@id":"https:\/\/kayuwriting.com\/cs\/produkt\/kayu-egino-3-teak\/#primaryimage"},"image":{"@id":"https:\/\/kayuwriting.com\/cs\/produkt\/kayu-egino-3-teak\/#primaryimage"},"thumbnailUrl":"https:\/\/kayuwriting.com\/wp-content\/uploads\/2025\/03\/egino-teak-1.jpg","datePublished":"2025-03-04T13:52:36+00:00","dateModified":"2025-03-10T17:41:14+00:00","breadcrumb":{"@id":"https:\/\/kayuwriting.com\/cs\/produkt\/kayu-egino-3-teak\/#breadcrumb"},"inLanguage":"cs","potentialAction":[{"@type":"ReadAction","target":["https:\/\/kayuwriting.com\/cs\/produkt\/kayu-egino-3-teak\/"]}]},{"@type":"ImageObject","inLanguage":"cs","@id":"https:\/\/kayuwriting.com\/cs\/produkt\/kayu-egino-3-teak\/#primaryimage","url":"https:\/\/kayuwriting.com\/wp-content\/uploads\/2025\/03\/egino-teak-1.jpg","contentUrl":"https:\/\/kayuwriting.com\/wp-content\/uploads\/2025\/03\/egino-teak-1.jpg","width":2000,"height":2000},{"@type":"BreadcrumbList","@id":"https:\/\/kayuwriting.com\/cs\/produkt\/kayu-egino-3-teak\/#breadcrumb","itemListElement":[{"@type":"ListItem","position":1,"name":"Obchod a eshop s plnic\u00edmi a kuli\u010dkov\u00fdmi pery Kayu. M\u00e1me i n\u00e1pln\u011b, z\u00e1pisn\u00edky nebo obaly","item":"https:\/\/kayuwriting.com\/cs\/obchod\/"},{"@type":"ListItem","position":2,"name":"Kayu Egino 3 Teak"}]},{"@type":"WebSite","@id":"https:\/\/kayuwriting.com\/cs\/#website","url":"https:\/\/kayuwriting.com\/cs\/","name":"Kayuwriting - It is #InOurHands","description":"","publisher":{"@id":"https:\/\/kayuwriting.com\/cs\/#organization"},"potentialAction":[{"@type":"SearchAction","target":{"@type":"EntryPoint","urlTemplate":"https:\/\/kayuwriting.com\/cs\/?s={search_term_string}"},"query-input":{"@type":"PropertyValueSpecification","valueRequired":true,"valueName":"search_term_string"}}],"inLanguage":"cs"},{"@type":"Organization","@id":"https:\/\/kayuwriting.com\/cs\/#organization","name":"Kayuwriting - It is #InOurHands","url":"https:\/\/kayuwriting.com\/cs\/","logo":{"@type":"ImageObject","inLanguage":"cs","@id":"https:\/\/kayuwriting.com\/cs\/#\/schema\/logo\/image\/","url":"https:\/\/kayuwriting.com\/wp-content\/uploads\/2023\/10\/KAYU-logo-2023.png","contentUrl":"https:\/\/kayuwriting.com\/wp-content\/uploads\/2023\/10\/KAYU-logo-2023.png","width":386,"height":117,"caption":"Kayuwriting - It is #InOurHands"},"image":{"@id":"https:\/\/kayuwriting.com\/cs\/#\/schema\/logo\/image\/"}}]}},"_links":{"self":[{"href":"https:\/\/kayuwriting.com\/cs\/wp-json\/wp\/v2\/product\/11520","targetHints":{"allow":["GET"]}}],"collection":[{"href":"https:\/\/kayuwriting.com\/cs\/wp-json\/wp\/v2\/product"}],"about":[{"href":"https:\/\/kayuwriting.com\/cs\/wp-json\/wp\/v2\/types\/product"}],"wp:featuredmedia":[{"embeddable":true,"href":"https:\/\/kayuwriting.com\/cs\/wp-json\/wp\/v2\/media\/11927"}],"wp:attachment":[{"href":"https:\/\/kayuwriting.com\/cs\/wp-json\/wp\/v2\/media?parent=11520"}],"wp:term":[{"taxonomy":"product_brand","embeddable":true,"href":"https:\/\/kayuwriting.com\/cs\/wp-json\/wp\/v2\/product_brand?post=11520"},{"taxonomy":"product_cat","embeddable":true,"href":"https:\/\/kayuwriting.com\/cs\/wp-json\/wp\/v2\/product_cat?post=11520"},{"taxonomy":"product_tag","embeddable":true,"href":"https:\/\/kayuwriting.com\/cs\/wp-json\/wp\/v2\/product_tag?post=11520"}],"curies":[{"name":"wp","href":"https:\/\/api.w.org\/{rel}","templated":true}]}}