{"id":11518,"date":"2025-03-10T17:43:22","date_gmt":"2025-03-10T16:43:22","guid":{"rendered":"https:\/\/kayuwriting.com\/?post_type=product&#038;p=11518"},"modified":"2025-03-10T18:43:24","modified_gmt":"2025-03-10T17:43:24","slug":"kayu-egino-3-bubinga","status":"publish","type":"product","link":"https:\/\/kayuwriting.com\/cs\/produkt\/kayu-egino-3-bubinga\/","title":{"rendered":"Kayu Egino 3 Bubinga"},"content":{"rendered":"<p>Kdy\u017e se pod\u00edv\u00e1te na Egino, vypad\u00e1 v\u016fbec jako pero? Kde jsou v\u0161echny ty v\u011bci jako ob\u0159\u00ed v\u00ed\u010dko, klip nebo opulentn\u00ed pozlacen\u00e9 ozdoby? Nejsou tam. A pro\u010d? Proto\u017ee jsou k ni\u010demu. Nejmen\u0161\u00ed v\u00ed\u010dko, kter\u00e9 se n\u00e1m poda\u0159ilo vymyslet, m\u00e1 pouze vyfr\u00e9zovanou hranu, kter\u00e1 zabra\u0148uje kut\u00e1len\u00ed a d\u00edky n\u00ed\u017e na prvn\u00ed dotek pozn\u00e1te, kde se v\u00ed\u010dko \u0161roubuje.     <\/p>\n<p>Egino 3 je vybaveno rychl\u00fdm a spolehliv\u00fdm v\u00ed\u010dkem se star\u00fdmi dobr\u00fdmi z\u00e1vity. Mo\u017en\u00e1 nen\u00ed tak sexy jako magnety nebo plastov\u00e9 klik\u00e1\u010dky, ale zase bude fungovat stejn\u011b dob\u0159e i za 30 let bez oprav. <\/p>\n<p>Jakmile pero otev\u0159ete, zjist\u00edte, \u017ee va\u0161emu \u00fachopu nic nebr\u00e1n\u00ed. Je to tak p\u0159\u00edjemn\u00e9, kdy\u017e m\u016f\u017eete pero uchopit, kdekoli se v\u00e1m zachce, a \u017e\u00e1dn\u00e9 hrany, z\u00e1vity nebo podobn\u00e9 nerovnosti v\u00e1m nep\u0159ek\u00e1\u017eej\u00ed. Je tak\u00e9 dokonale vyv\u00e1\u017een\u00e9 s t\u011b\u017ei\u0161t\u011bm naklon\u011bn\u00fdm tak akor\u00e1t k hrotu. D\u00edky tomu si u\u017eijete skute\u010dn\u011b vynikaj\u00edc\u00ed ovladatelnost bez kompromis\u016f.   <\/p>\n<p>Egino m\u016f\u017ee ps\u00e1t klasick\u00fdm tenk\u00fdm (F), st\u0159edn\u00edm (M) nebo siln\u00fdm (B) hrotem a jako bonus tak\u00e9 kuli\u010dkov\u00fdm hrotem (M). Z\u00e1le\u017e\u00ed na tom, co v\u00e1m vyhovuje nejv\u00edce. V\u0161echna pera se pln\u00ed konvertorem nebo bombi\u010dkami standardn\u00ed velikosti, kter\u00e9 se\u017eenete v ka\u017ed\u00e9m dobr\u00e9m pap\u00edrnictv\u00ed. Hroty poch\u00e1zej\u00ed z N\u011bmecka a jsou tak p\u0159esn\u00e9, \u017ee p\u00ed\u0161\u00ed p\u0159i sebemen\u0161\u00edm dotyku s pap\u00edrem.   <\/p>\n<p><strong>Vlastnosti d\u0159eva Bubinga<\/strong><\/p>\n<div class=\"flex-1 overflow-hidden @container\/thread translate-y-[2rem] -mt-[2rem] pb-[1.5rem]\">\n<div class=\"relative h-full\">\n<div class=\"flex h-full flex-col overflow-y-auto [scrollbar-gutter:stable]\">\n<div class=\"flex flex-col text-sm md:pb-9\">\n<article class=\"w-full text-token-text-primary focus-visible:outline-2 focus-visible:outline-offset-[-4px]\" dir=\"auto\" data-testid=\"conversation-turn-17\" data-scroll-anchor=\"true\">\n<div class=\"m-auto text-base py-[18px] px-6\">\n<div class=\"mx-auto flex flex-1 text-base gap-4 md:gap-5 lg:gap-6 md:max-w-3xl\">\n<div class=\"group\/conversation-turn relative flex w-full min-w-0 flex-col agent-turn @xs\/thread:px-0 @sm\/thread:px-1.5 @md\/thread:px-4\">\n<div class=\"flex-col gap-1 md:gap-3\">\n<div class=\"flex max-w-full flex-col flex-grow\">\n<div class=\"min-h-8 text-message flex w-full flex-col items-end gap-2 whitespace-normal break-words text-start [.text-message+&amp;]:mt-5\" dir=\"auto\" data-message-author-role=\"assistant\" data-message-id=\"18beecc7-dc0e-400b-b95b-5ad12df2d8c7\" data-message-model-slug=\"gpt-4o-mini\">\n<div class=\"flex w-full flex-col gap-1 empty:hidden first:pt-[3px]\">\n<div class=\"markdown prose w-full break-words dark:prose-invert dark\">\n<p data-start=\"484\" data-end=\"894\">Toto d\u0159evo je zn\u00e1m\u00e9 sv\u00fdmi syt\u00fdmi, \u010dervenohn\u011bd\u00fdmi a\u017e nar\u016f\u017eov\u011bl\u00fdmi odst\u00edny, \u010dasto s tmav\u0161\u00edmi pruhy nebo vzory, kter\u00e9 se podobaj\u00ed t\u011bm, kter\u00e9 se vyskytuj\u00ed u palisandru. Jeho kresba je obvykle rovn\u00e1, i kdy\u017e n\u011bkdy se m\u016f\u017ee prol\u00ednat a vytv\u00e1\u0159et kr\u00e1sn\u00e9, rozmanit\u00e9 tvary, d\u00edky nim\u017e je ka\u017ed\u00fd kus jedine\u010dn\u00fd. D\u0159evo m\u00e1 \u010dasto jemnou, hladkou strukturu, kter\u00e1 se kr\u00e1sn\u011b le\u0161t\u00ed a zvy\u0161uje jeho p\u0159irozenou atraktivitu.  <\/p>\n<p data-start=\"899\" data-end=\"1238\">Bubinga je velmi hust\u00e9 a tvrd\u00e9 d\u0159evo, kter\u00e9 je odoln\u00e9 proti opot\u0159eben\u00ed, po\u0161kr\u00e1b\u00e1n\u00ed a po\u0161kozen\u00ed. D\u00edky t\u00e9to vlastnosti m\u00e1 dlouhou \u017eivotnost a je ide\u00e1ln\u00ed pro p\u0159edm\u011bty s vysok\u00fdm zat\u00ed\u017een\u00edm, jako je n\u00e1bytek, sk\u0159\u00edn\u011b a hudebn\u00ed n\u00e1stroje. Bubinga je tak\u00e9 p\u0159irozen\u011b odoln\u00e1 v\u016f\u010di hnilob\u011b a \u0161k\u016fdc\u016fm, co\u017e zvy\u0161uje jej\u00ed trvanlivost.  <\/p>\n<p data-start=\"899\" data-end=\"1238\"><strong>Symbolika d\u0159eva bubinga<\/strong><\/p>\n<p data-start=\"899\" data-end=\"1238\">D\u00edky sv\u00e9 tvrdosti, trvanlivosti a odolnosti proti sk\u00e1ze je symbolem s\u00edly, odolnosti a dlouhov\u011bkosti. Elegantn\u00ed vzhled a slo\u017eit\u00e1 kresba d\u0159eva jsou symbolem noblesy, bohatstv\u00ed a sofistikovanosti. D\u0159evo bubinga je stejn\u011b jako mnoho dal\u0161\u00edch exotick\u00fdch d\u0159evin \u00fazce spjato se sv\u00fdm p\u0159\u00edrodn\u00edm prost\u0159ed\u00edm. Strom, z n\u011bho\u017e se z\u00edsk\u00e1v\u00e1, roste v tropick\u00fdch les\u00edch Afriky a symbolizuje hlubok\u00e9 spojen\u00ed s p\u0159\u00edrodou a s\u00edlu p\u0159irozen\u00e9ho sv\u011bta, \u00factu k \u017eivotn\u00edmu prost\u0159ed\u00ed a kr\u00e1su p\u0159\u00edrody.    <\/p>\n<p data-start=\"899\" data-end=\"1238\">Bubinga je \u0159emesln\u00edky \u010dasto vyb\u00edr\u00e1no pro sv\u016fj n\u00e1padn\u00fd vzhled a schopnost opracovat jej do detailn\u00edch a slo\u017eit\u00fdch kus\u016f. Jemn\u00e1 struktura d\u0159eva v kombinaci s jeho kr\u00e1snou barvou a kresbou je \u010dasto spojov\u00e1na s rovnov\u00e1hou a harmoni\u00ed. Bubinga se sv\u00fdmi syt\u00fdmi odst\u00edny a rafinovan\u00fdm vzhledem m\u016f\u017ee p\u0159edstavovat pocit rovnov\u00e1hy a jednoty. Je pova\u017eov\u00e1na za materi\u00e1l, kter\u00fd umoc\u0148uje atmosf\u00e9ru prostoru nebo p\u0159edm\u011bt\u016f, k jejich\u017e v\u00fdrob\u011b je pou\u017eit, a p\u0159in\u00e1\u0161\u00ed pocit klidu a rovnov\u00e1hy.   <\/p>\n<\/div>\n<\/div>\n<\/div>\n<\/div>\n<\/div>\n<\/div>\n<\/div>\n<\/div>\n<\/article>\n<\/div>\n<\/div>\n<\/div>\n<\/div>\n","protected":false},"excerpt":{"rendered":"<p>D\u0159evo bubinga je vysoce cen\u011bn\u00e9 tvrd\u00e9 d\u0159evo zn\u00e1m\u00e9 svou v\u00fdjime\u010dnou kr\u00e1sou, pevnost\u00ed a trvanlivost\u00ed. Poch\u00e1z\u00ed ze stromu <em data-start=\"119\" data-end=\"136\">Guibourtia spp.<\/em>, kter\u00fd rosze ve st\u0159edn\u00ed a z\u00e1padn\u00ed Africe, zejm\u00e9na v zem\u00edch jako Gabon, Kamerun a Rovn\u00edkov\u00e1 Guinea. Bubinga je \u010dasto ozna\u010dov\u00e1na jako &#8222;africk\u00e9 palisandrov\u00e9 d\u0159evo&#8220; d\u00edky sv\u00e9mu vzhledu a vlastnostem, kter\u00e9 jsou palisandru podobn\u00e9. Dokonale se hod\u00ed k odoln\u00fdm lidem a p\u0159in\u00e1\u0161\u00ed rovnov\u00e1hu a harmonii.   <\/p>\n<p><a href=\"https:\/\/kayuwriting.com\/cs\/jak-vybrat-hrot-stopu-plneni\/\">Jak vybrat hrot, tlou\u0161\u0165ku a n\u00e1pl\u0148?<\/a><\/p>\n","protected":false},"featured_media":11735,"template":"","meta":[],"product_brand":[],"product_cat":[21],"product_tag":[],"class_list":{"0":"post-11518","1":"product","2":"type-product","3":"status-publish","4":"has-post-thumbnail","6":"product_cat-egino","8":"first","9":"outofstock","10":"shipping-taxable","11":"purchasable","12":"product-type-variable"},"yoast_head":"<!-- This site is optimized with the Yoast SEO plugin v27.3 - https:\/\/yoast.com\/product\/yoast-seo-wordpress\/ -->\n<title>Kayu Egino 3 Bubinga - Kayuwriting - It is #InOurHands<\/title>\n<meta name=\"robots\" content=\"index, follow, max-snippet:-1, max-image-preview:large, max-video-preview:-1\" \/>\n<link rel=\"canonical\" href=\"https:\/\/kayuwriting.com\/cs\/produkt\/kayu-egino-3-bubinga\/\" \/>\n<meta property=\"og:locale\" content=\"cs_CZ\" \/>\n<meta property=\"og:type\" content=\"article\" \/>\n<meta property=\"og:title\" content=\"Kayu Egino 3 Bubinga - Kayuwriting - It is #InOurHands\" \/>\n<meta property=\"og:description\" content=\"D\u0159evo bubinga je vysoce cen\u011bn\u00e9 tvrd\u00e9 d\u0159evo zn\u00e1m\u00e9 svou v\u00fdjime\u010dnou kr\u00e1sou, pevnost\u00ed a trvanlivost\u00ed. Poch\u00e1z\u00ed ze stromu Guibourtia spp., kter\u00fd rosze ve st\u0159edn\u00ed a z\u00e1padn\u00ed Africe, zejm\u00e9na v zem\u00edch jako Gabon, Kamerun a Rovn\u00edkov\u00e1 Guinea. Bubinga je \u010dasto ozna\u010dov\u00e1na jako &quot;africk\u00e9 palisandrov\u00e9 d\u0159evo&quot; d\u00edky sv\u00e9mu vzhledu a vlastnostem, kter\u00e9 jsou palisandru podobn\u00e9. Dokonale se hod\u00ed k odoln\u00fdm lidem a p\u0159in\u00e1\u0161\u00ed rovnov\u00e1hu a harmonii.   Jak vybrat hrot, tlou\u0161\u0165ku a n\u00e1pl\u0148?\" \/>\n<meta property=\"og:url\" content=\"https:\/\/kayuwriting.com\/cs\/produkt\/kayu-egino-3-bubinga\/\" \/>\n<meta property=\"og:site_name\" content=\"Kayuwriting - It is #InOurHands\" \/>\n<meta property=\"article:modified_time\" content=\"2025-03-10T17:43:24+00:00\" \/>\n<meta property=\"og:image\" content=\"https:\/\/kayuwriting.com\/wp-content\/uploads\/2025\/03\/egino-bubinga-1.jpg\" \/>\n\t<meta property=\"og:image:width\" content=\"2000\" \/>\n\t<meta property=\"og:image:height\" content=\"2000\" \/>\n\t<meta property=\"og:image:type\" content=\"image\/jpeg\" \/>\n<meta name=\"twitter:card\" content=\"summary_large_image\" \/>\n<meta name=\"twitter:label1\" content=\"Odhadovan\u00e1 doba \u010dten\u00ed\" \/>\n\t<meta name=\"twitter:data1\" content=\"3 minuty\" \/>\n<script type=\"application\/ld+json\" class=\"yoast-schema-graph\">{\"@context\":\"https:\\\/\\\/schema.org\",\"@graph\":[{\"@type\":\"WebPage\",\"@id\":\"https:\\\/\\\/kayuwriting.com\\\/cs\\\/produkt\\\/kayu-egino-3-bubinga\\\/\",\"url\":\"https:\\\/\\\/kayuwriting.com\\\/cs\\\/produkt\\\/kayu-egino-3-bubinga\\\/\",\"name\":\"Kayu Egino 3 Bubinga - Kayuwriting - It is #InOurHands\",\"isPartOf\":{\"@id\":\"https:\\\/\\\/kayuwriting.com\\\/cs\\\/#website\"},\"primaryImageOfPage\":{\"@id\":\"https:\\\/\\\/kayuwriting.com\\\/cs\\\/produkt\\\/kayu-egino-3-bubinga\\\/#primaryimage\"},\"image\":{\"@id\":\"https:\\\/\\\/kayuwriting.com\\\/cs\\\/produkt\\\/kayu-egino-3-bubinga\\\/#primaryimage\"},\"thumbnailUrl\":\"https:\\\/\\\/kayuwriting.com\\\/wp-content\\\/uploads\\\/2025\\\/03\\\/egino-bubinga-1.jpg\",\"datePublished\":\"2025-03-10T16:43:22+00:00\",\"dateModified\":\"2025-03-10T17:43:24+00:00\",\"breadcrumb\":{\"@id\":\"https:\\\/\\\/kayuwriting.com\\\/cs\\\/produkt\\\/kayu-egino-3-bubinga\\\/#breadcrumb\"},\"inLanguage\":\"cs\",\"potentialAction\":[{\"@type\":\"ReadAction\",\"target\":[\"https:\\\/\\\/kayuwriting.com\\\/cs\\\/produkt\\\/kayu-egino-3-bubinga\\\/\"]}]},{\"@type\":\"ImageObject\",\"inLanguage\":\"cs\",\"@id\":\"https:\\\/\\\/kayuwriting.com\\\/cs\\\/produkt\\\/kayu-egino-3-bubinga\\\/#primaryimage\",\"url\":\"https:\\\/\\\/kayuwriting.com\\\/wp-content\\\/uploads\\\/2025\\\/03\\\/egino-bubinga-1.jpg\",\"contentUrl\":\"https:\\\/\\\/kayuwriting.com\\\/wp-content\\\/uploads\\\/2025\\\/03\\\/egino-bubinga-1.jpg\",\"width\":2000,\"height\":2000},{\"@type\":\"BreadcrumbList\",\"@id\":\"https:\\\/\\\/kayuwriting.com\\\/cs\\\/produkt\\\/kayu-egino-3-bubinga\\\/#breadcrumb\",\"itemListElement\":[{\"@type\":\"ListItem\",\"position\":1,\"name\":\"Obchod a eshop s plnic\u00edmi a kuli\u010dkov\u00fdmi pery Kayu. M\u00e1me i n\u00e1pln\u011b, z\u00e1pisn\u00edky nebo obaly\",\"item\":\"https:\\\/\\\/kayuwriting.com\\\/cs\\\/obchod\\\/\"},{\"@type\":\"ListItem\",\"position\":2,\"name\":\"Kayu Egino 3 Bubinga\"}]},{\"@type\":\"WebSite\",\"@id\":\"https:\\\/\\\/kayuwriting.com\\\/cs\\\/#website\",\"url\":\"https:\\\/\\\/kayuwriting.com\\\/cs\\\/\",\"name\":\"Kayuwriting - It is #InOurHands\",\"description\":\"\",\"publisher\":{\"@id\":\"https:\\\/\\\/kayuwriting.com\\\/cs\\\/#organization\"},\"potentialAction\":[{\"@type\":\"SearchAction\",\"target\":{\"@type\":\"EntryPoint\",\"urlTemplate\":\"https:\\\/\\\/kayuwriting.com\\\/cs\\\/?s={search_term_string}\"},\"query-input\":{\"@type\":\"PropertyValueSpecification\",\"valueRequired\":true,\"valueName\":\"search_term_string\"}}],\"inLanguage\":\"cs\"},{\"@type\":\"Organization\",\"@id\":\"https:\\\/\\\/kayuwriting.com\\\/cs\\\/#organization\",\"name\":\"Kayuwriting - It is #InOurHands\",\"url\":\"https:\\\/\\\/kayuwriting.com\\\/cs\\\/\",\"logo\":{\"@type\":\"ImageObject\",\"inLanguage\":\"cs\",\"@id\":\"https:\\\/\\\/kayuwriting.com\\\/cs\\\/#\\\/schema\\\/logo\\\/image\\\/\",\"url\":\"https:\\\/\\\/kayuwriting.com\\\/wp-content\\\/uploads\\\/2023\\\/10\\\/KAYU-logo-2023.png\",\"contentUrl\":\"https:\\\/\\\/kayuwriting.com\\\/wp-content\\\/uploads\\\/2023\\\/10\\\/KAYU-logo-2023.png\",\"width\":386,\"height\":117,\"caption\":\"Kayuwriting - It is #InOurHands\"},\"image\":{\"@id\":\"https:\\\/\\\/kayuwriting.com\\\/cs\\\/#\\\/schema\\\/logo\\\/image\\\/\"}}]}<\/script>\n<!-- \/ Yoast SEO plugin. -->","yoast_head_json":{"title":"Kayu Egino 3 Bubinga - Kayuwriting - It is #InOurHands","robots":{"index":"index","follow":"follow","max-snippet":"max-snippet:-1","max-image-preview":"max-image-preview:large","max-video-preview":"max-video-preview:-1"},"canonical":"https:\/\/kayuwriting.com\/cs\/produkt\/kayu-egino-3-bubinga\/","og_locale":"cs_CZ","og_type":"article","og_title":"Kayu Egino 3 Bubinga - Kayuwriting - It is #InOurHands","og_description":"D\u0159evo bubinga je vysoce cen\u011bn\u00e9 tvrd\u00e9 d\u0159evo zn\u00e1m\u00e9 svou v\u00fdjime\u010dnou kr\u00e1sou, pevnost\u00ed a trvanlivost\u00ed. Poch\u00e1z\u00ed ze stromu Guibourtia spp., kter\u00fd rosze ve st\u0159edn\u00ed a z\u00e1padn\u00ed Africe, zejm\u00e9na v zem\u00edch jako Gabon, Kamerun a Rovn\u00edkov\u00e1 Guinea. Bubinga je \u010dasto ozna\u010dov\u00e1na jako \"africk\u00e9 palisandrov\u00e9 d\u0159evo\" d\u00edky sv\u00e9mu vzhledu a vlastnostem, kter\u00e9 jsou palisandru podobn\u00e9. Dokonale se hod\u00ed k odoln\u00fdm lidem a p\u0159in\u00e1\u0161\u00ed rovnov\u00e1hu a harmonii.   Jak vybrat hrot, tlou\u0161\u0165ku a n\u00e1pl\u0148?","og_url":"https:\/\/kayuwriting.com\/cs\/produkt\/kayu-egino-3-bubinga\/","og_site_name":"Kayuwriting - It is #InOurHands","article_modified_time":"2025-03-10T17:43:24+00:00","og_image":[{"width":2000,"height":2000,"url":"https:\/\/kayuwriting.com\/wp-content\/uploads\/2025\/03\/egino-bubinga-1.jpg","type":"image\/jpeg"}],"twitter_card":"summary_large_image","twitter_misc":{"Odhadovan\u00e1 doba \u010dten\u00ed":"3 minuty"},"schema":{"@context":"https:\/\/schema.org","@graph":[{"@type":"WebPage","@id":"https:\/\/kayuwriting.com\/cs\/produkt\/kayu-egino-3-bubinga\/","url":"https:\/\/kayuwriting.com\/cs\/produkt\/kayu-egino-3-bubinga\/","name":"Kayu Egino 3 Bubinga - Kayuwriting - It is #InOurHands","isPartOf":{"@id":"https:\/\/kayuwriting.com\/cs\/#website"},"primaryImageOfPage":{"@id":"https:\/\/kayuwriting.com\/cs\/produkt\/kayu-egino-3-bubinga\/#primaryimage"},"image":{"@id":"https:\/\/kayuwriting.com\/cs\/produkt\/kayu-egino-3-bubinga\/#primaryimage"},"thumbnailUrl":"https:\/\/kayuwriting.com\/wp-content\/uploads\/2025\/03\/egino-bubinga-1.jpg","datePublished":"2025-03-10T16:43:22+00:00","dateModified":"2025-03-10T17:43:24+00:00","breadcrumb":{"@id":"https:\/\/kayuwriting.com\/cs\/produkt\/kayu-egino-3-bubinga\/#breadcrumb"},"inLanguage":"cs","potentialAction":[{"@type":"ReadAction","target":["https:\/\/kayuwriting.com\/cs\/produkt\/kayu-egino-3-bubinga\/"]}]},{"@type":"ImageObject","inLanguage":"cs","@id":"https:\/\/kayuwriting.com\/cs\/produkt\/kayu-egino-3-bubinga\/#primaryimage","url":"https:\/\/kayuwriting.com\/wp-content\/uploads\/2025\/03\/egino-bubinga-1.jpg","contentUrl":"https:\/\/kayuwriting.com\/wp-content\/uploads\/2025\/03\/egino-bubinga-1.jpg","width":2000,"height":2000},{"@type":"BreadcrumbList","@id":"https:\/\/kayuwriting.com\/cs\/produkt\/kayu-egino-3-bubinga\/#breadcrumb","itemListElement":[{"@type":"ListItem","position":1,"name":"Obchod a eshop s plnic\u00edmi a kuli\u010dkov\u00fdmi pery Kayu. M\u00e1me i n\u00e1pln\u011b, z\u00e1pisn\u00edky nebo obaly","item":"https:\/\/kayuwriting.com\/cs\/obchod\/"},{"@type":"ListItem","position":2,"name":"Kayu Egino 3 Bubinga"}]},{"@type":"WebSite","@id":"https:\/\/kayuwriting.com\/cs\/#website","url":"https:\/\/kayuwriting.com\/cs\/","name":"Kayuwriting - It is #InOurHands","description":"","publisher":{"@id":"https:\/\/kayuwriting.com\/cs\/#organization"},"potentialAction":[{"@type":"SearchAction","target":{"@type":"EntryPoint","urlTemplate":"https:\/\/kayuwriting.com\/cs\/?s={search_term_string}"},"query-input":{"@type":"PropertyValueSpecification","valueRequired":true,"valueName":"search_term_string"}}],"inLanguage":"cs"},{"@type":"Organization","@id":"https:\/\/kayuwriting.com\/cs\/#organization","name":"Kayuwriting - It is #InOurHands","url":"https:\/\/kayuwriting.com\/cs\/","logo":{"@type":"ImageObject","inLanguage":"cs","@id":"https:\/\/kayuwriting.com\/cs\/#\/schema\/logo\/image\/","url":"https:\/\/kayuwriting.com\/wp-content\/uploads\/2023\/10\/KAYU-logo-2023.png","contentUrl":"https:\/\/kayuwriting.com\/wp-content\/uploads\/2023\/10\/KAYU-logo-2023.png","width":386,"height":117,"caption":"Kayuwriting - It is #InOurHands"},"image":{"@id":"https:\/\/kayuwriting.com\/cs\/#\/schema\/logo\/image\/"}}]}},"_links":{"self":[{"href":"https:\/\/kayuwriting.com\/cs\/wp-json\/wp\/v2\/product\/11518","targetHints":{"allow":["GET"]}}],"collection":[{"href":"https:\/\/kayuwriting.com\/cs\/wp-json\/wp\/v2\/product"}],"about":[{"href":"https:\/\/kayuwriting.com\/cs\/wp-json\/wp\/v2\/types\/product"}],"wp:featuredmedia":[{"embeddable":true,"href":"https:\/\/kayuwriting.com\/cs\/wp-json\/wp\/v2\/media\/11735"}],"wp:attachment":[{"href":"https:\/\/kayuwriting.com\/cs\/wp-json\/wp\/v2\/media?parent=11518"}],"wp:term":[{"taxonomy":"product_brand","embeddable":true,"href":"https:\/\/kayuwriting.com\/cs\/wp-json\/wp\/v2\/product_brand?post=11518"},{"taxonomy":"product_cat","embeddable":true,"href":"https:\/\/kayuwriting.com\/cs\/wp-json\/wp\/v2\/product_cat?post=11518"},{"taxonomy":"product_tag","embeddable":true,"href":"https:\/\/kayuwriting.com\/cs\/wp-json\/wp\/v2\/product_tag?post=11518"}],"curies":[{"name":"wp","href":"https:\/\/api.w.org\/{rel}","templated":true}]}}