{"id":11516,"date":"2025-02-28T14:42:29","date_gmt":"2025-02-28T13:42:29","guid":{"rendered":"https:\/\/kayuwriting.com\/?post_type=product&#038;p=11516"},"modified":"2025-10-10T20:46:27","modified_gmt":"2025-10-10T18:46:27","slug":"kayu-egino-3-cocobolo","status":"publish","type":"product","link":"https:\/\/kayuwriting.com\/cs\/produkt\/kayu-egino-3-cocobolo\/","title":{"rendered":"Kayu Egino 3 Cocobolo"},"content":{"rendered":"<p>Kdy\u017e se pod\u00edv\u00e1te na Egino, vypad\u00e1 v\u016fbec jako pero? Kde jsou v\u0161echny ty v\u011bci jako ob\u0159\u00ed v\u00ed\u010dko, klip nebo opulentn\u00ed pozlacen\u00e9 ozdoby? Nejsou tam. A pro\u010d? Proto\u017ee jsou k ni\u010demu. Nejmen\u0161\u00ed v\u00ed\u010dko, kter\u00e9 se n\u00e1m poda\u0159ilo vymyslet, m\u00e1 pouze vyfr\u00e9zovanou hranu, kter\u00e1 zabra\u0148uje kut\u00e1len\u00ed a d\u00edky n\u00ed\u017e na prvn\u00ed dotek pozn\u00e1te, kde se v\u00ed\u010dko \u0161roubuje.<\/p>\n<p>Egino 3 je vybaveno rychl\u00fdm a spolehliv\u00fdm v\u00ed\u010dkem se star\u00fdmi dobr\u00fdmi z\u00e1vity. Mo\u017en\u00e1 nen\u00ed tak sexy jako magnety nebo plastov\u00e9 klik\u00e1\u010dky, ale zase bude fungovat stejn\u011b dob\u0159e i za 30 let bez oprav.<\/p>\n<p>Jakmile pero otev\u0159ete, zjist\u00edte, \u017ee va\u0161emu \u00fachopu nic nebr\u00e1n\u00ed. Je to tak p\u0159\u00edjemn\u00e9, kdy\u017e m\u016f\u017eete pero uchopit, kdekoli se v\u00e1m zachce, a \u017e\u00e1dn\u00e9 hrany, z\u00e1vity nebo podobn\u00e9 nerovnosti v\u00e1m nep\u0159ek\u00e1\u017eej\u00ed. Je tak\u00e9 dokonale vyv\u00e1\u017een\u00e9 s t\u011b\u017ei\u0161t\u011bm naklon\u011bn\u00fdm tak akor\u00e1t k hrotu. D\u00edky tomu si u\u017eijete skute\u010dn\u011b vynikaj\u00edc\u00ed ovladatelnost bez kompromis\u016f.<\/p>\n<p>Egino m\u016f\u017ee ps\u00e1t klasick\u00fdm tenk\u00fdm (F), st\u0159edn\u00edm (M) nebo siln\u00fdm (B) hrotem a jako bonus tak\u00e9 kuli\u010dkov\u00fdm hrotem (M). Z\u00e1le\u017e\u00ed na tom, co v\u00e1m vyhovuje nejv\u00edce. V\u0161echna pera se pln\u00ed konvertorem nebo bombi\u010dkami standardn\u00ed velikosti, kter\u00e9 se\u017eenete v ka\u017ed\u00e9m dobr\u00e9m pap\u00edrnictv\u00ed. Hroty poch\u00e1zej\u00ed z N\u011bmecka a jsou tak p\u0159esn\u00e9, \u017ee p\u00ed\u0161\u00ed p\u0159i sebemen\u0161\u00edm dotyku s pap\u00edrem.<\/p>\n<p><strong>Vlastnosti d\u0159eva Cocobolo<\/strong><\/p>\n<p>D\u0159evo Cocobolo je proslul\u00e9 sv\u00fdmi n\u00e1padn\u00fdmi barevn\u00fdmi variacemi, od tmav\u011b \u010dervenohn\u011bd\u00fdch a\u017e po oran\u017eov\u00e9 a fialov\u00e9 odst\u00edny, \u010dasto s tmav\u011b \u010dern\u00fdmi nebo tmav\u0161\u00edmi pruhy. D\u00edky tomu je ka\u017ed\u00fd kus d\u0159eva cocobolo jedine\u010dn\u00fd, se slo\u017eit\u00fdmi vzory, kter\u00e9 dod\u00e1vaj\u00ed d\u0159evu luxusn\u00ed vzhled. Jeho vl\u00e1kno je obvykle propleten\u00e9, co\u017e po opracov\u00e1n\u00ed vytv\u00e1\u0159\u00ed kr\u00e1sn\u00e9 vzory.<\/p>\n<p>Cocobolo je extr\u00e9mn\u011b hust\u00e9 a tvrd\u00e9 d\u0159evo, kter\u00e9 je velmi odoln\u00e9 proti opot\u0159eben\u00ed. M\u00e1 vysok\u00fd obsah p\u0159\u00edrodn\u00edho oleje, kter\u00fd ho chr\u00e1n\u00ed. Cocobolo je zn\u00e1m\u00e9 t\u00edm, \u017ee p\u0159i opracov\u00e1n\u00ed m\u00e1 p\u0159\u00edjemnou, \u010dasto nasl\u00e1dlou v\u016fni. Cocobolo je vysoce cen\u011bno ve sv\u011bt\u011b hudebn\u00edch n\u00e1stroj\u016f, zejm\u00e9na pro v\u00fdrobu korpus\u016f kytar, fl\u00e9ten a dal\u0161\u00edch strunn\u00fdch n\u00e1stroj\u016f. Hustota d\u0159eva a p\u0159\u00edrodn\u00ed oleje zvy\u0161uj\u00ed jeho t\u00f3nov\u00e9 vlastnosti a dod\u00e1vaj\u00ed n\u00e1stroj\u016fm z n\u011bj vyroben\u00fdm bohat\u00fd, rezonuj\u00edc\u00ed zvuk.<\/p>\n<p><strong>Symbolika Cocobolo<\/strong><\/p>\n<p>D\u00edky sv\u00e9 vz\u00e1cnosti a slo\u017eit\u00e9 kr\u00e1se kresby je d\u0159evo cocobolo ji\u017e dlouho spojov\u00e1no s luxusem a \u0161pi\u010dkov\u00fdm \u0159emesln\u00fdm zpracov\u00e1n\u00edm. \u010casto se pou\u017e\u00edv\u00e1 p\u0159i v\u00fdrob\u011b drah\u00e9ho n\u00e1bytku, hudebn\u00edch n\u00e1stroj\u016f a um\u011bleck\u00fdch d\u011bl. Toto spojen\u00ed s bohatstv\u00edm a exkluzivitou z n\u011bj \u010din\u00ed symbol postaven\u00ed a presti\u017ee.<\/p>\n<p>V\u00fdjime\u010dn\u00e1 trvanlivost a odolnost proti opot\u0159eben\u00ed \u010din\u00ed z kokosov\u00e9ho d\u0159eva symbol s\u00edly a dlouhov\u011bkosti. Cocobolo je vz\u00e1cn\u00e9 a vysoce cen\u011bn\u00e9 d\u0159evo, kter\u00e9 je v\u0161ak tak\u00e9 siln\u011b spjato se sv\u011btem p\u0159\u00edrody. Samotn\u00fd strom je v n\u011bkter\u00fdch kultur\u00e1ch pova\u017eov\u00e1n za posv\u00e1tn\u00fd a jeho d\u0159evo odr\u00e1\u017e\u00ed p\u0159\u00edrodn\u00ed kr\u00e1su a s\u00edlu tropick\u00fdch les\u016f, kde roste.<\/p>\n<p>Ve sv\u011bt\u011b zpracov\u00e1n\u00ed d\u0159eva a jemn\u00e9ho \u0159emesla je cocobolo \u010dasto spojov\u00e1no s \u0159emeslnou zru\u010dnost\u00ed. Jedine\u010dn\u00e1 barva, textura a kresba d\u0159eva jsou mezi \u0159emesln\u00edky velmi vyhled\u00e1van\u00e9 a jsou pova\u017eov\u00e1ny za symbol vysok\u00e9 \u0159emesln\u00e9 zru\u010dnosti a d\u016frazu na detail. P\u0159edm\u011bty vyroben\u00e9 z cocobola jsou \u010dasto pova\u017eov\u00e1ny za samostatn\u00e1 um\u011bleck\u00e1 d\u00edla.<\/p>\n","protected":false},"excerpt":{"rendered":"<p>D\u0159evo Cocobolo je jedn\u00edm z nejcenn\u011bj\u0161\u00edch tvrd\u00fdch d\u0159ev na sv\u011bt\u011b, zn\u00e1m\u00e9 sv\u00fdm pozoruhodn\u00fdm vzhledem, trvanlivost\u00ed a bohat\u00fdm kulturn\u00edm v\u00fdznamem. Poch\u00e1z\u00ed ze stromu <em>Dalbergia retusa <\/em>ze St\u0159edn\u00ed Ameriky, zejm\u00e9na z Kostariky a Panamy. M\u00e1 tmav\u011b hn\u011bdou barvu s velmi bohatou a vlnitou strukturou, kter\u00e1 p\u0159ipom\u00edn\u00e1 vlny nebo vlasy. Bude k v\u00e1m skv\u011ble pasovat, pokud zbo\u017e\u0148ujete pr\u00e9miov\u00e9 v\u00fdrobky a vysokou kvalitu \u0159emesln\u00e9ho zpracov\u00e1n\u00ed.<\/p>\n<p><a href=\"https:\/\/kayuwriting.com\/cs\/jak-vybrat-hrot-stopu-plneni\/\">Jak vybrat hrot, tlou\u0161\u0165ku p\u00edsma a n\u00e1pl\u0148?<\/a><\/p>\n","protected":false},"featured_media":11751,"template":"","meta":[],"product_brand":[],"product_cat":[21],"product_tag":[],"class_list":{"0":"post-11516","1":"product","2":"type-product","3":"status-publish","4":"has-post-thumbnail","6":"product_cat-egino","8":"first","9":"outofstock","10":"shipping-taxable","11":"purchasable","12":"product-type-variable"},"yoast_head":"<!-- This site is optimized with the Yoast SEO plugin v27.3 - https:\/\/yoast.com\/product\/yoast-seo-wordpress\/ -->\n<title>Kayu Egino 3 Cocobolo - Kayuwriting - It is #InOurHands<\/title>\n<meta name=\"robots\" content=\"index, follow, max-snippet:-1, max-image-preview:large, max-video-preview:-1\" \/>\n<link rel=\"canonical\" href=\"https:\/\/kayuwriting.com\/cs\/produkt\/kayu-egino-3-cocobolo\/\" \/>\n<meta property=\"og:locale\" content=\"cs_CZ\" \/>\n<meta property=\"og:type\" content=\"article\" \/>\n<meta property=\"og:title\" content=\"Kayu Egino 3 Cocobolo - Kayuwriting - It is #InOurHands\" \/>\n<meta property=\"og:description\" content=\"D\u0159evo Cocobolo je jedn\u00edm z nejcenn\u011bj\u0161\u00edch tvrd\u00fdch d\u0159ev na sv\u011bt\u011b, zn\u00e1m\u00e9 sv\u00fdm pozoruhodn\u00fdm vzhledem, trvanlivost\u00ed a bohat\u00fdm kulturn\u00edm v\u00fdznamem. Poch\u00e1z\u00ed ze stromu Dalbergia retusa ze St\u0159edn\u00ed Ameriky, zejm\u00e9na z Kostariky a Panamy. M\u00e1 tmav\u011b hn\u011bdou barvu s velmi bohatou a vlnitou strukturou, kter\u00e1 p\u0159ipom\u00edn\u00e1 vlny nebo vlasy. Bude k v\u00e1m skv\u011ble pasovat, pokud zbo\u017e\u0148ujete pr\u00e9miov\u00e9 v\u00fdrobky a vysokou kvalitu \u0159emesln\u00e9ho zpracov\u00e1n\u00ed.  Jak vybrat hrot, tlou\u0161\u0165ku p\u00edsma a n\u00e1pl\u0148?\" \/>\n<meta property=\"og:url\" content=\"https:\/\/kayuwriting.com\/cs\/produkt\/kayu-egino-3-cocobolo\/\" \/>\n<meta property=\"og:site_name\" content=\"Kayuwriting - It is #InOurHands\" \/>\n<meta property=\"article:modified_time\" content=\"2025-10-10T18:46:27+00:00\" \/>\n<meta property=\"og:image\" content=\"https:\/\/kayuwriting.com\/wp-content\/uploads\/2025\/03\/egino-cocobolo-1.jpg\" \/>\n\t<meta property=\"og:image:width\" content=\"2000\" \/>\n\t<meta property=\"og:image:height\" content=\"2000\" \/>\n\t<meta property=\"og:image:type\" content=\"image\/jpeg\" \/>\n<meta name=\"twitter:card\" content=\"summary_large_image\" \/>\n<meta name=\"twitter:label1\" content=\"Odhadovan\u00e1 doba \u010dten\u00ed\" \/>\n\t<meta name=\"twitter:data1\" content=\"3 minuty\" \/>\n<script type=\"application\/ld+json\" class=\"yoast-schema-graph\">{\"@context\":\"https:\\\/\\\/schema.org\",\"@graph\":[{\"@type\":\"WebPage\",\"@id\":\"https:\\\/\\\/kayuwriting.com\\\/cs\\\/produkt\\\/kayu-egino-3-cocobolo\\\/\",\"url\":\"https:\\\/\\\/kayuwriting.com\\\/cs\\\/produkt\\\/kayu-egino-3-cocobolo\\\/\",\"name\":\"Kayu Egino 3 Cocobolo - Kayuwriting - It is #InOurHands\",\"isPartOf\":{\"@id\":\"https:\\\/\\\/kayuwriting.com\\\/cs\\\/#website\"},\"primaryImageOfPage\":{\"@id\":\"https:\\\/\\\/kayuwriting.com\\\/cs\\\/produkt\\\/kayu-egino-3-cocobolo\\\/#primaryimage\"},\"image\":{\"@id\":\"https:\\\/\\\/kayuwriting.com\\\/cs\\\/produkt\\\/kayu-egino-3-cocobolo\\\/#primaryimage\"},\"thumbnailUrl\":\"https:\\\/\\\/kayuwriting.com\\\/wp-content\\\/uploads\\\/2025\\\/03\\\/egino-cocobolo-1.jpg\",\"datePublished\":\"2025-02-28T13:42:29+00:00\",\"dateModified\":\"2025-10-10T18:46:27+00:00\",\"breadcrumb\":{\"@id\":\"https:\\\/\\\/kayuwriting.com\\\/cs\\\/produkt\\\/kayu-egino-3-cocobolo\\\/#breadcrumb\"},\"inLanguage\":\"cs\",\"potentialAction\":[{\"@type\":\"ReadAction\",\"target\":[\"https:\\\/\\\/kayuwriting.com\\\/cs\\\/produkt\\\/kayu-egino-3-cocobolo\\\/\"]}]},{\"@type\":\"ImageObject\",\"inLanguage\":\"cs\",\"@id\":\"https:\\\/\\\/kayuwriting.com\\\/cs\\\/produkt\\\/kayu-egino-3-cocobolo\\\/#primaryimage\",\"url\":\"https:\\\/\\\/kayuwriting.com\\\/wp-content\\\/uploads\\\/2025\\\/03\\\/egino-cocobolo-1.jpg\",\"contentUrl\":\"https:\\\/\\\/kayuwriting.com\\\/wp-content\\\/uploads\\\/2025\\\/03\\\/egino-cocobolo-1.jpg\",\"width\":2000,\"height\":2000},{\"@type\":\"BreadcrumbList\",\"@id\":\"https:\\\/\\\/kayuwriting.com\\\/cs\\\/produkt\\\/kayu-egino-3-cocobolo\\\/#breadcrumb\",\"itemListElement\":[{\"@type\":\"ListItem\",\"position\":1,\"name\":\"Obchod a eshop s plnic\u00edmi a kuli\u010dkov\u00fdmi pery Kayu. M\u00e1me i n\u00e1pln\u011b, z\u00e1pisn\u00edky nebo obaly\",\"item\":\"https:\\\/\\\/kayuwriting.com\\\/cs\\\/obchod\\\/\"},{\"@type\":\"ListItem\",\"position\":2,\"name\":\"Kayu Egino 3 Cocobolo\"}]},{\"@type\":\"WebSite\",\"@id\":\"https:\\\/\\\/kayuwriting.com\\\/cs\\\/#website\",\"url\":\"https:\\\/\\\/kayuwriting.com\\\/cs\\\/\",\"name\":\"Kayuwriting - It is #InOurHands\",\"description\":\"\",\"publisher\":{\"@id\":\"https:\\\/\\\/kayuwriting.com\\\/cs\\\/#organization\"},\"potentialAction\":[{\"@type\":\"SearchAction\",\"target\":{\"@type\":\"EntryPoint\",\"urlTemplate\":\"https:\\\/\\\/kayuwriting.com\\\/cs\\\/?s={search_term_string}\"},\"query-input\":{\"@type\":\"PropertyValueSpecification\",\"valueRequired\":true,\"valueName\":\"search_term_string\"}}],\"inLanguage\":\"cs\"},{\"@type\":\"Organization\",\"@id\":\"https:\\\/\\\/kayuwriting.com\\\/cs\\\/#organization\",\"name\":\"Kayuwriting - It is #InOurHands\",\"url\":\"https:\\\/\\\/kayuwriting.com\\\/cs\\\/\",\"logo\":{\"@type\":\"ImageObject\",\"inLanguage\":\"cs\",\"@id\":\"https:\\\/\\\/kayuwriting.com\\\/cs\\\/#\\\/schema\\\/logo\\\/image\\\/\",\"url\":\"https:\\\/\\\/kayuwriting.com\\\/wp-content\\\/uploads\\\/2023\\\/10\\\/KAYU-logo-2023.png\",\"contentUrl\":\"https:\\\/\\\/kayuwriting.com\\\/wp-content\\\/uploads\\\/2023\\\/10\\\/KAYU-logo-2023.png\",\"width\":386,\"height\":117,\"caption\":\"Kayuwriting - It is #InOurHands\"},\"image\":{\"@id\":\"https:\\\/\\\/kayuwriting.com\\\/cs\\\/#\\\/schema\\\/logo\\\/image\\\/\"}}]}<\/script>\n<!-- \/ Yoast SEO plugin. -->","yoast_head_json":{"title":"Kayu Egino 3 Cocobolo - Kayuwriting - It is #InOurHands","robots":{"index":"index","follow":"follow","max-snippet":"max-snippet:-1","max-image-preview":"max-image-preview:large","max-video-preview":"max-video-preview:-1"},"canonical":"https:\/\/kayuwriting.com\/cs\/produkt\/kayu-egino-3-cocobolo\/","og_locale":"cs_CZ","og_type":"article","og_title":"Kayu Egino 3 Cocobolo - Kayuwriting - It is #InOurHands","og_description":"D\u0159evo Cocobolo je jedn\u00edm z nejcenn\u011bj\u0161\u00edch tvrd\u00fdch d\u0159ev na sv\u011bt\u011b, zn\u00e1m\u00e9 sv\u00fdm pozoruhodn\u00fdm vzhledem, trvanlivost\u00ed a bohat\u00fdm kulturn\u00edm v\u00fdznamem. Poch\u00e1z\u00ed ze stromu Dalbergia retusa ze St\u0159edn\u00ed Ameriky, zejm\u00e9na z Kostariky a Panamy. M\u00e1 tmav\u011b hn\u011bdou barvu s velmi bohatou a vlnitou strukturou, kter\u00e1 p\u0159ipom\u00edn\u00e1 vlny nebo vlasy. Bude k v\u00e1m skv\u011ble pasovat, pokud zbo\u017e\u0148ujete pr\u00e9miov\u00e9 v\u00fdrobky a vysokou kvalitu \u0159emesln\u00e9ho zpracov\u00e1n\u00ed.  Jak vybrat hrot, tlou\u0161\u0165ku p\u00edsma a n\u00e1pl\u0148?","og_url":"https:\/\/kayuwriting.com\/cs\/produkt\/kayu-egino-3-cocobolo\/","og_site_name":"Kayuwriting - It is #InOurHands","article_modified_time":"2025-10-10T18:46:27+00:00","og_image":[{"width":2000,"height":2000,"url":"https:\/\/kayuwriting.com\/wp-content\/uploads\/2025\/03\/egino-cocobolo-1.jpg","type":"image\/jpeg"}],"twitter_card":"summary_large_image","twitter_misc":{"Odhadovan\u00e1 doba \u010dten\u00ed":"3 minuty"},"schema":{"@context":"https:\/\/schema.org","@graph":[{"@type":"WebPage","@id":"https:\/\/kayuwriting.com\/cs\/produkt\/kayu-egino-3-cocobolo\/","url":"https:\/\/kayuwriting.com\/cs\/produkt\/kayu-egino-3-cocobolo\/","name":"Kayu Egino 3 Cocobolo - Kayuwriting - It is #InOurHands","isPartOf":{"@id":"https:\/\/kayuwriting.com\/cs\/#website"},"primaryImageOfPage":{"@id":"https:\/\/kayuwriting.com\/cs\/produkt\/kayu-egino-3-cocobolo\/#primaryimage"},"image":{"@id":"https:\/\/kayuwriting.com\/cs\/produkt\/kayu-egino-3-cocobolo\/#primaryimage"},"thumbnailUrl":"https:\/\/kayuwriting.com\/wp-content\/uploads\/2025\/03\/egino-cocobolo-1.jpg","datePublished":"2025-02-28T13:42:29+00:00","dateModified":"2025-10-10T18:46:27+00:00","breadcrumb":{"@id":"https:\/\/kayuwriting.com\/cs\/produkt\/kayu-egino-3-cocobolo\/#breadcrumb"},"inLanguage":"cs","potentialAction":[{"@type":"ReadAction","target":["https:\/\/kayuwriting.com\/cs\/produkt\/kayu-egino-3-cocobolo\/"]}]},{"@type":"ImageObject","inLanguage":"cs","@id":"https:\/\/kayuwriting.com\/cs\/produkt\/kayu-egino-3-cocobolo\/#primaryimage","url":"https:\/\/kayuwriting.com\/wp-content\/uploads\/2025\/03\/egino-cocobolo-1.jpg","contentUrl":"https:\/\/kayuwriting.com\/wp-content\/uploads\/2025\/03\/egino-cocobolo-1.jpg","width":2000,"height":2000},{"@type":"BreadcrumbList","@id":"https:\/\/kayuwriting.com\/cs\/produkt\/kayu-egino-3-cocobolo\/#breadcrumb","itemListElement":[{"@type":"ListItem","position":1,"name":"Obchod a eshop s plnic\u00edmi a kuli\u010dkov\u00fdmi pery Kayu. M\u00e1me i n\u00e1pln\u011b, z\u00e1pisn\u00edky nebo obaly","item":"https:\/\/kayuwriting.com\/cs\/obchod\/"},{"@type":"ListItem","position":2,"name":"Kayu Egino 3 Cocobolo"}]},{"@type":"WebSite","@id":"https:\/\/kayuwriting.com\/cs\/#website","url":"https:\/\/kayuwriting.com\/cs\/","name":"Kayuwriting - It is #InOurHands","description":"","publisher":{"@id":"https:\/\/kayuwriting.com\/cs\/#organization"},"potentialAction":[{"@type":"SearchAction","target":{"@type":"EntryPoint","urlTemplate":"https:\/\/kayuwriting.com\/cs\/?s={search_term_string}"},"query-input":{"@type":"PropertyValueSpecification","valueRequired":true,"valueName":"search_term_string"}}],"inLanguage":"cs"},{"@type":"Organization","@id":"https:\/\/kayuwriting.com\/cs\/#organization","name":"Kayuwriting - It is #InOurHands","url":"https:\/\/kayuwriting.com\/cs\/","logo":{"@type":"ImageObject","inLanguage":"cs","@id":"https:\/\/kayuwriting.com\/cs\/#\/schema\/logo\/image\/","url":"https:\/\/kayuwriting.com\/wp-content\/uploads\/2023\/10\/KAYU-logo-2023.png","contentUrl":"https:\/\/kayuwriting.com\/wp-content\/uploads\/2023\/10\/KAYU-logo-2023.png","width":386,"height":117,"caption":"Kayuwriting - It is #InOurHands"},"image":{"@id":"https:\/\/kayuwriting.com\/cs\/#\/schema\/logo\/image\/"}}]}},"_links":{"self":[{"href":"https:\/\/kayuwriting.com\/cs\/wp-json\/wp\/v2\/product\/11516","targetHints":{"allow":["GET"]}}],"collection":[{"href":"https:\/\/kayuwriting.com\/cs\/wp-json\/wp\/v2\/product"}],"about":[{"href":"https:\/\/kayuwriting.com\/cs\/wp-json\/wp\/v2\/types\/product"}],"wp:featuredmedia":[{"embeddable":true,"href":"https:\/\/kayuwriting.com\/cs\/wp-json\/wp\/v2\/media\/11751"}],"wp:attachment":[{"href":"https:\/\/kayuwriting.com\/cs\/wp-json\/wp\/v2\/media?parent=11516"}],"wp:term":[{"taxonomy":"product_brand","embeddable":true,"href":"https:\/\/kayuwriting.com\/cs\/wp-json\/wp\/v2\/product_brand?post=11516"},{"taxonomy":"product_cat","embeddable":true,"href":"https:\/\/kayuwriting.com\/cs\/wp-json\/wp\/v2\/product_cat?post=11516"},{"taxonomy":"product_tag","embeddable":true,"href":"https:\/\/kayuwriting.com\/cs\/wp-json\/wp\/v2\/product_tag?post=11516"}],"curies":[{"name":"wp","href":"https:\/\/api.w.org\/{rel}","templated":true}]}}