{"id":11094,"date":"2024-11-05T13:21:28","date_gmt":"2024-11-05T12:21:28","guid":{"rendered":"https:\/\/kayuwriting.com\/product\/kayu-nikini-extended\/"},"modified":"2025-08-06T11:32:45","modified_gmt":"2025-08-06T09:32:45","slug":"kayu-nikini-extended","status":"publish","type":"product","link":"https:\/\/kayuwriting.com\/cs\/produkt\/kayu-nikini-extended\/","title":{"rendered":"Kayu Nikini Prodlou\u017een\u00e9"},"content":{"rendered":"<p><strong>T\u011blo<\/strong>: nerezov\u00e1 ocel<\/p>\n<p><strong>Povlak:<\/strong> Natural (no coating), Gold, Bronze, Black<\/p>\n<p><strong>D\u00e9lka:<\/strong>120 mm<\/p>\n<p><strong>Hrot:<\/strong> Klasick\u00fd pozlacen\u00fd nebo kuli\u010dkov\u00fd hrot<\/p>\n<p><strong>Tlou\u0161\u0165ka stopy:<\/strong> Klasick\u00fd F (0,5 mm), Klasick\u00fd M (0,6 mm), Kuli\u010dkov\u00fd M (0,6 mm)<\/p>\n<p><strong>N\u00e1pl\u0148:<\/strong> <a href=\"https:\/\/kayuwriting.com\/cs\/jak-vybrat-hrot-stopu-plneni\/\">Jak vybrat hrot, tlou\u0161\u0165ku p\u00edsma a n\u00e1pl\u0148<\/a>?<\/p>\n<p><strong>Balen\u00ed obsahuje:<\/strong> Obsahuje: pero v krabi\u010dce, certifik\u00e1t pravosti, n\u00e1vod k pou\u017eit\u00ed.<\/p>\n","protected":false},"excerpt":{"rendered":"<p>Kapesn\u00ed pero na\u0161eho vlastn\u00edho designu z nerezov\u00e9 oceli. Je radik\u00e1ln\u011b kompaktn\u00ed, odoln\u00e9 a skv\u011ble padne do ruky. D\u00edky asymetrick\u00e9mu uz\u00e1v\u011bru s vyfr\u00e9zovan\u00fdm logem se nekut\u00e1l\u00ed po stole. Pero je kompletn\u011b vyvinuto a vyrobeno v na\u0161\u00ed d\u00edln\u011b v \u010cesk\u00e9 republice.<\/p>\n<p><a href=\"https:\/\/kayuwriting.com\/cs\/jak-vybrat-hrot-stopu-plneni\/\">Jak vybrat hrot, tlou\u0161\u0165ku p\u00edsma a n\u00e1pl\u0148?<\/a><\/p>\n","protected":false},"featured_media":6894,"template":"","meta":[],"product_brand":[],"product_cat":[84],"product_tag":[],"class_list":{"0":"post-11094","1":"product","2":"type-product","3":"status-publish","4":"has-post-thumbnail","6":"product_cat-nikini","8":"first","9":"outofstock","10":"shipping-taxable","11":"purchasable","12":"product-type-variable","13":"has-default-attributes"},"yoast_head":"<!-- This site is optimized with the Yoast SEO plugin v27.3 - https:\/\/yoast.com\/product\/yoast-seo-wordpress\/ -->\n<title>Kayu Nikini Prodlou\u017een\u00e9 - Kayuwriting - It is #InOurHands<\/title>\n<meta name=\"robots\" content=\"index, follow, max-snippet:-1, max-image-preview:large, max-video-preview:-1\" \/>\n<link rel=\"canonical\" href=\"https:\/\/kayuwriting.com\/cs\/produkt\/kayu-nikini-extended\/\" \/>\n<meta property=\"og:locale\" content=\"cs_CZ\" \/>\n<meta property=\"og:type\" content=\"article\" \/>\n<meta property=\"og:title\" content=\"Kayu Nikini Prodlou\u017een\u00e9 - Kayuwriting - It is #InOurHands\" \/>\n<meta property=\"og:description\" content=\"Kapesn\u00ed pero na\u0161eho vlastn\u00edho designu z nerezov\u00e9 oceli. Je radik\u00e1ln\u011b kompaktn\u00ed, odoln\u00e9 a skv\u011ble padne do ruky. D\u00edky asymetrick\u00e9mu uz\u00e1v\u011bru s vyfr\u00e9zovan\u00fdm logem se nekut\u00e1l\u00ed po stole. Pero je kompletn\u011b vyvinuto a vyrobeno v na\u0161\u00ed d\u00edln\u011b v \u010cesk\u00e9 republice. Jak vybrat hrot, tlou\u0161\u0165ku p\u00edsma a n\u00e1pl\u0148?\" \/>\n<meta property=\"og:url\" content=\"https:\/\/kayuwriting.com\/cs\/produkt\/kayu-nikini-extended\/\" \/>\n<meta property=\"og:site_name\" content=\"Kayuwriting - It is #InOurHands\" \/>\n<meta property=\"article:modified_time\" content=\"2025-08-06T09:32:45+00:00\" \/>\n<meta property=\"og:image\" content=\"https:\/\/kayuwriting.com\/wp-content\/uploads\/2023\/11\/nikini-prodlouzene.png\" \/>\n\t<meta property=\"og:image:width\" content=\"1920\" \/>\n\t<meta property=\"og:image:height\" content=\"1920\" \/>\n\t<meta property=\"og:image:type\" content=\"image\/png\" \/>\n<meta name=\"twitter:card\" content=\"summary_large_image\" \/>\n<script type=\"application\/ld+json\" class=\"yoast-schema-graph\">{\"@context\":\"https:\\\/\\\/schema.org\",\"@graph\":[{\"@type\":\"WebPage\",\"@id\":\"https:\\\/\\\/kayuwriting.com\\\/cs\\\/produkt\\\/kayu-nikini-extended\\\/\",\"url\":\"https:\\\/\\\/kayuwriting.com\\\/cs\\\/produkt\\\/kayu-nikini-extended\\\/\",\"name\":\"Kayu Nikini Prodlou\u017een\u00e9 - Kayuwriting - It is #InOurHands\",\"isPartOf\":{\"@id\":\"https:\\\/\\\/kayuwriting.com\\\/cs\\\/#website\"},\"primaryImageOfPage\":{\"@id\":\"https:\\\/\\\/kayuwriting.com\\\/cs\\\/produkt\\\/kayu-nikini-extended\\\/#primaryimage\"},\"image\":{\"@id\":\"https:\\\/\\\/kayuwriting.com\\\/cs\\\/produkt\\\/kayu-nikini-extended\\\/#primaryimage\"},\"thumbnailUrl\":\"https:\\\/\\\/kayuwriting.com\\\/wp-content\\\/uploads\\\/2023\\\/11\\\/nikini-prodlouzene.png\",\"datePublished\":\"2024-11-05T12:21:28+00:00\",\"dateModified\":\"2025-08-06T09:32:45+00:00\",\"breadcrumb\":{\"@id\":\"https:\\\/\\\/kayuwriting.com\\\/cs\\\/produkt\\\/kayu-nikini-extended\\\/#breadcrumb\"},\"inLanguage\":\"cs\",\"potentialAction\":[{\"@type\":\"ReadAction\",\"target\":[\"https:\\\/\\\/kayuwriting.com\\\/cs\\\/produkt\\\/kayu-nikini-extended\\\/\"]}]},{\"@type\":\"ImageObject\",\"inLanguage\":\"cs\",\"@id\":\"https:\\\/\\\/kayuwriting.com\\\/cs\\\/produkt\\\/kayu-nikini-extended\\\/#primaryimage\",\"url\":\"https:\\\/\\\/kayuwriting.com\\\/wp-content\\\/uploads\\\/2023\\\/11\\\/nikini-prodlouzene.png\",\"contentUrl\":\"https:\\\/\\\/kayuwriting.com\\\/wp-content\\\/uploads\\\/2023\\\/11\\\/nikini-prodlouzene.png\",\"width\":1920,\"height\":1920},{\"@type\":\"BreadcrumbList\",\"@id\":\"https:\\\/\\\/kayuwriting.com\\\/cs\\\/produkt\\\/kayu-nikini-extended\\\/#breadcrumb\",\"itemListElement\":[{\"@type\":\"ListItem\",\"position\":1,\"name\":\"Obchod a eshop s plnic\u00edmi a kuli\u010dkov\u00fdmi pery Kayu. M\u00e1me i n\u00e1pln\u011b, z\u00e1pisn\u00edky nebo obaly\",\"item\":\"https:\\\/\\\/kayuwriting.com\\\/cs\\\/obchod\\\/\"},{\"@type\":\"ListItem\",\"position\":2,\"name\":\"Kayu Nikini Prodlou\u017een\u00e9\"}]},{\"@type\":\"WebSite\",\"@id\":\"https:\\\/\\\/kayuwriting.com\\\/cs\\\/#website\",\"url\":\"https:\\\/\\\/kayuwriting.com\\\/cs\\\/\",\"name\":\"Kayuwriting - It is #InOurHands\",\"description\":\"\",\"publisher\":{\"@id\":\"https:\\\/\\\/kayuwriting.com\\\/cs\\\/#organization\"},\"potentialAction\":[{\"@type\":\"SearchAction\",\"target\":{\"@type\":\"EntryPoint\",\"urlTemplate\":\"https:\\\/\\\/kayuwriting.com\\\/cs\\\/?s={search_term_string}\"},\"query-input\":{\"@type\":\"PropertyValueSpecification\",\"valueRequired\":true,\"valueName\":\"search_term_string\"}}],\"inLanguage\":\"cs\"},{\"@type\":\"Organization\",\"@id\":\"https:\\\/\\\/kayuwriting.com\\\/cs\\\/#organization\",\"name\":\"Kayuwriting - It is #InOurHands\",\"url\":\"https:\\\/\\\/kayuwriting.com\\\/cs\\\/\",\"logo\":{\"@type\":\"ImageObject\",\"inLanguage\":\"cs\",\"@id\":\"https:\\\/\\\/kayuwriting.com\\\/cs\\\/#\\\/schema\\\/logo\\\/image\\\/\",\"url\":\"https:\\\/\\\/kayuwriting.com\\\/wp-content\\\/uploads\\\/2023\\\/10\\\/KAYU-logo-2023.png\",\"contentUrl\":\"https:\\\/\\\/kayuwriting.com\\\/wp-content\\\/uploads\\\/2023\\\/10\\\/KAYU-logo-2023.png\",\"width\":386,\"height\":117,\"caption\":\"Kayuwriting - It is #InOurHands\"},\"image\":{\"@id\":\"https:\\\/\\\/kayuwriting.com\\\/cs\\\/#\\\/schema\\\/logo\\\/image\\\/\"}}]}<\/script>\n<!-- \/ Yoast SEO plugin. -->","yoast_head_json":{"title":"Kayu Nikini Prodlou\u017een\u00e9 - Kayuwriting - It is #InOurHands","robots":{"index":"index","follow":"follow","max-snippet":"max-snippet:-1","max-image-preview":"max-image-preview:large","max-video-preview":"max-video-preview:-1"},"canonical":"https:\/\/kayuwriting.com\/cs\/produkt\/kayu-nikini-extended\/","og_locale":"cs_CZ","og_type":"article","og_title":"Kayu Nikini Prodlou\u017een\u00e9 - Kayuwriting - It is #InOurHands","og_description":"Kapesn\u00ed pero na\u0161eho vlastn\u00edho designu z nerezov\u00e9 oceli. Je radik\u00e1ln\u011b kompaktn\u00ed, odoln\u00e9 a skv\u011ble padne do ruky. D\u00edky asymetrick\u00e9mu uz\u00e1v\u011bru s vyfr\u00e9zovan\u00fdm logem se nekut\u00e1l\u00ed po stole. Pero je kompletn\u011b vyvinuto a vyrobeno v na\u0161\u00ed d\u00edln\u011b v \u010cesk\u00e9 republice. Jak vybrat hrot, tlou\u0161\u0165ku p\u00edsma a n\u00e1pl\u0148?","og_url":"https:\/\/kayuwriting.com\/cs\/produkt\/kayu-nikini-extended\/","og_site_name":"Kayuwriting - It is #InOurHands","article_modified_time":"2025-08-06T09:32:45+00:00","og_image":[{"width":1920,"height":1920,"url":"https:\/\/kayuwriting.com\/wp-content\/uploads\/2023\/11\/nikini-prodlouzene.png","type":"image\/png"}],"twitter_card":"summary_large_image","schema":{"@context":"https:\/\/schema.org","@graph":[{"@type":"WebPage","@id":"https:\/\/kayuwriting.com\/cs\/produkt\/kayu-nikini-extended\/","url":"https:\/\/kayuwriting.com\/cs\/produkt\/kayu-nikini-extended\/","name":"Kayu Nikini Prodlou\u017een\u00e9 - Kayuwriting - It is #InOurHands","isPartOf":{"@id":"https:\/\/kayuwriting.com\/cs\/#website"},"primaryImageOfPage":{"@id":"https:\/\/kayuwriting.com\/cs\/produkt\/kayu-nikini-extended\/#primaryimage"},"image":{"@id":"https:\/\/kayuwriting.com\/cs\/produkt\/kayu-nikini-extended\/#primaryimage"},"thumbnailUrl":"https:\/\/kayuwriting.com\/wp-content\/uploads\/2023\/11\/nikini-prodlouzene.png","datePublished":"2024-11-05T12:21:28+00:00","dateModified":"2025-08-06T09:32:45+00:00","breadcrumb":{"@id":"https:\/\/kayuwriting.com\/cs\/produkt\/kayu-nikini-extended\/#breadcrumb"},"inLanguage":"cs","potentialAction":[{"@type":"ReadAction","target":["https:\/\/kayuwriting.com\/cs\/produkt\/kayu-nikini-extended\/"]}]},{"@type":"ImageObject","inLanguage":"cs","@id":"https:\/\/kayuwriting.com\/cs\/produkt\/kayu-nikini-extended\/#primaryimage","url":"https:\/\/kayuwriting.com\/wp-content\/uploads\/2023\/11\/nikini-prodlouzene.png","contentUrl":"https:\/\/kayuwriting.com\/wp-content\/uploads\/2023\/11\/nikini-prodlouzene.png","width":1920,"height":1920},{"@type":"BreadcrumbList","@id":"https:\/\/kayuwriting.com\/cs\/produkt\/kayu-nikini-extended\/#breadcrumb","itemListElement":[{"@type":"ListItem","position":1,"name":"Obchod a eshop s plnic\u00edmi a kuli\u010dkov\u00fdmi pery Kayu. M\u00e1me i n\u00e1pln\u011b, z\u00e1pisn\u00edky nebo obaly","item":"https:\/\/kayuwriting.com\/cs\/obchod\/"},{"@type":"ListItem","position":2,"name":"Kayu Nikini Prodlou\u017een\u00e9"}]},{"@type":"WebSite","@id":"https:\/\/kayuwriting.com\/cs\/#website","url":"https:\/\/kayuwriting.com\/cs\/","name":"Kayuwriting - It is #InOurHands","description":"","publisher":{"@id":"https:\/\/kayuwriting.com\/cs\/#organization"},"potentialAction":[{"@type":"SearchAction","target":{"@type":"EntryPoint","urlTemplate":"https:\/\/kayuwriting.com\/cs\/?s={search_term_string}"},"query-input":{"@type":"PropertyValueSpecification","valueRequired":true,"valueName":"search_term_string"}}],"inLanguage":"cs"},{"@type":"Organization","@id":"https:\/\/kayuwriting.com\/cs\/#organization","name":"Kayuwriting - It is #InOurHands","url":"https:\/\/kayuwriting.com\/cs\/","logo":{"@type":"ImageObject","inLanguage":"cs","@id":"https:\/\/kayuwriting.com\/cs\/#\/schema\/logo\/image\/","url":"https:\/\/kayuwriting.com\/wp-content\/uploads\/2023\/10\/KAYU-logo-2023.png","contentUrl":"https:\/\/kayuwriting.com\/wp-content\/uploads\/2023\/10\/KAYU-logo-2023.png","width":386,"height":117,"caption":"Kayuwriting - It is #InOurHands"},"image":{"@id":"https:\/\/kayuwriting.com\/cs\/#\/schema\/logo\/image\/"}}]}},"_links":{"self":[{"href":"https:\/\/kayuwriting.com\/cs\/wp-json\/wp\/v2\/product\/11094","targetHints":{"allow":["GET"]}}],"collection":[{"href":"https:\/\/kayuwriting.com\/cs\/wp-json\/wp\/v2\/product"}],"about":[{"href":"https:\/\/kayuwriting.com\/cs\/wp-json\/wp\/v2\/types\/product"}],"wp:featuredmedia":[{"embeddable":true,"href":"https:\/\/kayuwriting.com\/cs\/wp-json\/wp\/v2\/media\/6894"}],"wp:attachment":[{"href":"https:\/\/kayuwriting.com\/cs\/wp-json\/wp\/v2\/media?parent=11094"}],"wp:term":[{"taxonomy":"product_brand","embeddable":true,"href":"https:\/\/kayuwriting.com\/cs\/wp-json\/wp\/v2\/product_brand?post=11094"},{"taxonomy":"product_cat","embeddable":true,"href":"https:\/\/kayuwriting.com\/cs\/wp-json\/wp\/v2\/product_cat?post=11094"},{"taxonomy":"product_tag","embeddable":true,"href":"https:\/\/kayuwriting.com\/cs\/wp-json\/wp\/v2\/product_tag?post=11094"}],"curies":[{"name":"wp","href":"https:\/\/api.w.org\/{rel}","templated":true}]}}