{"id":10306,"date":"2024-06-03T13:34:06","date_gmt":"2024-06-03T11:34:06","guid":{"rendered":"https:\/\/kayuwriting.com\/product\/schmidt-easy-flow-9000\/"},"modified":"2024-10-10T22:53:31","modified_gmt":"2024-10-10T20:53:31","slug":"schmidt-easy-flow-9000","status":"publish","type":"product","link":"https:\/\/kayuwriting.com\/cs\/produkt\/schmidt-easy-flow-9000\/","title":{"rendered":"N\u00e1pl\u0148 pro Kayu Cura: Schmidt Easy Flow 9000"},"content":{"rendered":"","protected":false},"excerpt":{"rendered":"<p>Sv\u011btozn\u00e1m\u00e1 vysokokapacotn\u00ed n\u00e1pl\u0148 dod\u00e1vaj\u00edc\u00ed pocit ze psan\u00ed srovnateln\u00fd s keramick\u00fdm perem. Tradi\u010dn\u00ed konstrukce kuli\u010dkov\u00e9ho pera umo\u017e\u0148uje rychl\u00fd, vydatn\u00fd a snadn\u00fd tok inkoustu. Ide\u00e1ln\u00ed pro hladk\u00e9 psan\u00ed i podpisy bez ohledu na d\u00e9lku sd\u011blen\u00ed. Vysokokapacitn\u00ed n\u00e1pl\u0148 s kovov\u00fdm t\u011blem, hrotem z nerezov\u00e9 oceli a kuli\u010dkov\u00fdm hrotem z wolframu a karbidu (Tungsten-Carbide TC).<\/p>\n","protected":false},"featured_media":10305,"template":"","meta":[],"product_brand":[],"product_cat":[83,29],"product_tag":[],"class_list":{"0":"post-10306","1":"product","2":"type-product","3":"status-publish","4":"has-post-thumbnail","6":"product_cat-cura","7":"product_cat-naplne","9":"first","10":"instock","11":"shipping-taxable","12":"purchasable","13":"product-type-variable"},"yoast_head":"<!-- This site is optimized with the Yoast SEO plugin v27.3 - https:\/\/yoast.com\/product\/yoast-seo-wordpress\/ -->\n<title>N\u00e1pl\u0148 pro Kayu Cura: Schmidt Easy Flow 9000 - Kayuwriting - It is #InOurHands<\/title>\n<meta name=\"robots\" content=\"index, follow, max-snippet:-1, max-image-preview:large, max-video-preview:-1\" \/>\n<link rel=\"canonical\" href=\"https:\/\/kayuwriting.com\/cs\/produkt\/schmidt-easy-flow-9000\/\" \/>\n<meta property=\"og:locale\" content=\"cs_CZ\" \/>\n<meta property=\"og:type\" content=\"article\" \/>\n<meta property=\"og:title\" content=\"N\u00e1pl\u0148 pro Kayu Cura: Schmidt Easy Flow 9000 - Kayuwriting - It is #InOurHands\" \/>\n<meta property=\"og:description\" content=\"Sv\u011btozn\u00e1m\u00e1 vysokokapacotn\u00ed n\u00e1pl\u0148 dod\u00e1vaj\u00edc\u00ed pocit ze psan\u00ed srovnateln\u00fd s keramick\u00fdm perem. Tradi\u010dn\u00ed konstrukce kuli\u010dkov\u00e9ho pera umo\u017e\u0148uje rychl\u00fd, vydatn\u00fd a snadn\u00fd tok inkoustu. Ide\u00e1ln\u00ed pro hladk\u00e9 psan\u00ed i podpisy bez ohledu na d\u00e9lku sd\u011blen\u00ed. Vysokokapacitn\u00ed n\u00e1pl\u0148 s kovov\u00fdm t\u011blem, hrotem z nerezov\u00e9 oceli a kuli\u010dkov\u00fdm hrotem z wolframu a karbidu (Tungsten-Carbide TC).\" \/>\n<meta property=\"og:url\" content=\"https:\/\/kayuwriting.com\/cs\/produkt\/schmidt-easy-flow-9000\/\" \/>\n<meta property=\"og:site_name\" content=\"Kayuwriting - It is #InOurHands\" \/>\n<meta property=\"article:modified_time\" content=\"2024-10-10T20:53:31+00:00\" \/>\n<meta property=\"og:image\" content=\"https:\/\/kayuwriting.com\/wp-content\/uploads\/2024\/06\/easy-flow-napln-1.jpg\" \/>\n\t<meta property=\"og:image:width\" content=\"1600\" \/>\n\t<meta property=\"og:image:height\" content=\"1600\" \/>\n\t<meta property=\"og:image:type\" content=\"image\/jpeg\" \/>\n<meta name=\"twitter:card\" content=\"summary_large_image\" \/>\n<script type=\"application\/ld+json\" class=\"yoast-schema-graph\">{\"@context\":\"https:\\\/\\\/schema.org\",\"@graph\":[{\"@type\":\"WebPage\",\"@id\":\"https:\\\/\\\/kayuwriting.com\\\/cs\\\/produkt\\\/schmidt-easy-flow-9000\\\/\",\"url\":\"https:\\\/\\\/kayuwriting.com\\\/cs\\\/produkt\\\/schmidt-easy-flow-9000\\\/\",\"name\":\"N\u00e1pl\u0148 pro Kayu Cura: Schmidt Easy Flow 9000 - Kayuwriting - It is #InOurHands\",\"isPartOf\":{\"@id\":\"https:\\\/\\\/kayuwriting.com\\\/cs\\\/#website\"},\"primaryImageOfPage\":{\"@id\":\"https:\\\/\\\/kayuwriting.com\\\/cs\\\/produkt\\\/schmidt-easy-flow-9000\\\/#primaryimage\"},\"image\":{\"@id\":\"https:\\\/\\\/kayuwriting.com\\\/cs\\\/produkt\\\/schmidt-easy-flow-9000\\\/#primaryimage\"},\"thumbnailUrl\":\"https:\\\/\\\/kayuwriting.com\\\/wp-content\\\/uploads\\\/2024\\\/06\\\/easy-flow-napln-1.jpg\",\"datePublished\":\"2024-06-03T11:34:06+00:00\",\"dateModified\":\"2024-10-10T20:53:31+00:00\",\"breadcrumb\":{\"@id\":\"https:\\\/\\\/kayuwriting.com\\\/cs\\\/produkt\\\/schmidt-easy-flow-9000\\\/#breadcrumb\"},\"inLanguage\":\"cs\",\"potentialAction\":[{\"@type\":\"ReadAction\",\"target\":[\"https:\\\/\\\/kayuwriting.com\\\/cs\\\/produkt\\\/schmidt-easy-flow-9000\\\/\"]}]},{\"@type\":\"ImageObject\",\"inLanguage\":\"cs\",\"@id\":\"https:\\\/\\\/kayuwriting.com\\\/cs\\\/produkt\\\/schmidt-easy-flow-9000\\\/#primaryimage\",\"url\":\"https:\\\/\\\/kayuwriting.com\\\/wp-content\\\/uploads\\\/2024\\\/06\\\/easy-flow-napln-1.jpg\",\"contentUrl\":\"https:\\\/\\\/kayuwriting.com\\\/wp-content\\\/uploads\\\/2024\\\/06\\\/easy-flow-napln-1.jpg\",\"width\":1600,\"height\":1600},{\"@type\":\"BreadcrumbList\",\"@id\":\"https:\\\/\\\/kayuwriting.com\\\/cs\\\/produkt\\\/schmidt-easy-flow-9000\\\/#breadcrumb\",\"itemListElement\":[{\"@type\":\"ListItem\",\"position\":1,\"name\":\"Obchod a eshop s plnic\u00edmi a kuli\u010dkov\u00fdmi pery Kayu. M\u00e1me i n\u00e1pln\u011b, z\u00e1pisn\u00edky nebo obaly\",\"item\":\"https:\\\/\\\/kayuwriting.com\\\/cs\\\/obchod\\\/\"},{\"@type\":\"ListItem\",\"position\":2,\"name\":\"N\u00e1pl\u0148 pro Kayu Cura: Schmidt Easy Flow 9000\"}]},{\"@type\":\"WebSite\",\"@id\":\"https:\\\/\\\/kayuwriting.com\\\/cs\\\/#website\",\"url\":\"https:\\\/\\\/kayuwriting.com\\\/cs\\\/\",\"name\":\"Kayuwriting - It is #InOurHands\",\"description\":\"\",\"publisher\":{\"@id\":\"https:\\\/\\\/kayuwriting.com\\\/cs\\\/#organization\"},\"potentialAction\":[{\"@type\":\"SearchAction\",\"target\":{\"@type\":\"EntryPoint\",\"urlTemplate\":\"https:\\\/\\\/kayuwriting.com\\\/cs\\\/?s={search_term_string}\"},\"query-input\":{\"@type\":\"PropertyValueSpecification\",\"valueRequired\":true,\"valueName\":\"search_term_string\"}}],\"inLanguage\":\"cs\"},{\"@type\":\"Organization\",\"@id\":\"https:\\\/\\\/kayuwriting.com\\\/cs\\\/#organization\",\"name\":\"Kayuwriting - It is #InOurHands\",\"url\":\"https:\\\/\\\/kayuwriting.com\\\/cs\\\/\",\"logo\":{\"@type\":\"ImageObject\",\"inLanguage\":\"cs\",\"@id\":\"https:\\\/\\\/kayuwriting.com\\\/cs\\\/#\\\/schema\\\/logo\\\/image\\\/\",\"url\":\"https:\\\/\\\/kayuwriting.com\\\/wp-content\\\/uploads\\\/2023\\\/10\\\/KAYU-logo-2023.png\",\"contentUrl\":\"https:\\\/\\\/kayuwriting.com\\\/wp-content\\\/uploads\\\/2023\\\/10\\\/KAYU-logo-2023.png\",\"width\":386,\"height\":117,\"caption\":\"Kayuwriting - It is #InOurHands\"},\"image\":{\"@id\":\"https:\\\/\\\/kayuwriting.com\\\/cs\\\/#\\\/schema\\\/logo\\\/image\\\/\"}}]}<\/script>\n<!-- \/ Yoast SEO plugin. -->","yoast_head_json":{"title":"N\u00e1pl\u0148 pro Kayu Cura: Schmidt Easy Flow 9000 - Kayuwriting - It is #InOurHands","robots":{"index":"index","follow":"follow","max-snippet":"max-snippet:-1","max-image-preview":"max-image-preview:large","max-video-preview":"max-video-preview:-1"},"canonical":"https:\/\/kayuwriting.com\/cs\/produkt\/schmidt-easy-flow-9000\/","og_locale":"cs_CZ","og_type":"article","og_title":"N\u00e1pl\u0148 pro Kayu Cura: Schmidt Easy Flow 9000 - Kayuwriting - It is #InOurHands","og_description":"Sv\u011btozn\u00e1m\u00e1 vysokokapacotn\u00ed n\u00e1pl\u0148 dod\u00e1vaj\u00edc\u00ed pocit ze psan\u00ed srovnateln\u00fd s keramick\u00fdm perem. Tradi\u010dn\u00ed konstrukce kuli\u010dkov\u00e9ho pera umo\u017e\u0148uje rychl\u00fd, vydatn\u00fd a snadn\u00fd tok inkoustu. Ide\u00e1ln\u00ed pro hladk\u00e9 psan\u00ed i podpisy bez ohledu na d\u00e9lku sd\u011blen\u00ed. Vysokokapacitn\u00ed n\u00e1pl\u0148 s kovov\u00fdm t\u011blem, hrotem z nerezov\u00e9 oceli a kuli\u010dkov\u00fdm hrotem z wolframu a karbidu (Tungsten-Carbide TC).","og_url":"https:\/\/kayuwriting.com\/cs\/produkt\/schmidt-easy-flow-9000\/","og_site_name":"Kayuwriting - It is #InOurHands","article_modified_time":"2024-10-10T20:53:31+00:00","og_image":[{"width":1600,"height":1600,"url":"https:\/\/kayuwriting.com\/wp-content\/uploads\/2024\/06\/easy-flow-napln-1.jpg","type":"image\/jpeg"}],"twitter_card":"summary_large_image","schema":{"@context":"https:\/\/schema.org","@graph":[{"@type":"WebPage","@id":"https:\/\/kayuwriting.com\/cs\/produkt\/schmidt-easy-flow-9000\/","url":"https:\/\/kayuwriting.com\/cs\/produkt\/schmidt-easy-flow-9000\/","name":"N\u00e1pl\u0148 pro Kayu Cura: Schmidt Easy Flow 9000 - Kayuwriting - It is #InOurHands","isPartOf":{"@id":"https:\/\/kayuwriting.com\/cs\/#website"},"primaryImageOfPage":{"@id":"https:\/\/kayuwriting.com\/cs\/produkt\/schmidt-easy-flow-9000\/#primaryimage"},"image":{"@id":"https:\/\/kayuwriting.com\/cs\/produkt\/schmidt-easy-flow-9000\/#primaryimage"},"thumbnailUrl":"https:\/\/kayuwriting.com\/wp-content\/uploads\/2024\/06\/easy-flow-napln-1.jpg","datePublished":"2024-06-03T11:34:06+00:00","dateModified":"2024-10-10T20:53:31+00:00","breadcrumb":{"@id":"https:\/\/kayuwriting.com\/cs\/produkt\/schmidt-easy-flow-9000\/#breadcrumb"},"inLanguage":"cs","potentialAction":[{"@type":"ReadAction","target":["https:\/\/kayuwriting.com\/cs\/produkt\/schmidt-easy-flow-9000\/"]}]},{"@type":"ImageObject","inLanguage":"cs","@id":"https:\/\/kayuwriting.com\/cs\/produkt\/schmidt-easy-flow-9000\/#primaryimage","url":"https:\/\/kayuwriting.com\/wp-content\/uploads\/2024\/06\/easy-flow-napln-1.jpg","contentUrl":"https:\/\/kayuwriting.com\/wp-content\/uploads\/2024\/06\/easy-flow-napln-1.jpg","width":1600,"height":1600},{"@type":"BreadcrumbList","@id":"https:\/\/kayuwriting.com\/cs\/produkt\/schmidt-easy-flow-9000\/#breadcrumb","itemListElement":[{"@type":"ListItem","position":1,"name":"Obchod a eshop s plnic\u00edmi a kuli\u010dkov\u00fdmi pery Kayu. M\u00e1me i n\u00e1pln\u011b, z\u00e1pisn\u00edky nebo obaly","item":"https:\/\/kayuwriting.com\/cs\/obchod\/"},{"@type":"ListItem","position":2,"name":"N\u00e1pl\u0148 pro Kayu Cura: Schmidt Easy Flow 9000"}]},{"@type":"WebSite","@id":"https:\/\/kayuwriting.com\/cs\/#website","url":"https:\/\/kayuwriting.com\/cs\/","name":"Kayuwriting - It is #InOurHands","description":"","publisher":{"@id":"https:\/\/kayuwriting.com\/cs\/#organization"},"potentialAction":[{"@type":"SearchAction","target":{"@type":"EntryPoint","urlTemplate":"https:\/\/kayuwriting.com\/cs\/?s={search_term_string}"},"query-input":{"@type":"PropertyValueSpecification","valueRequired":true,"valueName":"search_term_string"}}],"inLanguage":"cs"},{"@type":"Organization","@id":"https:\/\/kayuwriting.com\/cs\/#organization","name":"Kayuwriting - It is #InOurHands","url":"https:\/\/kayuwriting.com\/cs\/","logo":{"@type":"ImageObject","inLanguage":"cs","@id":"https:\/\/kayuwriting.com\/cs\/#\/schema\/logo\/image\/","url":"https:\/\/kayuwriting.com\/wp-content\/uploads\/2023\/10\/KAYU-logo-2023.png","contentUrl":"https:\/\/kayuwriting.com\/wp-content\/uploads\/2023\/10\/KAYU-logo-2023.png","width":386,"height":117,"caption":"Kayuwriting - It is #InOurHands"},"image":{"@id":"https:\/\/kayuwriting.com\/cs\/#\/schema\/logo\/image\/"}}]}},"_links":{"self":[{"href":"https:\/\/kayuwriting.com\/cs\/wp-json\/wp\/v2\/product\/10306","targetHints":{"allow":["GET"]}}],"collection":[{"href":"https:\/\/kayuwriting.com\/cs\/wp-json\/wp\/v2\/product"}],"about":[{"href":"https:\/\/kayuwriting.com\/cs\/wp-json\/wp\/v2\/types\/product"}],"wp:featuredmedia":[{"embeddable":true,"href":"https:\/\/kayuwriting.com\/cs\/wp-json\/wp\/v2\/media\/10305"}],"wp:attachment":[{"href":"https:\/\/kayuwriting.com\/cs\/wp-json\/wp\/v2\/media?parent=10306"}],"wp:term":[{"taxonomy":"product_brand","embeddable":true,"href":"https:\/\/kayuwriting.com\/cs\/wp-json\/wp\/v2\/product_brand?post=10306"},{"taxonomy":"product_cat","embeddable":true,"href":"https:\/\/kayuwriting.com\/cs\/wp-json\/wp\/v2\/product_cat?post=10306"},{"taxonomy":"product_tag","embeddable":true,"href":"https:\/\/kayuwriting.com\/cs\/wp-json\/wp\/v2\/product_tag?post=10306"}],"curies":[{"name":"wp","href":"https:\/\/api.w.org\/{rel}","templated":true}]}}