{"id":10155,"date":"2024-03-20T17:33:27","date_gmt":"2024-03-20T16:33:27","guid":{"rendered":"https:\/\/kayuwriting.com\/product\/cura-campan\/"},"modified":"2025-03-13T11:38:21","modified_gmt":"2025-03-13T10:38:21","slug":"cura","status":"publish","type":"product","link":"https:\/\/kayuwriting.com\/cs\/produkt\/cura\/","title":{"rendered":"Kayu Cura Premium"},"content":{"rendered":"<p><strong>T\u011blo:<\/strong> Upcyklovan\u00fd zubn\u00ed kart\u00e1\u010dek Curaprox<\/p>\n<p><strong>Barva: <\/strong>Meru\u0148kov\u00e1, r\u016f\u017eov\u00e1, kobaltov\u011b modr\u00e1, ledov\u011b b\u00edl\u00e1, fialov\u00e1, m\u00e1tov\u011b zelen\u00e1, \u010dist\u011b \u010dern\u00e1, \u010dajov\u011b modr\u00e1<\/p>\n<p><strong>Typ n\u00e1pln\u011b:<\/strong> Velkokapacitn\u00ed n\u00e1pl\u0148 Schmidt Easy Flow 9000<\/p>\n<p><strong>Barva n\u00e1pln\u011b<\/strong>: modr\u00e1 nebo \u010dern\u00e1<\/p>\n<p><strong>Tlou\u0161\u0165ka hrotu: <\/strong>Jemn\u00fd nebo st\u0159edn\u00ed<\/p>\n<p><strong>Klip:<\/strong> Kalen\u00e1 niklovan\u00e1 ocel<\/p>\n<p><strong>Balen\u00ed obsahuje:<\/strong> Pero v krabi\u010dce, d\u011bkovn\u00e1 karta<\/p>\n","protected":false},"excerpt":{"rendered":"<p>Jakmile pero vezmete do ruky, p\u0159ekvap\u00ed v\u00e1s jeho p\u0159\u00edjemn\u00e1 hmotnost, d\u00edky kter\u00e9 v\u00e1m dokonale padne do ruky. Pak stisknete tla\u010d\u00edtko pro otev\u0159en\u00ed a zjist\u00edte, \u017ee b\u011b\u017e\u00ed neuv\u011b\u0159iteln\u011b hladce a ti\u0161e. To d\u00edky \u0161pi\u010dkov\u00e9 n\u011bmeck\u00e9 mechanice, kter\u00e1 necvak\u00e1, jen precizn\u011b vysouv\u00e1 n\u00e1pl\u0148. A co v\u00e1s nadchne do t\u0159etice? Abyste si psan\u00ed s Kayu Cura opravdu u\u017eili, opat\u0159ili jsme ho n\u00e1pln\u00ed Easy Flow 9000, kter\u00e1 zajist\u00ed, \u017ee va\u0161e linky budou hlad\u0161\u00ed ne\u017e u jak\u00e9hokoli kuli\u010dkov\u00e9ho pera, kter\u00fdm jste kdy psali. Pro maxim\u00e1ln\u00ed pohodl\u00ed a snadn\u00e9 p\u0159en\u00e1\u0161en\u00ed m\u00e1 Kayu Cura pevn\u00fd a pru\u017en\u00fd klip, kter\u00fd jej uchyt\u00ed do ka\u017ed\u00e9 kapsy nebo pen\u00e1lu.<\/p>\n","protected":false},"featured_media":5000,"template":"","meta":[],"product_brand":[],"product_cat":[83],"product_tag":[],"class_list":{"0":"post-10155","1":"product","2":"type-product","3":"status-publish","4":"has-post-thumbnail","6":"product_cat-cura","8":"first","9":"instock","10":"shipping-taxable","11":"purchasable","12":"product-type-variable","13":"has-default-attributes"},"yoast_head":"<!-- This site is optimized with the Yoast SEO plugin v27.3 - https:\/\/yoast.com\/product\/yoast-seo-wordpress\/ -->\n<title>Kayu Cura Premium - Upcyklovan\u00e9 kuli\u010dkov\u00e9 pero z ikonick\u00e9 - Kayuwriting - It is #InOurHands<\/title>\n<meta name=\"description\" content=\"Objevte luxusn\u00ed d\u00e1rkov\u00e9 pero Kayu Cura, kter\u00e9 bylo vyrobeno z pr\u00e9miov\u00fdch zubn\u00edch kart\u00e1\u010dk\u016f Curaprox. Spojuje kreativitu, estetiku a ekologick\u00fd design.\" \/>\n<meta name=\"robots\" content=\"index, follow, max-snippet:-1, max-image-preview:large, max-video-preview:-1\" \/>\n<link rel=\"canonical\" href=\"https:\/\/kayuwriting.com\/cs\/produkt\/cura\/\" \/>\n<meta property=\"og:locale\" content=\"cs_CZ\" \/>\n<meta property=\"og:type\" content=\"article\" \/>\n<meta property=\"og:title\" content=\"Kayu Cura Premium - Upcyklovan\u00e9 kuli\u010dkov\u00e9 pero z ikonick\u00e9 - Kayuwriting - It is #InOurHands\" \/>\n<meta property=\"og:description\" content=\"Objevte luxusn\u00ed d\u00e1rkov\u00e9 pero Kayu Cura, kter\u00e9 bylo vyrobeno z pr\u00e9miov\u00fdch zubn\u00edch kart\u00e1\u010dk\u016f Curaprox. Spojuje kreativitu, estetiku a ekologick\u00fd design.\" \/>\n<meta property=\"og:url\" content=\"https:\/\/kayuwriting.com\/cs\/produkt\/cura\/\" \/>\n<meta property=\"og:site_name\" content=\"Kayuwriting - It is #InOurHands\" \/>\n<meta property=\"article:modified_time\" content=\"2025-03-13T10:38:21+00:00\" \/>\n<meta property=\"og:image\" content=\"https:\/\/kayuwriting.com\/wp-content\/uploads\/2023\/10\/KAYU-web-cover-image-Cura-min.png\" \/>\n\t<meta property=\"og:image:width\" content=\"2000\" \/>\n\t<meta property=\"og:image:height\" content=\"2000\" \/>\n\t<meta property=\"og:image:type\" content=\"image\/png\" \/>\n<meta name=\"twitter:card\" content=\"summary_large_image\" \/>\n<script type=\"application\/ld+json\" class=\"yoast-schema-graph\">{\"@context\":\"https:\\\/\\\/schema.org\",\"@graph\":[{\"@type\":\"WebPage\",\"@id\":\"https:\\\/\\\/kayuwriting.com\\\/cs\\\/produkt\\\/cura\\\/\",\"url\":\"https:\\\/\\\/kayuwriting.com\\\/cs\\\/produkt\\\/cura\\\/\",\"name\":\"Kayu Cura Premium - Upcyklovan\u00e9 kuli\u010dkov\u00e9 pero z ikonick\u00e9 - Kayuwriting - It is #InOurHands\",\"isPartOf\":{\"@id\":\"https:\\\/\\\/kayuwriting.com\\\/cs\\\/#website\"},\"primaryImageOfPage\":{\"@id\":\"https:\\\/\\\/kayuwriting.com\\\/cs\\\/produkt\\\/cura\\\/#primaryimage\"},\"image\":{\"@id\":\"https:\\\/\\\/kayuwriting.com\\\/cs\\\/produkt\\\/cura\\\/#primaryimage\"},\"thumbnailUrl\":\"https:\\\/\\\/kayuwriting.com\\\/wp-content\\\/uploads\\\/2023\\\/10\\\/KAYU-web-cover-image-Cura-min.png\",\"datePublished\":\"2024-03-20T16:33:27+00:00\",\"dateModified\":\"2025-03-13T10:38:21+00:00\",\"description\":\"Objevte luxusn\u00ed d\u00e1rkov\u00e9 pero Kayu Cura, kter\u00e9 bylo vyrobeno z pr\u00e9miov\u00fdch zubn\u00edch kart\u00e1\u010dk\u016f Curaprox. Spojuje kreativitu, estetiku a ekologick\u00fd design.\",\"breadcrumb\":{\"@id\":\"https:\\\/\\\/kayuwriting.com\\\/cs\\\/produkt\\\/cura\\\/#breadcrumb\"},\"inLanguage\":\"cs\",\"potentialAction\":[{\"@type\":\"ReadAction\",\"target\":[\"https:\\\/\\\/kayuwriting.com\\\/cs\\\/produkt\\\/cura\\\/\"]}]},{\"@type\":\"ImageObject\",\"inLanguage\":\"cs\",\"@id\":\"https:\\\/\\\/kayuwriting.com\\\/cs\\\/produkt\\\/cura\\\/#primaryimage\",\"url\":\"https:\\\/\\\/kayuwriting.com\\\/wp-content\\\/uploads\\\/2023\\\/10\\\/KAYU-web-cover-image-Cura-min.png\",\"contentUrl\":\"https:\\\/\\\/kayuwriting.com\\\/wp-content\\\/uploads\\\/2023\\\/10\\\/KAYU-web-cover-image-Cura-min.png\",\"width\":2000,\"height\":2000},{\"@type\":\"BreadcrumbList\",\"@id\":\"https:\\\/\\\/kayuwriting.com\\\/cs\\\/produkt\\\/cura\\\/#breadcrumb\",\"itemListElement\":[{\"@type\":\"ListItem\",\"position\":1,\"name\":\"Obchod a eshop s plnic\u00edmi a kuli\u010dkov\u00fdmi pery Kayu. M\u00e1me i n\u00e1pln\u011b, z\u00e1pisn\u00edky nebo obaly\",\"item\":\"https:\\\/\\\/kayuwriting.com\\\/cs\\\/obchod\\\/\"},{\"@type\":\"ListItem\",\"position\":2,\"name\":\"Kayu Cura Premium\"}]},{\"@type\":\"WebSite\",\"@id\":\"https:\\\/\\\/kayuwriting.com\\\/cs\\\/#website\",\"url\":\"https:\\\/\\\/kayuwriting.com\\\/cs\\\/\",\"name\":\"Kayuwriting - It is #InOurHands\",\"description\":\"\",\"publisher\":{\"@id\":\"https:\\\/\\\/kayuwriting.com\\\/cs\\\/#organization\"},\"potentialAction\":[{\"@type\":\"SearchAction\",\"target\":{\"@type\":\"EntryPoint\",\"urlTemplate\":\"https:\\\/\\\/kayuwriting.com\\\/cs\\\/?s={search_term_string}\"},\"query-input\":{\"@type\":\"PropertyValueSpecification\",\"valueRequired\":true,\"valueName\":\"search_term_string\"}}],\"inLanguage\":\"cs\"},{\"@type\":\"Organization\",\"@id\":\"https:\\\/\\\/kayuwriting.com\\\/cs\\\/#organization\",\"name\":\"Kayuwriting - It is #InOurHands\",\"url\":\"https:\\\/\\\/kayuwriting.com\\\/cs\\\/\",\"logo\":{\"@type\":\"ImageObject\",\"inLanguage\":\"cs\",\"@id\":\"https:\\\/\\\/kayuwriting.com\\\/cs\\\/#\\\/schema\\\/logo\\\/image\\\/\",\"url\":\"https:\\\/\\\/kayuwriting.com\\\/wp-content\\\/uploads\\\/2023\\\/10\\\/KAYU-logo-2023.png\",\"contentUrl\":\"https:\\\/\\\/kayuwriting.com\\\/wp-content\\\/uploads\\\/2023\\\/10\\\/KAYU-logo-2023.png\",\"width\":386,\"height\":117,\"caption\":\"Kayuwriting - It is #InOurHands\"},\"image\":{\"@id\":\"https:\\\/\\\/kayuwriting.com\\\/cs\\\/#\\\/schema\\\/logo\\\/image\\\/\"}}]}<\/script>\n<!-- \/ Yoast SEO plugin. -->","yoast_head_json":{"title":"Kayu Cura Premium - Upcyklovan\u00e9 kuli\u010dkov\u00e9 pero z ikonick\u00e9 - Kayuwriting - It is #InOurHands","description":"Objevte luxusn\u00ed d\u00e1rkov\u00e9 pero Kayu Cura, kter\u00e9 bylo vyrobeno z pr\u00e9miov\u00fdch zubn\u00edch kart\u00e1\u010dk\u016f Curaprox. Spojuje kreativitu, estetiku a ekologick\u00fd design.","robots":{"index":"index","follow":"follow","max-snippet":"max-snippet:-1","max-image-preview":"max-image-preview:large","max-video-preview":"max-video-preview:-1"},"canonical":"https:\/\/kayuwriting.com\/cs\/produkt\/cura\/","og_locale":"cs_CZ","og_type":"article","og_title":"Kayu Cura Premium - Upcyklovan\u00e9 kuli\u010dkov\u00e9 pero z ikonick\u00e9 - Kayuwriting - It is #InOurHands","og_description":"Objevte luxusn\u00ed d\u00e1rkov\u00e9 pero Kayu Cura, kter\u00e9 bylo vyrobeno z pr\u00e9miov\u00fdch zubn\u00edch kart\u00e1\u010dk\u016f Curaprox. Spojuje kreativitu, estetiku a ekologick\u00fd design.","og_url":"https:\/\/kayuwriting.com\/cs\/produkt\/cura\/","og_site_name":"Kayuwriting - It is #InOurHands","article_modified_time":"2025-03-13T10:38:21+00:00","og_image":[{"width":2000,"height":2000,"url":"https:\/\/kayuwriting.com\/wp-content\/uploads\/2023\/10\/KAYU-web-cover-image-Cura-min.png","type":"image\/png"}],"twitter_card":"summary_large_image","schema":{"@context":"https:\/\/schema.org","@graph":[{"@type":"WebPage","@id":"https:\/\/kayuwriting.com\/cs\/produkt\/cura\/","url":"https:\/\/kayuwriting.com\/cs\/produkt\/cura\/","name":"Kayu Cura Premium - Upcyklovan\u00e9 kuli\u010dkov\u00e9 pero z ikonick\u00e9 - Kayuwriting - It is #InOurHands","isPartOf":{"@id":"https:\/\/kayuwriting.com\/cs\/#website"},"primaryImageOfPage":{"@id":"https:\/\/kayuwriting.com\/cs\/produkt\/cura\/#primaryimage"},"image":{"@id":"https:\/\/kayuwriting.com\/cs\/produkt\/cura\/#primaryimage"},"thumbnailUrl":"https:\/\/kayuwriting.com\/wp-content\/uploads\/2023\/10\/KAYU-web-cover-image-Cura-min.png","datePublished":"2024-03-20T16:33:27+00:00","dateModified":"2025-03-13T10:38:21+00:00","description":"Objevte luxusn\u00ed d\u00e1rkov\u00e9 pero Kayu Cura, kter\u00e9 bylo vyrobeno z pr\u00e9miov\u00fdch zubn\u00edch kart\u00e1\u010dk\u016f Curaprox. Spojuje kreativitu, estetiku a ekologick\u00fd design.","breadcrumb":{"@id":"https:\/\/kayuwriting.com\/cs\/produkt\/cura\/#breadcrumb"},"inLanguage":"cs","potentialAction":[{"@type":"ReadAction","target":["https:\/\/kayuwriting.com\/cs\/produkt\/cura\/"]}]},{"@type":"ImageObject","inLanguage":"cs","@id":"https:\/\/kayuwriting.com\/cs\/produkt\/cura\/#primaryimage","url":"https:\/\/kayuwriting.com\/wp-content\/uploads\/2023\/10\/KAYU-web-cover-image-Cura-min.png","contentUrl":"https:\/\/kayuwriting.com\/wp-content\/uploads\/2023\/10\/KAYU-web-cover-image-Cura-min.png","width":2000,"height":2000},{"@type":"BreadcrumbList","@id":"https:\/\/kayuwriting.com\/cs\/produkt\/cura\/#breadcrumb","itemListElement":[{"@type":"ListItem","position":1,"name":"Obchod a eshop s plnic\u00edmi a kuli\u010dkov\u00fdmi pery Kayu. M\u00e1me i n\u00e1pln\u011b, z\u00e1pisn\u00edky nebo obaly","item":"https:\/\/kayuwriting.com\/cs\/obchod\/"},{"@type":"ListItem","position":2,"name":"Kayu Cura Premium"}]},{"@type":"WebSite","@id":"https:\/\/kayuwriting.com\/cs\/#website","url":"https:\/\/kayuwriting.com\/cs\/","name":"Kayuwriting - It is #InOurHands","description":"","publisher":{"@id":"https:\/\/kayuwriting.com\/cs\/#organization"},"potentialAction":[{"@type":"SearchAction","target":{"@type":"EntryPoint","urlTemplate":"https:\/\/kayuwriting.com\/cs\/?s={search_term_string}"},"query-input":{"@type":"PropertyValueSpecification","valueRequired":true,"valueName":"search_term_string"}}],"inLanguage":"cs"},{"@type":"Organization","@id":"https:\/\/kayuwriting.com\/cs\/#organization","name":"Kayuwriting - It is #InOurHands","url":"https:\/\/kayuwriting.com\/cs\/","logo":{"@type":"ImageObject","inLanguage":"cs","@id":"https:\/\/kayuwriting.com\/cs\/#\/schema\/logo\/image\/","url":"https:\/\/kayuwriting.com\/wp-content\/uploads\/2023\/10\/KAYU-logo-2023.png","contentUrl":"https:\/\/kayuwriting.com\/wp-content\/uploads\/2023\/10\/KAYU-logo-2023.png","width":386,"height":117,"caption":"Kayuwriting - It is #InOurHands"},"image":{"@id":"https:\/\/kayuwriting.com\/cs\/#\/schema\/logo\/image\/"}}]}},"_links":{"self":[{"href":"https:\/\/kayuwriting.com\/cs\/wp-json\/wp\/v2\/product\/10155","targetHints":{"allow":["GET"]}}],"collection":[{"href":"https:\/\/kayuwriting.com\/cs\/wp-json\/wp\/v2\/product"}],"about":[{"href":"https:\/\/kayuwriting.com\/cs\/wp-json\/wp\/v2\/types\/product"}],"wp:featuredmedia":[{"embeddable":true,"href":"https:\/\/kayuwriting.com\/cs\/wp-json\/wp\/v2\/media\/5000"}],"wp:attachment":[{"href":"https:\/\/kayuwriting.com\/cs\/wp-json\/wp\/v2\/media?parent=10155"}],"wp:term":[{"taxonomy":"product_brand","embeddable":true,"href":"https:\/\/kayuwriting.com\/cs\/wp-json\/wp\/v2\/product_brand?post=10155"},{"taxonomy":"product_cat","embeddable":true,"href":"https:\/\/kayuwriting.com\/cs\/wp-json\/wp\/v2\/product_cat?post=10155"},{"taxonomy":"product_tag","embeddable":true,"href":"https:\/\/kayuwriting.com\/cs\/wp-json\/wp\/v2\/product_tag?post=10155"}],"curies":[{"name":"wp","href":"https:\/\/api.w.org\/{rel}","templated":true}]}}