{"id":3685,"date":"2023-09-14T09:56:25","date_gmt":"2023-09-14T07:56:25","guid":{"rendered":"https:\/\/kayuwriting.com\/?page_id=3685"},"modified":"2026-03-02T22:29:00","modified_gmt":"2026-03-02T21:29:00","slug":"pravidla-ochrany-soukromi","status":"publish","type":"page","link":"https:\/\/kayuwriting.com\/cs\/pravidla-ochrany-soukromi\/","title":{"rendered":"Pravidla ochrany soukrom\u00ed"},"content":{"rendered":"\t\t<div data-elementor-type=\"wp-page\" data-elementor-id=\"3685\" class=\"elementor elementor-3685\" data-elementor-post-type=\"page\">\n\t\t\t\t\t\t<section class=\"elementor-section elementor-top-section elementor-element elementor-element-6be44b4 elementor-section-boxed elementor-section-height-default elementor-section-height-default\" data-id=\"6be44b4\" data-element_type=\"section\" data-e-type=\"section\">\n\t\t\t\t\t\t<div class=\"elementor-container elementor-column-gap-default\">\n\t\t\t\t\t<div class=\"elementor-column elementor-col-100 elementor-top-column elementor-element elementor-element-0314383\" data-id=\"0314383\" data-element_type=\"column\" data-e-type=\"column\">\n\t\t\t<div class=\"elementor-widget-wrap elementor-element-populated\">\n\t\t\t\t\t\t<div class=\"elementor-element elementor-element-1bf3d66 elementor-widget elementor-widget-heading\" data-id=\"1bf3d66\" data-element_type=\"widget\" data-e-type=\"widget\" data-widget_type=\"heading.default\">\n\t\t\t\t<div class=\"elementor-widget-container\">\n\t\t\t\t\t<h1 class=\"elementor-heading-title elementor-size-default\">Z\u00e1sady ochrany soukrom\u00ed<\/h1>\t\t\t\t<\/div>\n\t\t\t\t<\/div>\n\t\t\t\t\t<\/div>\n\t\t<\/div>\n\t\t\t\t\t<\/div>\n\t\t<\/section>\n\t\t\t\t<section class=\"elementor-section elementor-top-section elementor-element elementor-element-433a204 elementor-section-boxed elementor-section-height-default elementor-section-height-default\" data-id=\"433a204\" data-element_type=\"section\" data-e-type=\"section\">\n\t\t\t\t\t\t<div class=\"elementor-container elementor-column-gap-default\">\n\t\t\t\t\t<div class=\"elementor-column elementor-col-100 elementor-top-column elementor-element elementor-element-6e484fc\" data-id=\"6e484fc\" data-element_type=\"column\" data-e-type=\"column\">\n\t\t\t<div class=\"elementor-widget-wrap elementor-element-populated\">\n\t\t\t\t\t\t<div class=\"elementor-element elementor-element-a1aeb6d elementor-widget elementor-widget-text-editor\" data-id=\"a1aeb6d\" data-element_type=\"widget\" data-e-type=\"widget\" data-widget_type=\"text-editor.default\">\n\t\t\t\t<div class=\"elementor-widget-container\">\n\t\t\t\t\t\t\t\t\t<p id=\"wnd_TextBlock_97843_inner_1\" class=\"wnd-align-center\" style=\"text-align: center;\" data-wnd_is_separable=\"1\" data-wnd_separable_index=\"1\" data-wnd_separable_id=\"wnd_TextBlock_97843\">Provozovatel e-shopu Michal Kla\u0161ka na str\u00e1nk\u00e1ch <a href=\"http:\/\/www.kayuwriting.com\">www.kayuwriting.com<\/a> I\u010cO <strong>03440541<\/strong> s\u00eddlo Nedv\u011bdice \u010d. ev. 17, 592 62 Nedv\u011bdice zpracov\u00e1v\u00e1 osobn\u00ed \u00fadaje poskytnut\u00e9 Kupuj\u00edc\u00edm za \u00fa\u010delem pln\u011bn\u00ed a dodate\u010dn\u00e9ho potvrzen\u00ed Obchodn\u00edch podm\u00ednek, za \u00fa\u010delem zpracov\u00e1n\u00ed elektronick\u00e9 objedn\u00e1vky, realizace dod\u00e1vky, z\u00fa\u010dtov\u00e1n\u00ed plateb a nezbytn\u00e9 komunikaci mezi smluvn\u00edmi stranami po dobu vy\u017eadovanou podle zvl\u00e1\u0161tn\u00edch pr\u00e1vn\u00edch p\u0159edpis\u016f.<\/p><h2 id=\"wnd_TextBlock_97843_inner_2\" class=\"wnd-align-center\" style=\"text-align: center;\" data-wnd_is_separable=\"1\" data-wnd_separable_index=\"2\" data-wnd_separable_id=\"wnd_TextBlock_97843\"><strong>Z\u00e1kladn\u00ed ustanoven\u00ed<\/strong><\/h2><p id=\"wnd_TextBlock_97843_inner_3\" class=\"wnd-align-center\" style=\"text-align: center;\" data-wnd_is_separable=\"1\" data-wnd_separable_index=\"3\" data-wnd_separable_id=\"wnd_TextBlock_97843\"><strong>1.<\/strong>Spr\u00e1vcem osobn\u00edch \u00fadaj\u016f podle paragrafu 5 p\u00edsm. o) Z\u00e1kona \u010d. 18\/2018 O ochran\u011b osobn\u00edch \u00fadaj\u016f ve zn\u011bn\u00ed pozd\u011bj\u0161\u00edch p\u0159edpis\u016f (d\u00e1le jen \u201eZ\u00e1kon\u201c) je Michal Kla\u0161ka I\u010cO 03440541 se s\u00eddlem Nedv\u011bdice \u010d. ev. 17, 592 62 Nedv\u011bdice (d\u00e1le jen \u201eSpr\u00e1vce\u201c);<\/p><p id=\"wnd_TextBlock_97843_inner_4\" class=\"wnd-align-center\" style=\"text-align: center;\" data-wnd_is_separable=\"1\" data-wnd_separable_index=\"4\" data-wnd_separable_id=\"wnd_TextBlock_97843\"><strong>2. <\/strong>Kontaktn\u00ed \u00fadaje spr\u00e1vce jsou: e-mail: michal@kayuwriting.com, tel.: + 420 607 771 342;<\/p><p id=\"wnd_TextBlock_97843_inner_5\" class=\"wnd-align-center\" style=\"text-align: center;\" data-wnd_is_separable=\"1\" data-wnd_separable_index=\"5\" data-wnd_separable_id=\"wnd_TextBlock_97843\"><strong>3. <\/strong>Osobn\u00edmi \u00fadaji se rozum\u00ed v\u0161echny informace identifikuj\u00edc\u00ed fyzickou nebo pr\u00e1vnickou osobu.<\/p><h2 id=\"wnd_TextBlock_97843_inner_6\" class=\"wnd-align-center\" style=\"text-align: center;\" data-wnd_is_separable=\"1\" data-wnd_separable_index=\"6\" data-wnd_separable_id=\"wnd_TextBlock_97843\"><strong>Zdroje zpracov\u00e1van\u00fdch osobn\u00edch \u00fadaj\u016f<\/strong><\/h2><p id=\"wnd_TextBlock_97843_inner_7\" class=\"wnd-align-center\" style=\"text-align: center;\" data-wnd_is_separable=\"1\" data-wnd_separable_index=\"7\" data-wnd_separable_id=\"wnd_TextBlock_97843\"><strong>1. <\/strong>Spr\u00e1vce zpracov\u00e1v\u00e1 osobn\u00ed \u00fadaje, kter\u00e9 mu se souhlasem poskytl kupuj\u00edc\u00ed a kter\u00e9 spr\u00e1vce z\u00edskal na z\u00e1klad\u011b pln\u011bn\u00ed Kupn\u00ed smlouvy a zpracov\u00e1n\u00ed elektronick\u00e9 objedn\u00e1vky v internetov\u00e9m obchod\u011b <a href=\"http:\/\/www.kayuwriting.com\">www.kayuwriting.com<\/a>\u00a0;<\/p><p id=\"wnd_TextBlock_97843_inner_8\" class=\"wnd-align-center\" style=\"text-align: center;\" data-wnd_is_separable=\"1\" data-wnd_separable_index=\"8\" data-wnd_separable_id=\"wnd_TextBlock_97843\"><strong>2.<\/strong> Spr\u00e1vce zpracov\u00e1v\u00e1 jen identifika\u010dn\u00ed a kontaktn\u00ed \u00fadaje kupuj\u00edc\u00edho nezbytn\u00e9 pro pln\u011bn\u00ed Kupn\u00ed smlouvy;<\/p><p id=\"wnd_TextBlock_97843_inner_9\" class=\"wnd-align-center\" style=\"text-align: center;\" data-wnd_is_separable=\"1\" data-wnd_separable_index=\"9\" data-wnd_separable_id=\"wnd_TextBlock_97843\"><strong>3. <\/strong>Spr\u00e1vce zpracov\u00e1v\u00e1 osobn\u00ed \u00fadaje za \u00fa\u010delem dod\u00e1vky, z\u00fa\u010dtov\u00e1n\u00ed plateb a k nezbytn\u00e9 komunikaci mezi smluvn\u00edmi stranami po dobu vy\u017eadovanou podle zvl\u00e1\u0161tn\u00edch pr\u00e1vn\u00edch p\u0159edpis\u016f. Osobn\u00ed \u00fadaje nebudou zve\u0159ej\u0148ovan\u00e9 a nebude doch\u00e1zet k p\u0159enosu do dal\u0161\u00edch zem\u00ed.<\/p><h2 id=\"wnd_TextBlock_97843_inner_10\" class=\"wnd-align-center\" style=\"text-align: center;\" data-wnd_is_separable=\"1\" data-wnd_separable_index=\"10\" data-wnd_separable_id=\"wnd_TextBlock_97843\"><strong>\u00da\u010del zpracov\u00e1n\u00ed osobn\u00edch \u00fadaj\u016f<\/strong><\/h2><p id=\"wnd_TextBlock_97843_inner_11\" class=\"wnd-align-center\" style=\"text-align: center;\" data-wnd_is_separable=\"1\" data-wnd_separable_index=\"11\" data-wnd_separable_id=\"wnd_TextBlock_97843\">Spr\u00e1vce zpracov\u00e1v\u00e1 osobn\u00ed \u00fadaje kupuj\u00edc\u00edho z n\u00e1sleduj\u00edc\u00edch d\u016fvod\u016f:<\/p><p id=\"wnd_TextBlock_97843_inner_12\" class=\"wnd-align-center\" style=\"text-align: center;\" data-wnd_is_separable=\"1\" data-wnd_separable_index=\"12\" data-wnd_separable_id=\"wnd_TextBlock_97843\"><strong>1. <\/strong>Za \u00fa\u010delem registrace na webov\u00e9 str\u00e1nce <a href=\"http:\/\/www.kayuwriting.com\">www.kayuwriting.com<\/a>\u00a0podle paragrafu 13 odst. 1 p\u00edsm. a) Z\u00e1kona \u010d. 18\/2018 O ochran\u011b osobn\u00edch \u00fadaj\u016f;<\/p><p id=\"wnd_TextBlock_97843_inner_13\" class=\"wnd-align-center\" style=\"text-align: center;\" data-wnd_is_separable=\"1\" data-wnd_separable_index=\"13\" data-wnd_separable_id=\"wnd_TextBlock_97843\"><strong>2. <\/strong>Za \u00fa\u010delem vy\u0159\u00edzen\u00ed elektronick\u00e9 objedn\u00e1vky kupuj\u00edc\u00edho (jm\u00e9no, adresa, e-mail, telefonn\u00ed \u010d\u00edslo);<\/p><p id=\"wnd_TextBlock_97843_inner_14\" class=\"wnd-align-center\" style=\"text-align: center;\" data-wnd_is_separable=\"1\" data-wnd_separable_index=\"14\" data-wnd_separable_id=\"wnd_TextBlock_97843\"><strong>3. <\/strong>Za \u00fa\u010delem pln\u011bn\u00ed pr\u00e1v a povinnost\u00ed vypl\u00fdvaj\u00edc\u00edch ze smluvn\u00edho vztahu mezi kupuj\u00edc\u00edm a Spr\u00e1vcem;<\/p><p id=\"wnd_TextBlock_97843_inner_15\" class=\"wnd-align-center\" style=\"text-align: center;\" data-wnd_is_separable=\"1\" data-wnd_separable_index=\"15\" data-wnd_separable_id=\"wnd_TextBlock_97843\"><strong>4.<\/strong> Poskytnut\u00ed osobn\u00edch \u00fadaj\u016f je nezbytn\u00fdm po\u017eadavkem pro pln\u011bn\u00ed kupn\u00ed smlouvy. Bez poskytnut\u00ed osobn\u00edch \u00fadaj\u016f nelze smlouvu uzav\u0159\u00edt.<\/p><h2 id=\"wnd_TextBlock_97843_inner_16\" class=\"wnd-align-center\" style=\"text-align: center;\" data-wnd_is_separable=\"1\" data-wnd_separable_index=\"16\" data-wnd_separable_id=\"wnd_TextBlock_97843\"><strong>Doba uchov\u00e1v\u00e1n\u00ed osobn\u00edch \u00fadaj\u016f<\/strong><\/h2><p id=\"wnd_TextBlock_97843_inner_17\" class=\"wnd-align-center\" style=\"text-align: center;\" data-wnd_is_separable=\"1\" data-wnd_separable_index=\"17\" data-wnd_separable_id=\"wnd_TextBlock_97843\"><strong>1.<\/strong> Spr\u00e1vce uchov\u00e1v\u00e1 osobn\u00ed \u00fadaje po dobu nezbytnou k v\u00fdkonu pr\u00e1v a povinnost\u00ed vypl\u00fdvaj\u00edc\u00edch ze smluvn\u00edho vztahu mezi kupuj\u00edc\u00edm a Spr\u00e1vcem a po dobu 3 let od ukon\u010den\u00ed smluvn\u00edho vztahu;<\/p><p id=\"wnd_TextBlock_97843_inner_18\" class=\"wnd-align-center\" style=\"text-align: center;\" data-wnd_is_separable=\"1\" data-wnd_separable_index=\"18\" data-wnd_separable_id=\"wnd_TextBlock_97843\"><strong>2. <\/strong>Po uplynut\u00ed doby uchov\u00e1v\u00e1n\u00ed osobn\u00edch \u00fadaj\u016f je Spr\u00e1vce povinen \u00fadaje smazat.<\/p><h2 id=\"wnd_TextBlock_97843_inner_19\" class=\"wnd-align-center\" style=\"text-align: center;\" data-wnd_is_separable=\"1\" data-wnd_separable_index=\"19\" data-wnd_separable_id=\"wnd_TextBlock_97843\"><strong>P\u0159\u00edjemci a zpracovatel\u00e9 osobn\u00edch \u00fadaj\u016f<\/strong><\/h2><p id=\"wnd_TextBlock_97843_inner_20\" class=\"wnd-align-center\" style=\"text-align: center;\" data-wnd_is_separable=\"1\" data-wnd_separable_index=\"20\" data-wnd_separable_id=\"wnd_TextBlock_97843\">T\u0159et\u00ed stranou, kter\u00e1 p\u0159ij\u00edm\u00e1 osobn\u00ed \u00fadaje kupuj\u00edc\u00edho, jsou subdodavatel\u00e9 Spr\u00e1vce. Slu\u017eby t\u011bchto subdodavatel\u016f bezpodm\u00edne\u010dn\u011b souvis\u00ed s \u00fasp\u011b\u0161n\u00fdm pln\u011bn\u00edm kupn\u00ed smlouvy a elektronick\u00e9 objedn\u00e1vky mezi spr\u00e1vcem a kupuj\u00edc\u00edm.<\/p><p id=\"wnd_TextBlock_97843_inner_21\" class=\"wnd-align-center\" style=\"text-align: center;\" data-wnd_is_separable=\"1\" data-wnd_separable_index=\"21\" data-wnd_separable_id=\"wnd_TextBlock_97843\">Subdodavateli spr\u00e1vce jsou:<\/p><ul id=\"wnd_TextBlock_97843_inner_22\" style=\"text-align: center;\" data-wnd_is_separable=\"1\" data-wnd_separable_index=\"22\" data-wnd_separable_id=\"wnd_TextBlock_97843\"><li class=\"wnd-align-center\">WEDOS a.s. (webhosting);<\/li><li class=\"wnd-align-center\">\u010cesk\u00e1 po\u0161ta, s.p. (doru\u010dovac\u00ed slu\u017eba);<\/li><li>Z\u00e1silkovna s.r.o. (doru\u010dovac\u00ed slu\u017eba);<\/li><li>DHL International GmbH(doru\u010dovac\u00ed slu\u017eba);<\/li><li class=\"wnd-align-center\">Google LLC (webov\u00e1 analytika a dal\u0161\u00ed slu\u017eby)<\/li><li class=\"wnd-align-center\">ECOMAIL.CZ, s.r.o. (emailov\u00fd marketing)<\/li><li class=\"wnd-align-center\">Fakturoid (fakturace)<\/li><li class=\"wnd-align-center\">Zakeke (online konfigurace produkt\u016f)<p>U\u017eivatel bere na v\u011bdom\u00ed, \u017ee n\u011bkter\u00e9 jeho osobn\u00ed \u00fadaje jsou ulo\u017eeny v datacentrech spole\u010dnosti Google LLC. Provozovatel vyu\u017e\u00edv\u00e1 slu\u017eby G Suite a Google Cloud Platform, jejich\u017e provoz je v souladu s evropsk\u00fdmi standardy ochrany osobn\u00edch \u00fadaj\u016f.<\/p><\/li><\/ul><h2 id=\"wnd_TextBlock_97843_inner_23\" class=\"wnd-align-center\" style=\"text-align: center;\" data-wnd_is_separable=\"1\" data-wnd_separable_index=\"23\" data-wnd_separable_id=\"wnd_TextBlock_97843\"><strong>Pr\u00e1va kupuj\u00edc\u00edho<\/strong><\/h2><p id=\"wnd_TextBlock_97843_inner_24\" class=\"wnd-align-center\" style=\"text-align: center;\" data-wnd_is_separable=\"1\" data-wnd_separable_index=\"24\" data-wnd_separable_id=\"wnd_TextBlock_97843\">Podle podm\u00ednek stanoven\u00fdch v Z\u00e1kon\u011b m\u00e1 kupuj\u00edc\u00ed pr\u00e1vo:<\/p><p id=\"wnd_TextBlock_97843_inner_25\" class=\"wnd-align-center\" style=\"text-align: center;\" data-wnd_is_separable=\"1\" data-wnd_separable_index=\"25\" data-wnd_separable_id=\"wnd_TextBlock_97843\"><strong>1.<\/strong> Na p\u0159\u00edstup ke sv\u00fdm osobn\u00edm \u00fadaj\u016fm;<\/p><p id=\"wnd_TextBlock_97843_inner_26\" class=\"wnd-align-center\" style=\"text-align: center;\" data-wnd_is_separable=\"1\" data-wnd_separable_index=\"26\" data-wnd_separable_id=\"wnd_TextBlock_97843\"><strong>2.<\/strong> Na opravu osobn\u00edch \u00fadaj\u016f;<\/p><p id=\"wnd_TextBlock_97843_inner_27\" class=\"wnd-align-center\" style=\"text-align: center;\" data-wnd_is_separable=\"1\" data-wnd_separable_index=\"27\" data-wnd_separable_id=\"wnd_TextBlock_97843\"><strong>3. <\/strong>Na vymaz\u00e1n\u00ed osobn\u00edch \u00fadaj\u016f;<\/p><p id=\"wnd_TextBlock_97843_inner_28\" class=\"wnd-align-center\" style=\"text-align: center;\" data-wnd_is_separable=\"1\" data-wnd_separable_index=\"28\" data-wnd_separable_id=\"wnd_TextBlock_97843\"><strong>4. <\/strong>Vzn\u00e9st n\u00e1mitku proti zpracov\u00e1n\u00ed;<\/p><p id=\"wnd_TextBlock_97843_inner_29\" class=\"wnd-align-center\" style=\"text-align: center;\" data-wnd_is_separable=\"1\" data-wnd_separable_index=\"29\" data-wnd_separable_id=\"wnd_TextBlock_97843\"><strong>5. <\/strong>Na p\u0159enositelnost \u00fadaj\u016f;<\/p><p id=\"wnd_TextBlock_97843_inner_30\" class=\"wnd-align-center\" style=\"text-align: center;\" data-wnd_is_separable=\"1\" data-wnd_separable_index=\"30\" data-wnd_separable_id=\"wnd_TextBlock_97843\"><strong>6. <\/strong>Odvolat souhlas se zpracov\u00e1n\u00edm osobn\u00edch \u00fadaj\u016f p\u00edsemn\u011b nebo elektronicky na e-mailov\u00e9 adrese: michal@kayuwriting.com;<\/p><p id=\"wnd_TextBlock_97843_inner_31\" class=\"wnd-align-center\" style=\"text-align: center;\" data-wnd_is_separable=\"1\" data-wnd_separable_index=\"31\" data-wnd_separable_id=\"wnd_TextBlock_97843\"><strong>7.<\/strong> Podat st\u00ed\u017enost na \u00da\u0159ad pro ochranu osobn\u00edch \u00fadaj\u016f v p\u0159\u00edpad\u011b, \u017ee se domn\u00edv\u00e1, \u017ee do\u0161lo k poru\u0161en\u00ed jeho pr\u00e1va na ochranu osobn\u00edch \u00fadaj\u016f.<\/p><h2 id=\"wnd_TextBlock_97843_inner_32\" class=\"wnd-align-center\" style=\"text-align: center;\" data-wnd_is_separable=\"1\" data-wnd_separable_index=\"32\" data-wnd_separable_id=\"wnd_TextBlock_97843\"><strong>Zabezpe\u010den\u00ed osobn\u00edch \u00fadaj\u016f<\/strong><\/h2><p id=\"wnd_TextBlock_97843_inner_33\" class=\"wnd-align-center\" style=\"text-align: center;\" data-wnd_is_separable=\"1\" data-wnd_separable_index=\"33\" data-wnd_separable_id=\"wnd_TextBlock_97843\"><strong>1.<\/strong> Spr\u00e1vce prohla\u0161uje, \u017ee p\u0159ijal v\u0161echna vhodn\u00e1 technick\u00e1 a organiza\u010dn\u00ed opat\u0159en\u00ed nutn\u00e1 k zabezpe\u010den\u00ed osobn\u00edch \u00fadaj\u016f kupuj\u00edc\u00edho;<\/p><p id=\"wnd_TextBlock_97843_inner_34\" class=\"wnd-align-center\" style=\"text-align: center;\" data-wnd_is_separable=\"1\" data-wnd_separable_index=\"34\" data-wnd_separable_id=\"wnd_TextBlock_97843\"><strong>2. <\/strong>Spr\u00e1vce p\u0159ijal technick\u00e1 opat\u0159en\u00ed k zabezpe\u010den\u00ed datov\u00fdch \u00falo\u017ei\u0161\u0165 osobn\u00edch \u00fadaj\u016f, zejm\u00e9na zabezpe\u010den\u00ed p\u0159\u00edstupu k po\u010d\u00edta\u010di heslem, pou\u017e\u00edv\u00e1n\u00ed antivirov\u00e9ho programu a pravidelnou \u00fadr\u017ebu po\u010d\u00edta\u010d\u016f.<\/p><h2 id=\"wnd_TextBlock_97843_inner_35\" class=\"wnd-align-center\" style=\"text-align: center;\" data-wnd_is_separable=\"1\" data-wnd_separable_index=\"35\" data-wnd_separable_id=\"wnd_TextBlock_97843\"><strong>Z\u00e1v\u011bre\u010dn\u00e1 ustanoven\u00ed<\/strong><\/h2><p id=\"wnd_TextBlock_97843_inner_36\" class=\"wnd-align-center\" style=\"text-align: center;\" data-wnd_is_separable=\"1\" data-wnd_separable_index=\"36\" data-wnd_separable_id=\"wnd_TextBlock_97843\"><strong>1. <\/strong>Odesl\u00e1n\u00edm elektronick\u00e9 objedn\u00e1vky na webov\u00e9 str\u00e1nce <a href=\"http:\/\/www.kayuwriting.com\">www.kayuwriting.com<\/a>\u00a0potvrzuje kupuj\u00edc\u00ed, \u017ee byl obezn\u00e1men\u00fd s podm\u00ednkami ochrany osobn\u00edch \u00fadaj\u016f a \u017ee je v cel\u00e9m rozsahu p\u0159ij\u00edm\u00e1;<\/p><p id=\"wnd_TextBlock_97843_inner_37\" class=\"wnd-align-center\" style=\"text-align: center;\" data-wnd_is_separable=\"1\" data-wnd_separable_index=\"37\" data-wnd_separable_id=\"wnd_TextBlock_97843\"><strong>2.<\/strong> S t\u011bmito pravidly souhlas\u00ed kupuj\u00edc\u00ed za\u0161krtnut\u00edm pol\u00ed\u010dka v objedn\u00e1vce;<\/p><p id=\"wnd_TextBlock_97843_inner_38\" class=\"wnd-align-center\" style=\"text-align: center;\" data-wnd_is_separable=\"1\" data-wnd_separable_index=\"38\" data-wnd_separable_id=\"wnd_TextBlock_97843\"><strong>3.<\/strong> Spr\u00e1vce je opr\u00e1vn\u011bn\u00fd tato Pravidla kdykoliv zm\u011bnit. Novou verzi Pravidel je povinn\u00fd zve\u0159ejnit na sv\u00e9 webov\u00e9 str\u00e1nce.<\/p><p id=\"wnd_TextBlock_97843_inner_39\" class=\"wnd-align-center\" style=\"text-align: center;\" data-wnd_is_separable=\"1\" data-wnd_separable_index=\"39\" data-wnd_separable_id=\"wnd_TextBlock_97843\">Tato Pravidla vstupuj\u00ed v platnost 1. 1. 2024<\/p>\t\t\t\t\t\t\t\t<\/div>\n\t\t\t\t<\/div>\n\t\t\t\t\t<\/div>\n\t\t<\/div>\n\t\t\t\t\t<\/div>\n\t\t<\/section>\n\t\t\t\t<\/div>\n\t\t","protected":false},"excerpt":{"rendered":"<p>Z\u00e1sady ochrany soukrom\u00ed Provozovatel e-shopu Michal Kla\u0161ka na str\u00e1nk\u00e1ch www.kayuwriting.com I\u010cO 03440541 s\u00eddlo Nedv\u011bdice \u010d. ev. 17, 592 62 Nedv\u011bdice zpracov\u00e1v\u00e1 osobn\u00ed \u00fadaje poskytnut\u00e9 Kupuj\u00edc\u00edm za \u00fa\u010delem pln\u011bn\u00ed a dodate\u010dn\u00e9ho potvrzen\u00ed Obchodn\u00edch podm\u00ednek, za \u00fa\u010delem zpracov\u00e1n\u00ed elektronick\u00e9 objedn\u00e1vky, realizace dod\u00e1vky, z\u00fa\u010dtov\u00e1n\u00ed plateb a nezbytn\u00e9 komunikaci mezi smluvn\u00edmi stranami po dobu vy\u017eadovanou podle zvl\u00e1\u0161tn\u00edch pr\u00e1vn\u00edch p\u0159edpis\u016f. &hellip;<\/p>\n","protected":false},"author":2,"featured_media":0,"parent":0,"menu_order":4,"comment_status":"closed","ping_status":"closed","template":"","meta":{"footnotes":""},"class_list":["post-3685","page","type-page","status-publish","hentry"],"yoast_head":"<!-- This site is optimized with the Yoast SEO plugin v27.3 - https:\/\/yoast.com\/product\/yoast-seo-wordpress\/ -->\n<title>Pravidla ochrany soukrom\u00ed - Kayuwriting - It is #InOurHands<\/title>\n<meta name=\"robots\" content=\"index, follow, max-snippet:-1, max-image-preview:large, max-video-preview:-1\" \/>\n<link rel=\"canonical\" href=\"https:\/\/kayuwriting.com\/cs\/pravidla-ochrany-soukromi\/\" \/>\n<meta property=\"og:locale\" content=\"cs_CZ\" \/>\n<meta property=\"og:type\" content=\"article\" \/>\n<meta property=\"og:title\" content=\"Pravidla ochrany soukrom\u00ed - Kayuwriting - It is #InOurHands\" \/>\n<meta property=\"og:description\" content=\"Z\u00e1sady ochrany soukrom\u00ed Provozovatel e-shopu Michal Kla\u0161ka na str\u00e1nk\u00e1ch www.kayuwriting.com I\u010cO 03440541 s\u00eddlo Nedv\u011bdice \u010d. ev. 17, 592 62 Nedv\u011bdice zpracov\u00e1v\u00e1 osobn\u00ed \u00fadaje poskytnut\u00e9 Kupuj\u00edc\u00edm za \u00fa\u010delem pln\u011bn\u00ed a dodate\u010dn\u00e9ho potvrzen\u00ed Obchodn\u00edch podm\u00ednek, za \u00fa\u010delem zpracov\u00e1n\u00ed elektronick\u00e9 objedn\u00e1vky, realizace dod\u00e1vky, z\u00fa\u010dtov\u00e1n\u00ed plateb a nezbytn\u00e9 komunikaci mezi smluvn\u00edmi stranami po dobu vy\u017eadovanou podle zvl\u00e1\u0161tn\u00edch pr\u00e1vn\u00edch p\u0159edpis\u016f. &hellip;\" \/>\n<meta property=\"og:url\" content=\"https:\/\/kayuwriting.com\/cs\/pravidla-ochrany-soukromi\/\" \/>\n<meta property=\"og:site_name\" content=\"Kayuwriting - It is #InOurHands\" \/>\n<meta property=\"article:modified_time\" content=\"2026-03-02T21:29:00+00:00\" \/>\n<meta name=\"twitter:card\" content=\"summary_large_image\" \/>\n<meta name=\"twitter:label1\" content=\"Odhadovan\u00e1 doba \u010dten\u00ed\" \/>\n\t<meta name=\"twitter:data1\" content=\"4 minuty\" \/>\n<script type=\"application\/ld+json\" class=\"yoast-schema-graph\">{\"@context\":\"https:\\\/\\\/schema.org\",\"@graph\":[{\"@type\":\"WebPage\",\"@id\":\"https:\\\/\\\/kayuwriting.com\\\/cs\\\/pravidla-ochrany-soukromi\\\/\",\"url\":\"https:\\\/\\\/kayuwriting.com\\\/cs\\\/pravidla-ochrany-soukromi\\\/\",\"name\":\"Pravidla ochrany soukrom\u00ed - Kayuwriting - It is #InOurHands\",\"isPartOf\":{\"@id\":\"https:\\\/\\\/kayuwriting.com\\\/cs\\\/#website\"},\"datePublished\":\"2023-09-14T07:56:25+00:00\",\"dateModified\":\"2026-03-02T21:29:00+00:00\",\"inLanguage\":\"cs\",\"potentialAction\":[{\"@type\":\"ReadAction\",\"target\":[\"https:\\\/\\\/kayuwriting.com\\\/cs\\\/pravidla-ochrany-soukromi\\\/\"]}]},{\"@type\":\"WebSite\",\"@id\":\"https:\\\/\\\/kayuwriting.com\\\/cs\\\/#website\",\"url\":\"https:\\\/\\\/kayuwriting.com\\\/cs\\\/\",\"name\":\"Kayuwriting - It is #InOurHands\",\"description\":\"\",\"publisher\":{\"@id\":\"https:\\\/\\\/kayuwriting.com\\\/cs\\\/#organization\"},\"potentialAction\":[{\"@type\":\"SearchAction\",\"target\":{\"@type\":\"EntryPoint\",\"urlTemplate\":\"https:\\\/\\\/kayuwriting.com\\\/cs\\\/?s={search_term_string}\"},\"query-input\":{\"@type\":\"PropertyValueSpecification\",\"valueRequired\":true,\"valueName\":\"search_term_string\"}}],\"inLanguage\":\"cs\"},{\"@type\":\"Organization\",\"@id\":\"https:\\\/\\\/kayuwriting.com\\\/cs\\\/#organization\",\"name\":\"Kayuwriting - It is #InOurHands\",\"url\":\"https:\\\/\\\/kayuwriting.com\\\/cs\\\/\",\"logo\":{\"@type\":\"ImageObject\",\"inLanguage\":\"cs\",\"@id\":\"https:\\\/\\\/kayuwriting.com\\\/cs\\\/#\\\/schema\\\/logo\\\/image\\\/\",\"url\":\"https:\\\/\\\/kayuwriting.com\\\/wp-content\\\/uploads\\\/2023\\\/10\\\/KAYU-logo-2023.png\",\"contentUrl\":\"https:\\\/\\\/kayuwriting.com\\\/wp-content\\\/uploads\\\/2023\\\/10\\\/KAYU-logo-2023.png\",\"width\":386,\"height\":117,\"caption\":\"Kayuwriting - It is #InOurHands\"},\"image\":{\"@id\":\"https:\\\/\\\/kayuwriting.com\\\/cs\\\/#\\\/schema\\\/logo\\\/image\\\/\"}}]}<\/script>\n<!-- \/ Yoast SEO plugin. -->","yoast_head_json":{"title":"Pravidla ochrany soukrom\u00ed - Kayuwriting - It is #InOurHands","robots":{"index":"index","follow":"follow","max-snippet":"max-snippet:-1","max-image-preview":"max-image-preview:large","max-video-preview":"max-video-preview:-1"},"canonical":"https:\/\/kayuwriting.com\/cs\/pravidla-ochrany-soukromi\/","og_locale":"cs_CZ","og_type":"article","og_title":"Pravidla ochrany soukrom\u00ed - Kayuwriting - It is #InOurHands","og_description":"Z\u00e1sady ochrany soukrom\u00ed Provozovatel e-shopu Michal Kla\u0161ka na str\u00e1nk\u00e1ch www.kayuwriting.com I\u010cO 03440541 s\u00eddlo Nedv\u011bdice \u010d. ev. 17, 592 62 Nedv\u011bdice zpracov\u00e1v\u00e1 osobn\u00ed \u00fadaje poskytnut\u00e9 Kupuj\u00edc\u00edm za \u00fa\u010delem pln\u011bn\u00ed a dodate\u010dn\u00e9ho potvrzen\u00ed Obchodn\u00edch podm\u00ednek, za \u00fa\u010delem zpracov\u00e1n\u00ed elektronick\u00e9 objedn\u00e1vky, realizace dod\u00e1vky, z\u00fa\u010dtov\u00e1n\u00ed plateb a nezbytn\u00e9 komunikaci mezi smluvn\u00edmi stranami po dobu vy\u017eadovanou podle zvl\u00e1\u0161tn\u00edch pr\u00e1vn\u00edch p\u0159edpis\u016f. &hellip;","og_url":"https:\/\/kayuwriting.com\/cs\/pravidla-ochrany-soukromi\/","og_site_name":"Kayuwriting - It is #InOurHands","article_modified_time":"2026-03-02T21:29:00+00:00","twitter_card":"summary_large_image","twitter_misc":{"Odhadovan\u00e1 doba \u010dten\u00ed":"4 minuty"},"schema":{"@context":"https:\/\/schema.org","@graph":[{"@type":"WebPage","@id":"https:\/\/kayuwriting.com\/cs\/pravidla-ochrany-soukromi\/","url":"https:\/\/kayuwriting.com\/cs\/pravidla-ochrany-soukromi\/","name":"Pravidla ochrany soukrom\u00ed - Kayuwriting - It is #InOurHands","isPartOf":{"@id":"https:\/\/kayuwriting.com\/cs\/#website"},"datePublished":"2023-09-14T07:56:25+00:00","dateModified":"2026-03-02T21:29:00+00:00","inLanguage":"cs","potentialAction":[{"@type":"ReadAction","target":["https:\/\/kayuwriting.com\/cs\/pravidla-ochrany-soukromi\/"]}]},{"@type":"WebSite","@id":"https:\/\/kayuwriting.com\/cs\/#website","url":"https:\/\/kayuwriting.com\/cs\/","name":"Kayuwriting - It is #InOurHands","description":"","publisher":{"@id":"https:\/\/kayuwriting.com\/cs\/#organization"},"potentialAction":[{"@type":"SearchAction","target":{"@type":"EntryPoint","urlTemplate":"https:\/\/kayuwriting.com\/cs\/?s={search_term_string}"},"query-input":{"@type":"PropertyValueSpecification","valueRequired":true,"valueName":"search_term_string"}}],"inLanguage":"cs"},{"@type":"Organization","@id":"https:\/\/kayuwriting.com\/cs\/#organization","name":"Kayuwriting - It is #InOurHands","url":"https:\/\/kayuwriting.com\/cs\/","logo":{"@type":"ImageObject","inLanguage":"cs","@id":"https:\/\/kayuwriting.com\/cs\/#\/schema\/logo\/image\/","url":"https:\/\/kayuwriting.com\/wp-content\/uploads\/2023\/10\/KAYU-logo-2023.png","contentUrl":"https:\/\/kayuwriting.com\/wp-content\/uploads\/2023\/10\/KAYU-logo-2023.png","width":386,"height":117,"caption":"Kayuwriting - It is #InOurHands"},"image":{"@id":"https:\/\/kayuwriting.com\/cs\/#\/schema\/logo\/image\/"}}]}},"_links":{"self":[{"href":"https:\/\/kayuwriting.com\/cs\/wp-json\/wp\/v2\/pages\/3685","targetHints":{"allow":["GET"]}}],"collection":[{"href":"https:\/\/kayuwriting.com\/cs\/wp-json\/wp\/v2\/pages"}],"about":[{"href":"https:\/\/kayuwriting.com\/cs\/wp-json\/wp\/v2\/types\/page"}],"author":[{"embeddable":true,"href":"https:\/\/kayuwriting.com\/cs\/wp-json\/wp\/v2\/users\/2"}],"replies":[{"embeddable":true,"href":"https:\/\/kayuwriting.com\/cs\/wp-json\/wp\/v2\/comments?post=3685"}],"version-history":[{"count":13,"href":"https:\/\/kayuwriting.com\/cs\/wp-json\/wp\/v2\/pages\/3685\/revisions"}],"predecessor-version":[{"id":13615,"href":"https:\/\/kayuwriting.com\/cs\/wp-json\/wp\/v2\/pages\/3685\/revisions\/13615"}],"wp:attachment":[{"href":"https:\/\/kayuwriting.com\/cs\/wp-json\/wp\/v2\/media?parent=3685"}],"curies":[{"name":"wp","href":"https:\/\/api.w.org\/{rel}","templated":true}]}}