{"id":3679,"date":"2023-09-14T09:40:23","date_gmt":"2023-09-14T07:40:23","guid":{"rendered":"https:\/\/kayuwriting.com\/?page_id=3679"},"modified":"2023-11-22T12:46:44","modified_gmt":"2023-11-22T11:46:44","slug":"zakladni-udrzba-pera","status":"publish","type":"page","link":"https:\/\/kayuwriting.com\/cs\/zakladni-udrzba-pera\/","title":{"rendered":"Z\u00e1kladn\u00ed \u00fadr\u017eba plnic\u00edch a kuli\u010dkov\u00fdch per Kayu: Na co si d\u00e1t nejv\u011bt\u0161\u00ed pozor"},"content":{"rendered":"\t\t<div data-elementor-type=\"wp-page\" data-elementor-id=\"3679\" class=\"elementor elementor-3679\" data-elementor-post-type=\"page\">\n\t\t\t\t\t\t<section class=\"elementor-section elementor-top-section elementor-element elementor-element-f91f689 elementor-section-boxed elementor-section-height-default elementor-section-height-default\" data-id=\"f91f689\" data-element_type=\"section\" data-e-type=\"section\">\n\t\t\t\t\t\t<div class=\"elementor-container elementor-column-gap-default\">\n\t\t\t\t\t<div class=\"elementor-column elementor-col-100 elementor-top-column elementor-element elementor-element-83a2da3\" data-id=\"83a2da3\" data-element_type=\"column\" data-e-type=\"column\">\n\t\t\t<div class=\"elementor-widget-wrap elementor-element-populated\">\n\t\t\t\t\t\t<div class=\"elementor-element elementor-element-11da95b elementor-widget elementor-widget-heading\" data-id=\"11da95b\" data-element_type=\"widget\" data-e-type=\"widget\" data-widget_type=\"heading.default\">\n\t\t\t\t<div class=\"elementor-widget-container\">\n\t\t\t\t\t<h1 class=\"elementor-heading-title elementor-size-default\">Z\u00e1kladn\u00ed \u00fadr\u017eba pera<\/h1>\t\t\t\t<\/div>\n\t\t\t\t<\/div>\n\t\t\t\t\t<\/div>\n\t\t<\/div>\n\t\t\t\t\t<\/div>\n\t\t<\/section>\n\t\t\t\t<section class=\"elementor-section elementor-top-section elementor-element elementor-element-c61f90d elementor-section-boxed elementor-section-height-default elementor-section-height-default\" data-id=\"c61f90d\" data-element_type=\"section\" data-e-type=\"section\">\n\t\t\t\t\t\t<div class=\"elementor-container elementor-column-gap-default\">\n\t\t\t\t\t<div class=\"elementor-column elementor-col-100 elementor-top-column elementor-element elementor-element-b7b40e7\" data-id=\"b7b40e7\" data-element_type=\"column\" data-e-type=\"column\">\n\t\t\t<div class=\"elementor-widget-wrap elementor-element-populated\">\n\t\t\t\t\t\t<section class=\"elementor-section elementor-inner-section elementor-element elementor-element-bac7249 elementor-section-boxed elementor-section-height-default elementor-section-height-default\" data-id=\"bac7249\" data-element_type=\"section\" data-e-type=\"section\">\n\t\t\t\t\t\t<div class=\"elementor-container elementor-column-gap-wider\">\n\t\t\t\t\t<div class=\"elementor-column elementor-col-50 elementor-inner-column elementor-element elementor-element-0ce7a43\" data-id=\"0ce7a43\" data-element_type=\"column\" data-e-type=\"column\">\n\t\t\t<div class=\"elementor-widget-wrap elementor-element-populated\">\n\t\t\t\t\t\t<div class=\"elementor-element elementor-element-8b3a10b elementor-widget elementor-widget-heading\" data-id=\"8b3a10b\" data-element_type=\"widget\" data-e-type=\"widget\" data-widget_type=\"heading.default\">\n\t\t\t\t<div class=\"elementor-widget-container\">\n\t\t\t\t\t<h3 class=\"elementor-heading-title elementor-size-default\">Pln\u011bn\u00ed pera konvertorem<\/h3>\t\t\t\t<\/div>\n\t\t\t\t<\/div>\n\t\t\t\t<div class=\"elementor-element elementor-element-868844d elementor-widget elementor-widget-text-editor\" data-id=\"868844d\" data-element_type=\"widget\" data-e-type=\"widget\" data-widget_type=\"text-editor.default\">\n\t\t\t\t<div class=\"elementor-widget-container\">\n\t\t\t\t\t\t\t\t\t<p style=\"text-align: center;\">Pou\u017e\u00edv\u00e1te-li konvertor, pak roz\u0161roubujte pero. Vypr\u00e1zdn\u011bte konvertor od zbytk\u016f inkoustu ot\u00e1\u010den\u00edm horn\u00edho konce, dokud p\u00edstek uvnit\u0159 nedos\u00e1hne do svoj\u00ed nejspodn\u011bj\u0161\u00ed polohy. Pozor, z hrotu mo\u017en\u00e1 vyte\u010de p\u00e1r kapek inkoustu. Pak pono\u0159te cel\u00fd hrot a za\u010d\u00e1tek gripu pod hladinu inkoustu a ot\u00e1\u010dej horn\u00edm koncem konvertoru, dokud p\u00edstek nedos\u00e1hne svoj\u00ed nejvrchn\u011bj\u0161\u00ed polohy. T\u00edm je pero napln\u011bn\u00e9. Jemn\u011b ho o\u010disti had\u0159\u00edkem a na\u0161roubuj barel.<\/p>\t\t\t\t\t\t\t\t<\/div>\n\t\t\t\t<\/div>\n\t\t\t\t\t<\/div>\n\t\t<\/div>\n\t\t\t\t<div class=\"elementor-column elementor-col-50 elementor-inner-column elementor-element elementor-element-28b5da5\" data-id=\"28b5da5\" data-element_type=\"column\" data-e-type=\"column\">\n\t\t\t<div class=\"elementor-widget-wrap elementor-element-populated\">\n\t\t\t\t\t\t<div class=\"elementor-element elementor-element-bd9e98c elementor-widget elementor-widget-heading\" data-id=\"bd9e98c\" data-element_type=\"widget\" data-e-type=\"widget\" data-widget_type=\"heading.default\">\n\t\t\t\t<div class=\"elementor-widget-container\">\n\t\t\t\t\t<h3 class=\"elementor-heading-title elementor-size-default\">Pln\u011bn\u00ed pera s bombi\u010dkami<\/h3>\t\t\t\t<\/div>\n\t\t\t\t<\/div>\n\t\t\t\t<div class=\"elementor-element elementor-element-a575c96 elementor-widget elementor-widget-text-editor\" data-id=\"a575c96\" data-element_type=\"widget\" data-e-type=\"widget\" data-widget_type=\"text-editor.default\">\n\t\t\t\t<div class=\"elementor-widget-container\">\n\t\t\t\t\t\t\t\t\t<p style=\"text-align: center;\">Pou\u017e\u00edv\u00e1\u00adte\u2011li bombi\u010dky, pak roz\u0161roubujte pero, vyjm\u011bte starou a zasu\u0148te m\u00edsto n\u00ed novou bombi\u010dku. Je pot\u0159eba ji s cvaknut\u00edm zam\u00e1\u010dknout tak, aby do\u0161lo k perforaci \u00fast\u00ed a spu\u0161t\u011bn\u00ed toku inkoustu. Pera Kayu jsou kompatibiln\u00ed s bombi\u010dkami univerz\u00e1ln\u00ed mezin\u00e1rodn\u00ed velikosti.<br \/>&#8222;Pokud pln\u00edte pero bombi\u010dkami nebo d\u00e9le nepsalo, bude chv\u00edli trvat, ne\u017e se rozep\u00ed\u0161e, proto\u017ee inkoust mus\u00ed st\u00e9ct do hrotu. Pokud m\u00e1te \u010das, postavte napln\u011bn\u00e9 pero hrotem dol\u016f a chvilku po\u010dkejte. M\u00e1te-li konvertor a sp\u011bch\u00e1te, m\u016f\u017eete zkusit vytla\u010dit ikoust z konvertoru oto\u010den\u00edm horn\u00edho konce a posunut\u00edm p\u00edstku kousek dol\u016f.<\/p>\t\t\t\t\t\t\t\t<\/div>\n\t\t\t\t<\/div>\n\t\t\t\t\t<\/div>\n\t\t<\/div>\n\t\t\t\t\t<\/div>\n\t\t<\/section>\n\t\t\t\t\t<\/div>\n\t\t<\/div>\n\t\t\t\t\t<\/div>\n\t\t<\/section>\n\t\t\t\t<section class=\"elementor-section elementor-top-section elementor-element elementor-element-706888e elementor-section-boxed elementor-section-height-default elementor-section-height-default\" data-id=\"706888e\" data-element_type=\"section\" data-e-type=\"section\">\n\t\t\t\t\t\t<div class=\"elementor-container elementor-column-gap-default\">\n\t\t\t\t\t<div class=\"elementor-column elementor-col-100 elementor-top-column elementor-element elementor-element-fb1e664\" data-id=\"fb1e664\" data-element_type=\"column\" data-e-type=\"column\">\n\t\t\t<div class=\"elementor-widget-wrap elementor-element-populated\">\n\t\t\t\t\t\t<section class=\"elementor-section elementor-inner-section elementor-element elementor-element-a3def05 elementor-section-boxed elementor-section-height-default elementor-section-height-default\" data-id=\"a3def05\" data-element_type=\"section\" data-e-type=\"section\">\n\t\t\t\t\t\t<div class=\"elementor-container elementor-column-gap-wider\">\n\t\t\t\t\t<div class=\"elementor-column elementor-col-50 elementor-inner-column elementor-element elementor-element-0d7c18a\" data-id=\"0d7c18a\" data-element_type=\"column\" data-e-type=\"column\">\n\t\t\t<div class=\"elementor-widget-wrap elementor-element-populated\">\n\t\t\t\t\t\t<div class=\"elementor-element elementor-element-30502f3 elementor-widget elementor-widget-heading\" data-id=\"30502f3\" data-element_type=\"widget\" data-e-type=\"widget\" data-widget_type=\"heading.default\">\n\t\t\t\t<div class=\"elementor-widget-container\">\n\t\t\t\t\t<h3 class=\"elementor-heading-title elementor-size-default\">\u010ci\u0161t\u011bn\u00ed pera s konvertorem<\/h3>\t\t\t\t<\/div>\n\t\t\t\t<\/div>\n\t\t\t\t<div class=\"elementor-element elementor-element-efb09da elementor-widget elementor-widget-text-editor\" data-id=\"efb09da\" data-element_type=\"widget\" data-e-type=\"widget\" data-widget_type=\"text-editor.default\">\n\t\t\t\t<div class=\"elementor-widget-container\">\n\t\t\t\t\t\t\t\t\t<p style=\"text-align: center;\">Sta\u010d\u00ed jen roz\u0161roubovat pero a hrotem nas\u00e1vat a vypou\u0161t\u011bt m\u00edsto inkoustu \u010distou (nejl\u00e9pe destilovanou) vodu, jako kdyby se pero plnilo inkoustem. Proplachujte dokud z hrotu nevyt\u00e9k\u00e1 voda bez zbarven\u00ed, v ide\u00e1ln\u00edm p\u0159\u00edpad\u011b bude i pr\u016fhledn\u00e1 st\u011bna konvertoru \u00fapln\u011b \u010dist\u00e1 a tak\u00e9 bez zbarven\u00ed po inkoustu. Jakmile m\u00e1te hotovo, osu\u0161te pero had\u0159\u00edkem a se\u0161roubujte. Konvertor sund\u00e1vejte pouze ve v\u00fdjime\u010dn\u00fdch p\u0159\u00edpadech, m\u016f\u017ee to zp\u016fsobit vyt\u00e9k\u00e1n\u00ed inkoustu.<\/p><p style=\"text-align: center;\"><em>&#8222;V\u0159ele doporu\u010duji \u010distit pero poka\u017ed\u00e9, kdy\u017e ho pln\u00edte, nejm\u00e9n\u011b ale jednou za dva m\u011bs\u00edce. Pravideln\u011b tak\u00e9 kontrolujte \u010distotu samotn\u00e9ho hrotu a v\u00ed\u010dka zevnit\u0159 a zbavujte je p\u0159\u00edpadn\u00fdch zbytk\u016f inkoustu \u010di ne\u010distot. Pokud pero nebudete d\u00e9le pou\u017e\u00edvat, uchov\u00e1vejte ho bez inkoustu a propl\u00e1chnut\u00e9.&#8220;<\/em><\/p>\t\t\t\t\t\t\t\t<\/div>\n\t\t\t\t<\/div>\n\t\t\t\t\t<\/div>\n\t\t<\/div>\n\t\t\t\t<div class=\"elementor-column elementor-col-50 elementor-inner-column elementor-element elementor-element-d9f03e0\" data-id=\"d9f03e0\" data-element_type=\"column\" data-e-type=\"column\">\n\t\t\t<div class=\"elementor-widget-wrap elementor-element-populated\">\n\t\t\t\t\t\t<div class=\"elementor-element elementor-element-956c474 elementor-widget elementor-widget-heading\" data-id=\"956c474\" data-element_type=\"widget\" data-e-type=\"widget\" data-widget_type=\"heading.default\">\n\t\t\t\t<div class=\"elementor-widget-container\">\n\t\t\t\t\t<h3 class=\"elementor-heading-title elementor-size-default\">\u010ci\u0161t\u011bn\u00ed pera s bombi\u010dkami<\/h3>\t\t\t\t<\/div>\n\t\t\t\t<\/div>\n\t\t\t\t<div class=\"elementor-element elementor-element-dae7832 elementor-widget elementor-widget-text-editor\" data-id=\"dae7832\" data-element_type=\"widget\" data-e-type=\"widget\" data-widget_type=\"text-editor.default\">\n\t\t\t\t<div class=\"elementor-widget-container\">\n\t\t\t\t\t\t\t\t\t<p style=\"text-align: center;\">Po roz\u0161roubov\u00e1n\u00ed m\u00e1te v z\u00e1sad\u011b dv\u011b mo\u017enosti. M\u016f\u017eete celou sekci s hrotem bez bombi\u010dky oplachovat pod proudem tekouc\u00ed vody, ob\u010dasn\u00e9 profouknut\u00ed se tak\u00e9 povoluje. Anebo budete sofistikovan\u011bj\u0161\u00ed. Nasa\u010fte \u00fast\u00ed klasick\u00e9 injek\u010dn\u00ed st\u0159\u00edka\u010dky p\u0159\u00edmo na plastov\u00fd n\u00e1tok hrotu (takov\u00fd \u010dern\u00fd \u0161ulda s d\u00edrkou uprost\u0159ed otvoru na instalaci bombi\u010dka). M\u011blo by to sed\u011bt perfektn\u011b. Proplachujte, dokud nevyt\u00e9k\u00e1 \u010dist\u00e1 voda, pak osu\u0161te had\u0159\u00edkem a nasa\u010fte barel zp\u011bt.<\/p>\t\t\t\t\t\t\t\t<\/div>\n\t\t\t\t<\/div>\n\t\t\t\t\t<\/div>\n\t\t<\/div>\n\t\t\t\t\t<\/div>\n\t\t<\/section>\n\t\t\t\t\t<\/div>\n\t\t<\/div>\n\t\t\t\t\t<\/div>\n\t\t<\/section>\n\t\t\t\t<section class=\"elementor-section elementor-top-section elementor-element elementor-element-a5e0bcc elementor-section-boxed elementor-section-height-default elementor-section-height-default\" data-id=\"a5e0bcc\" data-element_type=\"section\" data-e-type=\"section\">\n\t\t\t\t\t\t<div class=\"elementor-container elementor-column-gap-default\">\n\t\t\t\t\t<div class=\"elementor-column elementor-col-100 elementor-top-column elementor-element elementor-element-7fc58eb\" data-id=\"7fc58eb\" data-element_type=\"column\" data-e-type=\"column\">\n\t\t\t<div class=\"elementor-widget-wrap elementor-element-populated\">\n\t\t\t\t\t\t<div class=\"elementor-element elementor-element-8de196f elementor-widget elementor-widget-text-editor\" data-id=\"8de196f\" data-element_type=\"widget\" data-e-type=\"widget\" data-widget_type=\"text-editor.default\">\n\t\t\t\t<div class=\"elementor-widget-container\">\n\t\t\t\t\t\t\t\t\t<h2 style=\"text-align: center;\">Opravy a n\u00e1hradn\u00ed d\u00edly<\/h2><p style=\"text-align: center;\">Pokud se na peru objev\u00ed n\u011bjak\u00e1 skvrna od inkoustu \u010di n\u011b\u010deho jin\u00e9ho, doporu\u010duji o\u010distit had\u0159\u00edkem namo\u010den\u00fdm do vody, p\u0159\u00edpadn\u011b Alpy nebo citronky. Odoln\u011bj\u0161\u00ed skvrny zkuste odstranit technick\u00fdm lihem, ale na d\u0159ev\u011bn\u00e9 \u010d\u00e1sti ho pou\u017e\u00edvejte jen v\u00fdjime\u010dn\u011b, proto\u017ee neprosp\u00edv\u00e1 povrchu. Nepou\u017e\u00edvejte \u0159edidla, benz\u00edny a jin\u00e1 rozpou\u0161t\u011bdla. Pokud by se v\u00e1m n\u00e1hodou stalo, \u017ee se n\u011bkter\u00fd z d\u00edl\u016f po\u0161kod\u00ed, nemus\u00ed b\u00fdt v\u0161e ztraceno. Ozv\u011bte se mi a ur\u010dit\u011b n\u011bco vymysl\u00edme. N\u011bkter\u00e9 \u010d\u00e1sti mohu vym\u011bnit za nov\u00e9 a jin\u00e9 t\u0159eba p\u016fjdou opravit. \u017d\u00e1dn\u00fd strach, n\u011bjak to vy\u0159e\u0161\u00edme.<\/p>\t\t\t\t\t\t\t\t<\/div>\n\t\t\t\t<\/div>\n\t\t\t\t\t<\/div>\n\t\t<\/div>\n\t\t\t\t\t<\/div>\n\t\t<\/section>\n\t\t\t\t<\/div>\n\t\t","protected":false},"excerpt":{"rendered":"<p>Z\u00e1kladn\u00ed \u00fadr\u017eba pera Pln\u011bn\u00ed pera konvertorem Pou\u017e\u00edv\u00e1te-li konvertor, pak roz\u0161roubujte pero. Vypr\u00e1zdn\u011bte konvertor od zbytk\u016f inkoustu ot\u00e1\u010den\u00edm horn\u00edho konce, dokud p\u00edstek uvnit\u0159 nedos\u00e1hne do svoj\u00ed nejspodn\u011bj\u0161\u00ed polohy. Pozor, z hrotu mo\u017en\u00e1 vyte\u010de p\u00e1r kapek inkoustu. Pak pono\u0159te cel\u00fd hrot a za\u010d\u00e1tek gripu pod hladinu inkoustu a ot\u00e1\u010dej horn\u00edm koncem konvertoru, dokud p\u00edstek nedos\u00e1hne svoj\u00ed nejvrchn\u011bj\u0161\u00ed &hellip;<\/p>\n","protected":false},"author":2,"featured_media":0,"parent":0,"menu_order":4,"comment_status":"closed","ping_status":"closed","template":"","meta":{"footnotes":""},"class_list":["post-3679","page","type-page","status-publish","hentry"],"yoast_head":"<!-- This site is optimized with the Yoast SEO plugin v27.3 - https:\/\/yoast.com\/product\/yoast-seo-wordpress\/ -->\n<title>Z\u00e1kladn\u00ed \u00fadr\u017eba plnic\u00edch a kuli\u010dkov\u00fdch per Kayu: Na co si d\u00e1t nejv\u011bt\u0161\u00ed pozor - Kayuwriting - It is #InOurHands<\/title>\n<meta name=\"robots\" content=\"index, follow, max-snippet:-1, max-image-preview:large, max-video-preview:-1\" \/>\n<link rel=\"canonical\" href=\"https:\/\/kayuwriting.com\/cs\/zakladni-udrzba-pera\/\" \/>\n<meta property=\"og:locale\" content=\"cs_CZ\" \/>\n<meta property=\"og:type\" content=\"article\" \/>\n<meta property=\"og:title\" content=\"Z\u00e1kladn\u00ed \u00fadr\u017eba plnic\u00edch a kuli\u010dkov\u00fdch per Kayu: Na co si d\u00e1t nejv\u011bt\u0161\u00ed pozor - Kayuwriting - It is #InOurHands\" \/>\n<meta property=\"og:description\" content=\"Z\u00e1kladn\u00ed \u00fadr\u017eba pera Pln\u011bn\u00ed pera konvertorem Pou\u017e\u00edv\u00e1te-li konvertor, pak roz\u0161roubujte pero. Vypr\u00e1zdn\u011bte konvertor od zbytk\u016f inkoustu ot\u00e1\u010den\u00edm horn\u00edho konce, dokud p\u00edstek uvnit\u0159 nedos\u00e1hne do svoj\u00ed nejspodn\u011bj\u0161\u00ed polohy. Pozor, z hrotu mo\u017en\u00e1 vyte\u010de p\u00e1r kapek inkoustu. Pak pono\u0159te cel\u00fd hrot a za\u010d\u00e1tek gripu pod hladinu inkoustu a ot\u00e1\u010dej horn\u00edm koncem konvertoru, dokud p\u00edstek nedos\u00e1hne svoj\u00ed nejvrchn\u011bj\u0161\u00ed &hellip;\" \/>\n<meta property=\"og:url\" content=\"https:\/\/kayuwriting.com\/cs\/zakladni-udrzba-pera\/\" \/>\n<meta property=\"og:site_name\" content=\"Kayuwriting - It is #InOurHands\" \/>\n<meta property=\"article:modified_time\" content=\"2023-11-22T11:46:44+00:00\" \/>\n<meta name=\"twitter:card\" content=\"summary_large_image\" \/>\n<meta name=\"twitter:label1\" content=\"Odhadovan\u00e1 doba \u010dten\u00ed\" \/>\n\t<meta name=\"twitter:data1\" content=\"3 minuty\" \/>\n<script type=\"application\/ld+json\" class=\"yoast-schema-graph\">{\"@context\":\"https:\\\/\\\/schema.org\",\"@graph\":[{\"@type\":\"WebPage\",\"@id\":\"https:\\\/\\\/kayuwriting.com\\\/cs\\\/zakladni-udrzba-pera\\\/\",\"url\":\"https:\\\/\\\/kayuwriting.com\\\/cs\\\/zakladni-udrzba-pera\\\/\",\"name\":\"Z\u00e1kladn\u00ed \u00fadr\u017eba plnic\u00edch a kuli\u010dkov\u00fdch per Kayu: Na co si d\u00e1t nejv\u011bt\u0161\u00ed pozor - Kayuwriting - It is #InOurHands\",\"isPartOf\":{\"@id\":\"https:\\\/\\\/kayuwriting.com\\\/cs\\\/#website\"},\"datePublished\":\"2023-09-14T07:40:23+00:00\",\"dateModified\":\"2023-11-22T11:46:44+00:00\",\"inLanguage\":\"cs\",\"potentialAction\":[{\"@type\":\"ReadAction\",\"target\":[\"https:\\\/\\\/kayuwriting.com\\\/cs\\\/zakladni-udrzba-pera\\\/\"]}]},{\"@type\":\"WebSite\",\"@id\":\"https:\\\/\\\/kayuwriting.com\\\/cs\\\/#website\",\"url\":\"https:\\\/\\\/kayuwriting.com\\\/cs\\\/\",\"name\":\"Kayuwriting - It is #InOurHands\",\"description\":\"\",\"publisher\":{\"@id\":\"https:\\\/\\\/kayuwriting.com\\\/cs\\\/#organization\"},\"potentialAction\":[{\"@type\":\"SearchAction\",\"target\":{\"@type\":\"EntryPoint\",\"urlTemplate\":\"https:\\\/\\\/kayuwriting.com\\\/cs\\\/?s={search_term_string}\"},\"query-input\":{\"@type\":\"PropertyValueSpecification\",\"valueRequired\":true,\"valueName\":\"search_term_string\"}}],\"inLanguage\":\"cs\"},{\"@type\":\"Organization\",\"@id\":\"https:\\\/\\\/kayuwriting.com\\\/cs\\\/#organization\",\"name\":\"Kayuwriting - It is #InOurHands\",\"url\":\"https:\\\/\\\/kayuwriting.com\\\/cs\\\/\",\"logo\":{\"@type\":\"ImageObject\",\"inLanguage\":\"cs\",\"@id\":\"https:\\\/\\\/kayuwriting.com\\\/cs\\\/#\\\/schema\\\/logo\\\/image\\\/\",\"url\":\"https:\\\/\\\/kayuwriting.com\\\/wp-content\\\/uploads\\\/2023\\\/10\\\/KAYU-logo-2023.png\",\"contentUrl\":\"https:\\\/\\\/kayuwriting.com\\\/wp-content\\\/uploads\\\/2023\\\/10\\\/KAYU-logo-2023.png\",\"width\":386,\"height\":117,\"caption\":\"Kayuwriting - It is #InOurHands\"},\"image\":{\"@id\":\"https:\\\/\\\/kayuwriting.com\\\/cs\\\/#\\\/schema\\\/logo\\\/image\\\/\"}}]}<\/script>\n<!-- \/ Yoast SEO plugin. -->","yoast_head_json":{"title":"Z\u00e1kladn\u00ed \u00fadr\u017eba plnic\u00edch a kuli\u010dkov\u00fdch per Kayu: Na co si d\u00e1t nejv\u011bt\u0161\u00ed pozor - Kayuwriting - It is #InOurHands","robots":{"index":"index","follow":"follow","max-snippet":"max-snippet:-1","max-image-preview":"max-image-preview:large","max-video-preview":"max-video-preview:-1"},"canonical":"https:\/\/kayuwriting.com\/cs\/zakladni-udrzba-pera\/","og_locale":"cs_CZ","og_type":"article","og_title":"Z\u00e1kladn\u00ed \u00fadr\u017eba plnic\u00edch a kuli\u010dkov\u00fdch per Kayu: Na co si d\u00e1t nejv\u011bt\u0161\u00ed pozor - Kayuwriting - It is #InOurHands","og_description":"Z\u00e1kladn\u00ed \u00fadr\u017eba pera Pln\u011bn\u00ed pera konvertorem Pou\u017e\u00edv\u00e1te-li konvertor, pak roz\u0161roubujte pero. Vypr\u00e1zdn\u011bte konvertor od zbytk\u016f inkoustu ot\u00e1\u010den\u00edm horn\u00edho konce, dokud p\u00edstek uvnit\u0159 nedos\u00e1hne do svoj\u00ed nejspodn\u011bj\u0161\u00ed polohy. Pozor, z hrotu mo\u017en\u00e1 vyte\u010de p\u00e1r kapek inkoustu. Pak pono\u0159te cel\u00fd hrot a za\u010d\u00e1tek gripu pod hladinu inkoustu a ot\u00e1\u010dej horn\u00edm koncem konvertoru, dokud p\u00edstek nedos\u00e1hne svoj\u00ed nejvrchn\u011bj\u0161\u00ed &hellip;","og_url":"https:\/\/kayuwriting.com\/cs\/zakladni-udrzba-pera\/","og_site_name":"Kayuwriting - It is #InOurHands","article_modified_time":"2023-11-22T11:46:44+00:00","twitter_card":"summary_large_image","twitter_misc":{"Odhadovan\u00e1 doba \u010dten\u00ed":"3 minuty"},"schema":{"@context":"https:\/\/schema.org","@graph":[{"@type":"WebPage","@id":"https:\/\/kayuwriting.com\/cs\/zakladni-udrzba-pera\/","url":"https:\/\/kayuwriting.com\/cs\/zakladni-udrzba-pera\/","name":"Z\u00e1kladn\u00ed \u00fadr\u017eba plnic\u00edch a kuli\u010dkov\u00fdch per Kayu: Na co si d\u00e1t nejv\u011bt\u0161\u00ed pozor - Kayuwriting - It is #InOurHands","isPartOf":{"@id":"https:\/\/kayuwriting.com\/cs\/#website"},"datePublished":"2023-09-14T07:40:23+00:00","dateModified":"2023-11-22T11:46:44+00:00","inLanguage":"cs","potentialAction":[{"@type":"ReadAction","target":["https:\/\/kayuwriting.com\/cs\/zakladni-udrzba-pera\/"]}]},{"@type":"WebSite","@id":"https:\/\/kayuwriting.com\/cs\/#website","url":"https:\/\/kayuwriting.com\/cs\/","name":"Kayuwriting - It is #InOurHands","description":"","publisher":{"@id":"https:\/\/kayuwriting.com\/cs\/#organization"},"potentialAction":[{"@type":"SearchAction","target":{"@type":"EntryPoint","urlTemplate":"https:\/\/kayuwriting.com\/cs\/?s={search_term_string}"},"query-input":{"@type":"PropertyValueSpecification","valueRequired":true,"valueName":"search_term_string"}}],"inLanguage":"cs"},{"@type":"Organization","@id":"https:\/\/kayuwriting.com\/cs\/#organization","name":"Kayuwriting - It is #InOurHands","url":"https:\/\/kayuwriting.com\/cs\/","logo":{"@type":"ImageObject","inLanguage":"cs","@id":"https:\/\/kayuwriting.com\/cs\/#\/schema\/logo\/image\/","url":"https:\/\/kayuwriting.com\/wp-content\/uploads\/2023\/10\/KAYU-logo-2023.png","contentUrl":"https:\/\/kayuwriting.com\/wp-content\/uploads\/2023\/10\/KAYU-logo-2023.png","width":386,"height":117,"caption":"Kayuwriting - It is #InOurHands"},"image":{"@id":"https:\/\/kayuwriting.com\/cs\/#\/schema\/logo\/image\/"}}]}},"_links":{"self":[{"href":"https:\/\/kayuwriting.com\/cs\/wp-json\/wp\/v2\/pages\/3679","targetHints":{"allow":["GET"]}}],"collection":[{"href":"https:\/\/kayuwriting.com\/cs\/wp-json\/wp\/v2\/pages"}],"about":[{"href":"https:\/\/kayuwriting.com\/cs\/wp-json\/wp\/v2\/types\/page"}],"author":[{"embeddable":true,"href":"https:\/\/kayuwriting.com\/cs\/wp-json\/wp\/v2\/users\/2"}],"replies":[{"embeddable":true,"href":"https:\/\/kayuwriting.com\/cs\/wp-json\/wp\/v2\/comments?post=3679"}],"version-history":[{"count":11,"href":"https:\/\/kayuwriting.com\/cs\/wp-json\/wp\/v2\/pages\/3679\/revisions"}],"predecessor-version":[{"id":6974,"href":"https:\/\/kayuwriting.com\/cs\/wp-json\/wp\/v2\/pages\/3679\/revisions\/6974"}],"wp:attachment":[{"href":"https:\/\/kayuwriting.com\/cs\/wp-json\/wp\/v2\/media?parent=3679"}],"curies":[{"name":"wp","href":"https:\/\/api.w.org\/{rel}","templated":true}]}}