{"id":3331,"date":"2023-08-11T13:43:24","date_gmt":"2023-08-11T11:43:24","guid":{"rendered":"https:\/\/kayuwriting.com\/?page_id=3331"},"modified":"2023-11-09T10:35:51","modified_gmt":"2023-11-09T09:35:51","slug":"jak-vybrat-hrot-stopu-plneni","status":"publish","type":"page","link":"https:\/\/kayuwriting.com\/cs\/jak-vybrat-hrot-stopu-plneni\/","title":{"rendered":"Jak vybrat hrot"},"content":{"rendered":"\t\t<div data-elementor-type=\"wp-page\" data-elementor-id=\"3331\" class=\"elementor elementor-3331\" data-elementor-post-type=\"page\">\n\t\t\t\t\t\t<section class=\"elementor-section elementor-top-section elementor-element elementor-element-357896e elementor-section-boxed elementor-section-height-default elementor-section-height-default\" data-id=\"357896e\" data-element_type=\"section\" data-e-type=\"section\">\n\t\t\t\t\t\t<div class=\"elementor-container elementor-column-gap-default\">\n\t\t\t\t\t<div class=\"elementor-column elementor-col-100 elementor-top-column elementor-element elementor-element-f68ce02\" data-id=\"f68ce02\" data-element_type=\"column\" data-e-type=\"column\">\n\t\t\t<div class=\"elementor-widget-wrap elementor-element-populated\">\n\t\t\t\t\t\t<div class=\"elementor-element elementor-element-241bc53 elementor-widget elementor-widget-heading\" data-id=\"241bc53\" data-element_type=\"widget\" data-e-type=\"widget\" data-widget_type=\"heading.default\">\n\t\t\t\t<div class=\"elementor-widget-container\">\n\t\t\t\t\t<h1 class=\"elementor-heading-title elementor-size-default\">Jak vybrat hrot, stopu a pln\u011bn\u00ed?<\/h1>\t\t\t\t<\/div>\n\t\t\t\t<\/div>\n\t\t\t\t\t<\/div>\n\t\t<\/div>\n\t\t\t\t\t<\/div>\n\t\t<\/section>\n\t\t\t\t<section class=\"elementor-section elementor-top-section elementor-element elementor-element-54cbc19 elementor-section-boxed elementor-section-height-default elementor-section-height-default\" data-id=\"54cbc19\" data-element_type=\"section\" data-e-type=\"section\">\n\t\t\t\t\t\t<div class=\"elementor-container elementor-column-gap-wider\">\n\t\t\t\t\t<div class=\"elementor-column elementor-col-33 elementor-top-column elementor-element elementor-element-bd206bb\" data-id=\"bd206bb\" data-element_type=\"column\" data-e-type=\"column\">\n\t\t\t<div class=\"elementor-widget-wrap elementor-element-populated\">\n\t\t\t\t\t\t<div class=\"elementor-element elementor-element-f29523c elementor-widget elementor-widget-heading\" data-id=\"f29523c\" data-element_type=\"widget\" data-e-type=\"widget\" data-widget_type=\"heading.default\">\n\t\t\t\t<div class=\"elementor-widget-container\">\n\t\t\t\t\t<h2 class=\"elementor-heading-title elementor-size-default\">Hrot<\/h2>\t\t\t\t<\/div>\n\t\t\t\t<\/div>\n\t\t\t\t<div class=\"elementor-element elementor-element-ea2353c elementor-widget elementor-widget-image\" data-id=\"ea2353c\" data-element_type=\"widget\" data-e-type=\"widget\" data-widget_type=\"image.default\">\n\t\t\t\t<div class=\"elementor-widget-container\">\n\t\t\t\t\t\t\t\t\t\t\t\t\t\t\t<img fetchpriority=\"high\" decoding=\"async\" width=\"650\" height=\"355\" src=\"https:\/\/kayuwriting.com\/wp-content\/uploads\/icons\/jak-vybrat-hrot.webp\" class=\"attachment-large size-large wp-image-3334\" alt=\"\" srcset=\"https:\/\/kayuwriting.com\/wp-content\/uploads\/icons\/jak-vybrat-hrot.webp 650w, https:\/\/kayuwriting.com\/wp-content\/uploads\/icons\/jak-vybrat-hrot-640x350.webp 640w, https:\/\/kayuwriting.com\/wp-content\/uploads\/icons\/jak-vybrat-hrot-300x164.webp 300w\" sizes=\"(max-width: 650px) 100vw, 650px\" \/>\t\t\t\t\t\t\t\t\t\t\t\t\t\t\t<\/div>\n\t\t\t\t<\/div>\n\t\t\t\t<div class=\"elementor-element elementor-element-3f9e1ce elementor-widget elementor-widget-text-editor\" data-id=\"3f9e1ce\" data-element_type=\"widget\" data-e-type=\"widget\" data-widget_type=\"text-editor.default\">\n\t\t\t\t<div class=\"elementor-widget-container\">\n\t\t\t\t\t\t\t\t\t<p style=\"text-align: left;\">Hrot je asi tou nejd\u016fle\u017eit\u011bj\u0161\u00ed sou\u010d\u00e1st\u00ed pera. Je to ten faktor, kter\u00fd p\u0159en\u00e1\u0161\u00ed va\u0161e \u00fasil\u00ed na pap\u00edr. Proto nab\u00edz\u00edme k na\u0161im per\u016fm hroty od kvalitn\u00edch n\u011bmeck\u00fdch v\u00fdrobc\u016f. <strong>Schmidt<\/strong> jsou z\u00e1kladn\u00ed hroty, kter\u00e9 uspokoj\u00ed drtivou v\u011bt\u0161inu u\u017eivatel\u016f per. Nicm\u00e9n\u011b pro n\u00e1ro\u010dn\u011bj\u0161\u00ed m\u00e1me v nab\u00eddce i hroty <strong>JoWo<\/strong>, kter\u00e9 jsou obecn\u011b pova\u017eov\u00e1ny za je\u0161t\u011b o kousek lep\u0161\u00ed.<\/p><p>Ohledn\u011b materi\u00e1lu hrotu, rozd\u00edl mezi <strong>ocel\u00ed a pozlacenou ocel\u00ed<\/strong> je sp\u00ed\u0161e pouze estetick\u00fd, nebo\u0165 mechanick\u00e9 vlastnosti hrotu jsou stejn\u00e9. Hroty z ryz\u00edho zlata by m\u011bly nab\u00edzet hlad\u0161\u00ed a konstantn\u011bj\u0161\u00ed pocit z psan\u00ed a v\u011bt\u0161\u00ed pru\u017enost.<\/p><p>Ale jak je to tak b\u00fdv\u00e1, v\u0161e je ot\u00e1zkou osobn\u00edho n\u00e1zoru a pocitu a shody se nedo\u010dkali ani za 150 let, co tato diskuse trv\u00e1. Titanov\u00e9 hroty se z hlediska vlastnost\u00ed i ceny pohybuj\u00ed mezi ocel\u00ed a zlatem.<\/p>\t\t\t\t\t\t\t\t<\/div>\n\t\t\t\t<\/div>\n\t\t\t\t\t<\/div>\n\t\t<\/div>\n\t\t\t\t<div class=\"elementor-column elementor-col-33 elementor-top-column elementor-element elementor-element-05924c9\" data-id=\"05924c9\" data-element_type=\"column\" data-e-type=\"column\">\n\t\t\t<div class=\"elementor-widget-wrap elementor-element-populated\">\n\t\t\t\t\t\t<div class=\"elementor-element elementor-element-efef259 elementor-widget elementor-widget-heading\" data-id=\"efef259\" data-element_type=\"widget\" data-e-type=\"widget\" data-widget_type=\"heading.default\">\n\t\t\t\t<div class=\"elementor-widget-container\">\n\t\t\t\t\t<h2 class=\"elementor-heading-title elementor-size-default\">Stopa<\/h2>\t\t\t\t<\/div>\n\t\t\t\t<\/div>\n\t\t\t\t<div class=\"elementor-element elementor-element-3f6d6f2 elementor-widget elementor-widget-image\" data-id=\"3f6d6f2\" data-element_type=\"widget\" data-e-type=\"widget\" data-widget_type=\"image.default\">\n\t\t\t\t<div class=\"elementor-widget-container\">\n\t\t\t\t\t\t\t\t\t\t\t\t\t\t\t<img decoding=\"async\" width=\"650\" height=\"357\" src=\"https:\/\/kayuwriting.com\/wp-content\/uploads\/icons\/jak-vybrat-stopu.webp\" class=\"attachment-large size-large wp-image-3336\" alt=\"\" srcset=\"https:\/\/kayuwriting.com\/wp-content\/uploads\/icons\/jak-vybrat-stopu.webp 650w, https:\/\/kayuwriting.com\/wp-content\/uploads\/icons\/jak-vybrat-stopu-640x352.webp 640w, https:\/\/kayuwriting.com\/wp-content\/uploads\/icons\/jak-vybrat-stopu-300x165.webp 300w\" sizes=\"(max-width: 650px) 100vw, 650px\" \/>\t\t\t\t\t\t\t\t\t\t\t\t\t\t\t<\/div>\n\t\t\t\t<\/div>\n\t\t\t\t<div class=\"elementor-element elementor-element-63ea1fb elementor-widget elementor-widget-text-editor\" data-id=\"63ea1fb\" data-element_type=\"widget\" data-e-type=\"widget\" data-widget_type=\"text-editor.default\">\n\t\t\t\t<div class=\"elementor-widget-container\">\n\t\t\t\t\t\t\t\t\t<p style=\"text-align: left;\">Z\u00e1kladn\u00ed tlou\u0161\u0165ky stopy se u plnic\u00edch per zna\u010d\u00ed p\u00edsmeny:<\/p>\n<p style=\"text-align: left;\"><strong>EF<\/strong> (extrafine) &#8211; extra tenk\u00fd<br><strong>F<\/strong> (fine) &#8211; tenk\u00fd<br><strong>M<\/strong> (medium) &#8211; st\u0159edn\u00ed<br><strong>B<\/strong> (broad) &#8211; \u0161irok\u00fd<\/p>\n<p style=\"text-align: left;\">Extra tenk\u00e9 hroty m\u00edvaj\u00ed tlou\u0161\u0165ku okolo 0,4 mm, tenk\u00e9 0,5 mm, st\u0159edn\u00ed 0,6 mm a \u0161irok\u00e9 0,7 mm, Ov\u0161em op\u011bt, ka\u017ed\u00fd v\u00fdrobce m\u00e1 sv\u016fj speci\u00e1ln\u00ed recept a nelze to m\u011b\u0159it exaktn\u011b. Velmi tak\u00e9 z\u00e1le\u017e\u00ed na rychlosti rukopisu, savosti pap\u00edru a dal\u0161\u00edch detailech.&nbsp;<\/p>\n<p style=\"text-align: left;\"><strong>Obecn\u011b v\u0161ak doporu\u010duji n\u00e1sleduj\u00edc\u00ed tip:<\/strong><\/p>\n<p style=\"text-align: left;\"><em>\u010c\u00edm rychleji a\/nebo rozm\u00e1chleji p\u00ed\u0161ete, t\u00edm \u0161ir\u0161\u00ed hrot vyb\u00edrejte.<br><\/em><br><em>\u010c\u00edm je va\u0161e p\u00edsmo drobn\u011bj\u0161\u00ed a\/nebo rychlost psan\u00ed men\u0161\u00ed, t\u00edm l\u00e9pe ocen\u00edte tenk\u00e9 hroty.<\/em><\/p>\t\t\t\t\t\t\t\t<\/div>\n\t\t\t\t<\/div>\n\t\t\t\t\t<\/div>\n\t\t<\/div>\n\t\t\t\t<div class=\"elementor-column elementor-col-33 elementor-top-column elementor-element elementor-element-1b077e8\" data-id=\"1b077e8\" data-element_type=\"column\" data-e-type=\"column\">\n\t\t\t<div class=\"elementor-widget-wrap elementor-element-populated\">\n\t\t\t\t\t\t<div class=\"elementor-element elementor-element-ec36b35 elementor-widget elementor-widget-heading\" data-id=\"ec36b35\" data-element_type=\"widget\" data-e-type=\"widget\" data-widget_type=\"heading.default\">\n\t\t\t\t<div class=\"elementor-widget-container\">\n\t\t\t\t\t<h2 class=\"elementor-heading-title elementor-size-default\">Pln\u011bn\u00ed<\/h2>\t\t\t\t<\/div>\n\t\t\t\t<\/div>\n\t\t\t\t<div class=\"elementor-element elementor-element-958e9fa elementor-widget elementor-widget-image\" data-id=\"958e9fa\" data-element_type=\"widget\" data-e-type=\"widget\" data-widget_type=\"image.default\">\n\t\t\t\t<div class=\"elementor-widget-container\">\n\t\t\t\t\t\t\t\t\t\t\t\t\t\t\t<img decoding=\"async\" width=\"650\" height=\"350\" src=\"https:\/\/kayuwriting.com\/wp-content\/uploads\/icons\/jak-vybrat-plneni.webp\" class=\"attachment-large size-large wp-image-3335\" alt=\"\" srcset=\"https:\/\/kayuwriting.com\/wp-content\/uploads\/icons\/jak-vybrat-plneni.webp 650w, https:\/\/kayuwriting.com\/wp-content\/uploads\/icons\/jak-vybrat-plneni-640x345.webp 640w, https:\/\/kayuwriting.com\/wp-content\/uploads\/icons\/jak-vybrat-plneni-300x162.webp 300w\" sizes=\"(max-width: 650px) 100vw, 650px\" \/>\t\t\t\t\t\t\t\t\t\t\t\t\t\t\t<\/div>\n\t\t\t\t<\/div>\n\t\t\t\t<div class=\"elementor-element elementor-element-590e7d6 elementor-widget elementor-widget-text-editor\" data-id=\"590e7d6\" data-element_type=\"widget\" data-e-type=\"widget\" data-widget_type=\"text-editor.default\">\n\t\t\t\t<div class=\"elementor-widget-container\">\n\t\t\t\t\t\t\t\t\t<p style=\"text-align: left;\">Zp\u016fsob\u016f pln\u011bn\u00ed per existuje cel\u00e1 \u0159ada, v z\u00e1kladu by se dala rozd\u011blit do \u010dty\u0159 skupin:<br \/><br \/><strong>Kap\u00e1tkov\u00e9, bal\u00f3nkov\u00e9, p\u00edstov\u00e9 a n\u00e1pln\u011bmi.<\/strong><br \/><br \/>U per Kayu si m\u016f\u017eete vybrat mezi p\u00edstov\u00fdm pln\u011bn\u00edm a n\u00e1pln\u011bmi (bombi\u010dkami).<br \/><br \/>Ov\u0161em je v tom jeden chyt\u00e1k, p\u00edstov\u00e9 pln\u011bn\u00ed \u0159e\u0161\u00edme pomoc\u00ed takzvan\u00e9ho konvertoru, co\u017e je mechanismus, kter\u00fd je ale z pera vyj\u00edmateln\u00fd. Jeho \u00fast\u00ed je z\u00e1rove\u0148 kompatibiln\u00ed s \u00fast\u00edm bombi\u010dky, a proto je mo\u017en\u00e9 v rozumn\u00e9 m\u00ed\u0159e mezi bombi\u010dkami a konvertorem p\u0159ep\u00ednat.<br \/><br \/>Pln\u011bn\u00ed <strong>konvertorem<\/strong> je stylov\u011bj\u0161\u00ed, zdrav\u011bj\u0161\u00ed pro pero a m\u016f\u017eete si z n\u011bj ud\u011blat kr\u00e1sn\u00fd ritu\u00e1l. Ov\u0161em nen\u00ed tak praktick\u00e9, proto\u017ee u sebe pot\u0159ebujete kalam\u00e1\u0159 a had\u0159\u00edk. <br \/><br \/><strong>Bombi\u010dky<\/strong> jsou velice praktick\u00e9, jednoduch\u00e9 na pou\u017eit\u00ed a do na\u0161ich per se v\u017edy vejde jedna n\u00e1hradn\u00ed, tak\u017ee nikdy nez\u016fstanete nasuchu. Jen je to, jako dnes leccos, takov\u00e9 usp\u011bchan\u00e9 a tro\u0161ku neekologick\u00e9.<\/p>\t\t\t\t\t\t\t\t<\/div>\n\t\t\t\t<\/div>\n\t\t\t\t\t<\/div>\n\t\t<\/div>\n\t\t\t\t\t<\/div>\n\t\t<\/section>\n\t\t\t\t<\/div>\n\t\t","protected":false},"excerpt":{"rendered":"<p>Jak vybrat hrot, stopu a pln\u011bn\u00ed? Hrot Hrot je asi tou nejd\u016fle\u017eit\u011bj\u0161\u00ed sou\u010d\u00e1st\u00ed pera. Je to ten faktor, kter\u00fd p\u0159en\u00e1\u0161\u00ed va\u0161e \u00fasil\u00ed na pap\u00edr. Proto nab\u00edz\u00edme k na\u0161im per\u016fm hroty od kvalitn\u00edch n\u011bmeck\u00fdch v\u00fdrobc\u016f. Schmidt jsou z\u00e1kladn\u00ed hroty, kter\u00e9 uspokoj\u00ed drtivou v\u011bt\u0161inu u\u017eivatel\u016f per. Nicm\u00e9n\u011b pro n\u00e1ro\u010dn\u011bj\u0161\u00ed m\u00e1me v nab\u00eddce i hroty JoWo, kter\u00e9 jsou &hellip;<\/p>\n","protected":false},"author":2,"featured_media":0,"parent":0,"menu_order":3,"comment_status":"closed","ping_status":"closed","template":"","meta":{"footnotes":""},"class_list":["post-3331","page","type-page","status-publish","hentry"],"yoast_head":"<!-- This site is optimized with the Yoast SEO plugin v27.3 - https:\/\/yoast.com\/product\/yoast-seo-wordpress\/ -->\n<title>Zjist\u011bte Jak vybrat hrot, tlou\u0161\u0165ku stopy a pln\u011bn\u00ed pro va\u0161e plnic\u00ed pero - Kayuwriting - It is #InOurHands<\/title>\n<meta name=\"robots\" content=\"index, follow, max-snippet:-1, max-image-preview:large, max-video-preview:-1\" \/>\n<link rel=\"canonical\" href=\"https:\/\/kayuwriting.com\/cs\/jak-vybrat-hrot-stopu-plneni\/\" \/>\n<meta property=\"og:locale\" content=\"cs_CZ\" \/>\n<meta property=\"og:type\" content=\"article\" \/>\n<meta property=\"og:title\" content=\"Zjist\u011bte Jak vybrat hrot, tlou\u0161\u0165ku stopy a pln\u011bn\u00ed pro va\u0161e plnic\u00ed pero - Kayuwriting - It is #InOurHands\" \/>\n<meta property=\"og:description\" content=\"Jak vybrat hrot, stopu a pln\u011bn\u00ed? Hrot Hrot je asi tou nejd\u016fle\u017eit\u011bj\u0161\u00ed sou\u010d\u00e1st\u00ed pera. Je to ten faktor, kter\u00fd p\u0159en\u00e1\u0161\u00ed va\u0161e \u00fasil\u00ed na pap\u00edr. Proto nab\u00edz\u00edme k na\u0161im per\u016fm hroty od kvalitn\u00edch n\u011bmeck\u00fdch v\u00fdrobc\u016f. Schmidt jsou z\u00e1kladn\u00ed hroty, kter\u00e9 uspokoj\u00ed drtivou v\u011bt\u0161inu u\u017eivatel\u016f per. Nicm\u00e9n\u011b pro n\u00e1ro\u010dn\u011bj\u0161\u00ed m\u00e1me v nab\u00eddce i hroty JoWo, kter\u00e9 jsou &hellip;\" \/>\n<meta property=\"og:url\" content=\"https:\/\/kayuwriting.com\/cs\/jak-vybrat-hrot-stopu-plneni\/\" \/>\n<meta property=\"og:site_name\" content=\"Kayuwriting - It is #InOurHands\" \/>\n<meta property=\"article:modified_time\" content=\"2023-11-09T09:35:51+00:00\" \/>\n<meta property=\"og:image\" content=\"https:\/\/kayuwriting.com\/wp-content\/uploads\/icons\/jak-vybrat-hrot.webp\" \/>\n<meta name=\"twitter:card\" content=\"summary_large_image\" \/>\n<meta name=\"twitter:label1\" content=\"Odhadovan\u00e1 doba \u010dten\u00ed\" \/>\n\t<meta name=\"twitter:data1\" content=\"3 minuty\" \/>\n<script type=\"application\/ld+json\" class=\"yoast-schema-graph\">{\"@context\":\"https:\\\/\\\/schema.org\",\"@graph\":[{\"@type\":\"WebPage\",\"@id\":\"https:\\\/\\\/kayuwriting.com\\\/cs\\\/jak-vybrat-hrot-stopu-plneni\\\/\",\"url\":\"https:\\\/\\\/kayuwriting.com\\\/cs\\\/jak-vybrat-hrot-stopu-plneni\\\/\",\"name\":\"Zjist\u011bte Jak vybrat hrot, tlou\u0161\u0165ku stopy a pln\u011bn\u00ed pro va\u0161e plnic\u00ed pero - Kayuwriting - It is #InOurHands\",\"isPartOf\":{\"@id\":\"https:\\\/\\\/kayuwriting.com\\\/cs\\\/#website\"},\"primaryImageOfPage\":{\"@id\":\"https:\\\/\\\/kayuwriting.com\\\/cs\\\/jak-vybrat-hrot-stopu-plneni\\\/#primaryimage\"},\"image\":{\"@id\":\"https:\\\/\\\/kayuwriting.com\\\/cs\\\/jak-vybrat-hrot-stopu-plneni\\\/#primaryimage\"},\"thumbnailUrl\":\"https:\\\/\\\/kayuwriting.com\\\/wp-content\\\/uploads\\\/icons\\\/jak-vybrat-hrot.webp\",\"datePublished\":\"2023-08-11T11:43:24+00:00\",\"dateModified\":\"2023-11-09T09:35:51+00:00\",\"inLanguage\":\"cs\",\"potentialAction\":[{\"@type\":\"ReadAction\",\"target\":[\"https:\\\/\\\/kayuwriting.com\\\/cs\\\/jak-vybrat-hrot-stopu-plneni\\\/\"]}]},{\"@type\":\"ImageObject\",\"inLanguage\":\"cs\",\"@id\":\"https:\\\/\\\/kayuwriting.com\\\/cs\\\/jak-vybrat-hrot-stopu-plneni\\\/#primaryimage\",\"url\":\"https:\\\/\\\/kayuwriting.com\\\/wp-content\\\/uploads\\\/icons\\\/jak-vybrat-hrot.webp\",\"contentUrl\":\"https:\\\/\\\/kayuwriting.com\\\/wp-content\\\/uploads\\\/icons\\\/jak-vybrat-hrot.webp\"},{\"@type\":\"WebSite\",\"@id\":\"https:\\\/\\\/kayuwriting.com\\\/cs\\\/#website\",\"url\":\"https:\\\/\\\/kayuwriting.com\\\/cs\\\/\",\"name\":\"Kayuwriting - It is #InOurHands\",\"description\":\"\",\"publisher\":{\"@id\":\"https:\\\/\\\/kayuwriting.com\\\/cs\\\/#organization\"},\"potentialAction\":[{\"@type\":\"SearchAction\",\"target\":{\"@type\":\"EntryPoint\",\"urlTemplate\":\"https:\\\/\\\/kayuwriting.com\\\/cs\\\/?s={search_term_string}\"},\"query-input\":{\"@type\":\"PropertyValueSpecification\",\"valueRequired\":true,\"valueName\":\"search_term_string\"}}],\"inLanguage\":\"cs\"},{\"@type\":\"Organization\",\"@id\":\"https:\\\/\\\/kayuwriting.com\\\/cs\\\/#organization\",\"name\":\"Kayuwriting - It is #InOurHands\",\"url\":\"https:\\\/\\\/kayuwriting.com\\\/cs\\\/\",\"logo\":{\"@type\":\"ImageObject\",\"inLanguage\":\"cs\",\"@id\":\"https:\\\/\\\/kayuwriting.com\\\/cs\\\/#\\\/schema\\\/logo\\\/image\\\/\",\"url\":\"https:\\\/\\\/kayuwriting.com\\\/wp-content\\\/uploads\\\/2023\\\/10\\\/KAYU-logo-2023.png\",\"contentUrl\":\"https:\\\/\\\/kayuwriting.com\\\/wp-content\\\/uploads\\\/2023\\\/10\\\/KAYU-logo-2023.png\",\"width\":386,\"height\":117,\"caption\":\"Kayuwriting - It is #InOurHands\"},\"image\":{\"@id\":\"https:\\\/\\\/kayuwriting.com\\\/cs\\\/#\\\/schema\\\/logo\\\/image\\\/\"}}]}<\/script>\n<!-- \/ Yoast SEO plugin. -->","yoast_head_json":{"title":"Zjist\u011bte Jak vybrat hrot, tlou\u0161\u0165ku stopy a pln\u011bn\u00ed pro va\u0161e plnic\u00ed pero - Kayuwriting - It is #InOurHands","robots":{"index":"index","follow":"follow","max-snippet":"max-snippet:-1","max-image-preview":"max-image-preview:large","max-video-preview":"max-video-preview:-1"},"canonical":"https:\/\/kayuwriting.com\/cs\/jak-vybrat-hrot-stopu-plneni\/","og_locale":"cs_CZ","og_type":"article","og_title":"Zjist\u011bte Jak vybrat hrot, tlou\u0161\u0165ku stopy a pln\u011bn\u00ed pro va\u0161e plnic\u00ed pero - Kayuwriting - It is #InOurHands","og_description":"Jak vybrat hrot, stopu a pln\u011bn\u00ed? Hrot Hrot je asi tou nejd\u016fle\u017eit\u011bj\u0161\u00ed sou\u010d\u00e1st\u00ed pera. Je to ten faktor, kter\u00fd p\u0159en\u00e1\u0161\u00ed va\u0161e \u00fasil\u00ed na pap\u00edr. Proto nab\u00edz\u00edme k na\u0161im per\u016fm hroty od kvalitn\u00edch n\u011bmeck\u00fdch v\u00fdrobc\u016f. Schmidt jsou z\u00e1kladn\u00ed hroty, kter\u00e9 uspokoj\u00ed drtivou v\u011bt\u0161inu u\u017eivatel\u016f per. Nicm\u00e9n\u011b pro n\u00e1ro\u010dn\u011bj\u0161\u00ed m\u00e1me v nab\u00eddce i hroty JoWo, kter\u00e9 jsou &hellip;","og_url":"https:\/\/kayuwriting.com\/cs\/jak-vybrat-hrot-stopu-plneni\/","og_site_name":"Kayuwriting - It is #InOurHands","article_modified_time":"2023-11-09T09:35:51+00:00","og_image":[{"url":"https:\/\/kayuwriting.com\/wp-content\/uploads\/icons\/jak-vybrat-hrot.webp","type":"","width":"","height":""}],"twitter_card":"summary_large_image","twitter_misc":{"Odhadovan\u00e1 doba \u010dten\u00ed":"3 minuty"},"schema":{"@context":"https:\/\/schema.org","@graph":[{"@type":"WebPage","@id":"https:\/\/kayuwriting.com\/cs\/jak-vybrat-hrot-stopu-plneni\/","url":"https:\/\/kayuwriting.com\/cs\/jak-vybrat-hrot-stopu-plneni\/","name":"Zjist\u011bte Jak vybrat hrot, tlou\u0161\u0165ku stopy a pln\u011bn\u00ed pro va\u0161e plnic\u00ed pero - Kayuwriting - It is #InOurHands","isPartOf":{"@id":"https:\/\/kayuwriting.com\/cs\/#website"},"primaryImageOfPage":{"@id":"https:\/\/kayuwriting.com\/cs\/jak-vybrat-hrot-stopu-plneni\/#primaryimage"},"image":{"@id":"https:\/\/kayuwriting.com\/cs\/jak-vybrat-hrot-stopu-plneni\/#primaryimage"},"thumbnailUrl":"https:\/\/kayuwriting.com\/wp-content\/uploads\/icons\/jak-vybrat-hrot.webp","datePublished":"2023-08-11T11:43:24+00:00","dateModified":"2023-11-09T09:35:51+00:00","inLanguage":"cs","potentialAction":[{"@type":"ReadAction","target":["https:\/\/kayuwriting.com\/cs\/jak-vybrat-hrot-stopu-plneni\/"]}]},{"@type":"ImageObject","inLanguage":"cs","@id":"https:\/\/kayuwriting.com\/cs\/jak-vybrat-hrot-stopu-plneni\/#primaryimage","url":"https:\/\/kayuwriting.com\/wp-content\/uploads\/icons\/jak-vybrat-hrot.webp","contentUrl":"https:\/\/kayuwriting.com\/wp-content\/uploads\/icons\/jak-vybrat-hrot.webp"},{"@type":"WebSite","@id":"https:\/\/kayuwriting.com\/cs\/#website","url":"https:\/\/kayuwriting.com\/cs\/","name":"Kayuwriting - It is #InOurHands","description":"","publisher":{"@id":"https:\/\/kayuwriting.com\/cs\/#organization"},"potentialAction":[{"@type":"SearchAction","target":{"@type":"EntryPoint","urlTemplate":"https:\/\/kayuwriting.com\/cs\/?s={search_term_string}"},"query-input":{"@type":"PropertyValueSpecification","valueRequired":true,"valueName":"search_term_string"}}],"inLanguage":"cs"},{"@type":"Organization","@id":"https:\/\/kayuwriting.com\/cs\/#organization","name":"Kayuwriting - It is #InOurHands","url":"https:\/\/kayuwriting.com\/cs\/","logo":{"@type":"ImageObject","inLanguage":"cs","@id":"https:\/\/kayuwriting.com\/cs\/#\/schema\/logo\/image\/","url":"https:\/\/kayuwriting.com\/wp-content\/uploads\/2023\/10\/KAYU-logo-2023.png","contentUrl":"https:\/\/kayuwriting.com\/wp-content\/uploads\/2023\/10\/KAYU-logo-2023.png","width":386,"height":117,"caption":"Kayuwriting - It is #InOurHands"},"image":{"@id":"https:\/\/kayuwriting.com\/cs\/#\/schema\/logo\/image\/"}}]}},"_links":{"self":[{"href":"https:\/\/kayuwriting.com\/cs\/wp-json\/wp\/v2\/pages\/3331","targetHints":{"allow":["GET"]}}],"collection":[{"href":"https:\/\/kayuwriting.com\/cs\/wp-json\/wp\/v2\/pages"}],"about":[{"href":"https:\/\/kayuwriting.com\/cs\/wp-json\/wp\/v2\/types\/page"}],"author":[{"embeddable":true,"href":"https:\/\/kayuwriting.com\/cs\/wp-json\/wp\/v2\/users\/2"}],"replies":[{"embeddable":true,"href":"https:\/\/kayuwriting.com\/cs\/wp-json\/wp\/v2\/comments?post=3331"}],"version-history":[{"count":26,"href":"https:\/\/kayuwriting.com\/cs\/wp-json\/wp\/v2\/pages\/3331\/revisions"}],"predecessor-version":[{"id":6782,"href":"https:\/\/kayuwriting.com\/cs\/wp-json\/wp\/v2\/pages\/3331\/revisions\/6782"}],"wp:attachment":[{"href":"https:\/\/kayuwriting.com\/cs\/wp-json\/wp\/v2\/media?parent=3331"}],"curies":[{"name":"wp","href":"https:\/\/api.w.org\/{rel}","templated":true}]}}