{"id":2814,"date":"2023-07-28T11:51:33","date_gmt":"2023-07-28T09:51:33","guid":{"rendered":"https:\/\/kayuwriting.com\/?page_id=2814"},"modified":"2024-01-08T17:54:03","modified_gmt":"2024-01-08T16:54:03","slug":"vice","status":"publish","type":"page","link":"https:\/\/kayuwriting.com\/cs\/vice\/","title":{"rendered":"V\u00edce"},"content":{"rendered":"\t\t<div data-elementor-type=\"wp-page\" data-elementor-id=\"2814\" class=\"elementor elementor-2814\" data-elementor-post-type=\"page\">\n\t\t\t\t\t\t<section class=\"elementor-section elementor-top-section elementor-element elementor-element-2dbf93b elementor-section-boxed elementor-section-height-default elementor-section-height-default\" data-id=\"2dbf93b\" data-element_type=\"section\" data-e-type=\"section\">\n\t\t\t\t\t\t<div class=\"elementor-container elementor-column-gap-default\">\n\t\t\t\t\t<div class=\"elementor-column elementor-col-100 elementor-top-column elementor-element elementor-element-5e68b47\" data-id=\"5e68b47\" data-element_type=\"column\" data-e-type=\"column\">\n\t\t\t<div class=\"elementor-widget-wrap elementor-element-populated\">\n\t\t\t\t\t\t<div class=\"elementor-element elementor-element-8daa333 elementor-widget elementor-widget-heading\" data-id=\"8daa333\" data-element_type=\"widget\" data-e-type=\"widget\" data-widget_type=\"heading.default\">\n\t\t\t\t<div class=\"elementor-widget-container\">\n\t\t\t\t\t<h1 class=\"elementor-heading-title elementor-size-default\">N\u00e1pln\u011b, obaly a dal\u0161\u00ed<\/h1>\t\t\t\t<\/div>\n\t\t\t\t<\/div>\n\t\t\t\t\t<\/div>\n\t\t<\/div>\n\t\t\t\t\t<\/div>\n\t\t<\/section>\n\t\t\t\t<section class=\"elementor-section elementor-top-section elementor-element elementor-element-d933bbf elementor-section-boxed elementor-section-height-default elementor-section-height-default\" data-id=\"d933bbf\" data-element_type=\"section\" data-e-type=\"section\">\n\t\t\t\t\t\t<div class=\"elementor-container elementor-column-gap-default\">\n\t\t\t\t\t<div class=\"elementor-column elementor-col-50 elementor-top-column elementor-element elementor-element-de5fad2\" data-id=\"de5fad2\" data-element_type=\"column\" data-e-type=\"column\">\n\t\t\t<div class=\"elementor-widget-wrap elementor-element-populated\">\n\t\t\t\t\t\t<div class=\"elementor-element elementor-element-4164c5d elementor-widget elementor-widget-image\" data-id=\"4164c5d\" data-element_type=\"widget\" data-e-type=\"widget\" data-widget_type=\"image.default\">\n\t\t\t\t<div class=\"elementor-widget-container\">\n\t\t\t\t\t\t\t\t\t\t\t\t\t\t\t\t<a href=\"\/naplne\">\n\t\t\t\t\t\t\t<img fetchpriority=\"high\" decoding=\"async\" width=\"2000\" height=\"2000\" src=\"https:\/\/kayuwriting.com\/wp-content\/uploads\/2015\/08\/KAYU-teardrop-tyrkysova.png\" class=\"attachment-full size-full wp-image-4766\" alt=\"\" srcset=\"https:\/\/kayuwriting.com\/wp-content\/uploads\/2015\/08\/KAYU-teardrop-tyrkysova.png 2000w, https:\/\/kayuwriting.com\/wp-content\/uploads\/2015\/08\/KAYU-teardrop-tyrkysova-640x640.png 640w, https:\/\/kayuwriting.com\/wp-content\/uploads\/2015\/08\/KAYU-teardrop-tyrkysova-100x100.png 100w, https:\/\/kayuwriting.com\/wp-content\/uploads\/2015\/08\/KAYU-teardrop-tyrkysova-680x680.png 680w, https:\/\/kayuwriting.com\/wp-content\/uploads\/2015\/08\/KAYU-teardrop-tyrkysova-300x300.png 300w, https:\/\/kayuwriting.com\/wp-content\/uploads\/2015\/08\/KAYU-teardrop-tyrkysova-1024x1024.png 1024w, https:\/\/kayuwriting.com\/wp-content\/uploads\/2015\/08\/KAYU-teardrop-tyrkysova-150x150.png 150w, https:\/\/kayuwriting.com\/wp-content\/uploads\/2015\/08\/KAYU-teardrop-tyrkysova-768x768.png 768w, https:\/\/kayuwriting.com\/wp-content\/uploads\/2015\/08\/KAYU-teardrop-tyrkysova-1536x1536.png 1536w\" sizes=\"(max-width: 2000px) 100vw, 2000px\" \/>\t\t\t\t\t\t\t\t<\/a>\n\t\t\t\t\t\t\t\t\t\t\t\t\t\t\t<\/div>\n\t\t\t\t<\/div>\n\t\t\t\t<div class=\"elementor-element elementor-element-810f0c2 elementor-widget elementor-widget-heading\" data-id=\"810f0c2\" data-element_type=\"widget\" data-e-type=\"widget\" data-widget_type=\"heading.default\">\n\t\t\t\t<div class=\"elementor-widget-container\">\n\t\t\t\t\t<h4 class=\"elementor-heading-title elementor-size-default\"><a href=\"\/naplne\">N\u00e1pln\u011b<\/a><\/h4>\t\t\t\t<\/div>\n\t\t\t\t<\/div>\n\t\t\t\t\t<\/div>\n\t\t<\/div>\n\t\t\t\t<div class=\"elementor-column elementor-col-50 elementor-top-column elementor-element elementor-element-6becea6\" data-id=\"6becea6\" data-element_type=\"column\" data-e-type=\"column\">\n\t\t\t<div class=\"elementor-widget-wrap elementor-element-populated\">\n\t\t\t\t\t\t<div class=\"elementor-element elementor-element-2b99e1d elementor-widget elementor-widget-image\" data-id=\"2b99e1d\" data-element_type=\"widget\" data-e-type=\"widget\" data-widget_type=\"image.default\">\n\t\t\t\t<div class=\"elementor-widget-container\">\n\t\t\t\t\t\t\t\t\t\t\t\t\t\t\t\t<a href=\"\/obaly\">\n\t\t\t\t\t\t\t<img decoding=\"async\" width=\"1920\" height=\"1920\" src=\"https:\/\/kayuwriting.com\/wp-content\/uploads\/cases\/obal-sedy-prirodni-2.webp\" class=\"attachment-full size-full wp-image-3260\" alt=\"\" srcset=\"https:\/\/kayuwriting.com\/wp-content\/uploads\/cases\/obal-sedy-prirodni-2.webp 1920w, https:\/\/kayuwriting.com\/wp-content\/uploads\/cases\/obal-sedy-prirodni-2-640x640.webp 640w, https:\/\/kayuwriting.com\/wp-content\/uploads\/cases\/obal-sedy-prirodni-2-100x100.webp 100w, https:\/\/kayuwriting.com\/wp-content\/uploads\/cases\/obal-sedy-prirodni-2-680x680.webp 680w, https:\/\/kayuwriting.com\/wp-content\/uploads\/cases\/obal-sedy-prirodni-2-300x300.webp 300w, https:\/\/kayuwriting.com\/wp-content\/uploads\/cases\/obal-sedy-prirodni-2-1024x1024.webp 1024w, https:\/\/kayuwriting.com\/wp-content\/uploads\/cases\/obal-sedy-prirodni-2-150x150.webp 150w, https:\/\/kayuwriting.com\/wp-content\/uploads\/cases\/obal-sedy-prirodni-2-768x768.webp 768w, https:\/\/kayuwriting.com\/wp-content\/uploads\/cases\/obal-sedy-prirodni-2-1536x1536.webp 1536w\" sizes=\"(max-width: 1920px) 100vw, 1920px\" \/>\t\t\t\t\t\t\t\t<\/a>\n\t\t\t\t\t\t\t\t\t\t\t\t\t\t\t<\/div>\n\t\t\t\t<\/div>\n\t\t\t\t<div class=\"elementor-element elementor-element-4d38803 elementor-widget elementor-widget-heading\" data-id=\"4d38803\" data-element_type=\"widget\" data-e-type=\"widget\" data-widget_type=\"heading.default\">\n\t\t\t\t<div class=\"elementor-widget-container\">\n\t\t\t\t\t<h4 class=\"elementor-heading-title elementor-size-default\"><a href=\"\/obaly\">Obaly<\/a><\/h4>\t\t\t\t<\/div>\n\t\t\t\t<\/div>\n\t\t\t\t\t<\/div>\n\t\t<\/div>\n\t\t\t\t\t<\/div>\n\t\t<\/section>\n\t\t\t\t<section class=\"elementor-section elementor-top-section elementor-element elementor-element-e910259 elementor-section-boxed elementor-section-height-default elementor-section-height-default\" data-id=\"e910259\" data-element_type=\"section\" data-e-type=\"section\">\n\t\t\t\t\t\t<div class=\"elementor-container elementor-column-gap-default\">\n\t\t\t\t\t<div class=\"elementor-column elementor-col-100 elementor-top-column elementor-element elementor-element-377d822\" data-id=\"377d822\" data-element_type=\"column\" data-e-type=\"column\">\n\t\t\t<div class=\"elementor-widget-wrap elementor-element-populated\">\n\t\t\t\t\t\t<div class=\"elementor-element elementor-element-0fc27c1 elementor-widget elementor-widget-heading\" data-id=\"0fc27c1\" data-element_type=\"widget\" data-e-type=\"widget\" data-widget_type=\"heading.default\">\n\t\t\t\t<div class=\"elementor-widget-container\">\n\t\t\t\t\t<h2 class=\"elementor-heading-title elementor-size-default\">Slu\u017eby<\/h2>\t\t\t\t<\/div>\n\t\t\t\t<\/div>\n\t\t\t\t\t<\/div>\n\t\t<\/div>\n\t\t\t\t\t<\/div>\n\t\t<\/section>\n\t\t\t\t<section class=\"elementor-section elementor-top-section elementor-element elementor-element-09edae2 elementor-section-boxed elementor-section-height-default elementor-section-height-default\" data-id=\"09edae2\" data-element_type=\"section\" data-e-type=\"section\">\n\t\t\t\t\t\t<div class=\"elementor-container elementor-column-gap-default\">\n\t\t\t\t\t<div class=\"elementor-column elementor-col-33 elementor-top-column elementor-element elementor-element-f3c0628\" data-id=\"f3c0628\" data-element_type=\"column\" data-e-type=\"column\">\n\t\t\t<div class=\"elementor-widget-wrap elementor-element-populated\">\n\t\t\t\t\t\t<div class=\"elementor-element elementor-element-2cad008 elementor-widget elementor-widget-image\" data-id=\"2cad008\" data-element_type=\"widget\" data-e-type=\"widget\" data-widget_type=\"image.default\">\n\t\t\t\t<div class=\"elementor-widget-container\">\n\t\t\t\t\t\t\t\t\t\t\t\t\t\t\t\t<a href=\"\/firemni-pera\">\n\t\t\t\t\t\t\t<img decoding=\"async\" width=\"650\" height=\"650\" src=\"https:\/\/kayuwriting.com\/wp-content\/uploads\/icons\/pro-firmy-5.webp\" class=\"attachment-full size-full wp-image-3262\" alt=\"\" srcset=\"https:\/\/kayuwriting.com\/wp-content\/uploads\/icons\/pro-firmy-5.webp 650w, https:\/\/kayuwriting.com\/wp-content\/uploads\/icons\/pro-firmy-5-640x640.webp 640w, https:\/\/kayuwriting.com\/wp-content\/uploads\/icons\/pro-firmy-5-100x100.webp 100w, https:\/\/kayuwriting.com\/wp-content\/uploads\/icons\/pro-firmy-5-300x300.webp 300w, https:\/\/kayuwriting.com\/wp-content\/uploads\/icons\/pro-firmy-5-150x150.webp 150w\" sizes=\"(max-width: 650px) 100vw, 650px\" \/>\t\t\t\t\t\t\t\t<\/a>\n\t\t\t\t\t\t\t\t\t\t\t\t\t\t\t<\/div>\n\t\t\t\t<\/div>\n\t\t\t\t<div class=\"elementor-element elementor-element-8a9299e elementor-widget elementor-widget-heading\" data-id=\"8a9299e\" data-element_type=\"widget\" data-e-type=\"widget\" data-widget_type=\"heading.default\">\n\t\t\t\t<div class=\"elementor-widget-container\">\n\t\t\t\t\t<h4 class=\"elementor-heading-title elementor-size-default\"><a href=\"\/firemni-pera\">Firemn\u00ed pera<\/a><\/h4>\t\t\t\t<\/div>\n\t\t\t\t<\/div>\n\t\t\t\t\t<\/div>\n\t\t<\/div>\n\t\t\t\t<div class=\"elementor-column elementor-col-33 elementor-top-column elementor-element elementor-element-4d95210\" data-id=\"4d95210\" data-element_type=\"column\" data-e-type=\"column\">\n\t\t\t<div class=\"elementor-widget-wrap elementor-element-populated\">\n\t\t\t\t\t\t<div class=\"elementor-element elementor-element-e96c9e9 elementor-widget elementor-widget-image\" data-id=\"e96c9e9\" data-element_type=\"widget\" data-e-type=\"widget\" data-widget_type=\"image.default\">\n\t\t\t\t<div class=\"elementor-widget-container\">\n\t\t\t\t\t\t\t\t\t\t\t\t\t\t\t\t<a href=\"\/velkoobchod\">\n\t\t\t\t\t\t\t<img loading=\"lazy\" decoding=\"async\" width=\"650\" height=\"650\" src=\"https:\/\/kayuwriting.com\/wp-content\/uploads\/icons\/pojdme-se-propojit.webp\" class=\"attachment-full size-full wp-image-3261\" alt=\"\" srcset=\"https:\/\/kayuwriting.com\/wp-content\/uploads\/icons\/pojdme-se-propojit.webp 650w, https:\/\/kayuwriting.com\/wp-content\/uploads\/icons\/pojdme-se-propojit-640x640.webp 640w, https:\/\/kayuwriting.com\/wp-content\/uploads\/icons\/pojdme-se-propojit-100x100.webp 100w, https:\/\/kayuwriting.com\/wp-content\/uploads\/icons\/pojdme-se-propojit-300x300.webp 300w, https:\/\/kayuwriting.com\/wp-content\/uploads\/icons\/pojdme-se-propojit-150x150.webp 150w\" sizes=\"(max-width: 650px) 100vw, 650px\" \/>\t\t\t\t\t\t\t\t<\/a>\n\t\t\t\t\t\t\t\t\t\t\t\t\t\t\t<\/div>\n\t\t\t\t<\/div>\n\t\t\t\t<div class=\"elementor-element elementor-element-1ca5906 elementor-widget elementor-widget-heading\" data-id=\"1ca5906\" data-element_type=\"widget\" data-e-type=\"widget\" data-widget_type=\"heading.default\">\n\t\t\t\t<div class=\"elementor-widget-container\">\n\t\t\t\t\t<h4 class=\"elementor-heading-title elementor-size-default\"><a href=\"\/velkoobchod\">Obchodn\u00ed spolupr\u00e1ce<\/a><\/h4>\t\t\t\t<\/div>\n\t\t\t\t<\/div>\n\t\t\t\t\t<\/div>\n\t\t<\/div>\n\t\t\t\t<div class=\"elementor-column elementor-col-33 elementor-top-column elementor-element elementor-element-8d91845\" data-id=\"8d91845\" data-element_type=\"column\" data-e-type=\"column\">\n\t\t\t<div class=\"elementor-widget-wrap elementor-element-populated\">\n\t\t\t\t\t\t<div class=\"elementor-element elementor-element-d523e87 elementor-widget elementor-widget-image\" data-id=\"d523e87\" data-element_type=\"widget\" data-e-type=\"widget\" data-widget_type=\"image.default\">\n\t\t\t\t<div class=\"elementor-widget-container\">\n\t\t\t\t\t\t\t\t\t\t\t\t\t\t\t\t<a href=\"\/design-a-invence\">\n\t\t\t\t\t\t\t<img loading=\"lazy\" decoding=\"async\" width=\"650\" height=\"650\" src=\"https:\/\/kayuwriting.com\/wp-content\/uploads\/icons\/design-4.webp\" class=\"attachment-full size-full wp-image-3259\" alt=\"\" srcset=\"https:\/\/kayuwriting.com\/wp-content\/uploads\/icons\/design-4.webp 650w, https:\/\/kayuwriting.com\/wp-content\/uploads\/icons\/design-4-640x640.webp 640w, https:\/\/kayuwriting.com\/wp-content\/uploads\/icons\/design-4-100x100.webp 100w, https:\/\/kayuwriting.com\/wp-content\/uploads\/icons\/design-4-300x300.webp 300w, https:\/\/kayuwriting.com\/wp-content\/uploads\/icons\/design-4-150x150.webp 150w\" sizes=\"(max-width: 650px) 100vw, 650px\" \/>\t\t\t\t\t\t\t\t<\/a>\n\t\t\t\t\t\t\t\t\t\t\t\t\t\t\t<\/div>\n\t\t\t\t<\/div>\n\t\t\t\t<div class=\"elementor-element elementor-element-8194f46 elementor-widget elementor-widget-heading\" data-id=\"8194f46\" data-element_type=\"widget\" data-e-type=\"widget\" data-widget_type=\"heading.default\">\n\t\t\t\t<div class=\"elementor-widget-container\">\n\t\t\t\t\t<h4 class=\"elementor-heading-title elementor-size-default\"><a href=\"\/design-a-invence\">Design a invence<\/a><\/h4>\t\t\t\t<\/div>\n\t\t\t\t<\/div>\n\t\t\t\t\t<\/div>\n\t\t<\/div>\n\t\t\t\t\t<\/div>\n\t\t<\/section>\n\t\t\t\t<\/div>\n\t\t","protected":false},"excerpt":{"rendered":"<p>N\u00e1pln\u011b, obaly a dal\u0161\u00ed N\u00e1pln\u011b Obaly Slu\u017eby Firemn\u00ed pera Obchodn\u00ed spolupr\u00e1ce Design a invence<\/p>\n","protected":false},"author":2,"featured_media":0,"parent":0,"menu_order":3,"comment_status":"closed","ping_status":"closed","template":"","meta":{"footnotes":""},"class_list":["post-2814","page","type-page","status-publish","hentry"],"yoast_head":"<!-- This site is optimized with the Yoast SEO plugin v27.3 - https:\/\/yoast.com\/product\/yoast-seo-wordpress\/ -->\n<title>V\u00edce - Kayuwriting - It is #InOurHands<\/title>\n<meta name=\"robots\" content=\"index, follow, max-snippet:-1, max-image-preview:large, max-video-preview:-1\" \/>\n<link rel=\"canonical\" href=\"https:\/\/kayuwriting.com\/cs\/vice\/\" \/>\n<meta property=\"og:locale\" content=\"cs_CZ\" \/>\n<meta property=\"og:type\" content=\"article\" \/>\n<meta property=\"og:title\" content=\"V\u00edce - Kayuwriting - It is #InOurHands\" \/>\n<meta property=\"og:description\" content=\"N\u00e1pln\u011b, obaly a dal\u0161\u00ed N\u00e1pln\u011b Obaly Slu\u017eby Firemn\u00ed pera Obchodn\u00ed spolupr\u00e1ce Design a invence\" \/>\n<meta property=\"og:url\" content=\"https:\/\/kayuwriting.com\/cs\/vice\/\" \/>\n<meta property=\"og:site_name\" content=\"Kayuwriting - It is #InOurHands\" \/>\n<meta property=\"article:modified_time\" content=\"2024-01-08T16:54:03+00:00\" \/>\n<meta property=\"og:image\" content=\"https:\/\/kayuwriting.com\/wp-content\/uploads\/2015\/08\/KAYU-teardrop-tyrkysova.png\" \/>\n<meta name=\"twitter:card\" content=\"summary_large_image\" \/>\n<meta name=\"twitter:label1\" content=\"Odhadovan\u00e1 doba \u010dten\u00ed\" \/>\n\t<meta name=\"twitter:data1\" content=\"2 minuty\" \/>\n<script type=\"application\/ld+json\" class=\"yoast-schema-graph\">{\"@context\":\"https:\\\/\\\/schema.org\",\"@graph\":[{\"@type\":\"WebPage\",\"@id\":\"https:\\\/\\\/kayuwriting.com\\\/cs\\\/vice\\\/\",\"url\":\"https:\\\/\\\/kayuwriting.com\\\/cs\\\/vice\\\/\",\"name\":\"V\u00edce - Kayuwriting - It is #InOurHands\",\"isPartOf\":{\"@id\":\"https:\\\/\\\/kayuwriting.com\\\/cs\\\/#website\"},\"primaryImageOfPage\":{\"@id\":\"https:\\\/\\\/kayuwriting.com\\\/cs\\\/vice\\\/#primaryimage\"},\"image\":{\"@id\":\"https:\\\/\\\/kayuwriting.com\\\/cs\\\/vice\\\/#primaryimage\"},\"thumbnailUrl\":\"https:\\\/\\\/kayuwriting.com\\\/wp-content\\\/uploads\\\/2015\\\/08\\\/KAYU-teardrop-tyrkysova.png\",\"datePublished\":\"2023-07-28T09:51:33+00:00\",\"dateModified\":\"2024-01-08T16:54:03+00:00\",\"inLanguage\":\"cs\",\"potentialAction\":[{\"@type\":\"ReadAction\",\"target\":[\"https:\\\/\\\/kayuwriting.com\\\/cs\\\/vice\\\/\"]}]},{\"@type\":\"ImageObject\",\"inLanguage\":\"cs\",\"@id\":\"https:\\\/\\\/kayuwriting.com\\\/cs\\\/vice\\\/#primaryimage\",\"url\":\"https:\\\/\\\/kayuwriting.com\\\/wp-content\\\/uploads\\\/2015\\\/08\\\/KAYU-teardrop-tyrkysova.png\",\"contentUrl\":\"https:\\\/\\\/kayuwriting.com\\\/wp-content\\\/uploads\\\/2015\\\/08\\\/KAYU-teardrop-tyrkysova.png\"},{\"@type\":\"WebSite\",\"@id\":\"https:\\\/\\\/kayuwriting.com\\\/cs\\\/#website\",\"url\":\"https:\\\/\\\/kayuwriting.com\\\/cs\\\/\",\"name\":\"Kayuwriting - It is #InOurHands\",\"description\":\"\",\"publisher\":{\"@id\":\"https:\\\/\\\/kayuwriting.com\\\/cs\\\/#organization\"},\"potentialAction\":[{\"@type\":\"SearchAction\",\"target\":{\"@type\":\"EntryPoint\",\"urlTemplate\":\"https:\\\/\\\/kayuwriting.com\\\/cs\\\/?s={search_term_string}\"},\"query-input\":{\"@type\":\"PropertyValueSpecification\",\"valueRequired\":true,\"valueName\":\"search_term_string\"}}],\"inLanguage\":\"cs\"},{\"@type\":\"Organization\",\"@id\":\"https:\\\/\\\/kayuwriting.com\\\/cs\\\/#organization\",\"name\":\"Kayuwriting - It is #InOurHands\",\"url\":\"https:\\\/\\\/kayuwriting.com\\\/cs\\\/\",\"logo\":{\"@type\":\"ImageObject\",\"inLanguage\":\"cs\",\"@id\":\"https:\\\/\\\/kayuwriting.com\\\/cs\\\/#\\\/schema\\\/logo\\\/image\\\/\",\"url\":\"https:\\\/\\\/kayuwriting.com\\\/wp-content\\\/uploads\\\/2023\\\/10\\\/KAYU-logo-2023.png\",\"contentUrl\":\"https:\\\/\\\/kayuwriting.com\\\/wp-content\\\/uploads\\\/2023\\\/10\\\/KAYU-logo-2023.png\",\"width\":386,\"height\":117,\"caption\":\"Kayuwriting - It is #InOurHands\"},\"image\":{\"@id\":\"https:\\\/\\\/kayuwriting.com\\\/cs\\\/#\\\/schema\\\/logo\\\/image\\\/\"}}]}<\/script>\n<!-- \/ Yoast SEO plugin. -->","yoast_head_json":{"title":"V\u00edce - Kayuwriting - It is #InOurHands","robots":{"index":"index","follow":"follow","max-snippet":"max-snippet:-1","max-image-preview":"max-image-preview:large","max-video-preview":"max-video-preview:-1"},"canonical":"https:\/\/kayuwriting.com\/cs\/vice\/","og_locale":"cs_CZ","og_type":"article","og_title":"V\u00edce - Kayuwriting - It is #InOurHands","og_description":"N\u00e1pln\u011b, obaly a dal\u0161\u00ed N\u00e1pln\u011b Obaly Slu\u017eby Firemn\u00ed pera Obchodn\u00ed spolupr\u00e1ce Design a invence","og_url":"https:\/\/kayuwriting.com\/cs\/vice\/","og_site_name":"Kayuwriting - It is #InOurHands","article_modified_time":"2024-01-08T16:54:03+00:00","og_image":[{"url":"https:\/\/kayuwriting.com\/wp-content\/uploads\/2015\/08\/KAYU-teardrop-tyrkysova.png","type":"","width":"","height":""}],"twitter_card":"summary_large_image","twitter_misc":{"Odhadovan\u00e1 doba \u010dten\u00ed":"2 minuty"},"schema":{"@context":"https:\/\/schema.org","@graph":[{"@type":"WebPage","@id":"https:\/\/kayuwriting.com\/cs\/vice\/","url":"https:\/\/kayuwriting.com\/cs\/vice\/","name":"V\u00edce - Kayuwriting - It is #InOurHands","isPartOf":{"@id":"https:\/\/kayuwriting.com\/cs\/#website"},"primaryImageOfPage":{"@id":"https:\/\/kayuwriting.com\/cs\/vice\/#primaryimage"},"image":{"@id":"https:\/\/kayuwriting.com\/cs\/vice\/#primaryimage"},"thumbnailUrl":"https:\/\/kayuwriting.com\/wp-content\/uploads\/2015\/08\/KAYU-teardrop-tyrkysova.png","datePublished":"2023-07-28T09:51:33+00:00","dateModified":"2024-01-08T16:54:03+00:00","inLanguage":"cs","potentialAction":[{"@type":"ReadAction","target":["https:\/\/kayuwriting.com\/cs\/vice\/"]}]},{"@type":"ImageObject","inLanguage":"cs","@id":"https:\/\/kayuwriting.com\/cs\/vice\/#primaryimage","url":"https:\/\/kayuwriting.com\/wp-content\/uploads\/2015\/08\/KAYU-teardrop-tyrkysova.png","contentUrl":"https:\/\/kayuwriting.com\/wp-content\/uploads\/2015\/08\/KAYU-teardrop-tyrkysova.png"},{"@type":"WebSite","@id":"https:\/\/kayuwriting.com\/cs\/#website","url":"https:\/\/kayuwriting.com\/cs\/","name":"Kayuwriting - It is #InOurHands","description":"","publisher":{"@id":"https:\/\/kayuwriting.com\/cs\/#organization"},"potentialAction":[{"@type":"SearchAction","target":{"@type":"EntryPoint","urlTemplate":"https:\/\/kayuwriting.com\/cs\/?s={search_term_string}"},"query-input":{"@type":"PropertyValueSpecification","valueRequired":true,"valueName":"search_term_string"}}],"inLanguage":"cs"},{"@type":"Organization","@id":"https:\/\/kayuwriting.com\/cs\/#organization","name":"Kayuwriting - It is #InOurHands","url":"https:\/\/kayuwriting.com\/cs\/","logo":{"@type":"ImageObject","inLanguage":"cs","@id":"https:\/\/kayuwriting.com\/cs\/#\/schema\/logo\/image\/","url":"https:\/\/kayuwriting.com\/wp-content\/uploads\/2023\/10\/KAYU-logo-2023.png","contentUrl":"https:\/\/kayuwriting.com\/wp-content\/uploads\/2023\/10\/KAYU-logo-2023.png","width":386,"height":117,"caption":"Kayuwriting - It is #InOurHands"},"image":{"@id":"https:\/\/kayuwriting.com\/cs\/#\/schema\/logo\/image\/"}}]}},"_links":{"self":[{"href":"https:\/\/kayuwriting.com\/cs\/wp-json\/wp\/v2\/pages\/2814","targetHints":{"allow":["GET"]}}],"collection":[{"href":"https:\/\/kayuwriting.com\/cs\/wp-json\/wp\/v2\/pages"}],"about":[{"href":"https:\/\/kayuwriting.com\/cs\/wp-json\/wp\/v2\/types\/page"}],"author":[{"embeddable":true,"href":"https:\/\/kayuwriting.com\/cs\/wp-json\/wp\/v2\/users\/2"}],"replies":[{"embeddable":true,"href":"https:\/\/kayuwriting.com\/cs\/wp-json\/wp\/v2\/comments?post=2814"}],"version-history":[{"count":22,"href":"https:\/\/kayuwriting.com\/cs\/wp-json\/wp\/v2\/pages\/2814\/revisions"}],"predecessor-version":[{"id":7201,"href":"https:\/\/kayuwriting.com\/cs\/wp-json\/wp\/v2\/pages\/2814\/revisions\/7201"}],"wp:attachment":[{"href":"https:\/\/kayuwriting.com\/cs\/wp-json\/wp\/v2\/media?parent=2814"}],"curies":[{"name":"wp","href":"https:\/\/api.w.org\/{rel}","templated":true}]}}