{"id":2685,"date":"2023-07-20T17:11:49","date_gmt":"2023-07-20T15:11:49","guid":{"rendered":"https:\/\/kayuwriting.com\/?page_id=2685"},"modified":"2024-01-08T18:07:06","modified_gmt":"2024-01-08T17:07:06","slug":"prislusenstvi","status":"publish","type":"page","link":"https:\/\/kayuwriting.com\/cs\/prislusenstvi\/","title":{"rendered":"P\u0159\u00edslu\u0161enstv\u00ed"},"content":{"rendered":"\t\t<div data-elementor-type=\"wp-page\" data-elementor-id=\"2685\" class=\"elementor elementor-2685\" data-elementor-post-type=\"page\">\n\t\t\t\t\t\t<section class=\"elementor-section elementor-top-section elementor-element elementor-element-a6fd464 elementor-section-boxed elementor-section-height-default elementor-section-height-default\" data-id=\"a6fd464\" data-element_type=\"section\" data-e-type=\"section\">\n\t\t\t\t\t\t<div class=\"elementor-container elementor-column-gap-default\">\n\t\t\t\t\t<div class=\"elementor-column elementor-col-100 elementor-top-column elementor-element elementor-element-d97b431\" data-id=\"d97b431\" data-element_type=\"column\" data-e-type=\"column\">\n\t\t\t<div class=\"elementor-widget-wrap elementor-element-populated\">\n\t\t\t\t\t\t<div class=\"elementor-element elementor-element-887d516 elementor-widget elementor-widget-heading\" data-id=\"887d516\" data-element_type=\"widget\" data-e-type=\"widget\" data-widget_type=\"heading.default\">\n\t\t\t\t<div class=\"elementor-widget-container\">\n\t\t\t\t\t<h1 class=\"elementor-heading-title elementor-size-default\">Obaly Anyzo<\/h1>\t\t\t\t<\/div>\n\t\t\t\t<\/div>\n\t\t\t\t\t<\/div>\n\t\t<\/div>\n\t\t\t\t\t<\/div>\n\t\t<\/section>\n\t\t\t\t<section class=\"elementor-section elementor-top-section elementor-element elementor-element-5839901 elementor-section-boxed elementor-section-height-default elementor-section-height-default\" data-id=\"5839901\" data-element_type=\"section\" data-e-type=\"section\">\n\t\t\t\t\t\t<div class=\"elementor-container elementor-column-gap-default\">\n\t\t\t\t\t<div class=\"elementor-column elementor-col-100 elementor-top-column elementor-element elementor-element-ffde615\" data-id=\"ffde615\" data-element_type=\"column\" data-e-type=\"column\">\n\t\t\t<div class=\"elementor-widget-wrap elementor-element-populated\">\n\t\t\t\t\t\t<div class=\"elementor-element elementor-element-e62ef97 elementor-widget elementor-widget-text-editor\" data-id=\"e62ef97\" data-element_type=\"widget\" data-e-type=\"widget\" data-widget_type=\"text-editor.default\">\n\t\t\t\t<div class=\"elementor-widget-container\">\n\t\t\t\t\t\t\t\t\t<p style=\"text-align: center;\">Obaly \u0161ijeme u pan\u00ed Modr\u00e1kov\u00e9 v Lomnici u Ti\u0161nova. Jsou nejen p\u011bkn\u00fdm ale hlavn\u011b praktick\u00fdm dopl\u0148kem ka\u017ed\u00e9ho psac\u00edho n\u00e1stroje. Proto\u017ee nechceme, aby se Kayu v\u00e1lela ve vitr\u00edn\u00e1ch, ale abyste je nosili p\u011bkn\u011b u sebe a psali s nimi, co nejv\u00edce to p\u016fjde. Jsou vyrobeny z r\u016fzn\u00fdch typ\u016f plsti a opat\u0159eny korkov\u00fdm poutkem pro snadn\u011bj\u0161\u00ed otev\u00edr\u00e1n\u00ed.<\/p>\t\t\t\t\t\t\t\t<\/div>\n\t\t\t\t<\/div>\n\t\t\t\t\t<\/div>\n\t\t<\/div>\n\t\t\t\t\t<\/div>\n\t\t<\/section>\n\t\t\t\t<section class=\"elementor-section elementor-top-section elementor-element elementor-element-29783d8 elementor-section-boxed elementor-section-height-default elementor-section-height-default\" data-id=\"29783d8\" data-element_type=\"section\" data-e-type=\"section\">\n\t\t\t\t\t\t<div class=\"elementor-container elementor-column-gap-default\">\n\t\t\t\t\t<div class=\"elementor-column elementor-col-100 elementor-top-column elementor-element elementor-element-22d61c0\" data-id=\"22d61c0\" data-element_type=\"column\" data-e-type=\"column\">\n\t\t\t<div class=\"elementor-widget-wrap elementor-element-populated\">\n\t\t\t\t\t\t<div class=\"elementor-element elementor-element-c443940 elementor-widget elementor-widget-nm-products\" data-id=\"c443940\" data-element_type=\"widget\" data-e-type=\"widget\" data-widget_type=\"nm-products.default\">\n\t\t\t\t<div class=\"elementor-widget-container\">\n\t\t\t\t\t<div class=\"nm-elementor-products-widget\"><div class=\"woocommerce columns-4 \"><\/div><\/div>\t\t\t\t<\/div>\n\t\t\t\t<\/div>\n\t\t\t\t\t<\/div>\n\t\t<\/div>\n\t\t\t\t\t<\/div>\n\t\t<\/section>\n\t\t\t\t<\/div>\n\t\t","protected":false},"excerpt":{"rendered":"<p>Obaly Anyzo Obaly \u0161ijeme u pan\u00ed Modr\u00e1kov\u00e9 v Lomnici u Ti\u0161nova. Jsou nejen p\u011bkn\u00fdm ale hlavn\u011b praktick\u00fdm dopl\u0148kem ka\u017ed\u00e9ho psac\u00edho n\u00e1stroje. Proto\u017ee nechceme, aby se Kayu v\u00e1lela ve vitr\u00edn\u00e1ch, ale abyste je nosili p\u011bkn\u011b u sebe a psali s nimi, co nejv\u00edce to p\u016fjde. Jsou vyrobeny z r\u016fzn\u00fdch typ\u016f plsti a opat\u0159eny korkov\u00fdm poutkem pro &hellip;<\/p>\n","protected":false},"author":2,"featured_media":0,"parent":0,"menu_order":2,"comment_status":"closed","ping_status":"closed","template":"","meta":{"footnotes":""},"class_list":["post-2685","page","type-page","status-publish","hentry"],"yoast_head":"<!-- This site is optimized with the Yoast SEO plugin v27.3 - https:\/\/yoast.com\/product\/yoast-seo-wordpress\/ -->\n<title>P\u0159\u00edslu\u0161enstv\u00ed ru\u010dn\u00ed v\u00fdroby z udr\u017eiteln\u00fdch materi\u00e1l\u016f nejen pro pera Kayu - Kayuwriting - It is #InOurHands<\/title>\n<meta name=\"robots\" content=\"index, follow, max-snippet:-1, max-image-preview:large, max-video-preview:-1\" \/>\n<link rel=\"canonical\" href=\"https:\/\/kayuwriting.com\/cs\/prislusenstvi\/\" \/>\n<meta property=\"og:locale\" content=\"cs_CZ\" \/>\n<meta property=\"og:type\" content=\"article\" \/>\n<meta property=\"og:title\" content=\"P\u0159\u00edslu\u0161enstv\u00ed ru\u010dn\u00ed v\u00fdroby z udr\u017eiteln\u00fdch materi\u00e1l\u016f nejen pro pera Kayu - Kayuwriting - It is #InOurHands\" \/>\n<meta property=\"og:description\" content=\"Obaly Anyzo Obaly \u0161ijeme u pan\u00ed Modr\u00e1kov\u00e9 v Lomnici u Ti\u0161nova. Jsou nejen p\u011bkn\u00fdm ale hlavn\u011b praktick\u00fdm dopl\u0148kem ka\u017ed\u00e9ho psac\u00edho n\u00e1stroje. Proto\u017ee nechceme, aby se Kayu v\u00e1lela ve vitr\u00edn\u00e1ch, ale abyste je nosili p\u011bkn\u011b u sebe a psali s nimi, co nejv\u00edce to p\u016fjde. Jsou vyrobeny z r\u016fzn\u00fdch typ\u016f plsti a opat\u0159eny korkov\u00fdm poutkem pro &hellip;\" \/>\n<meta property=\"og:url\" content=\"https:\/\/kayuwriting.com\/cs\/prislusenstvi\/\" \/>\n<meta property=\"og:site_name\" content=\"Kayuwriting - It is #InOurHands\" \/>\n<meta property=\"article:modified_time\" content=\"2024-01-08T17:07:06+00:00\" \/>\n<meta property=\"og:image\" content=\"https:\/\/kayuwriting.com\/wp-content\/uploads\/temporary\/galerie-1920x1920-Egino2-4-6-350x350.webp\" \/>\n<meta name=\"twitter:card\" content=\"summary_large_image\" \/>\n<meta name=\"twitter:label1\" content=\"Odhadovan\u00e1 doba \u010dten\u00ed\" \/>\n\t<meta name=\"twitter:data1\" content=\"1 minuta\" \/>\n<script type=\"application\/ld+json\" class=\"yoast-schema-graph\">{\"@context\":\"https:\\\/\\\/schema.org\",\"@graph\":[{\"@type\":\"WebPage\",\"@id\":\"https:\\\/\\\/kayuwriting.com\\\/cs\\\/prislusenstvi\\\/\",\"url\":\"https:\\\/\\\/kayuwriting.com\\\/cs\\\/prislusenstvi\\\/\",\"name\":\"P\u0159\u00edslu\u0161enstv\u00ed ru\u010dn\u00ed v\u00fdroby z udr\u017eiteln\u00fdch materi\u00e1l\u016f nejen pro pera Kayu - Kayuwriting - It is #InOurHands\",\"isPartOf\":{\"@id\":\"https:\\\/\\\/kayuwriting.com\\\/cs\\\/#website\"},\"primaryImageOfPage\":{\"@id\":\"https:\\\/\\\/kayuwriting.com\\\/cs\\\/prislusenstvi\\\/#primaryimage\"},\"image\":{\"@id\":\"https:\\\/\\\/kayuwriting.com\\\/cs\\\/prislusenstvi\\\/#primaryimage\"},\"thumbnailUrl\":\"https:\\\/\\\/kayuwriting.com\\\/wp-content\\\/uploads\\\/temporary\\\/galerie-1920x1920-Egino2-4-6-350x350.webp\",\"datePublished\":\"2023-07-20T15:11:49+00:00\",\"dateModified\":\"2024-01-08T17:07:06+00:00\",\"inLanguage\":\"cs\",\"potentialAction\":[{\"@type\":\"ReadAction\",\"target\":[\"https:\\\/\\\/kayuwriting.com\\\/cs\\\/prislusenstvi\\\/\"]}]},{\"@type\":\"ImageObject\",\"inLanguage\":\"cs\",\"@id\":\"https:\\\/\\\/kayuwriting.com\\\/cs\\\/prislusenstvi\\\/#primaryimage\",\"url\":\"https:\\\/\\\/kayuwriting.com\\\/wp-content\\\/uploads\\\/temporary\\\/galerie-1920x1920-Egino2-4-6-350x350.webp\",\"contentUrl\":\"https:\\\/\\\/kayuwriting.com\\\/wp-content\\\/uploads\\\/temporary\\\/galerie-1920x1920-Egino2-4-6-350x350.webp\"},{\"@type\":\"WebSite\",\"@id\":\"https:\\\/\\\/kayuwriting.com\\\/cs\\\/#website\",\"url\":\"https:\\\/\\\/kayuwriting.com\\\/cs\\\/\",\"name\":\"Kayuwriting - It is #InOurHands\",\"description\":\"\",\"publisher\":{\"@id\":\"https:\\\/\\\/kayuwriting.com\\\/cs\\\/#organization\"},\"potentialAction\":[{\"@type\":\"SearchAction\",\"target\":{\"@type\":\"EntryPoint\",\"urlTemplate\":\"https:\\\/\\\/kayuwriting.com\\\/cs\\\/?s={search_term_string}\"},\"query-input\":{\"@type\":\"PropertyValueSpecification\",\"valueRequired\":true,\"valueName\":\"search_term_string\"}}],\"inLanguage\":\"cs\"},{\"@type\":\"Organization\",\"@id\":\"https:\\\/\\\/kayuwriting.com\\\/cs\\\/#organization\",\"name\":\"Kayuwriting - It is #InOurHands\",\"url\":\"https:\\\/\\\/kayuwriting.com\\\/cs\\\/\",\"logo\":{\"@type\":\"ImageObject\",\"inLanguage\":\"cs\",\"@id\":\"https:\\\/\\\/kayuwriting.com\\\/cs\\\/#\\\/schema\\\/logo\\\/image\\\/\",\"url\":\"https:\\\/\\\/kayuwriting.com\\\/wp-content\\\/uploads\\\/2023\\\/10\\\/KAYU-logo-2023.png\",\"contentUrl\":\"https:\\\/\\\/kayuwriting.com\\\/wp-content\\\/uploads\\\/2023\\\/10\\\/KAYU-logo-2023.png\",\"width\":386,\"height\":117,\"caption\":\"Kayuwriting - It is #InOurHands\"},\"image\":{\"@id\":\"https:\\\/\\\/kayuwriting.com\\\/cs\\\/#\\\/schema\\\/logo\\\/image\\\/\"}}]}<\/script>\n<!-- \/ Yoast SEO plugin. -->","yoast_head_json":{"title":"P\u0159\u00edslu\u0161enstv\u00ed ru\u010dn\u00ed v\u00fdroby z udr\u017eiteln\u00fdch materi\u00e1l\u016f nejen pro pera Kayu - Kayuwriting - It is #InOurHands","robots":{"index":"index","follow":"follow","max-snippet":"max-snippet:-1","max-image-preview":"max-image-preview:large","max-video-preview":"max-video-preview:-1"},"canonical":"https:\/\/kayuwriting.com\/cs\/prislusenstvi\/","og_locale":"cs_CZ","og_type":"article","og_title":"P\u0159\u00edslu\u0161enstv\u00ed ru\u010dn\u00ed v\u00fdroby z udr\u017eiteln\u00fdch materi\u00e1l\u016f nejen pro pera Kayu - Kayuwriting - It is #InOurHands","og_description":"Obaly Anyzo Obaly \u0161ijeme u pan\u00ed Modr\u00e1kov\u00e9 v Lomnici u Ti\u0161nova. Jsou nejen p\u011bkn\u00fdm ale hlavn\u011b praktick\u00fdm dopl\u0148kem ka\u017ed\u00e9ho psac\u00edho n\u00e1stroje. Proto\u017ee nechceme, aby se Kayu v\u00e1lela ve vitr\u00edn\u00e1ch, ale abyste je nosili p\u011bkn\u011b u sebe a psali s nimi, co nejv\u00edce to p\u016fjde. Jsou vyrobeny z r\u016fzn\u00fdch typ\u016f plsti a opat\u0159eny korkov\u00fdm poutkem pro &hellip;","og_url":"https:\/\/kayuwriting.com\/cs\/prislusenstvi\/","og_site_name":"Kayuwriting - It is #InOurHands","article_modified_time":"2024-01-08T17:07:06+00:00","og_image":[{"url":"https:\/\/kayuwriting.com\/wp-content\/uploads\/temporary\/galerie-1920x1920-Egino2-4-6-350x350.webp","type":"","width":"","height":""}],"twitter_card":"summary_large_image","twitter_misc":{"Odhadovan\u00e1 doba \u010dten\u00ed":"1 minuta"},"schema":{"@context":"https:\/\/schema.org","@graph":[{"@type":"WebPage","@id":"https:\/\/kayuwriting.com\/cs\/prislusenstvi\/","url":"https:\/\/kayuwriting.com\/cs\/prislusenstvi\/","name":"P\u0159\u00edslu\u0161enstv\u00ed ru\u010dn\u00ed v\u00fdroby z udr\u017eiteln\u00fdch materi\u00e1l\u016f nejen pro pera Kayu - Kayuwriting - It is #InOurHands","isPartOf":{"@id":"https:\/\/kayuwriting.com\/cs\/#website"},"primaryImageOfPage":{"@id":"https:\/\/kayuwriting.com\/cs\/prislusenstvi\/#primaryimage"},"image":{"@id":"https:\/\/kayuwriting.com\/cs\/prislusenstvi\/#primaryimage"},"thumbnailUrl":"https:\/\/kayuwriting.com\/wp-content\/uploads\/temporary\/galerie-1920x1920-Egino2-4-6-350x350.webp","datePublished":"2023-07-20T15:11:49+00:00","dateModified":"2024-01-08T17:07:06+00:00","inLanguage":"cs","potentialAction":[{"@type":"ReadAction","target":["https:\/\/kayuwriting.com\/cs\/prislusenstvi\/"]}]},{"@type":"ImageObject","inLanguage":"cs","@id":"https:\/\/kayuwriting.com\/cs\/prislusenstvi\/#primaryimage","url":"https:\/\/kayuwriting.com\/wp-content\/uploads\/temporary\/galerie-1920x1920-Egino2-4-6-350x350.webp","contentUrl":"https:\/\/kayuwriting.com\/wp-content\/uploads\/temporary\/galerie-1920x1920-Egino2-4-6-350x350.webp"},{"@type":"WebSite","@id":"https:\/\/kayuwriting.com\/cs\/#website","url":"https:\/\/kayuwriting.com\/cs\/","name":"Kayuwriting - It is #InOurHands","description":"","publisher":{"@id":"https:\/\/kayuwriting.com\/cs\/#organization"},"potentialAction":[{"@type":"SearchAction","target":{"@type":"EntryPoint","urlTemplate":"https:\/\/kayuwriting.com\/cs\/?s={search_term_string}"},"query-input":{"@type":"PropertyValueSpecification","valueRequired":true,"valueName":"search_term_string"}}],"inLanguage":"cs"},{"@type":"Organization","@id":"https:\/\/kayuwriting.com\/cs\/#organization","name":"Kayuwriting - It is #InOurHands","url":"https:\/\/kayuwriting.com\/cs\/","logo":{"@type":"ImageObject","inLanguage":"cs","@id":"https:\/\/kayuwriting.com\/cs\/#\/schema\/logo\/image\/","url":"https:\/\/kayuwriting.com\/wp-content\/uploads\/2023\/10\/KAYU-logo-2023.png","contentUrl":"https:\/\/kayuwriting.com\/wp-content\/uploads\/2023\/10\/KAYU-logo-2023.png","width":386,"height":117,"caption":"Kayuwriting - It is #InOurHands"},"image":{"@id":"https:\/\/kayuwriting.com\/cs\/#\/schema\/logo\/image\/"}}]}},"_links":{"self":[{"href":"https:\/\/kayuwriting.com\/cs\/wp-json\/wp\/v2\/pages\/2685","targetHints":{"allow":["GET"]}}],"collection":[{"href":"https:\/\/kayuwriting.com\/cs\/wp-json\/wp\/v2\/pages"}],"about":[{"href":"https:\/\/kayuwriting.com\/cs\/wp-json\/wp\/v2\/types\/page"}],"author":[{"embeddable":true,"href":"https:\/\/kayuwriting.com\/cs\/wp-json\/wp\/v2\/users\/2"}],"replies":[{"embeddable":true,"href":"https:\/\/kayuwriting.com\/cs\/wp-json\/wp\/v2\/comments?post=2685"}],"version-history":[{"count":13,"href":"https:\/\/kayuwriting.com\/cs\/wp-json\/wp\/v2\/pages\/2685\/revisions"}],"predecessor-version":[{"id":7211,"href":"https:\/\/kayuwriting.com\/cs\/wp-json\/wp\/v2\/pages\/2685\/revisions\/7211"}],"wp:attachment":[{"href":"https:\/\/kayuwriting.com\/cs\/wp-json\/wp\/v2\/media?parent=2685"}],"curies":[{"name":"wp","href":"https:\/\/api.w.org\/{rel}","templated":true}]}}