{"id":2681,"date":"2023-07-20T17:11:21","date_gmt":"2023-07-20T15:11:21","guid":{"rendered":"https:\/\/kayuwriting.com\/?page_id=2681"},"modified":"2023-08-11T13:21:43","modified_gmt":"2023-08-11T11:21:43","slug":"typostery","status":"publish","type":"page","link":"https:\/\/kayuwriting.com\/cs\/typostery\/","title":{"rendered":"Typostery"},"content":{"rendered":"\t\t<div data-elementor-type=\"wp-page\" data-elementor-id=\"2681\" class=\"elementor elementor-2681\" data-elementor-post-type=\"page\">\n\t\t\t\t\t\t<section class=\"elementor-section elementor-top-section elementor-element elementor-element-24bde27 elementor-section-boxed elementor-section-height-default elementor-section-height-default\" data-id=\"24bde27\" data-element_type=\"section\" data-e-type=\"section\">\n\t\t\t\t\t\t<div class=\"elementor-container elementor-column-gap-default\">\n\t\t\t\t\t<div class=\"elementor-column elementor-col-100 elementor-top-column elementor-element elementor-element-026856f\" data-id=\"026856f\" data-element_type=\"column\" data-e-type=\"column\">\n\t\t\t<div class=\"elementor-widget-wrap elementor-element-populated\">\n\t\t\t\t\t\t<div class=\"elementor-element elementor-element-000ca15 elementor-widget elementor-widget-heading\" data-id=\"000ca15\" data-element_type=\"widget\" data-e-type=\"widget\" data-widget_type=\"heading.default\">\n\t\t\t\t<div class=\"elementor-widget-container\">\n\t\t\t\t\t<h1 class=\"elementor-heading-title elementor-size-default\">Typostery<\/h1>\t\t\t\t<\/div>\n\t\t\t\t<\/div>\n\t\t\t\t\t<\/div>\n\t\t<\/div>\n\t\t\t\t\t<\/div>\n\t\t<\/section>\n\t\t\t\t<section class=\"elementor-section elementor-top-section elementor-element elementor-element-fab13c6 elementor-section-boxed elementor-section-height-default elementor-section-height-default\" data-id=\"fab13c6\" data-element_type=\"section\" data-e-type=\"section\">\n\t\t\t\t\t\t<div class=\"elementor-container elementor-column-gap-default\">\n\t\t\t\t\t<div class=\"elementor-column elementor-col-100 elementor-top-column elementor-element elementor-element-757bd84\" data-id=\"757bd84\" data-element_type=\"column\" data-e-type=\"column\">\n\t\t\t<div class=\"elementor-widget-wrap elementor-element-populated\">\n\t\t\t\t\t\t<div class=\"elementor-element elementor-element-f95e946 elementor-widget elementor-widget-text-editor\" data-id=\"f95e946\" data-element_type=\"widget\" data-e-type=\"widget\" data-widget_type=\"text-editor.default\">\n\t\t\t\t<div class=\"elementor-widget-container\">\n\t\t\t\t\t\t\t\t\t<p style=\"text-align: center;\">Co kdyby bylo t\u0159\u00edben\u00ed rukopisu z\u00e1bavn\u00e9? Co kdybyste dok\u00e1zali vytvo\u0159it kr\u00e1sn\u00fd plak\u00e1t? A co kdybyste si u toho v\u0161eho je\u0161t\u011b maxim\u00e1ln\u011b odpo\u010dnuli? S Typostery je tohle v\u0161echno pravda.<\/p>\t\t\t\t\t\t\t\t<\/div>\n\t\t\t\t<\/div>\n\t\t\t\t\t<\/div>\n\t\t<\/div>\n\t\t\t\t\t<\/div>\n\t\t<\/section>\n\t\t\t\t<section class=\"elementor-section elementor-top-section elementor-element elementor-element-085833b elementor-section-boxed elementor-section-height-default elementor-section-height-default\" data-id=\"085833b\" data-element_type=\"section\" data-e-type=\"section\">\n\t\t\t\t\t\t<div class=\"elementor-container elementor-column-gap-default\">\n\t\t\t\t\t<div class=\"elementor-column elementor-col-100 elementor-top-column elementor-element elementor-element-4b81186\" data-id=\"4b81186\" data-element_type=\"column\" data-e-type=\"column\">\n\t\t\t<div class=\"elementor-widget-wrap elementor-element-populated\">\n\t\t\t\t\t\t<div class=\"elementor-element elementor-element-e2454bc elementor-widget elementor-widget-nm-products\" data-id=\"e2454bc\" data-element_type=\"widget\" data-e-type=\"widget\" data-widget_type=\"nm-products.default\">\n\t\t\t\t<div class=\"elementor-widget-container\">\n\t\t\t\t\t<div class=\"nm-elementor-products-widget\"><div class=\"woocommerce columns-4 \"><\/div><\/div>\t\t\t\t<\/div>\n\t\t\t\t<\/div>\n\t\t\t\t\t<\/div>\n\t\t<\/div>\n\t\t\t\t\t<\/div>\n\t\t<\/section>\n\t\t\t\t<\/div>\n\t\t","protected":false},"excerpt":{"rendered":"<p>Typostery Co kdyby bylo t\u0159\u00edben\u00ed rukopisu z\u00e1bavn\u00e9? Co kdybyste dok\u00e1zali vytvo\u0159it kr\u00e1sn\u00fd plak\u00e1t? A co kdybyste si u toho v\u0161eho je\u0161t\u011b maxim\u00e1ln\u011b odpo\u010dnuli? S Typostery je tohle v\u0161echno pravda. Every Night Show 480,00&nbsp;&#75;&#269; Show more<\/p>\n","protected":false},"author":2,"featured_media":0,"parent":0,"menu_order":2,"comment_status":"closed","ping_status":"closed","template":"","meta":{"footnotes":""},"class_list":["post-2681","page","type-page","status-publish","hentry"],"yoast_head":"<!-- This site is optimized with the Yoast SEO plugin v27.3 - https:\/\/yoast.com\/product\/yoast-seo-wordpress\/ -->\n<title>Typostery - Kayuwriting - It is #InOurHands<\/title>\n<meta name=\"robots\" content=\"index, follow, max-snippet:-1, max-image-preview:large, max-video-preview:-1\" \/>\n<link rel=\"canonical\" href=\"https:\/\/kayuwriting.com\/cs\/typostery\/\" \/>\n<meta property=\"og:locale\" content=\"cs_CZ\" \/>\n<meta property=\"og:type\" content=\"article\" \/>\n<meta property=\"og:title\" content=\"Typostery - Kayuwriting - It is #InOurHands\" \/>\n<meta property=\"og:description\" content=\"Typostery Co kdyby bylo t\u0159\u00edben\u00ed rukopisu z\u00e1bavn\u00e9? Co kdybyste dok\u00e1zali vytvo\u0159it kr\u00e1sn\u00fd plak\u00e1t? A co kdybyste si u toho v\u0161eho je\u0161t\u011b maxim\u00e1ln\u011b odpo\u010dnuli? S Typostery je tohle v\u0161echno pravda. Every Night Show 480,00&nbsp;&#075;&#269; Show more\" \/>\n<meta property=\"og:url\" content=\"https:\/\/kayuwriting.com\/cs\/typostery\/\" \/>\n<meta property=\"og:site_name\" content=\"Kayuwriting - It is #InOurHands\" \/>\n<meta property=\"article:modified_time\" content=\"2023-08-11T11:21:43+00:00\" \/>\n<meta property=\"og:image\" content=\"https:\/\/kayuwriting.com\/wp-content\/uploads\/temporary\/galerie-1920x1920-Egino2-3-43-350x350.webp\" \/>\n<meta name=\"twitter:card\" content=\"summary_large_image\" \/>\n<script type=\"application\/ld+json\" class=\"yoast-schema-graph\">{\"@context\":\"https:\\\/\\\/schema.org\",\"@graph\":[{\"@type\":\"WebPage\",\"@id\":\"https:\\\/\\\/kayuwriting.com\\\/cs\\\/typostery\\\/\",\"url\":\"https:\\\/\\\/kayuwriting.com\\\/cs\\\/typostery\\\/\",\"name\":\"Typostery - Kayuwriting - It is #InOurHands\",\"isPartOf\":{\"@id\":\"https:\\\/\\\/kayuwriting.com\\\/cs\\\/#website\"},\"primaryImageOfPage\":{\"@id\":\"https:\\\/\\\/kayuwriting.com\\\/cs\\\/typostery\\\/#primaryimage\"},\"image\":{\"@id\":\"https:\\\/\\\/kayuwriting.com\\\/cs\\\/typostery\\\/#primaryimage\"},\"thumbnailUrl\":\"https:\\\/\\\/kayuwriting.com\\\/wp-content\\\/uploads\\\/temporary\\\/galerie-1920x1920-Egino2-3-43-350x350.webp\",\"datePublished\":\"2023-07-20T15:11:21+00:00\",\"dateModified\":\"2023-08-11T11:21:43+00:00\",\"inLanguage\":\"cs\",\"potentialAction\":[{\"@type\":\"ReadAction\",\"target\":[\"https:\\\/\\\/kayuwriting.com\\\/cs\\\/typostery\\\/\"]}]},{\"@type\":\"ImageObject\",\"inLanguage\":\"cs\",\"@id\":\"https:\\\/\\\/kayuwriting.com\\\/cs\\\/typostery\\\/#primaryimage\",\"url\":\"https:\\\/\\\/kayuwriting.com\\\/wp-content\\\/uploads\\\/temporary\\\/galerie-1920x1920-Egino2-3-43-350x350.webp\",\"contentUrl\":\"https:\\\/\\\/kayuwriting.com\\\/wp-content\\\/uploads\\\/temporary\\\/galerie-1920x1920-Egino2-3-43-350x350.webp\"},{\"@type\":\"WebSite\",\"@id\":\"https:\\\/\\\/kayuwriting.com\\\/cs\\\/#website\",\"url\":\"https:\\\/\\\/kayuwriting.com\\\/cs\\\/\",\"name\":\"Kayuwriting - It is #InOurHands\",\"description\":\"\",\"publisher\":{\"@id\":\"https:\\\/\\\/kayuwriting.com\\\/cs\\\/#organization\"},\"potentialAction\":[{\"@type\":\"SearchAction\",\"target\":{\"@type\":\"EntryPoint\",\"urlTemplate\":\"https:\\\/\\\/kayuwriting.com\\\/cs\\\/?s={search_term_string}\"},\"query-input\":{\"@type\":\"PropertyValueSpecification\",\"valueRequired\":true,\"valueName\":\"search_term_string\"}}],\"inLanguage\":\"cs\"},{\"@type\":\"Organization\",\"@id\":\"https:\\\/\\\/kayuwriting.com\\\/cs\\\/#organization\",\"name\":\"Kayuwriting - It is #InOurHands\",\"url\":\"https:\\\/\\\/kayuwriting.com\\\/cs\\\/\",\"logo\":{\"@type\":\"ImageObject\",\"inLanguage\":\"cs\",\"@id\":\"https:\\\/\\\/kayuwriting.com\\\/cs\\\/#\\\/schema\\\/logo\\\/image\\\/\",\"url\":\"https:\\\/\\\/kayuwriting.com\\\/wp-content\\\/uploads\\\/2023\\\/10\\\/KAYU-logo-2023.png\",\"contentUrl\":\"https:\\\/\\\/kayuwriting.com\\\/wp-content\\\/uploads\\\/2023\\\/10\\\/KAYU-logo-2023.png\",\"width\":386,\"height\":117,\"caption\":\"Kayuwriting - It is #InOurHands\"},\"image\":{\"@id\":\"https:\\\/\\\/kayuwriting.com\\\/cs\\\/#\\\/schema\\\/logo\\\/image\\\/\"}}]}<\/script>\n<!-- \/ Yoast SEO plugin. -->","yoast_head_json":{"title":"Typostery - Kayuwriting - It is #InOurHands","robots":{"index":"index","follow":"follow","max-snippet":"max-snippet:-1","max-image-preview":"max-image-preview:large","max-video-preview":"max-video-preview:-1"},"canonical":"https:\/\/kayuwriting.com\/cs\/typostery\/","og_locale":"cs_CZ","og_type":"article","og_title":"Typostery - Kayuwriting - It is #InOurHands","og_description":"Typostery Co kdyby bylo t\u0159\u00edben\u00ed rukopisu z\u00e1bavn\u00e9? Co kdybyste dok\u00e1zali vytvo\u0159it kr\u00e1sn\u00fd plak\u00e1t? A co kdybyste si u toho v\u0161eho je\u0161t\u011b maxim\u00e1ln\u011b odpo\u010dnuli? S Typostery je tohle v\u0161echno pravda. Every Night Show 480,00&nbsp;&#75;&#269; Show more","og_url":"https:\/\/kayuwriting.com\/cs\/typostery\/","og_site_name":"Kayuwriting - It is #InOurHands","article_modified_time":"2023-08-11T11:21:43+00:00","og_image":[{"url":"https:\/\/kayuwriting.com\/wp-content\/uploads\/temporary\/galerie-1920x1920-Egino2-3-43-350x350.webp","type":"","width":"","height":""}],"twitter_card":"summary_large_image","schema":{"@context":"https:\/\/schema.org","@graph":[{"@type":"WebPage","@id":"https:\/\/kayuwriting.com\/cs\/typostery\/","url":"https:\/\/kayuwriting.com\/cs\/typostery\/","name":"Typostery - Kayuwriting - It is #InOurHands","isPartOf":{"@id":"https:\/\/kayuwriting.com\/cs\/#website"},"primaryImageOfPage":{"@id":"https:\/\/kayuwriting.com\/cs\/typostery\/#primaryimage"},"image":{"@id":"https:\/\/kayuwriting.com\/cs\/typostery\/#primaryimage"},"thumbnailUrl":"https:\/\/kayuwriting.com\/wp-content\/uploads\/temporary\/galerie-1920x1920-Egino2-3-43-350x350.webp","datePublished":"2023-07-20T15:11:21+00:00","dateModified":"2023-08-11T11:21:43+00:00","inLanguage":"cs","potentialAction":[{"@type":"ReadAction","target":["https:\/\/kayuwriting.com\/cs\/typostery\/"]}]},{"@type":"ImageObject","inLanguage":"cs","@id":"https:\/\/kayuwriting.com\/cs\/typostery\/#primaryimage","url":"https:\/\/kayuwriting.com\/wp-content\/uploads\/temporary\/galerie-1920x1920-Egino2-3-43-350x350.webp","contentUrl":"https:\/\/kayuwriting.com\/wp-content\/uploads\/temporary\/galerie-1920x1920-Egino2-3-43-350x350.webp"},{"@type":"WebSite","@id":"https:\/\/kayuwriting.com\/cs\/#website","url":"https:\/\/kayuwriting.com\/cs\/","name":"Kayuwriting - It is #InOurHands","description":"","publisher":{"@id":"https:\/\/kayuwriting.com\/cs\/#organization"},"potentialAction":[{"@type":"SearchAction","target":{"@type":"EntryPoint","urlTemplate":"https:\/\/kayuwriting.com\/cs\/?s={search_term_string}"},"query-input":{"@type":"PropertyValueSpecification","valueRequired":true,"valueName":"search_term_string"}}],"inLanguage":"cs"},{"@type":"Organization","@id":"https:\/\/kayuwriting.com\/cs\/#organization","name":"Kayuwriting - It is #InOurHands","url":"https:\/\/kayuwriting.com\/cs\/","logo":{"@type":"ImageObject","inLanguage":"cs","@id":"https:\/\/kayuwriting.com\/cs\/#\/schema\/logo\/image\/","url":"https:\/\/kayuwriting.com\/wp-content\/uploads\/2023\/10\/KAYU-logo-2023.png","contentUrl":"https:\/\/kayuwriting.com\/wp-content\/uploads\/2023\/10\/KAYU-logo-2023.png","width":386,"height":117,"caption":"Kayuwriting - It is #InOurHands"},"image":{"@id":"https:\/\/kayuwriting.com\/cs\/#\/schema\/logo\/image\/"}}]}},"_links":{"self":[{"href":"https:\/\/kayuwriting.com\/cs\/wp-json\/wp\/v2\/pages\/2681","targetHints":{"allow":["GET"]}}],"collection":[{"href":"https:\/\/kayuwriting.com\/cs\/wp-json\/wp\/v2\/pages"}],"about":[{"href":"https:\/\/kayuwriting.com\/cs\/wp-json\/wp\/v2\/types\/page"}],"author":[{"embeddable":true,"href":"https:\/\/kayuwriting.com\/cs\/wp-json\/wp\/v2\/users\/2"}],"replies":[{"embeddable":true,"href":"https:\/\/kayuwriting.com\/cs\/wp-json\/wp\/v2\/comments?post=2681"}],"version-history":[{"count":10,"href":"https:\/\/kayuwriting.com\/cs\/wp-json\/wp\/v2\/pages\/2681\/revisions"}],"predecessor-version":[{"id":3311,"href":"https:\/\/kayuwriting.com\/cs\/wp-json\/wp\/v2\/pages\/2681\/revisions\/3311"}],"wp:attachment":[{"href":"https:\/\/kayuwriting.com\/cs\/wp-json\/wp\/v2\/media?parent=2681"}],"curies":[{"name":"wp","href":"https:\/\/api.w.org\/{rel}","templated":true}]}}