{"id":2675,"date":"2023-07-20T17:06:10","date_gmt":"2023-07-20T15:06:10","guid":{"rendered":"https:\/\/kayuwriting.com\/?page_id=2675"},"modified":"2023-10-07T16:14:22","modified_gmt":"2023-10-07T14:14:22","slug":"velkoobchod","status":"publish","type":"page","link":"https:\/\/kayuwriting.com\/cs\/velkoobchod\/","title":{"rendered":"Velkoobchodn\u00ed spolupr\u00e1ce s Kayu: Nab\u00eddn\u011bte kayu ve sv\u00e9m obchod\u011b nebo designov\u00e9m showroomu"},"content":{"rendered":"\t\t<div data-elementor-type=\"wp-page\" data-elementor-id=\"2675\" class=\"elementor elementor-2675\" data-elementor-post-type=\"page\">\n\t\t\t\t\t\t<section class=\"elementor-section elementor-top-section elementor-element elementor-element-bb6da33 elementor-section-boxed elementor-section-height-default elementor-section-height-default\" data-id=\"bb6da33\" data-element_type=\"section\" data-e-type=\"section\">\n\t\t\t\t\t\t<div class=\"elementor-container elementor-column-gap-default\">\n\t\t\t\t\t<div class=\"elementor-column elementor-col-100 elementor-top-column elementor-element elementor-element-4088bce\" data-id=\"4088bce\" data-element_type=\"column\" data-e-type=\"column\">\n\t\t\t<div class=\"elementor-widget-wrap elementor-element-populated\">\n\t\t\t\t\t\t<div class=\"elementor-element elementor-element-6e49c10 elementor-widget elementor-widget-heading\" data-id=\"6e49c10\" data-element_type=\"widget\" data-e-type=\"widget\" data-widget_type=\"heading.default\">\n\t\t\t\t<div class=\"elementor-widget-container\">\n\t\t\t\t\t<h1 class=\"elementor-heading-title elementor-size-default\">Obchodn\u00ed spolupr\u00e1ce<\/h1>\t\t\t\t<\/div>\n\t\t\t\t<\/div>\n\t\t\t\t\t<\/div>\n\t\t<\/div>\n\t\t\t\t\t<\/div>\n\t\t<\/section>\n\t\t\t\t<section class=\"elementor-section elementor-top-section elementor-element elementor-element-3b867ab elementor-section-boxed elementor-section-height-default elementor-section-height-default\" data-id=\"3b867ab\" data-element_type=\"section\" data-e-type=\"section\">\n\t\t\t\t\t\t<div class=\"elementor-container elementor-column-gap-default\">\n\t\t\t\t\t<div class=\"elementor-column elementor-col-100 elementor-top-column elementor-element elementor-element-6987a49\" data-id=\"6987a49\" data-element_type=\"column\" data-e-type=\"column\">\n\t\t\t<div class=\"elementor-widget-wrap elementor-element-populated\">\n\t\t\t\t\t\t<div class=\"elementor-element elementor-element-2f60189 elementor-widget elementor-widget-text-editor\" data-id=\"2f60189\" data-element_type=\"widget\" data-e-type=\"widget\" data-widget_type=\"text-editor.default\">\n\t\t\t\t<div class=\"elementor-widget-container\">\n\t\t\t\t\t\t\t\t\t<p style=\"text-align: center;\">M\u00e1te z\u00e1jem prod\u00e1vat na\u0161e produkty u sebe v e-shopu, kamenn\u00e9m obchod\u011b nebo galerii? Nebo V\u00e1s napadla zaj\u00edmav\u00e1 forma propojen\u00ed na\u0161ich obchodn\u00edch aktivit? Velmi r\u00e1di se s V\u00e1mi spoj\u00edme a prodiskutujeme mo\u017enosti. Nev\u00e1hejte se n\u00e1m ozvat.<\/p>\t\t\t\t\t\t\t\t<\/div>\n\t\t\t\t<\/div>\n\t\t\t\t\t<\/div>\n\t\t<\/div>\n\t\t\t\t\t<\/div>\n\t\t<\/section>\n\t\t\t\t<section class=\"elementor-section elementor-top-section elementor-element elementor-element-149cce2 elementor-section-boxed elementor-section-height-default elementor-section-height-default\" data-id=\"149cce2\" data-element_type=\"section\" data-e-type=\"section\">\n\t\t\t\t\t\t<div class=\"elementor-container elementor-column-gap-default\">\n\t\t\t\t\t<div class=\"elementor-column elementor-col-100 elementor-top-column elementor-element elementor-element-b2277da\" data-id=\"b2277da\" data-element_type=\"column\" data-e-type=\"column\">\n\t\t\t<div class=\"elementor-widget-wrap elementor-element-populated\">\n\t\t\t\t\t\t<div class=\"elementor-element elementor-element-c5fa7e7 elementor-widget elementor-widget-nm-button\" data-id=\"c5fa7e7\" data-element_type=\"widget\" data-e-type=\"widget\" data-widget_type=\"nm-button.default\">\n\t\t\t\t<div class=\"elementor-widget-container\">\n\t\t\t\t\t\r\n\t\t\t<div class=\"nm_btn_align_center\">\r\n\t\t\t\t<a href=\"\/kontakt\" class=\"nm_btn nm_btn_lg nm_btn_filled\">\r\n\t\t\t\t\t<span class=\"nm_btn_title\">Ozv\u011bte se n\u00e1m<\/span>\r\n\t\t\t\t\t<span class=\"nm_btn_bg\"><\/span>\r\n\t\t\t\t<\/a>\r\n\t\t\t<\/div>\t\t\t\t<\/div>\n\t\t\t\t<\/div>\n\t\t\t\t\t<\/div>\n\t\t<\/div>\n\t\t\t\t\t<\/div>\n\t\t<\/section>\n\t\t\t\t<\/div>\n\t\t","protected":false},"excerpt":{"rendered":"<p>Obchodn\u00ed spolupr\u00e1ce M\u00e1te z\u00e1jem prod\u00e1vat na\u0161e produkty u sebe v e-shopu, kamenn\u00e9m obchod\u011b nebo galerii? Nebo V\u00e1s napadla zaj\u00edmav\u00e1 forma propojen\u00ed na\u0161ich obchodn\u00edch aktivit? Velmi r\u00e1di se s V\u00e1mi spoj\u00edme a prodiskutujeme mo\u017enosti. Nev\u00e1hejte se n\u00e1m ozvat. Ozv\u011bte se n\u00e1m<\/p>\n","protected":false},"author":2,"featured_media":0,"parent":0,"menu_order":3,"comment_status":"closed","ping_status":"closed","template":"","meta":{"footnotes":""},"class_list":["post-2675","page","type-page","status-publish","hentry"],"yoast_head":"<!-- This site is optimized with the Yoast SEO plugin v27.3 - https:\/\/yoast.com\/product\/yoast-seo-wordpress\/ -->\n<title>Velkoobchodn\u00ed spolupr\u00e1ce s Kayu: Nab\u00eddn\u011bte kayu ve sv\u00e9m obchod\u011b nebo designov\u00e9m showroomu - Kayuwriting - It is #InOurHands<\/title>\n<meta name=\"robots\" content=\"index, follow, max-snippet:-1, max-image-preview:large, max-video-preview:-1\" \/>\n<link rel=\"canonical\" href=\"https:\/\/kayuwriting.com\/cs\/velkoobchod\/\" \/>\n<meta property=\"og:locale\" content=\"cs_CZ\" \/>\n<meta property=\"og:type\" content=\"article\" \/>\n<meta property=\"og:title\" content=\"Velkoobchodn\u00ed spolupr\u00e1ce s Kayu: Nab\u00eddn\u011bte kayu ve sv\u00e9m obchod\u011b nebo designov\u00e9m showroomu - Kayuwriting - It is #InOurHands\" \/>\n<meta property=\"og:description\" content=\"Obchodn\u00ed spolupr\u00e1ce M\u00e1te z\u00e1jem prod\u00e1vat na\u0161e produkty u sebe v e-shopu, kamenn\u00e9m obchod\u011b nebo galerii? Nebo V\u00e1s napadla zaj\u00edmav\u00e1 forma propojen\u00ed na\u0161ich obchodn\u00edch aktivit? Velmi r\u00e1di se s V\u00e1mi spoj\u00edme a prodiskutujeme mo\u017enosti. Nev\u00e1hejte se n\u00e1m ozvat. Ozv\u011bte se n\u00e1m\" \/>\n<meta property=\"og:url\" content=\"https:\/\/kayuwriting.com\/cs\/velkoobchod\/\" \/>\n<meta property=\"og:site_name\" content=\"Kayuwriting - It is #InOurHands\" \/>\n<meta property=\"article:modified_time\" content=\"2023-10-07T14:14:22+00:00\" \/>\n<meta name=\"twitter:card\" content=\"summary_large_image\" \/>\n<script type=\"application\/ld+json\" class=\"yoast-schema-graph\">{\"@context\":\"https:\\\/\\\/schema.org\",\"@graph\":[{\"@type\":\"WebPage\",\"@id\":\"https:\\\/\\\/kayuwriting.com\\\/cs\\\/velkoobchod\\\/\",\"url\":\"https:\\\/\\\/kayuwriting.com\\\/cs\\\/velkoobchod\\\/\",\"name\":\"Velkoobchodn\u00ed spolupr\u00e1ce s Kayu: Nab\u00eddn\u011bte kayu ve sv\u00e9m obchod\u011b nebo designov\u00e9m showroomu - Kayuwriting - It is #InOurHands\",\"isPartOf\":{\"@id\":\"https:\\\/\\\/kayuwriting.com\\\/cs\\\/#website\"},\"datePublished\":\"2023-07-20T15:06:10+00:00\",\"dateModified\":\"2023-10-07T14:14:22+00:00\",\"inLanguage\":\"cs\",\"potentialAction\":[{\"@type\":\"ReadAction\",\"target\":[\"https:\\\/\\\/kayuwriting.com\\\/cs\\\/velkoobchod\\\/\"]}]},{\"@type\":\"WebSite\",\"@id\":\"https:\\\/\\\/kayuwriting.com\\\/cs\\\/#website\",\"url\":\"https:\\\/\\\/kayuwriting.com\\\/cs\\\/\",\"name\":\"Kayuwriting - It is #InOurHands\",\"description\":\"\",\"publisher\":{\"@id\":\"https:\\\/\\\/kayuwriting.com\\\/cs\\\/#organization\"},\"potentialAction\":[{\"@type\":\"SearchAction\",\"target\":{\"@type\":\"EntryPoint\",\"urlTemplate\":\"https:\\\/\\\/kayuwriting.com\\\/cs\\\/?s={search_term_string}\"},\"query-input\":{\"@type\":\"PropertyValueSpecification\",\"valueRequired\":true,\"valueName\":\"search_term_string\"}}],\"inLanguage\":\"cs\"},{\"@type\":\"Organization\",\"@id\":\"https:\\\/\\\/kayuwriting.com\\\/cs\\\/#organization\",\"name\":\"Kayuwriting - It is #InOurHands\",\"url\":\"https:\\\/\\\/kayuwriting.com\\\/cs\\\/\",\"logo\":{\"@type\":\"ImageObject\",\"inLanguage\":\"cs\",\"@id\":\"https:\\\/\\\/kayuwriting.com\\\/cs\\\/#\\\/schema\\\/logo\\\/image\\\/\",\"url\":\"https:\\\/\\\/kayuwriting.com\\\/wp-content\\\/uploads\\\/2023\\\/10\\\/KAYU-logo-2023.png\",\"contentUrl\":\"https:\\\/\\\/kayuwriting.com\\\/wp-content\\\/uploads\\\/2023\\\/10\\\/KAYU-logo-2023.png\",\"width\":386,\"height\":117,\"caption\":\"Kayuwriting - It is #InOurHands\"},\"image\":{\"@id\":\"https:\\\/\\\/kayuwriting.com\\\/cs\\\/#\\\/schema\\\/logo\\\/image\\\/\"}}]}<\/script>\n<!-- \/ Yoast SEO plugin. -->","yoast_head_json":{"title":"Velkoobchodn\u00ed spolupr\u00e1ce s Kayu: Nab\u00eddn\u011bte kayu ve sv\u00e9m obchod\u011b nebo designov\u00e9m showroomu - Kayuwriting - It is #InOurHands","robots":{"index":"index","follow":"follow","max-snippet":"max-snippet:-1","max-image-preview":"max-image-preview:large","max-video-preview":"max-video-preview:-1"},"canonical":"https:\/\/kayuwriting.com\/cs\/velkoobchod\/","og_locale":"cs_CZ","og_type":"article","og_title":"Velkoobchodn\u00ed spolupr\u00e1ce s Kayu: Nab\u00eddn\u011bte kayu ve sv\u00e9m obchod\u011b nebo designov\u00e9m showroomu - Kayuwriting - It is #InOurHands","og_description":"Obchodn\u00ed spolupr\u00e1ce M\u00e1te z\u00e1jem prod\u00e1vat na\u0161e produkty u sebe v e-shopu, kamenn\u00e9m obchod\u011b nebo galerii? Nebo V\u00e1s napadla zaj\u00edmav\u00e1 forma propojen\u00ed na\u0161ich obchodn\u00edch aktivit? Velmi r\u00e1di se s V\u00e1mi spoj\u00edme a prodiskutujeme mo\u017enosti. Nev\u00e1hejte se n\u00e1m ozvat. Ozv\u011bte se n\u00e1m","og_url":"https:\/\/kayuwriting.com\/cs\/velkoobchod\/","og_site_name":"Kayuwriting - It is #InOurHands","article_modified_time":"2023-10-07T14:14:22+00:00","twitter_card":"summary_large_image","schema":{"@context":"https:\/\/schema.org","@graph":[{"@type":"WebPage","@id":"https:\/\/kayuwriting.com\/cs\/velkoobchod\/","url":"https:\/\/kayuwriting.com\/cs\/velkoobchod\/","name":"Velkoobchodn\u00ed spolupr\u00e1ce s Kayu: Nab\u00eddn\u011bte kayu ve sv\u00e9m obchod\u011b nebo designov\u00e9m showroomu - Kayuwriting - It is #InOurHands","isPartOf":{"@id":"https:\/\/kayuwriting.com\/cs\/#website"},"datePublished":"2023-07-20T15:06:10+00:00","dateModified":"2023-10-07T14:14:22+00:00","inLanguage":"cs","potentialAction":[{"@type":"ReadAction","target":["https:\/\/kayuwriting.com\/cs\/velkoobchod\/"]}]},{"@type":"WebSite","@id":"https:\/\/kayuwriting.com\/cs\/#website","url":"https:\/\/kayuwriting.com\/cs\/","name":"Kayuwriting - It is #InOurHands","description":"","publisher":{"@id":"https:\/\/kayuwriting.com\/cs\/#organization"},"potentialAction":[{"@type":"SearchAction","target":{"@type":"EntryPoint","urlTemplate":"https:\/\/kayuwriting.com\/cs\/?s={search_term_string}"},"query-input":{"@type":"PropertyValueSpecification","valueRequired":true,"valueName":"search_term_string"}}],"inLanguage":"cs"},{"@type":"Organization","@id":"https:\/\/kayuwriting.com\/cs\/#organization","name":"Kayuwriting - It is #InOurHands","url":"https:\/\/kayuwriting.com\/cs\/","logo":{"@type":"ImageObject","inLanguage":"cs","@id":"https:\/\/kayuwriting.com\/cs\/#\/schema\/logo\/image\/","url":"https:\/\/kayuwriting.com\/wp-content\/uploads\/2023\/10\/KAYU-logo-2023.png","contentUrl":"https:\/\/kayuwriting.com\/wp-content\/uploads\/2023\/10\/KAYU-logo-2023.png","width":386,"height":117,"caption":"Kayuwriting - It is #InOurHands"},"image":{"@id":"https:\/\/kayuwriting.com\/cs\/#\/schema\/logo\/image\/"}}]}},"_links":{"self":[{"href":"https:\/\/kayuwriting.com\/cs\/wp-json\/wp\/v2\/pages\/2675","targetHints":{"allow":["GET"]}}],"collection":[{"href":"https:\/\/kayuwriting.com\/cs\/wp-json\/wp\/v2\/pages"}],"about":[{"href":"https:\/\/kayuwriting.com\/cs\/wp-json\/wp\/v2\/types\/page"}],"author":[{"embeddable":true,"href":"https:\/\/kayuwriting.com\/cs\/wp-json\/wp\/v2\/users\/2"}],"replies":[{"embeddable":true,"href":"https:\/\/kayuwriting.com\/cs\/wp-json\/wp\/v2\/comments?post=2675"}],"version-history":[{"count":5,"href":"https:\/\/kayuwriting.com\/cs\/wp-json\/wp\/v2\/pages\/2675\/revisions"}],"predecessor-version":[{"id":5152,"href":"https:\/\/kayuwriting.com\/cs\/wp-json\/wp\/v2\/pages\/2675\/revisions\/5152"}],"wp:attachment":[{"href":"https:\/\/kayuwriting.com\/cs\/wp-json\/wp\/v2\/media?parent=2675"}],"curies":[{"name":"wp","href":"https:\/\/api.w.org\/{rel}","templated":true}]}}